{"id":3316607,"date":"2022-10-30T22:11:26","date_gmt":"2022-10-30T20:11:26","guid":{"rendered":"https:\/\/tallinndesignhouse.com\/toode\/postkaart-no-mind-8\/"},"modified":"2026-05-02T01:01:46","modified_gmt":"2026-05-01T22:01:46","slug":"postkaart-no-mind-8","status":"publish","type":"product","link":"https:\/\/tallinndesignhouse.com\/en\/toode\/postkaart-no-mind-8\/","title":{"rendered":"Postcard NO MIND 8"},"content":{"rendered":"<p>Postcards are based on the painting series NO MIND and it represents the state of mind in which the artist creates. It is a meditative creative process in which there is no ego and mundane everyday life. The paintings are created in mixed media where the artist uses ink, acrylic ink, acrylic paint and graphite pencil. 15&#215;21 cm, print.<\/p>\n","protected":false},"excerpt":{"rendered":"<p>Postcards are based on the painting series NO MIND and it represents the state of mind in which the artist creates. It is a meditative creative process in which there is no ego and mundane everyday life. The paintings are created in mixed media where the artist uses ink, acrylic ink, acrylic paint and graphite [&hellip;]<\/p>\n","protected":false},"featured_media":2296853,"template":"","meta":{"_acf_changed":false},"product_brand":[],"product_cat":[875,879],"product_tag":[1828],"class_list":{"0":"post-3316607","1":"product","2":"type-product","3":"status-publish","4":"has-post-thumbnail","6":"product_cat-kodu","7":"product_cat-kunst_ja_plakatid","8":"product_tag-kodu","9":"pa_brand-kaidi-kaasik","12":"first","13":"instock","14":"taxable","15":"shipping-taxable","16":"purchasable","17":"product-type-simple"},"acf":[],"yoast_head":"<!-- This site is optimized with the Yoast SEO plugin v26.0 - https:\/\/yoast.com\/wordpress\/plugins\/seo\/ -->\n<title>Kaidi Kaasik Postcard NO MIND 8 - Tallinn Design House<\/title>\n<meta name=\"description\" content=\"Kaidi Kaasik postkaart NO MIND 8. Maalid on loodud segatehnikas, kus kunstnik kasutab tinti, akr\u00fc\u00fcltinti, akr\u00fc\u00fclv\u00e4rvi ja grafiitpliiatsit.\" \/>\n<meta name=\"robots\" content=\"index, follow, max-snippet:-1, max-image-preview:large, max-video-preview:-1\" \/>\n<link rel=\"canonical\" href=\"https:\/\/tallinndesignhouse.com\/en\/toode\/postkaart-no-mind-8\/\" \/>\n<meta property=\"og:locale\" content=\"en_US\" \/>\n<meta property=\"og:type\" content=\"article\" \/>\n<meta property=\"og:title\" content=\"Kaidi Kaasik Postcard NO MIND 8 - Tallinn Design House\" \/>\n<meta property=\"og:description\" content=\"Kaidi Kaasik postkaart NO MIND 8. Maalid on loodud segatehnikas, kus kunstnik kasutab tinti, akr\u00fc\u00fcltinti, akr\u00fc\u00fclv\u00e4rvi ja grafiitpliiatsit.\" \/>\n<meta property=\"og:url\" content=\"https:\/\/tallinndesignhouse.com\/en\/toode\/postkaart-no-mind-8\/\" \/>\n<meta property=\"og:site_name\" content=\"Tallinn Design House\" \/>\n<meta property=\"article:modified_time\" content=\"2026-05-01T22:01:46+00:00\" \/>\n<meta property=\"og:image\" content=\"https:\/\/tallinndesignhouse.com\/wp-content\/uploads\/2022\/10\/NoMind8_KaidiKaasik_700x1000.jpg\" \/>\n\t<meta property=\"og:image:width\" content=\"1400\" \/>\n\t<meta property=\"og:image:height\" content=\"2000\" \/>\n\t<meta property=\"og:image:type\" content=\"image\/jpeg\" \/>\n<meta name=\"twitter:card\" content=\"summary_large_image\" \/>\n<script type=\"application\/ld+json\" class=\"yoast-schema-graph\">{\"@context\":\"https:\/\/schema.org\",\"@graph\":[{\"@type\":\"WebPage\",\"@id\":\"https:\/\/tallinndesignhouse.com\/en\/toode\/postkaart-no-mind-8\/\",\"url\":\"https:\/\/tallinndesignhouse.com\/en\/toode\/postkaart-no-mind-8\/\",\"name\":\"Kaidi Kaasik Postcard NO MIND 8 - Tallinn Design House\",\"isPartOf\":{\"@id\":\"https:\/\/tallinndesignhouse.com\/#website\"},\"primaryImageOfPage\":{\"@id\":\"https:\/\/tallinndesignhouse.com\/en\/toode\/postkaart-no-mind-8\/#primaryimage\"},\"image\":{\"@id\":\"https:\/\/tallinndesignhouse.com\/en\/toode\/postkaart-no-mind-8\/#primaryimage\"},\"thumbnailUrl\":\"https:\/\/tallinndesignhouse.com\/wp-content\/uploads\/2022\/10\/NoMind8_KaidiKaasik_700x1000.jpg\",\"datePublished\":\"2022-10-30T20:11:26+00:00\",\"dateModified\":\"2026-05-01T22:01:46+00:00\",\"description\":\"Kaidi Kaasik postkaart NO MIND 8. Maalid on loodud segatehnikas, kus kunstnik kasutab tinti, akr\u00fc\u00fcltinti, akr\u00fc\u00fclv\u00e4rvi ja grafiitpliiatsit.\",\"breadcrumb\":{\"@id\":\"https:\/\/tallinndesignhouse.com\/en\/toode\/postkaart-no-mind-8\/#breadcrumb\"},\"inLanguage\":\"en-US\",\"potentialAction\":[{\"@type\":\"ReadAction\",\"target\":[\"https:\/\/tallinndesignhouse.com\/en\/toode\/postkaart-no-mind-8\/\"]}]},{\"@type\":\"ImageObject\",\"inLanguage\":\"en-US\",\"@id\":\"https:\/\/tallinndesignhouse.com\/en\/toode\/postkaart-no-mind-8\/#primaryimage\",\"url\":\"https:\/\/tallinndesignhouse.com\/wp-content\/uploads\/2022\/10\/NoMind8_KaidiKaasik_700x1000.jpg\",\"contentUrl\":\"https:\/\/tallinndesignhouse.com\/wp-content\/uploads\/2022\/10\/NoMind8_KaidiKaasik_700x1000.jpg\",\"width\":1400,\"height\":2000,\"caption\":\"Kaidi Kaasik NoMind 8 postkaart\"},{\"@type\":\"BreadcrumbList\",\"@id\":\"https:\/\/tallinndesignhouse.com\/en\/toode\/postkaart-no-mind-8\/#breadcrumb\",\"itemListElement\":[{\"@type\":\"ListItem\",\"position\":1,\"name\":\"Home\",\"item\":\"https:\/\/tallinndesignhouse.com\/en\/\"},{\"@type\":\"ListItem\",\"position\":2,\"name\":\"Shop\",\"item\":\"https:\/\/tallinndesignhouse.com\/en\/shop\/\"},{\"@type\":\"ListItem\",\"position\":3,\"name\":\"Postcard NO MIND 8\"}]},{\"@type\":\"WebSite\",\"@id\":\"https:\/\/tallinndesignhouse.com\/#website\",\"url\":\"https:\/\/tallinndesignhouse.com\/\",\"name\":\"Tallinn Design House\",\"description\":\"Eesti disain Rotermanni kvartalis\",\"potentialAction\":[{\"@type\":\"SearchAction\",\"target\":{\"@type\":\"EntryPoint\",\"urlTemplate\":\"https:\/\/tallinndesignhouse.com\/?s={search_term_string}\"},\"query-input\":{\"@type\":\"PropertyValueSpecification\",\"valueRequired\":true,\"valueName\":\"search_term_string\"}}],\"inLanguage\":\"en-US\"}]}<\/script>\n<!-- \/ Yoast SEO plugin. -->","yoast_head_json":{"title":"Kaidi Kaasik Postcard NO MIND 8 - Tallinn Design House","description":"Kaidi Kaasik postkaart NO MIND 8. Maalid on loodud segatehnikas, kus kunstnik kasutab tinti, akr\u00fc\u00fcltinti, akr\u00fc\u00fclv\u00e4rvi ja grafiitpliiatsit.","robots":{"index":"index","follow":"follow","max-snippet":"max-snippet:-1","max-image-preview":"max-image-preview:large","max-video-preview":"max-video-preview:-1"},"canonical":"https:\/\/tallinndesignhouse.com\/en\/toode\/postkaart-no-mind-8\/","og_locale":"en_US","og_type":"article","og_title":"Kaidi Kaasik Postcard NO MIND 8 - Tallinn Design House","og_description":"Kaidi Kaasik postkaart NO MIND 8. Maalid on loodud segatehnikas, kus kunstnik kasutab tinti, akr\u00fc\u00fcltinti, akr\u00fc\u00fclv\u00e4rvi ja grafiitpliiatsit.","og_url":"https:\/\/tallinndesignhouse.com\/en\/toode\/postkaart-no-mind-8\/","og_site_name":"Tallinn Design House","article_modified_time":"2026-05-01T22:01:46+00:00","og_image":[{"width":1400,"height":2000,"url":"https:\/\/tallinndesignhouse.com\/wp-content\/uploads\/2022\/10\/NoMind8_KaidiKaasik_700x1000.jpg","type":"image\/jpeg"}],"twitter_card":"summary_large_image","schema":{"@context":"https:\/\/schema.org","@graph":[{"@type":"WebPage","@id":"https:\/\/tallinndesignhouse.com\/en\/toode\/postkaart-no-mind-8\/","url":"https:\/\/tallinndesignhouse.com\/en\/toode\/postkaart-no-mind-8\/","name":"Kaidi Kaasik Postcard NO MIND 8 - Tallinn Design House","isPartOf":{"@id":"https:\/\/tallinndesignhouse.com\/#website"},"primaryImageOfPage":{"@id":"https:\/\/tallinndesignhouse.com\/en\/toode\/postkaart-no-mind-8\/#primaryimage"},"image":{"@id":"https:\/\/tallinndesignhouse.com\/en\/toode\/postkaart-no-mind-8\/#primaryimage"},"thumbnailUrl":"https:\/\/tallinndesignhouse.com\/wp-content\/uploads\/2022\/10\/NoMind8_KaidiKaasik_700x1000.jpg","datePublished":"2022-10-30T20:11:26+00:00","dateModified":"2026-05-01T22:01:46+00:00","description":"Kaidi Kaasik postkaart NO MIND 8. Maalid on loodud segatehnikas, kus kunstnik kasutab tinti, akr\u00fc\u00fcltinti, akr\u00fc\u00fclv\u00e4rvi ja grafiitpliiatsit.","breadcrumb":{"@id":"https:\/\/tallinndesignhouse.com\/en\/toode\/postkaart-no-mind-8\/#breadcrumb"},"inLanguage":"en-US","potentialAction":[{"@type":"ReadAction","target":["https:\/\/tallinndesignhouse.com\/en\/toode\/postkaart-no-mind-8\/"]}]},{"@type":"ImageObject","inLanguage":"en-US","@id":"https:\/\/tallinndesignhouse.com\/en\/toode\/postkaart-no-mind-8\/#primaryimage","url":"https:\/\/tallinndesignhouse.com\/wp-content\/uploads\/2022\/10\/NoMind8_KaidiKaasik_700x1000.jpg","contentUrl":"https:\/\/tallinndesignhouse.com\/wp-content\/uploads\/2022\/10\/NoMind8_KaidiKaasik_700x1000.jpg","width":1400,"height":2000,"caption":"Kaidi Kaasik NoMind 8 postkaart"},{"@type":"BreadcrumbList","@id":"https:\/\/tallinndesignhouse.com\/en\/toode\/postkaart-no-mind-8\/#breadcrumb","itemListElement":[{"@type":"ListItem","position":1,"name":"Home","item":"https:\/\/tallinndesignhouse.com\/en\/"},{"@type":"ListItem","position":2,"name":"Shop","item":"https:\/\/tallinndesignhouse.com\/en\/shop\/"},{"@type":"ListItem","position":3,"name":"Postcard NO MIND 8"}]},{"@type":"WebSite","@id":"https:\/\/tallinndesignhouse.com\/#website","url":"https:\/\/tallinndesignhouse.com\/","name":"Tallinn Design House","description":"Eesti disain Rotermanni kvartalis","potentialAction":[{"@type":"SearchAction","target":{"@type":"EntryPoint","urlTemplate":"https:\/\/tallinndesignhouse.com\/?s={search_term_string}"},"query-input":{"@type":"PropertyValueSpecification","valueRequired":true,"valueName":"search_term_string"}}],"inLanguage":"en-US"}]}},"_links":{"self":[{"href":"https:\/\/tallinndesignhouse.com\/en\/wp-json\/wp\/v2\/product\/3316607","targetHints":{"allow":["GET"]}}],"collection":[{"href":"https:\/\/tallinndesignhouse.com\/en\/wp-json\/wp\/v2\/product"}],"about":[{"href":"https:\/\/tallinndesignhouse.com\/en\/wp-json\/wp\/v2\/types\/product"}],"wp:featuredmedia":[{"embeddable":true,"href":"https:\/\/tallinndesignhouse.com\/en\/wp-json\/wp\/v2\/media\/2296853"}],"wp:attachment":[{"href":"https:\/\/tallinndesignhouse.com\/en\/wp-json\/wp\/v2\/media?parent=3316607"}],"wp:term":[{"taxonomy":"product_brand","embeddable":true,"href":"https:\/\/tallinndesignhouse.com\/en\/wp-json\/wp\/v2\/product_brand?post=3316607"},{"taxonomy":"product_cat","embeddable":true,"href":"https:\/\/tallinndesignhouse.com\/en\/wp-json\/wp\/v2\/product_cat?post=3316607"},{"taxonomy":"product_tag","embeddable":true,"href":"https:\/\/tallinndesignhouse.com\/en\/wp-json\/wp\/v2\/product_tag?post=3316607"}],"curies":[{"name":"wp","href":"https:\/\/api.w.org\/{rel}","templated":true}]}}