{"id":3316619,"date":"2022-10-21T17:05:02","date_gmt":"2022-10-21T14:05:02","guid":{"rendered":"https:\/\/tallinndesignhouse.com\/toode\/kauss-lumelilled-m\/"},"modified":"2026-04-12T01:02:55","modified_gmt":"2026-04-11T22:02:55","slug":"kauss-lumelilled-m","status":"publish","type":"product","link":"https:\/\/tallinndesignhouse.com\/en\/toode\/kauss-lumelilled-m\/","title":{"rendered":"Bowl &#8220;Snowflowers&#8221; M"},"content":{"rendered":"<p>The beloved snow flower motif by Anneli Tammik is now bigger and grander! Stainless steel, painted. Durable and machine washable. Size M diameter 28 cm, height 12 cm.<\/p>\n","protected":false},"excerpt":{"rendered":"<p>The beloved snow flower motif by Anneli Tammik is now bigger and grander! Stainless steel, painted. Durable and machine washable. Size M diameter 28 cm, height 12 cm.<\/p>\n","protected":false},"featured_media":2022390,"template":"","meta":{"_acf_changed":false},"product_brand":[],"product_cat":[2224,2552,3718],"product_tag":[2003],"class_list":{"0":"post-3316619","1":"product","2":"type-product","3":"status-publish","4":"has-post-thumbnail","6":"product_cat-ceramics-and-glass","7":"product_cat-home","8":"product_cat-winter-style","9":"product_tag-home","10":"pa_brand-anneli-tammik-jewellery-en","11":"pa_brand-anneli-tammik-jewellery","12":"pa_kingiidee-jah","13":"pa_kingiidee-yes-en","14":"pa_varv-grey-en","15":"pa_varv-hall","16":"pa_varv-punane","17":"pa_varv-red-en","18":"pa_varv-valge","19":"pa_varv-white-en-en","21":"first","22":"instock","23":"taxable","24":"shipping-taxable","25":"purchasable","26":"product-type-variable"},"acf":[],"yoast_head":"<!-- This site is optimized with the Yoast SEO plugin v26.0 - https:\/\/yoast.com\/wordpress\/plugins\/seo\/ -->\n<title>Anneli Tammik Bowl &quot;Snowflowers&quot; M - Tallinn Design House<\/title>\n<meta name=\"description\" content=\"Anneli Tammik kauss \u201cLumelilled\u201d M. Roostevaba teras, v\u00e4rvitud. Vastupidav ja masinpestav. Suurus M l\u00e4bim\u00f5\u00f5t 28cm, k\u00f5rgus 12cm.\" \/>\n<meta name=\"robots\" content=\"index, follow, max-snippet:-1, max-image-preview:large, max-video-preview:-1\" \/>\n<link rel=\"canonical\" href=\"https:\/\/tallinndesignhouse.com\/en\/toode\/kauss-lumelilled-m\/\" \/>\n<meta property=\"og:locale\" content=\"en_US\" \/>\n<meta property=\"og:type\" content=\"article\" \/>\n<meta property=\"og:title\" content=\"Anneli Tammik Bowl &quot;Snowflowers&quot; M - Tallinn Design House\" \/>\n<meta property=\"og:description\" content=\"Anneli Tammik kauss \u201cLumelilled\u201d M. Roostevaba teras, v\u00e4rvitud. Vastupidav ja masinpestav. Suurus M l\u00e4bim\u00f5\u00f5t 28cm, k\u00f5rgus 12cm.\" \/>\n<meta property=\"og:url\" content=\"https:\/\/tallinndesignhouse.com\/en\/toode\/kauss-lumelilled-m\/\" \/>\n<meta property=\"og:site_name\" content=\"Tallinn Design House\" \/>\n<meta property=\"article:modified_time\" content=\"2026-04-11T22:02:55+00:00\" \/>\n<meta property=\"og:image\" content=\"https:\/\/tallinndesignhouse.com\/wp-content\/uploads\/2022\/10\/Anneli-Tammik-kausid.webp\" \/>\n\t<meta property=\"og:image:width\" content=\"1707\" \/>\n\t<meta property=\"og:image:height\" content=\"2560\" \/>\n\t<meta property=\"og:image:type\" content=\"image\/webp\" \/>\n<meta name=\"twitter:card\" content=\"summary_large_image\" \/>\n<script type=\"application\/ld+json\" class=\"yoast-schema-graph\">{\"@context\":\"https:\/\/schema.org\",\"@graph\":[{\"@type\":\"WebPage\",\"@id\":\"https:\/\/tallinndesignhouse.com\/en\/toode\/kauss-lumelilled-m\/\",\"url\":\"https:\/\/tallinndesignhouse.com\/en\/toode\/kauss-lumelilled-m\/\",\"name\":\"Anneli Tammik Bowl \\\"Snowflowers\\\" M - Tallinn Design House\",\"isPartOf\":{\"@id\":\"https:\/\/tallinndesignhouse.com\/#website\"},\"primaryImageOfPage\":{\"@id\":\"https:\/\/tallinndesignhouse.com\/en\/toode\/kauss-lumelilled-m\/#primaryimage\"},\"image\":{\"@id\":\"https:\/\/tallinndesignhouse.com\/en\/toode\/kauss-lumelilled-m\/#primaryimage\"},\"thumbnailUrl\":\"https:\/\/tallinndesignhouse.com\/wp-content\/uploads\/2022\/10\/Anneli-Tammik-kausid.webp\",\"datePublished\":\"2022-10-21T14:05:02+00:00\",\"dateModified\":\"2026-04-11T22:02:55+00:00\",\"description\":\"Anneli Tammik kauss \u201cLumelilled\u201d M. Roostevaba teras, v\u00e4rvitud. Vastupidav ja masinpestav. Suurus M l\u00e4bim\u00f5\u00f5t 28cm, k\u00f5rgus 12cm.\",\"breadcrumb\":{\"@id\":\"https:\/\/tallinndesignhouse.com\/en\/toode\/kauss-lumelilled-m\/#breadcrumb\"},\"inLanguage\":\"en-US\",\"potentialAction\":[{\"@type\":\"ReadAction\",\"target\":[\"https:\/\/tallinndesignhouse.com\/en\/toode\/kauss-lumelilled-m\/\"]}]},{\"@type\":\"ImageObject\",\"inLanguage\":\"en-US\",\"@id\":\"https:\/\/tallinndesignhouse.com\/en\/toode\/kauss-lumelilled-m\/#primaryimage\",\"url\":\"https:\/\/tallinndesignhouse.com\/wp-content\/uploads\/2022\/10\/Anneli-Tammik-kausid.webp\",\"contentUrl\":\"https:\/\/tallinndesignhouse.com\/wp-content\/uploads\/2022\/10\/Anneli-Tammik-kausid.webp\",\"width\":1707,\"height\":2560,\"caption\":\"Anneli Tammik kausid\"},{\"@type\":\"BreadcrumbList\",\"@id\":\"https:\/\/tallinndesignhouse.com\/en\/toode\/kauss-lumelilled-m\/#breadcrumb\",\"itemListElement\":[{\"@type\":\"ListItem\",\"position\":1,\"name\":\"Home\",\"item\":\"https:\/\/tallinndesignhouse.com\/en\/\"},{\"@type\":\"ListItem\",\"position\":2,\"name\":\"Shop\",\"item\":\"https:\/\/tallinndesignhouse.com\/en\/shop\/\"},{\"@type\":\"ListItem\",\"position\":3,\"name\":\"Bowl &#8220;Snowflowers&#8221; M\"}]},{\"@type\":\"WebSite\",\"@id\":\"https:\/\/tallinndesignhouse.com\/#website\",\"url\":\"https:\/\/tallinndesignhouse.com\/\",\"name\":\"Tallinn Design House\",\"description\":\"Eesti disain Rotermanni kvartalis\",\"potentialAction\":[{\"@type\":\"SearchAction\",\"target\":{\"@type\":\"EntryPoint\",\"urlTemplate\":\"https:\/\/tallinndesignhouse.com\/?s={search_term_string}\"},\"query-input\":{\"@type\":\"PropertyValueSpecification\",\"valueRequired\":true,\"valueName\":\"search_term_string\"}}],\"inLanguage\":\"en-US\"}]}<\/script>\n<!-- \/ Yoast SEO plugin. -->","yoast_head_json":{"title":"Anneli Tammik Bowl \"Snowflowers\" M - Tallinn Design House","description":"Anneli Tammik kauss \u201cLumelilled\u201d M. Roostevaba teras, v\u00e4rvitud. Vastupidav ja masinpestav. Suurus M l\u00e4bim\u00f5\u00f5t 28cm, k\u00f5rgus 12cm.","robots":{"index":"index","follow":"follow","max-snippet":"max-snippet:-1","max-image-preview":"max-image-preview:large","max-video-preview":"max-video-preview:-1"},"canonical":"https:\/\/tallinndesignhouse.com\/en\/toode\/kauss-lumelilled-m\/","og_locale":"en_US","og_type":"article","og_title":"Anneli Tammik Bowl \"Snowflowers\" M - Tallinn Design House","og_description":"Anneli Tammik kauss \u201cLumelilled\u201d M. Roostevaba teras, v\u00e4rvitud. Vastupidav ja masinpestav. Suurus M l\u00e4bim\u00f5\u00f5t 28cm, k\u00f5rgus 12cm.","og_url":"https:\/\/tallinndesignhouse.com\/en\/toode\/kauss-lumelilled-m\/","og_site_name":"Tallinn Design House","article_modified_time":"2026-04-11T22:02:55+00:00","og_image":[{"width":1707,"height":2560,"url":"https:\/\/tallinndesignhouse.com\/wp-content\/uploads\/2022\/10\/Anneli-Tammik-kausid.webp","type":"image\/webp"}],"twitter_card":"summary_large_image","schema":{"@context":"https:\/\/schema.org","@graph":[{"@type":"WebPage","@id":"https:\/\/tallinndesignhouse.com\/en\/toode\/kauss-lumelilled-m\/","url":"https:\/\/tallinndesignhouse.com\/en\/toode\/kauss-lumelilled-m\/","name":"Anneli Tammik Bowl \"Snowflowers\" M - Tallinn Design House","isPartOf":{"@id":"https:\/\/tallinndesignhouse.com\/#website"},"primaryImageOfPage":{"@id":"https:\/\/tallinndesignhouse.com\/en\/toode\/kauss-lumelilled-m\/#primaryimage"},"image":{"@id":"https:\/\/tallinndesignhouse.com\/en\/toode\/kauss-lumelilled-m\/#primaryimage"},"thumbnailUrl":"https:\/\/tallinndesignhouse.com\/wp-content\/uploads\/2022\/10\/Anneli-Tammik-kausid.webp","datePublished":"2022-10-21T14:05:02+00:00","dateModified":"2026-04-11T22:02:55+00:00","description":"Anneli Tammik kauss \u201cLumelilled\u201d M. Roostevaba teras, v\u00e4rvitud. Vastupidav ja masinpestav. Suurus M l\u00e4bim\u00f5\u00f5t 28cm, k\u00f5rgus 12cm.","breadcrumb":{"@id":"https:\/\/tallinndesignhouse.com\/en\/toode\/kauss-lumelilled-m\/#breadcrumb"},"inLanguage":"en-US","potentialAction":[{"@type":"ReadAction","target":["https:\/\/tallinndesignhouse.com\/en\/toode\/kauss-lumelilled-m\/"]}]},{"@type":"ImageObject","inLanguage":"en-US","@id":"https:\/\/tallinndesignhouse.com\/en\/toode\/kauss-lumelilled-m\/#primaryimage","url":"https:\/\/tallinndesignhouse.com\/wp-content\/uploads\/2022\/10\/Anneli-Tammik-kausid.webp","contentUrl":"https:\/\/tallinndesignhouse.com\/wp-content\/uploads\/2022\/10\/Anneli-Tammik-kausid.webp","width":1707,"height":2560,"caption":"Anneli Tammik kausid"},{"@type":"BreadcrumbList","@id":"https:\/\/tallinndesignhouse.com\/en\/toode\/kauss-lumelilled-m\/#breadcrumb","itemListElement":[{"@type":"ListItem","position":1,"name":"Home","item":"https:\/\/tallinndesignhouse.com\/en\/"},{"@type":"ListItem","position":2,"name":"Shop","item":"https:\/\/tallinndesignhouse.com\/en\/shop\/"},{"@type":"ListItem","position":3,"name":"Bowl &#8220;Snowflowers&#8221; M"}]},{"@type":"WebSite","@id":"https:\/\/tallinndesignhouse.com\/#website","url":"https:\/\/tallinndesignhouse.com\/","name":"Tallinn Design House","description":"Eesti disain Rotermanni kvartalis","potentialAction":[{"@type":"SearchAction","target":{"@type":"EntryPoint","urlTemplate":"https:\/\/tallinndesignhouse.com\/?s={search_term_string}"},"query-input":{"@type":"PropertyValueSpecification","valueRequired":true,"valueName":"search_term_string"}}],"inLanguage":"en-US"}]}},"_links":{"self":[{"href":"https:\/\/tallinndesignhouse.com\/en\/wp-json\/wp\/v2\/product\/3316619","targetHints":{"allow":["GET"]}}],"collection":[{"href":"https:\/\/tallinndesignhouse.com\/en\/wp-json\/wp\/v2\/product"}],"about":[{"href":"https:\/\/tallinndesignhouse.com\/en\/wp-json\/wp\/v2\/types\/product"}],"wp:featuredmedia":[{"embeddable":true,"href":"https:\/\/tallinndesignhouse.com\/en\/wp-json\/wp\/v2\/media\/2022390"}],"wp:attachment":[{"href":"https:\/\/tallinndesignhouse.com\/en\/wp-json\/wp\/v2\/media?parent=3316619"}],"wp:term":[{"taxonomy":"product_brand","embeddable":true,"href":"https:\/\/tallinndesignhouse.com\/en\/wp-json\/wp\/v2\/product_brand?post=3316619"},{"taxonomy":"product_cat","embeddable":true,"href":"https:\/\/tallinndesignhouse.com\/en\/wp-json\/wp\/v2\/product_cat?post=3316619"},{"taxonomy":"product_tag","embeddable":true,"href":"https:\/\/tallinndesignhouse.com\/en\/wp-json\/wp\/v2\/product_tag?post=3316619"}],"curies":[{"name":"wp","href":"https:\/\/api.w.org\/{rel}","templated":true}]}}