{"id":3316633,"date":"2022-10-20T17:00:59","date_gmt":"2022-10-20T14:00:59","guid":{"rendered":"https:\/\/tallinndesignhouse.com\/toode\/munditasku-heavy-metal\/"},"modified":"2026-05-14T01:03:11","modified_gmt":"2026-05-13T22:03:11","slug":"munditasku-heavy-metal","status":"publish","type":"product","link":"https:\/\/tallinndesignhouse.com\/en\/toode\/munditasku-heavy-metal\/","title":{"rendered":"Heavy Metal Coin Pocket"},"content":{"rendered":"<p>Small leather nest for coins and banknotes by Stella Soomlais. Bigger one has a special slot for cards. We use\u00a0responsibly made vegetable tanned leather\u00a0that ages beautifully. Size: 10 x 7 cm. The look of leather may differ a little bit from the one on the picture because it is a natural material.\u00a0<\/p>\n","protected":false},"excerpt":{"rendered":"<p>Small leather nest for coins and banknotes by Stella Soomlais. Bigger one has a special slot for cards. We use\u00a0responsibly made vegetable tanned leather\u00a0that ages beautifully. Size: 10 x 7 cm. The look of leather may differ a little bit from the one on the picture because it is a natural material.\u00a0<\/p>\n","protected":false},"featured_media":1992011,"template":"","meta":{"_acf_changed":false},"product_brand":[],"product_cat":[1945,3296],"product_tag":[2818],"class_list":{"0":"post-3316633","1":"product","2":"type-product","3":"status-publish","4":"has-post-thumbnail","6":"product_cat-other-accessories","7":"product_cat-accessories-en","8":"product_tag-naised","9":"pa_brand-stella-soomlais","10":"pa_brand-stella-soomlais-en","11":"pa_materjal-nahk","13":"pa_mudel-heavy-metal","15":"pa_varv-black-en","16":"pa_varv-brown-en","17":"pa_varv-green-en","18":"pa_varv-must","19":"pa_varv-pruun","20":"pa_varv-roheline","22":"first","23":"instock","24":"taxable","25":"shipping-taxable","26":"purchasable","27":"product-type-variable"},"acf":[],"yoast_head":"<!-- This site is optimized with the Yoast SEO plugin v26.0 - https:\/\/yoast.com\/wordpress\/plugins\/seo\/ -->\n<title>Stella Soomlais Heavy Metal Coin Pocket - Tallinn Design House<\/title>\n<meta name=\"description\" content=\"Stella Soomlais m\u00fcnditasku Heavy Metal. Pisike nahast m\u00fcnditasku mahub mugavalt taskusse ja on piisavalt suur, et m\u00e4hkida endasse ka sularaha ja kaardid.\" \/>\n<meta name=\"robots\" content=\"index, follow, max-snippet:-1, max-image-preview:large, max-video-preview:-1\" \/>\n<link rel=\"canonical\" href=\"https:\/\/tallinndesignhouse.com\/toode\/munditasku-heavy-metal\/\" \/>\n<meta property=\"og:locale\" content=\"en_US\" \/>\n<meta property=\"og:type\" content=\"article\" \/>\n<meta property=\"og:title\" content=\"Stella Soomlais Heavy Metal Coin Pocket - Tallinn Design House\" \/>\n<meta property=\"og:description\" content=\"Stella Soomlais m\u00fcnditasku Heavy Metal. Pisike nahast m\u00fcnditasku mahub mugavalt taskusse ja on piisavalt suur, et m\u00e4hkida endasse ka sularaha ja kaardid.\" \/>\n<meta property=\"og:url\" content=\"https:\/\/tallinndesignhouse.com\/toode\/munditasku-heavy-metal\/\" \/>\n<meta property=\"og:site_name\" content=\"Tallinn Design House\" \/>\n<meta property=\"article:modified_time\" content=\"2026-05-13T22:03:11+00:00\" \/>\n<meta property=\"og:image\" content=\"https:\/\/tallinndesignhouse.com\/wp-content\/uploads\/2022\/10\/Stella-Soomlais-Munditasku-Heavy-Metal4.jpeg\" \/>\n\t<meta property=\"og:image:width\" content=\"1280\" \/>\n\t<meta property=\"og:image:height\" content=\"853\" \/>\n\t<meta property=\"og:image:type\" content=\"image\/jpeg\" \/>\n<meta name=\"twitter:card\" content=\"summary_large_image\" \/>\n<script type=\"application\/ld+json\" class=\"yoast-schema-graph\">{\"@context\":\"https:\/\/schema.org\",\"@graph\":[{\"@type\":\"WebPage\",\"@id\":\"https:\/\/tallinndesignhouse.com\/toode\/munditasku-heavy-metal\/\",\"url\":\"https:\/\/tallinndesignhouse.com\/toode\/munditasku-heavy-metal\/\",\"name\":\"Stella Soomlais Heavy Metal Coin Pocket - Tallinn Design House\",\"isPartOf\":{\"@id\":\"https:\/\/tallinndesignhouse.com\/#website\"},\"primaryImageOfPage\":{\"@id\":\"https:\/\/tallinndesignhouse.com\/toode\/munditasku-heavy-metal\/#primaryimage\"},\"image\":{\"@id\":\"https:\/\/tallinndesignhouse.com\/toode\/munditasku-heavy-metal\/#primaryimage\"},\"thumbnailUrl\":\"https:\/\/tallinndesignhouse.com\/wp-content\/uploads\/2022\/10\/Stella-Soomlais-Munditasku-Heavy-Metal4.jpeg\",\"datePublished\":\"2022-10-20T14:00:59+00:00\",\"dateModified\":\"2026-05-13T22:03:11+00:00\",\"description\":\"Stella Soomlais m\u00fcnditasku Heavy Metal. Pisike nahast m\u00fcnditasku mahub mugavalt taskusse ja on piisavalt suur, et m\u00e4hkida endasse ka sularaha ja kaardid.\",\"breadcrumb\":{\"@id\":\"https:\/\/tallinndesignhouse.com\/toode\/munditasku-heavy-metal\/#breadcrumb\"},\"inLanguage\":\"en-US\",\"potentialAction\":[{\"@type\":\"ReadAction\",\"target\":[\"https:\/\/tallinndesignhouse.com\/toode\/munditasku-heavy-metal\/\"]}]},{\"@type\":\"ImageObject\",\"inLanguage\":\"en-US\",\"@id\":\"https:\/\/tallinndesignhouse.com\/toode\/munditasku-heavy-metal\/#primaryimage\",\"url\":\"https:\/\/tallinndesignhouse.com\/wp-content\/uploads\/2022\/10\/Stella-Soomlais-Munditasku-Heavy-Metal4.jpeg\",\"contentUrl\":\"https:\/\/tallinndesignhouse.com\/wp-content\/uploads\/2022\/10\/Stella-Soomlais-Munditasku-Heavy-Metal4.jpeg\",\"width\":1280,\"height\":853,\"caption\":\"Stella Soomlais Munditasku Heavy Metal4\"},{\"@type\":\"BreadcrumbList\",\"@id\":\"https:\/\/tallinndesignhouse.com\/toode\/munditasku-heavy-metal\/#breadcrumb\",\"itemListElement\":[{\"@type\":\"ListItem\",\"position\":1,\"name\":\"Home\",\"item\":\"https:\/\/tallinndesignhouse.com\/en\/\"},{\"@type\":\"ListItem\",\"position\":2,\"name\":\"Shop\",\"item\":\"https:\/\/tallinndesignhouse.com\/en\/shop\/\"},{\"@type\":\"ListItem\",\"position\":3,\"name\":\"Heavy Metal Coin Pocket\"}]},{\"@type\":\"WebSite\",\"@id\":\"https:\/\/tallinndesignhouse.com\/#website\",\"url\":\"https:\/\/tallinndesignhouse.com\/\",\"name\":\"Tallinn Design House\",\"description\":\"Eesti disain Rotermanni kvartalis\",\"potentialAction\":[{\"@type\":\"SearchAction\",\"target\":{\"@type\":\"EntryPoint\",\"urlTemplate\":\"https:\/\/tallinndesignhouse.com\/?s={search_term_string}\"},\"query-input\":{\"@type\":\"PropertyValueSpecification\",\"valueRequired\":true,\"valueName\":\"search_term_string\"}}],\"inLanguage\":\"en-US\"}]}<\/script>\n<!-- \/ Yoast SEO plugin. -->","yoast_head_json":{"title":"Stella Soomlais Heavy Metal Coin Pocket - Tallinn Design House","description":"Stella Soomlais m\u00fcnditasku Heavy Metal. Pisike nahast m\u00fcnditasku mahub mugavalt taskusse ja on piisavalt suur, et m\u00e4hkida endasse ka sularaha ja kaardid.","robots":{"index":"index","follow":"follow","max-snippet":"max-snippet:-1","max-image-preview":"max-image-preview:large","max-video-preview":"max-video-preview:-1"},"canonical":"https:\/\/tallinndesignhouse.com\/toode\/munditasku-heavy-metal\/","og_locale":"en_US","og_type":"article","og_title":"Stella Soomlais Heavy Metal Coin Pocket - Tallinn Design House","og_description":"Stella Soomlais m\u00fcnditasku Heavy Metal. Pisike nahast m\u00fcnditasku mahub mugavalt taskusse ja on piisavalt suur, et m\u00e4hkida endasse ka sularaha ja kaardid.","og_url":"https:\/\/tallinndesignhouse.com\/toode\/munditasku-heavy-metal\/","og_site_name":"Tallinn Design House","article_modified_time":"2026-05-13T22:03:11+00:00","og_image":[{"width":1280,"height":853,"url":"https:\/\/tallinndesignhouse.com\/wp-content\/uploads\/2022\/10\/Stella-Soomlais-Munditasku-Heavy-Metal4.jpeg","type":"image\/jpeg"}],"twitter_card":"summary_large_image","schema":{"@context":"https:\/\/schema.org","@graph":[{"@type":"WebPage","@id":"https:\/\/tallinndesignhouse.com\/toode\/munditasku-heavy-metal\/","url":"https:\/\/tallinndesignhouse.com\/toode\/munditasku-heavy-metal\/","name":"Stella Soomlais Heavy Metal Coin Pocket - Tallinn Design House","isPartOf":{"@id":"https:\/\/tallinndesignhouse.com\/#website"},"primaryImageOfPage":{"@id":"https:\/\/tallinndesignhouse.com\/toode\/munditasku-heavy-metal\/#primaryimage"},"image":{"@id":"https:\/\/tallinndesignhouse.com\/toode\/munditasku-heavy-metal\/#primaryimage"},"thumbnailUrl":"https:\/\/tallinndesignhouse.com\/wp-content\/uploads\/2022\/10\/Stella-Soomlais-Munditasku-Heavy-Metal4.jpeg","datePublished":"2022-10-20T14:00:59+00:00","dateModified":"2026-05-13T22:03:11+00:00","description":"Stella Soomlais m\u00fcnditasku Heavy Metal. Pisike nahast m\u00fcnditasku mahub mugavalt taskusse ja on piisavalt suur, et m\u00e4hkida endasse ka sularaha ja kaardid.","breadcrumb":{"@id":"https:\/\/tallinndesignhouse.com\/toode\/munditasku-heavy-metal\/#breadcrumb"},"inLanguage":"en-US","potentialAction":[{"@type":"ReadAction","target":["https:\/\/tallinndesignhouse.com\/toode\/munditasku-heavy-metal\/"]}]},{"@type":"ImageObject","inLanguage":"en-US","@id":"https:\/\/tallinndesignhouse.com\/toode\/munditasku-heavy-metal\/#primaryimage","url":"https:\/\/tallinndesignhouse.com\/wp-content\/uploads\/2022\/10\/Stella-Soomlais-Munditasku-Heavy-Metal4.jpeg","contentUrl":"https:\/\/tallinndesignhouse.com\/wp-content\/uploads\/2022\/10\/Stella-Soomlais-Munditasku-Heavy-Metal4.jpeg","width":1280,"height":853,"caption":"Stella Soomlais Munditasku Heavy Metal4"},{"@type":"BreadcrumbList","@id":"https:\/\/tallinndesignhouse.com\/toode\/munditasku-heavy-metal\/#breadcrumb","itemListElement":[{"@type":"ListItem","position":1,"name":"Home","item":"https:\/\/tallinndesignhouse.com\/en\/"},{"@type":"ListItem","position":2,"name":"Shop","item":"https:\/\/tallinndesignhouse.com\/en\/shop\/"},{"@type":"ListItem","position":3,"name":"Heavy Metal Coin Pocket"}]},{"@type":"WebSite","@id":"https:\/\/tallinndesignhouse.com\/#website","url":"https:\/\/tallinndesignhouse.com\/","name":"Tallinn Design House","description":"Eesti disain Rotermanni kvartalis","potentialAction":[{"@type":"SearchAction","target":{"@type":"EntryPoint","urlTemplate":"https:\/\/tallinndesignhouse.com\/?s={search_term_string}"},"query-input":{"@type":"PropertyValueSpecification","valueRequired":true,"valueName":"search_term_string"}}],"inLanguage":"en-US"}]}},"_links":{"self":[{"href":"https:\/\/tallinndesignhouse.com\/en\/wp-json\/wp\/v2\/product\/3316633","targetHints":{"allow":["GET"]}}],"collection":[{"href":"https:\/\/tallinndesignhouse.com\/en\/wp-json\/wp\/v2\/product"}],"about":[{"href":"https:\/\/tallinndesignhouse.com\/en\/wp-json\/wp\/v2\/types\/product"}],"wp:featuredmedia":[{"embeddable":true,"href":"https:\/\/tallinndesignhouse.com\/en\/wp-json\/wp\/v2\/media\/1992011"}],"wp:attachment":[{"href":"https:\/\/tallinndesignhouse.com\/en\/wp-json\/wp\/v2\/media?parent=3316633"}],"wp:term":[{"taxonomy":"product_brand","embeddable":true,"href":"https:\/\/tallinndesignhouse.com\/en\/wp-json\/wp\/v2\/product_brand?post=3316633"},{"taxonomy":"product_cat","embeddable":true,"href":"https:\/\/tallinndesignhouse.com\/en\/wp-json\/wp\/v2\/product_cat?post=3316633"},{"taxonomy":"product_tag","embeddable":true,"href":"https:\/\/tallinndesignhouse.com\/en\/wp-json\/wp\/v2\/product_tag?post=3316633"}],"curies":[{"name":"wp","href":"https:\/\/api.w.org\/{rel}","templated":true}]}}