{"id":3316634,"date":"2022-08-23T01:05:00","date_gmt":"2022-08-22T22:05:00","guid":{"rendered":"https:\/\/tallinndesignhouse.com\/toode\/kampsun-polo-w-cappucino\/"},"modified":"2026-04-18T00:59:25","modified_gmt":"2026-04-17T21:59:25","slug":"kampsun-polo-w-cappucino","status":"publish","type":"product","link":"https:\/\/tallinndesignhouse.com\/en\/toode\/kampsun-polo-w-cappucino\/","title":{"rendered":"Sweater Polo W cappucino"},"content":{"rendered":"<p>Women\u00b4s turtle neck sweater by Mithio is with fine and dense knit, embossed with relief diagonal rhomb knit type. Thin sweater, but very warm and soft. True to body size fitting. Composition: 100%\u00a0extrafine merinowool.<\/p>\n","protected":false},"excerpt":{"rendered":"<p>Women\u00b4s turtle neck sweater by Mithio is with fine and dense knit, embossed with relief diagonal rhomb knit type. Thin sweater, but very warm and soft. True to body size fitting. Composition: 100%\u00a0extrafine merinowool.<\/p>\n","protected":false},"featured_media":331054,"template":"","meta":{"_acf_changed":false},"product_brand":[],"product_cat":[878,887,3551,3717],"product_tag":[2818],"class_list":{"0":"post-3316634","1":"product","2":"type-product","3":"status-publish","4":"has-post-thumbnail","6":"product_cat-kudumid","7":"product_cat-roivad","8":"product_cat-naturaalsed-materjalid","9":"product_cat-kevadised-tooted","10":"product_tag-naised","11":"pa_brand-mithio","13":"pa_suurus-l","15":"pa_suurus-m","17":"pa_suurus-s","19":"pa_suurus-xl","21":"pa_suurus-xs","24":"first","25":"instock","26":"taxable","27":"shipping-taxable","28":"purchasable","29":"product-type-variable"},"acf":[],"yoast_head":"<!-- This site is optimized with the Yoast SEO plugin v26.0 - https:\/\/yoast.com\/wordpress\/plugins\/seo\/ -->\n<title>Mithio Sweater Polo W cappucino - Tallinn Design House<\/title>\n<meta name=\"description\" content=\"Mithio kampsun Polo W cappucino. Naiste k\u00f5rge kaelusega \u00f5huke, kuid pehme ja soe t\u00e4isvillane kampsun on reljeefse rombi koemustriga.\" \/>\n<meta name=\"robots\" content=\"index, follow, max-snippet:-1, max-image-preview:large, max-video-preview:-1\" \/>\n<link rel=\"canonical\" href=\"https:\/\/tallinndesignhouse.com\/en\/toode\/kampsun-polo-w-cappucino\/\" \/>\n<meta property=\"og:locale\" content=\"en_US\" \/>\n<meta property=\"og:type\" content=\"article\" \/>\n<meta property=\"og:title\" content=\"Mithio Sweater Polo W cappucino - Tallinn Design House\" \/>\n<meta property=\"og:description\" content=\"Mithio kampsun Polo W cappucino. Naiste k\u00f5rge kaelusega \u00f5huke, kuid pehme ja soe t\u00e4isvillane kampsun on reljeefse rombi koemustriga.\" \/>\n<meta property=\"og:url\" content=\"https:\/\/tallinndesignhouse.com\/en\/toode\/kampsun-polo-w-cappucino\/\" \/>\n<meta property=\"og:site_name\" content=\"Tallinn Design House\" \/>\n<meta property=\"article:modified_time\" content=\"2026-04-17T21:59:25+00:00\" \/>\n<meta property=\"og:image\" content=\"https:\/\/tallinndesignhouse.com\/wp-content\/uploads\/2022\/08\/Polo-W-Ca-Mithio-cappucino-1.jpg\" \/>\n\t<meta property=\"og:image:width\" content=\"1584\" \/>\n\t<meta property=\"og:image:height\" content=\"2376\" \/>\n\t<meta property=\"og:image:type\" content=\"image\/jpeg\" \/>\n<meta name=\"twitter:card\" content=\"summary_large_image\" \/>\n<script type=\"application\/ld+json\" class=\"yoast-schema-graph\">{\"@context\":\"https:\/\/schema.org\",\"@graph\":[{\"@type\":\"WebPage\",\"@id\":\"https:\/\/tallinndesignhouse.com\/en\/toode\/kampsun-polo-w-cappucino\/\",\"url\":\"https:\/\/tallinndesignhouse.com\/en\/toode\/kampsun-polo-w-cappucino\/\",\"name\":\"Mithio Sweater Polo W cappucino - Tallinn Design House\",\"isPartOf\":{\"@id\":\"https:\/\/tallinndesignhouse.com\/#website\"},\"primaryImageOfPage\":{\"@id\":\"https:\/\/tallinndesignhouse.com\/en\/toode\/kampsun-polo-w-cappucino\/#primaryimage\"},\"image\":{\"@id\":\"https:\/\/tallinndesignhouse.com\/en\/toode\/kampsun-polo-w-cappucino\/#primaryimage\"},\"thumbnailUrl\":\"https:\/\/tallinndesignhouse.com\/wp-content\/uploads\/2022\/08\/Polo-W-Ca-Mithio-cappucino-1.jpg\",\"datePublished\":\"2022-08-22T22:05:00+00:00\",\"dateModified\":\"2026-04-17T21:59:25+00:00\",\"description\":\"Mithio kampsun Polo W cappucino. Naiste k\u00f5rge kaelusega \u00f5huke, kuid pehme ja soe t\u00e4isvillane kampsun on reljeefse rombi koemustriga.\",\"breadcrumb\":{\"@id\":\"https:\/\/tallinndesignhouse.com\/en\/toode\/kampsun-polo-w-cappucino\/#breadcrumb\"},\"inLanguage\":\"en-US\",\"potentialAction\":[{\"@type\":\"ReadAction\",\"target\":[\"https:\/\/tallinndesignhouse.com\/en\/toode\/kampsun-polo-w-cappucino\/\"]}]},{\"@type\":\"ImageObject\",\"inLanguage\":\"en-US\",\"@id\":\"https:\/\/tallinndesignhouse.com\/en\/toode\/kampsun-polo-w-cappucino\/#primaryimage\",\"url\":\"https:\/\/tallinndesignhouse.com\/wp-content\/uploads\/2022\/08\/Polo-W-Ca-Mithio-cappucino-1.jpg\",\"contentUrl\":\"https:\/\/tallinndesignhouse.com\/wp-content\/uploads\/2022\/08\/Polo-W-Ca-Mithio-cappucino-1.jpg\",\"width\":1584,\"height\":2376,\"caption\":\"Polo-W-Ca-Mithio cappucino\"},{\"@type\":\"BreadcrumbList\",\"@id\":\"https:\/\/tallinndesignhouse.com\/en\/toode\/kampsun-polo-w-cappucino\/#breadcrumb\",\"itemListElement\":[{\"@type\":\"ListItem\",\"position\":1,\"name\":\"Home\",\"item\":\"https:\/\/tallinndesignhouse.com\/en\/\"},{\"@type\":\"ListItem\",\"position\":2,\"name\":\"Shop\",\"item\":\"https:\/\/tallinndesignhouse.com\/en\/shop\/\"},{\"@type\":\"ListItem\",\"position\":3,\"name\":\"Sweater Polo W cappucino\"}]},{\"@type\":\"WebSite\",\"@id\":\"https:\/\/tallinndesignhouse.com\/#website\",\"url\":\"https:\/\/tallinndesignhouse.com\/\",\"name\":\"Tallinn Design House\",\"description\":\"Eesti disain Rotermanni kvartalis\",\"potentialAction\":[{\"@type\":\"SearchAction\",\"target\":{\"@type\":\"EntryPoint\",\"urlTemplate\":\"https:\/\/tallinndesignhouse.com\/?s={search_term_string}\"},\"query-input\":{\"@type\":\"PropertyValueSpecification\",\"valueRequired\":true,\"valueName\":\"search_term_string\"}}],\"inLanguage\":\"en-US\"}]}<\/script>\n<!-- \/ Yoast SEO plugin. -->","yoast_head_json":{"title":"Mithio Sweater Polo W cappucino - Tallinn Design House","description":"Mithio kampsun Polo W cappucino. Naiste k\u00f5rge kaelusega \u00f5huke, kuid pehme ja soe t\u00e4isvillane kampsun on reljeefse rombi koemustriga.","robots":{"index":"index","follow":"follow","max-snippet":"max-snippet:-1","max-image-preview":"max-image-preview:large","max-video-preview":"max-video-preview:-1"},"canonical":"https:\/\/tallinndesignhouse.com\/en\/toode\/kampsun-polo-w-cappucino\/","og_locale":"en_US","og_type":"article","og_title":"Mithio Sweater Polo W cappucino - Tallinn Design House","og_description":"Mithio kampsun Polo W cappucino. Naiste k\u00f5rge kaelusega \u00f5huke, kuid pehme ja soe t\u00e4isvillane kampsun on reljeefse rombi koemustriga.","og_url":"https:\/\/tallinndesignhouse.com\/en\/toode\/kampsun-polo-w-cappucino\/","og_site_name":"Tallinn Design House","article_modified_time":"2026-04-17T21:59:25+00:00","og_image":[{"width":1584,"height":2376,"url":"https:\/\/tallinndesignhouse.com\/wp-content\/uploads\/2022\/08\/Polo-W-Ca-Mithio-cappucino-1.jpg","type":"image\/jpeg"}],"twitter_card":"summary_large_image","schema":{"@context":"https:\/\/schema.org","@graph":[{"@type":"WebPage","@id":"https:\/\/tallinndesignhouse.com\/en\/toode\/kampsun-polo-w-cappucino\/","url":"https:\/\/tallinndesignhouse.com\/en\/toode\/kampsun-polo-w-cappucino\/","name":"Mithio Sweater Polo W cappucino - Tallinn Design House","isPartOf":{"@id":"https:\/\/tallinndesignhouse.com\/#website"},"primaryImageOfPage":{"@id":"https:\/\/tallinndesignhouse.com\/en\/toode\/kampsun-polo-w-cappucino\/#primaryimage"},"image":{"@id":"https:\/\/tallinndesignhouse.com\/en\/toode\/kampsun-polo-w-cappucino\/#primaryimage"},"thumbnailUrl":"https:\/\/tallinndesignhouse.com\/wp-content\/uploads\/2022\/08\/Polo-W-Ca-Mithio-cappucino-1.jpg","datePublished":"2022-08-22T22:05:00+00:00","dateModified":"2026-04-17T21:59:25+00:00","description":"Mithio kampsun Polo W cappucino. Naiste k\u00f5rge kaelusega \u00f5huke, kuid pehme ja soe t\u00e4isvillane kampsun on reljeefse rombi koemustriga.","breadcrumb":{"@id":"https:\/\/tallinndesignhouse.com\/en\/toode\/kampsun-polo-w-cappucino\/#breadcrumb"},"inLanguage":"en-US","potentialAction":[{"@type":"ReadAction","target":["https:\/\/tallinndesignhouse.com\/en\/toode\/kampsun-polo-w-cappucino\/"]}]},{"@type":"ImageObject","inLanguage":"en-US","@id":"https:\/\/tallinndesignhouse.com\/en\/toode\/kampsun-polo-w-cappucino\/#primaryimage","url":"https:\/\/tallinndesignhouse.com\/wp-content\/uploads\/2022\/08\/Polo-W-Ca-Mithio-cappucino-1.jpg","contentUrl":"https:\/\/tallinndesignhouse.com\/wp-content\/uploads\/2022\/08\/Polo-W-Ca-Mithio-cappucino-1.jpg","width":1584,"height":2376,"caption":"Polo-W-Ca-Mithio cappucino"},{"@type":"BreadcrumbList","@id":"https:\/\/tallinndesignhouse.com\/en\/toode\/kampsun-polo-w-cappucino\/#breadcrumb","itemListElement":[{"@type":"ListItem","position":1,"name":"Home","item":"https:\/\/tallinndesignhouse.com\/en\/"},{"@type":"ListItem","position":2,"name":"Shop","item":"https:\/\/tallinndesignhouse.com\/en\/shop\/"},{"@type":"ListItem","position":3,"name":"Sweater Polo W cappucino"}]},{"@type":"WebSite","@id":"https:\/\/tallinndesignhouse.com\/#website","url":"https:\/\/tallinndesignhouse.com\/","name":"Tallinn Design House","description":"Eesti disain Rotermanni kvartalis","potentialAction":[{"@type":"SearchAction","target":{"@type":"EntryPoint","urlTemplate":"https:\/\/tallinndesignhouse.com\/?s={search_term_string}"},"query-input":{"@type":"PropertyValueSpecification","valueRequired":true,"valueName":"search_term_string"}}],"inLanguage":"en-US"}]}},"_links":{"self":[{"href":"https:\/\/tallinndesignhouse.com\/en\/wp-json\/wp\/v2\/product\/3316634","targetHints":{"allow":["GET"]}}],"collection":[{"href":"https:\/\/tallinndesignhouse.com\/en\/wp-json\/wp\/v2\/product"}],"about":[{"href":"https:\/\/tallinndesignhouse.com\/en\/wp-json\/wp\/v2\/types\/product"}],"wp:featuredmedia":[{"embeddable":true,"href":"https:\/\/tallinndesignhouse.com\/en\/wp-json\/wp\/v2\/media\/331054"}],"wp:attachment":[{"href":"https:\/\/tallinndesignhouse.com\/en\/wp-json\/wp\/v2\/media?parent=3316634"}],"wp:term":[{"taxonomy":"product_brand","embeddable":true,"href":"https:\/\/tallinndesignhouse.com\/en\/wp-json\/wp\/v2\/product_brand?post=3316634"},{"taxonomy":"product_cat","embeddable":true,"href":"https:\/\/tallinndesignhouse.com\/en\/wp-json\/wp\/v2\/product_cat?post=3316634"},{"taxonomy":"product_tag","embeddable":true,"href":"https:\/\/tallinndesignhouse.com\/en\/wp-json\/wp\/v2\/product_tag?post=3316634"}],"curies":[{"name":"wp","href":"https:\/\/api.w.org\/{rel}","templated":true}]}}