{"id":3316644,"date":"2022-09-23T17:16:59","date_gmt":"2022-09-23T14:16:59","guid":{"rendered":"https:\/\/tallinndesignhouse.com\/toode\/meeste-sark-optimist\/"},"modified":"2026-05-14T01:02:45","modified_gmt":"2026-05-13T22:02:45","slug":"meeste-sark-optimist","status":"publish","type":"product","link":"https:\/\/tallinndesignhouse.com\/en\/toode\/meeste-sark-optimist\/","title":{"rendered":"Men\u00b4s shirt Optimist"},"content":{"rendered":"<p>Men\u00b4s light blue shirt\/blazer by Sangar with three classic pockets. Choose your own style and wear it the way you want! Material: 100% cotton.<\/p>\n","protected":false},"excerpt":{"rendered":"<p>Men\u00b4s light blue shirt\/blazer by Sangar with three classic pockets. Choose your own style and wear it the way you want! Material: 100% cotton.<\/p>\n","protected":false},"featured_media":1121708,"template":"","meta":{"_acf_changed":false},"product_brand":[],"product_cat":[1957,2837],"product_tag":[2821],"class_list":{"0":"post-3316644","1":"product","2":"type-product","3":"status-publish","4":"has-post-thumbnail","6":"product_cat-shirts-and-blouses","7":"product_cat-clothes","8":"product_tag-men","9":"pa_brand-optimist-en","11":"pa_suurus-l-en","12":"pa_suurus-m-en","14":"pa_suurus-s-en","16":"pa_suurus-xl-en","19":"pa_varv-dark-blue-en","20":"pa_varv-helesinine","21":"pa_varv-light-blue-en","22":"pa_varv-tumesinine","24":"first","25":"instock","26":"taxable","27":"shipping-taxable","28":"purchasable","29":"product-type-variable"},"acf":[],"yoast_head":"<!-- This site is optimized with the Yoast SEO plugin v26.0 - https:\/\/yoast.com\/wordpress\/plugins\/seo\/ -->\n<title>Sangar Men\u00b4s shirt Optimist - Tallinn Design House<\/title>\n<meta name=\"description\" content=\"Meeste s\u00e4rk OPTIMIST. Kolme peale \u00f5mmeldud taskuga helesinine s\u00e4rk, mis sobib ideaalselt ka lahti n\u00f6\u00f6bitud bleiserina. Materjal: 100% puuvill.\" \/>\n<meta name=\"robots\" content=\"index, follow, max-snippet:-1, max-image-preview:large, max-video-preview:-1\" \/>\n<link rel=\"canonical\" href=\"https:\/\/tallinndesignhouse.com\/en\/toode\/meeste-sark-optimist\/\" \/>\n<meta property=\"og:locale\" content=\"en_US\" \/>\n<meta property=\"og:type\" content=\"article\" \/>\n<meta property=\"og:title\" content=\"Sangar Men\u00b4s shirt Optimist - Tallinn Design House\" \/>\n<meta property=\"og:description\" content=\"Meeste s\u00e4rk OPTIMIST. Kolme peale \u00f5mmeldud taskuga helesinine s\u00e4rk, mis sobib ideaalselt ka lahti n\u00f6\u00f6bitud bleiserina. Materjal: 100% puuvill.\" \/>\n<meta property=\"og:url\" content=\"https:\/\/tallinndesignhouse.com\/en\/toode\/meeste-sark-optimist\/\" \/>\n<meta property=\"og:site_name\" content=\"Tallinn Design House\" \/>\n<meta property=\"article:modified_time\" content=\"2026-05-13T22:02:45+00:00\" \/>\n<meta property=\"og:image\" content=\"https:\/\/tallinndesignhouse.com\/wp-content\/uploads\/2022\/09\/Sangar-optimist2.jpeg\" \/>\n\t<meta property=\"og:image:width\" content=\"1000\" \/>\n\t<meta property=\"og:image:height\" content=\"1000\" \/>\n\t<meta property=\"og:image:type\" content=\"image\/jpeg\" \/>\n<meta name=\"twitter:card\" content=\"summary_large_image\" \/>\n<script type=\"application\/ld+json\" class=\"yoast-schema-graph\">{\"@context\":\"https:\/\/schema.org\",\"@graph\":[{\"@type\":\"WebPage\",\"@id\":\"https:\/\/tallinndesignhouse.com\/en\/toode\/meeste-sark-optimist\/\",\"url\":\"https:\/\/tallinndesignhouse.com\/en\/toode\/meeste-sark-optimist\/\",\"name\":\"Sangar Men\u00b4s shirt Optimist - Tallinn Design House\",\"isPartOf\":{\"@id\":\"https:\/\/tallinndesignhouse.com\/#website\"},\"primaryImageOfPage\":{\"@id\":\"https:\/\/tallinndesignhouse.com\/en\/toode\/meeste-sark-optimist\/#primaryimage\"},\"image\":{\"@id\":\"https:\/\/tallinndesignhouse.com\/en\/toode\/meeste-sark-optimist\/#primaryimage\"},\"thumbnailUrl\":\"https:\/\/tallinndesignhouse.com\/wp-content\/uploads\/2022\/09\/Sangar-optimist2.jpeg\",\"datePublished\":\"2022-09-23T14:16:59+00:00\",\"dateModified\":\"2026-05-13T22:02:45+00:00\",\"description\":\"Meeste s\u00e4rk OPTIMIST. Kolme peale \u00f5mmeldud taskuga helesinine s\u00e4rk, mis sobib ideaalselt ka lahti n\u00f6\u00f6bitud bleiserina. Materjal: 100% puuvill.\",\"breadcrumb\":{\"@id\":\"https:\/\/tallinndesignhouse.com\/en\/toode\/meeste-sark-optimist\/#breadcrumb\"},\"inLanguage\":\"en-US\",\"potentialAction\":[{\"@type\":\"ReadAction\",\"target\":[\"https:\/\/tallinndesignhouse.com\/en\/toode\/meeste-sark-optimist\/\"]}]},{\"@type\":\"ImageObject\",\"inLanguage\":\"en-US\",\"@id\":\"https:\/\/tallinndesignhouse.com\/en\/toode\/meeste-sark-optimist\/#primaryimage\",\"url\":\"https:\/\/tallinndesignhouse.com\/wp-content\/uploads\/2022\/09\/Sangar-optimist2.jpeg\",\"contentUrl\":\"https:\/\/tallinndesignhouse.com\/wp-content\/uploads\/2022\/09\/Sangar-optimist2.jpeg\",\"width\":1000,\"height\":1000,\"caption\":\"Sangar optimist2\"},{\"@type\":\"BreadcrumbList\",\"@id\":\"https:\/\/tallinndesignhouse.com\/en\/toode\/meeste-sark-optimist\/#breadcrumb\",\"itemListElement\":[{\"@type\":\"ListItem\",\"position\":1,\"name\":\"Home\",\"item\":\"https:\/\/tallinndesignhouse.com\/en\/\"},{\"@type\":\"ListItem\",\"position\":2,\"name\":\"Shop\",\"item\":\"https:\/\/tallinndesignhouse.com\/en\/shop\/\"},{\"@type\":\"ListItem\",\"position\":3,\"name\":\"Men\u00b4s shirt Optimist\"}]},{\"@type\":\"WebSite\",\"@id\":\"https:\/\/tallinndesignhouse.com\/#website\",\"url\":\"https:\/\/tallinndesignhouse.com\/\",\"name\":\"Tallinn Design House\",\"description\":\"Eesti disain Rotermanni kvartalis\",\"potentialAction\":[{\"@type\":\"SearchAction\",\"target\":{\"@type\":\"EntryPoint\",\"urlTemplate\":\"https:\/\/tallinndesignhouse.com\/?s={search_term_string}\"},\"query-input\":{\"@type\":\"PropertyValueSpecification\",\"valueRequired\":true,\"valueName\":\"search_term_string\"}}],\"inLanguage\":\"en-US\"}]}<\/script>\n<!-- \/ Yoast SEO plugin. -->","yoast_head_json":{"title":"Sangar Men\u00b4s shirt Optimist - Tallinn Design House","description":"Meeste s\u00e4rk OPTIMIST. Kolme peale \u00f5mmeldud taskuga helesinine s\u00e4rk, mis sobib ideaalselt ka lahti n\u00f6\u00f6bitud bleiserina. Materjal: 100% puuvill.","robots":{"index":"index","follow":"follow","max-snippet":"max-snippet:-1","max-image-preview":"max-image-preview:large","max-video-preview":"max-video-preview:-1"},"canonical":"https:\/\/tallinndesignhouse.com\/en\/toode\/meeste-sark-optimist\/","og_locale":"en_US","og_type":"article","og_title":"Sangar Men\u00b4s shirt Optimist - Tallinn Design House","og_description":"Meeste s\u00e4rk OPTIMIST. Kolme peale \u00f5mmeldud taskuga helesinine s\u00e4rk, mis sobib ideaalselt ka lahti n\u00f6\u00f6bitud bleiserina. Materjal: 100% puuvill.","og_url":"https:\/\/tallinndesignhouse.com\/en\/toode\/meeste-sark-optimist\/","og_site_name":"Tallinn Design House","article_modified_time":"2026-05-13T22:02:45+00:00","og_image":[{"width":1000,"height":1000,"url":"https:\/\/tallinndesignhouse.com\/wp-content\/uploads\/2022\/09\/Sangar-optimist2.jpeg","type":"image\/jpeg"}],"twitter_card":"summary_large_image","schema":{"@context":"https:\/\/schema.org","@graph":[{"@type":"WebPage","@id":"https:\/\/tallinndesignhouse.com\/en\/toode\/meeste-sark-optimist\/","url":"https:\/\/tallinndesignhouse.com\/en\/toode\/meeste-sark-optimist\/","name":"Sangar Men\u00b4s shirt Optimist - Tallinn Design House","isPartOf":{"@id":"https:\/\/tallinndesignhouse.com\/#website"},"primaryImageOfPage":{"@id":"https:\/\/tallinndesignhouse.com\/en\/toode\/meeste-sark-optimist\/#primaryimage"},"image":{"@id":"https:\/\/tallinndesignhouse.com\/en\/toode\/meeste-sark-optimist\/#primaryimage"},"thumbnailUrl":"https:\/\/tallinndesignhouse.com\/wp-content\/uploads\/2022\/09\/Sangar-optimist2.jpeg","datePublished":"2022-09-23T14:16:59+00:00","dateModified":"2026-05-13T22:02:45+00:00","description":"Meeste s\u00e4rk OPTIMIST. Kolme peale \u00f5mmeldud taskuga helesinine s\u00e4rk, mis sobib ideaalselt ka lahti n\u00f6\u00f6bitud bleiserina. Materjal: 100% puuvill.","breadcrumb":{"@id":"https:\/\/tallinndesignhouse.com\/en\/toode\/meeste-sark-optimist\/#breadcrumb"},"inLanguage":"en-US","potentialAction":[{"@type":"ReadAction","target":["https:\/\/tallinndesignhouse.com\/en\/toode\/meeste-sark-optimist\/"]}]},{"@type":"ImageObject","inLanguage":"en-US","@id":"https:\/\/tallinndesignhouse.com\/en\/toode\/meeste-sark-optimist\/#primaryimage","url":"https:\/\/tallinndesignhouse.com\/wp-content\/uploads\/2022\/09\/Sangar-optimist2.jpeg","contentUrl":"https:\/\/tallinndesignhouse.com\/wp-content\/uploads\/2022\/09\/Sangar-optimist2.jpeg","width":1000,"height":1000,"caption":"Sangar optimist2"},{"@type":"BreadcrumbList","@id":"https:\/\/tallinndesignhouse.com\/en\/toode\/meeste-sark-optimist\/#breadcrumb","itemListElement":[{"@type":"ListItem","position":1,"name":"Home","item":"https:\/\/tallinndesignhouse.com\/en\/"},{"@type":"ListItem","position":2,"name":"Shop","item":"https:\/\/tallinndesignhouse.com\/en\/shop\/"},{"@type":"ListItem","position":3,"name":"Men\u00b4s shirt Optimist"}]},{"@type":"WebSite","@id":"https:\/\/tallinndesignhouse.com\/#website","url":"https:\/\/tallinndesignhouse.com\/","name":"Tallinn Design House","description":"Eesti disain Rotermanni kvartalis","potentialAction":[{"@type":"SearchAction","target":{"@type":"EntryPoint","urlTemplate":"https:\/\/tallinndesignhouse.com\/?s={search_term_string}"},"query-input":{"@type":"PropertyValueSpecification","valueRequired":true,"valueName":"search_term_string"}}],"inLanguage":"en-US"}]}},"_links":{"self":[{"href":"https:\/\/tallinndesignhouse.com\/en\/wp-json\/wp\/v2\/product\/3316644","targetHints":{"allow":["GET"]}}],"collection":[{"href":"https:\/\/tallinndesignhouse.com\/en\/wp-json\/wp\/v2\/product"}],"about":[{"href":"https:\/\/tallinndesignhouse.com\/en\/wp-json\/wp\/v2\/types\/product"}],"wp:featuredmedia":[{"embeddable":true,"href":"https:\/\/tallinndesignhouse.com\/en\/wp-json\/wp\/v2\/media\/1121708"}],"wp:attachment":[{"href":"https:\/\/tallinndesignhouse.com\/en\/wp-json\/wp\/v2\/media?parent=3316644"}],"wp:term":[{"taxonomy":"product_brand","embeddable":true,"href":"https:\/\/tallinndesignhouse.com\/en\/wp-json\/wp\/v2\/product_brand?post=3316644"},{"taxonomy":"product_cat","embeddable":true,"href":"https:\/\/tallinndesignhouse.com\/en\/wp-json\/wp\/v2\/product_cat?post=3316644"},{"taxonomy":"product_tag","embeddable":true,"href":"https:\/\/tallinndesignhouse.com\/en\/wp-json\/wp\/v2\/product_tag?post=3316644"}],"curies":[{"name":"wp","href":"https:\/\/api.w.org\/{rel}","templated":true}]}}