{"id":3316666,"date":"2022-08-23T01:25:22","date_gmt":"2022-08-22T22:25:22","guid":{"rendered":"https:\/\/tallinndesignhouse.com\/toode\/kampsun-polo-w-helesinine\/"},"modified":"2026-04-17T00:59:20","modified_gmt":"2026-04-16T21:59:20","slug":"kampsun-polo-w-helesinine","status":"publish","type":"product","link":"https:\/\/tallinndesignhouse.com\/en\/toode\/kampsun-polo-w-helesinine\/","title":{"rendered":"Sweater Polo W light blue"},"content":{"rendered":"<p>Women\u00b4s turtle neck sweater by Mithio is with fine and dense knit, embossed with relief diagonal rhomb knit type. Thin sweater, but very warm and soft. True to body size fitting. Composition: 100%\u00a0extrafine merinowool.<\/p>\n","protected":false},"excerpt":{"rendered":"<p>Women\u00b4s turtle neck sweater by Mithio is with fine and dense knit, embossed with relief diagonal rhomb knit type. Thin sweater, but very warm and soft. True to body size fitting. Composition: 100%\u00a0extrafine merinowool.<\/p>\n","protected":false},"featured_media":328226,"template":"","meta":{"_acf_changed":false},"product_brand":[],"product_cat":[878,887,3551,3717],"product_tag":[2819],"class_list":{"0":"post-3316666","1":"product","2":"type-product","3":"status-publish","4":"has-post-thumbnail","6":"product_cat-kudumid","7":"product_cat-roivad","8":"product_cat-naturaalsed-materjalid","9":"product_cat-kevadised-tooted","10":"product_tag-women","11":"pa_brand-mithio","12":"pa_brand-mithio-en","13":"pa_suurus-l-en","14":"pa_suurus-l","15":"pa_suurus-m-en","16":"pa_suurus-m","17":"pa_suurus-s-en","18":"pa_suurus-s","19":"pa_suurus-xl","20":"pa_suurus-xl-en","21":"pa_suurus-xs-en","22":"pa_suurus-xs","24":"first","25":"instock","26":"taxable","27":"shipping-taxable","28":"purchasable","29":"product-type-variable"},"acf":[],"yoast_head":"<!-- This site is optimized with the Yoast SEO plugin v26.0 - https:\/\/yoast.com\/wordpress\/plugins\/seo\/ -->\n<title>Sweater Polo W light blue - Tallinn Design House<\/title>\n<meta name=\"description\" content=\"Mithio kampsun Polo W helesinine. Naiste k\u00f5rge kaelusega \u00f5huke, kuid pehme ja soe t\u00e4isvillane kampsun on reljeefse rombi koemustriga.\" \/>\n<meta name=\"robots\" content=\"index, follow, max-snippet:-1, max-image-preview:large, max-video-preview:-1\" \/>\n<link rel=\"canonical\" href=\"https:\/\/tallinndesignhouse.com\/toode\/kampsun-polo-w-helesinine\/\" \/>\n<meta property=\"og:locale\" content=\"en_US\" \/>\n<meta property=\"og:type\" content=\"article\" \/>\n<meta property=\"og:title\" content=\"Sweater Polo W light blue - Tallinn Design House\" \/>\n<meta property=\"og:description\" content=\"Mithio kampsun Polo W helesinine. Naiste k\u00f5rge kaelusega \u00f5huke, kuid pehme ja soe t\u00e4isvillane kampsun on reljeefse rombi koemustriga.\" \/>\n<meta property=\"og:url\" content=\"https:\/\/tallinndesignhouse.com\/toode\/kampsun-polo-w-helesinine\/\" \/>\n<meta property=\"og:site_name\" content=\"Tallinn Design House\" \/>\n<meta property=\"article:modified_time\" content=\"2026-04-16T21:59:20+00:00\" \/>\n<meta property=\"og:image\" content=\"https:\/\/tallinndesignhouse.com\/wp-content\/uploads\/2022\/08\/Polo-W-Bl.webp\" \/>\n\t<meta property=\"og:image:width\" content=\"1584\" \/>\n\t<meta property=\"og:image:height\" content=\"2376\" \/>\n\t<meta property=\"og:image:type\" content=\"image\/webp\" \/>\n<meta name=\"twitter:card\" content=\"summary_large_image\" \/>\n<script type=\"application\/ld+json\" class=\"yoast-schema-graph\">{\"@context\":\"https:\/\/schema.org\",\"@graph\":[{\"@type\":\"WebPage\",\"@id\":\"https:\/\/tallinndesignhouse.com\/toode\/kampsun-polo-w-helesinine\/\",\"url\":\"https:\/\/tallinndesignhouse.com\/toode\/kampsun-polo-w-helesinine\/\",\"name\":\"Sweater Polo W light blue - Tallinn Design House\",\"isPartOf\":{\"@id\":\"https:\/\/tallinndesignhouse.com\/#website\"},\"primaryImageOfPage\":{\"@id\":\"https:\/\/tallinndesignhouse.com\/toode\/kampsun-polo-w-helesinine\/#primaryimage\"},\"image\":{\"@id\":\"https:\/\/tallinndesignhouse.com\/toode\/kampsun-polo-w-helesinine\/#primaryimage\"},\"thumbnailUrl\":\"https:\/\/tallinndesignhouse.com\/wp-content\/uploads\/2022\/08\/Polo-W-Bl.webp\",\"datePublished\":\"2022-08-22T22:25:22+00:00\",\"dateModified\":\"2026-04-16T21:59:20+00:00\",\"description\":\"Mithio kampsun Polo W helesinine. Naiste k\u00f5rge kaelusega \u00f5huke, kuid pehme ja soe t\u00e4isvillane kampsun on reljeefse rombi koemustriga.\",\"breadcrumb\":{\"@id\":\"https:\/\/tallinndesignhouse.com\/toode\/kampsun-polo-w-helesinine\/#breadcrumb\"},\"inLanguage\":\"en-US\",\"potentialAction\":[{\"@type\":\"ReadAction\",\"target\":[\"https:\/\/tallinndesignhouse.com\/toode\/kampsun-polo-w-helesinine\/\"]}]},{\"@type\":\"ImageObject\",\"inLanguage\":\"en-US\",\"@id\":\"https:\/\/tallinndesignhouse.com\/toode\/kampsun-polo-w-helesinine\/#primaryimage\",\"url\":\"https:\/\/tallinndesignhouse.com\/wp-content\/uploads\/2022\/08\/Polo-W-Bl.webp\",\"contentUrl\":\"https:\/\/tallinndesignhouse.com\/wp-content\/uploads\/2022\/08\/Polo-W-Bl.webp\",\"width\":1584,\"height\":2376,\"caption\":\"Polo-W-Bl\"},{\"@type\":\"BreadcrumbList\",\"@id\":\"https:\/\/tallinndesignhouse.com\/toode\/kampsun-polo-w-helesinine\/#breadcrumb\",\"itemListElement\":[{\"@type\":\"ListItem\",\"position\":1,\"name\":\"Home\",\"item\":\"https:\/\/tallinndesignhouse.com\/en\/\"},{\"@type\":\"ListItem\",\"position\":2,\"name\":\"Shop\",\"item\":\"https:\/\/tallinndesignhouse.com\/en\/shop\/\"},{\"@type\":\"ListItem\",\"position\":3,\"name\":\"Sweater Polo W light blue\"}]},{\"@type\":\"WebSite\",\"@id\":\"https:\/\/tallinndesignhouse.com\/#website\",\"url\":\"https:\/\/tallinndesignhouse.com\/\",\"name\":\"Tallinn Design House\",\"description\":\"Eesti disain Rotermanni kvartalis\",\"potentialAction\":[{\"@type\":\"SearchAction\",\"target\":{\"@type\":\"EntryPoint\",\"urlTemplate\":\"https:\/\/tallinndesignhouse.com\/?s={search_term_string}\"},\"query-input\":{\"@type\":\"PropertyValueSpecification\",\"valueRequired\":true,\"valueName\":\"search_term_string\"}}],\"inLanguage\":\"en-US\"}]}<\/script>\n<!-- \/ Yoast SEO plugin. -->","yoast_head_json":{"title":"Sweater Polo W light blue - Tallinn Design House","description":"Mithio kampsun Polo W helesinine. Naiste k\u00f5rge kaelusega \u00f5huke, kuid pehme ja soe t\u00e4isvillane kampsun on reljeefse rombi koemustriga.","robots":{"index":"index","follow":"follow","max-snippet":"max-snippet:-1","max-image-preview":"max-image-preview:large","max-video-preview":"max-video-preview:-1"},"canonical":"https:\/\/tallinndesignhouse.com\/toode\/kampsun-polo-w-helesinine\/","og_locale":"en_US","og_type":"article","og_title":"Sweater Polo W light blue - Tallinn Design House","og_description":"Mithio kampsun Polo W helesinine. Naiste k\u00f5rge kaelusega \u00f5huke, kuid pehme ja soe t\u00e4isvillane kampsun on reljeefse rombi koemustriga.","og_url":"https:\/\/tallinndesignhouse.com\/toode\/kampsun-polo-w-helesinine\/","og_site_name":"Tallinn Design House","article_modified_time":"2026-04-16T21:59:20+00:00","og_image":[{"width":1584,"height":2376,"url":"https:\/\/tallinndesignhouse.com\/wp-content\/uploads\/2022\/08\/Polo-W-Bl.webp","type":"image\/webp"}],"twitter_card":"summary_large_image","schema":{"@context":"https:\/\/schema.org","@graph":[{"@type":"WebPage","@id":"https:\/\/tallinndesignhouse.com\/toode\/kampsun-polo-w-helesinine\/","url":"https:\/\/tallinndesignhouse.com\/toode\/kampsun-polo-w-helesinine\/","name":"Sweater Polo W light blue - Tallinn Design House","isPartOf":{"@id":"https:\/\/tallinndesignhouse.com\/#website"},"primaryImageOfPage":{"@id":"https:\/\/tallinndesignhouse.com\/toode\/kampsun-polo-w-helesinine\/#primaryimage"},"image":{"@id":"https:\/\/tallinndesignhouse.com\/toode\/kampsun-polo-w-helesinine\/#primaryimage"},"thumbnailUrl":"https:\/\/tallinndesignhouse.com\/wp-content\/uploads\/2022\/08\/Polo-W-Bl.webp","datePublished":"2022-08-22T22:25:22+00:00","dateModified":"2026-04-16T21:59:20+00:00","description":"Mithio kampsun Polo W helesinine. Naiste k\u00f5rge kaelusega \u00f5huke, kuid pehme ja soe t\u00e4isvillane kampsun on reljeefse rombi koemustriga.","breadcrumb":{"@id":"https:\/\/tallinndesignhouse.com\/toode\/kampsun-polo-w-helesinine\/#breadcrumb"},"inLanguage":"en-US","potentialAction":[{"@type":"ReadAction","target":["https:\/\/tallinndesignhouse.com\/toode\/kampsun-polo-w-helesinine\/"]}]},{"@type":"ImageObject","inLanguage":"en-US","@id":"https:\/\/tallinndesignhouse.com\/toode\/kampsun-polo-w-helesinine\/#primaryimage","url":"https:\/\/tallinndesignhouse.com\/wp-content\/uploads\/2022\/08\/Polo-W-Bl.webp","contentUrl":"https:\/\/tallinndesignhouse.com\/wp-content\/uploads\/2022\/08\/Polo-W-Bl.webp","width":1584,"height":2376,"caption":"Polo-W-Bl"},{"@type":"BreadcrumbList","@id":"https:\/\/tallinndesignhouse.com\/toode\/kampsun-polo-w-helesinine\/#breadcrumb","itemListElement":[{"@type":"ListItem","position":1,"name":"Home","item":"https:\/\/tallinndesignhouse.com\/en\/"},{"@type":"ListItem","position":2,"name":"Shop","item":"https:\/\/tallinndesignhouse.com\/en\/shop\/"},{"@type":"ListItem","position":3,"name":"Sweater Polo W light blue"}]},{"@type":"WebSite","@id":"https:\/\/tallinndesignhouse.com\/#website","url":"https:\/\/tallinndesignhouse.com\/","name":"Tallinn Design House","description":"Eesti disain Rotermanni kvartalis","potentialAction":[{"@type":"SearchAction","target":{"@type":"EntryPoint","urlTemplate":"https:\/\/tallinndesignhouse.com\/?s={search_term_string}"},"query-input":{"@type":"PropertyValueSpecification","valueRequired":true,"valueName":"search_term_string"}}],"inLanguage":"en-US"}]}},"_links":{"self":[{"href":"https:\/\/tallinndesignhouse.com\/en\/wp-json\/wp\/v2\/product\/3316666","targetHints":{"allow":["GET"]}}],"collection":[{"href":"https:\/\/tallinndesignhouse.com\/en\/wp-json\/wp\/v2\/product"}],"about":[{"href":"https:\/\/tallinndesignhouse.com\/en\/wp-json\/wp\/v2\/types\/product"}],"wp:featuredmedia":[{"embeddable":true,"href":"https:\/\/tallinndesignhouse.com\/en\/wp-json\/wp\/v2\/media\/328226"}],"wp:attachment":[{"href":"https:\/\/tallinndesignhouse.com\/en\/wp-json\/wp\/v2\/media?parent=3316666"}],"wp:term":[{"taxonomy":"product_brand","embeddable":true,"href":"https:\/\/tallinndesignhouse.com\/en\/wp-json\/wp\/v2\/product_brand?post=3316666"},{"taxonomy":"product_cat","embeddable":true,"href":"https:\/\/tallinndesignhouse.com\/en\/wp-json\/wp\/v2\/product_cat?post=3316666"},{"taxonomy":"product_tag","embeddable":true,"href":"https:\/\/tallinndesignhouse.com\/en\/wp-json\/wp\/v2\/product_tag?post=3316666"}],"curies":[{"name":"wp","href":"https:\/\/api.w.org\/{rel}","templated":true}]}}