{"id":3316688,"date":"2022-06-02T16:24:07","date_gmt":"2022-06-02T13:24:07","guid":{"rendered":"https:\/\/tallinndesignhouse.com\/toode\/korvarongad-boheme-suur-lill\/"},"modified":"2026-04-13T01:00:11","modified_gmt":"2026-04-12T22:00:11","slug":"korvarongad-boheme-suur-lill","status":"publish","type":"product","link":"https:\/\/tallinndesignhouse.com\/en\/toode\/korvarongad-boheme-suur-lill\/","title":{"rendered":"Moonika Kase earrings Boheme large flower."},"content":{"rendered":"<p>Moonika Kase earrings Boheme large flower. Material: 925 silver. Dimensions 2.8 x 2.8 cm.<\/p>\n","protected":false},"excerpt":{"rendered":"<p>Moonika Kase earrings Boheme large flower. Material: 925 silver. Dimensions 2.8 x 2.8 cm.<\/p>\n","protected":false},"featured_media":38844,"template":"","meta":{"_acf_changed":false},"product_brand":[],"product_cat":[1955,3223],"product_tag":[2819],"class_list":{"0":"post-3316688","1":"product","2":"type-product","3":"status-publish","4":"has-post-thumbnail","6":"product_cat-earrings","7":"product_cat-jewellery-en","8":"product_tag-women","9":"pa_brand-moonika-kase","10":"pa_brand-moonika-kase-en","11":"pa_kingiidee-jah","12":"pa_kingiidee-yes-en","14":"first","15":"instock","16":"taxable","17":"shipping-taxable","18":"purchasable","19":"product-type-simple"},"acf":[],"yoast_head":"<!-- This site is optimized with the Yoast SEO plugin v26.0 - https:\/\/yoast.com\/wordpress\/plugins\/seo\/ -->\n<title>Moonika Kase Moonika Kase earrings Boheme large flower. - Tallinn Design House<\/title>\n<meta name=\"description\" content=\"Moonika Kase k\u00f5rvar\u00f5ngad Boheme suur lill. Materjal: 925 h\u00f5be. M\u00f5\u00f5dud 2.8 x 2.8 cm.\" \/>\n<meta name=\"robots\" content=\"index, follow, max-snippet:-1, max-image-preview:large, max-video-preview:-1\" \/>\n<link rel=\"canonical\" href=\"https:\/\/tallinndesignhouse.com\/en\/toode\/korvarongad-boheme-suur-lill\/\" \/>\n<meta property=\"og:locale\" content=\"en_US\" \/>\n<meta property=\"og:type\" content=\"article\" \/>\n<meta property=\"og:title\" content=\"Moonika Kase Moonika Kase earrings Boheme large flower. - Tallinn Design House\" \/>\n<meta property=\"og:description\" content=\"Moonika Kase k\u00f5rvar\u00f5ngad Boheme suur lill. Materjal: 925 h\u00f5be. M\u00f5\u00f5dud 2.8 x 2.8 cm.\" \/>\n<meta property=\"og:url\" content=\"https:\/\/tallinndesignhouse.com\/en\/toode\/korvarongad-boheme-suur-lill\/\" \/>\n<meta property=\"og:site_name\" content=\"Tallinn Design House\" \/>\n<meta property=\"article:modified_time\" content=\"2026-04-12T22:00:11+00:00\" \/>\n<meta property=\"og:image\" content=\"https:\/\/tallinndesignhouse.com\/wp-content\/uploads\/2022\/06\/Moonika-Kase-korvarongad-Boheme-suur-lill-1.jpg\" \/>\n\t<meta property=\"og:image:width\" content=\"600\" \/>\n\t<meta property=\"og:image:height\" content=\"600\" \/>\n\t<meta property=\"og:image:type\" content=\"image\/jpeg\" \/>\n<meta name=\"twitter:card\" content=\"summary_large_image\" \/>\n<script type=\"application\/ld+json\" class=\"yoast-schema-graph\">{\"@context\":\"https:\/\/schema.org\",\"@graph\":[{\"@type\":\"WebPage\",\"@id\":\"https:\/\/tallinndesignhouse.com\/en\/toode\/korvarongad-boheme-suur-lill\/\",\"url\":\"https:\/\/tallinndesignhouse.com\/en\/toode\/korvarongad-boheme-suur-lill\/\",\"name\":\"Moonika Kase Moonika Kase earrings Boheme large flower. - Tallinn Design House\",\"isPartOf\":{\"@id\":\"https:\/\/tallinndesignhouse.com\/#website\"},\"primaryImageOfPage\":{\"@id\":\"https:\/\/tallinndesignhouse.com\/en\/toode\/korvarongad-boheme-suur-lill\/#primaryimage\"},\"image\":{\"@id\":\"https:\/\/tallinndesignhouse.com\/en\/toode\/korvarongad-boheme-suur-lill\/#primaryimage\"},\"thumbnailUrl\":\"https:\/\/tallinndesignhouse.com\/wp-content\/uploads\/2022\/06\/Moonika-Kase-korvarongad-Boheme-suur-lill-1.jpg\",\"datePublished\":\"2022-06-02T13:24:07+00:00\",\"dateModified\":\"2026-04-12T22:00:11+00:00\",\"description\":\"Moonika Kase k\u00f5rvar\u00f5ngad Boheme suur lill. Materjal: 925 h\u00f5be. M\u00f5\u00f5dud 2.8 x 2.8 cm.\",\"breadcrumb\":{\"@id\":\"https:\/\/tallinndesignhouse.com\/en\/toode\/korvarongad-boheme-suur-lill\/#breadcrumb\"},\"inLanguage\":\"en-US\",\"potentialAction\":[{\"@type\":\"ReadAction\",\"target\":[\"https:\/\/tallinndesignhouse.com\/en\/toode\/korvarongad-boheme-suur-lill\/\"]}]},{\"@type\":\"ImageObject\",\"inLanguage\":\"en-US\",\"@id\":\"https:\/\/tallinndesignhouse.com\/en\/toode\/korvarongad-boheme-suur-lill\/#primaryimage\",\"url\":\"https:\/\/tallinndesignhouse.com\/wp-content\/uploads\/2022\/06\/Moonika-Kase-korvarongad-Boheme-suur-lill-1.jpg\",\"contentUrl\":\"https:\/\/tallinndesignhouse.com\/wp-content\/uploads\/2022\/06\/Moonika-Kase-korvarongad-Boheme-suur-lill-1.jpg\",\"width\":600,\"height\":600,\"caption\":\"Moonika-Kase-korvarongad-Boheme-suur-lill-1\"},{\"@type\":\"BreadcrumbList\",\"@id\":\"https:\/\/tallinndesignhouse.com\/en\/toode\/korvarongad-boheme-suur-lill\/#breadcrumb\",\"itemListElement\":[{\"@type\":\"ListItem\",\"position\":1,\"name\":\"Home\",\"item\":\"https:\/\/tallinndesignhouse.com\/en\/\"},{\"@type\":\"ListItem\",\"position\":2,\"name\":\"Shop\",\"item\":\"https:\/\/tallinndesignhouse.com\/en\/shop\/\"},{\"@type\":\"ListItem\",\"position\":3,\"name\":\"Moonika Kase earrings Boheme large flower.\"}]},{\"@type\":\"WebSite\",\"@id\":\"https:\/\/tallinndesignhouse.com\/#website\",\"url\":\"https:\/\/tallinndesignhouse.com\/\",\"name\":\"Tallinn Design House\",\"description\":\"Eesti disain Rotermanni kvartalis\",\"potentialAction\":[{\"@type\":\"SearchAction\",\"target\":{\"@type\":\"EntryPoint\",\"urlTemplate\":\"https:\/\/tallinndesignhouse.com\/?s={search_term_string}\"},\"query-input\":{\"@type\":\"PropertyValueSpecification\",\"valueRequired\":true,\"valueName\":\"search_term_string\"}}],\"inLanguage\":\"en-US\"}]}<\/script>\n<!-- \/ Yoast SEO plugin. -->","yoast_head_json":{"title":"Moonika Kase Moonika Kase earrings Boheme large flower. - Tallinn Design House","description":"Moonika Kase k\u00f5rvar\u00f5ngad Boheme suur lill. Materjal: 925 h\u00f5be. M\u00f5\u00f5dud 2.8 x 2.8 cm.","robots":{"index":"index","follow":"follow","max-snippet":"max-snippet:-1","max-image-preview":"max-image-preview:large","max-video-preview":"max-video-preview:-1"},"canonical":"https:\/\/tallinndesignhouse.com\/en\/toode\/korvarongad-boheme-suur-lill\/","og_locale":"en_US","og_type":"article","og_title":"Moonika Kase Moonika Kase earrings Boheme large flower. - Tallinn Design House","og_description":"Moonika Kase k\u00f5rvar\u00f5ngad Boheme suur lill. Materjal: 925 h\u00f5be. M\u00f5\u00f5dud 2.8 x 2.8 cm.","og_url":"https:\/\/tallinndesignhouse.com\/en\/toode\/korvarongad-boheme-suur-lill\/","og_site_name":"Tallinn Design House","article_modified_time":"2026-04-12T22:00:11+00:00","og_image":[{"width":600,"height":600,"url":"https:\/\/tallinndesignhouse.com\/wp-content\/uploads\/2022\/06\/Moonika-Kase-korvarongad-Boheme-suur-lill-1.jpg","type":"image\/jpeg"}],"twitter_card":"summary_large_image","schema":{"@context":"https:\/\/schema.org","@graph":[{"@type":"WebPage","@id":"https:\/\/tallinndesignhouse.com\/en\/toode\/korvarongad-boheme-suur-lill\/","url":"https:\/\/tallinndesignhouse.com\/en\/toode\/korvarongad-boheme-suur-lill\/","name":"Moonika Kase Moonika Kase earrings Boheme large flower. - Tallinn Design House","isPartOf":{"@id":"https:\/\/tallinndesignhouse.com\/#website"},"primaryImageOfPage":{"@id":"https:\/\/tallinndesignhouse.com\/en\/toode\/korvarongad-boheme-suur-lill\/#primaryimage"},"image":{"@id":"https:\/\/tallinndesignhouse.com\/en\/toode\/korvarongad-boheme-suur-lill\/#primaryimage"},"thumbnailUrl":"https:\/\/tallinndesignhouse.com\/wp-content\/uploads\/2022\/06\/Moonika-Kase-korvarongad-Boheme-suur-lill-1.jpg","datePublished":"2022-06-02T13:24:07+00:00","dateModified":"2026-04-12T22:00:11+00:00","description":"Moonika Kase k\u00f5rvar\u00f5ngad Boheme suur lill. Materjal: 925 h\u00f5be. M\u00f5\u00f5dud 2.8 x 2.8 cm.","breadcrumb":{"@id":"https:\/\/tallinndesignhouse.com\/en\/toode\/korvarongad-boheme-suur-lill\/#breadcrumb"},"inLanguage":"en-US","potentialAction":[{"@type":"ReadAction","target":["https:\/\/tallinndesignhouse.com\/en\/toode\/korvarongad-boheme-suur-lill\/"]}]},{"@type":"ImageObject","inLanguage":"en-US","@id":"https:\/\/tallinndesignhouse.com\/en\/toode\/korvarongad-boheme-suur-lill\/#primaryimage","url":"https:\/\/tallinndesignhouse.com\/wp-content\/uploads\/2022\/06\/Moonika-Kase-korvarongad-Boheme-suur-lill-1.jpg","contentUrl":"https:\/\/tallinndesignhouse.com\/wp-content\/uploads\/2022\/06\/Moonika-Kase-korvarongad-Boheme-suur-lill-1.jpg","width":600,"height":600,"caption":"Moonika-Kase-korvarongad-Boheme-suur-lill-1"},{"@type":"BreadcrumbList","@id":"https:\/\/tallinndesignhouse.com\/en\/toode\/korvarongad-boheme-suur-lill\/#breadcrumb","itemListElement":[{"@type":"ListItem","position":1,"name":"Home","item":"https:\/\/tallinndesignhouse.com\/en\/"},{"@type":"ListItem","position":2,"name":"Shop","item":"https:\/\/tallinndesignhouse.com\/en\/shop\/"},{"@type":"ListItem","position":3,"name":"Moonika Kase earrings Boheme large flower."}]},{"@type":"WebSite","@id":"https:\/\/tallinndesignhouse.com\/#website","url":"https:\/\/tallinndesignhouse.com\/","name":"Tallinn Design House","description":"Eesti disain Rotermanni kvartalis","potentialAction":[{"@type":"SearchAction","target":{"@type":"EntryPoint","urlTemplate":"https:\/\/tallinndesignhouse.com\/?s={search_term_string}"},"query-input":{"@type":"PropertyValueSpecification","valueRequired":true,"valueName":"search_term_string"}}],"inLanguage":"en-US"}]}},"_links":{"self":[{"href":"https:\/\/tallinndesignhouse.com\/en\/wp-json\/wp\/v2\/product\/3316688","targetHints":{"allow":["GET"]}}],"collection":[{"href":"https:\/\/tallinndesignhouse.com\/en\/wp-json\/wp\/v2\/product"}],"about":[{"href":"https:\/\/tallinndesignhouse.com\/en\/wp-json\/wp\/v2\/types\/product"}],"wp:featuredmedia":[{"embeddable":true,"href":"https:\/\/tallinndesignhouse.com\/en\/wp-json\/wp\/v2\/media\/38844"}],"wp:attachment":[{"href":"https:\/\/tallinndesignhouse.com\/en\/wp-json\/wp\/v2\/media?parent=3316688"}],"wp:term":[{"taxonomy":"product_brand","embeddable":true,"href":"https:\/\/tallinndesignhouse.com\/en\/wp-json\/wp\/v2\/product_brand?post=3316688"},{"taxonomy":"product_cat","embeddable":true,"href":"https:\/\/tallinndesignhouse.com\/en\/wp-json\/wp\/v2\/product_cat?post=3316688"},{"taxonomy":"product_tag","embeddable":true,"href":"https:\/\/tallinndesignhouse.com\/en\/wp-json\/wp\/v2\/product_tag?post=3316688"}],"curies":[{"name":"wp","href":"https:\/\/api.w.org\/{rel}","templated":true}]}}