{"id":3316730,"date":"2022-04-13T13:06:22","date_gmt":"2022-04-13T10:06:22","guid":{"rendered":"https:\/\/tallinndesignhouse.com\/toode\/lauavalgusti-kuma\/"},"modified":"2026-05-02T01:04:48","modified_gmt":"2026-05-01T22:04:48","slug":"lauavalgusti-kuma","status":"publish","type":"product","link":"https:\/\/tallinndesignhouse.com\/en\/toode\/lauavalgusti-kuma\/","title":{"rendered":"Table lamp Kuma"},"content":{"rendered":"<p>3D printed table lamp by UUP Design. Only biodegradable PLA plastic produced from plant raw materials has been used. Dimensions: 90 \u00d7 90 \u00d7 180 cm. Material: 100% bioplastic. Delivery 2-3 weeks.<\/p>\n","protected":false},"excerpt":{"rendered":"<p>3D printed table lamp by UUP Design. Only biodegradable PLA plastic produced from plant raw materials has been used. Dimensions: 90 \u00d7 90 \u00d7 180 cm. Material: 100% bioplastic. Delivery 2-3 weeks.<\/p>\n","protected":false},"featured_media":17412,"template":"","meta":{"_acf_changed":false},"product_brand":[],"product_cat":[2050,2552],"product_tag":[2003],"class_list":{"0":"post-3316730","1":"product","2":"type-product","3":"status-publish","4":"has-post-thumbnail","6":"product_cat-lighting","7":"product_cat-home","8":"product_tag-home","9":"pa_brand-uup","11":"pa_varv-pruun","13":"pa_varv-valge","16":"first","17":"instock","18":"taxable","19":"shipping-taxable","20":"purchasable","21":"product-type-variable"},"acf":[],"yoast_head":"<!-- This site is optimized with the Yoast SEO plugin v26.0 - https:\/\/yoast.com\/wordpress\/plugins\/seo\/ -->\n<title>Table lamp Kuma - Tallinn Design House<\/title>\n<meta name=\"description\" content=\"UUP lauavalgusti Kuma. M\u00f5\u00f5dud: 90\u00d790\u00d7180 cm. Materjal: 100% bioplast. Tarneaeg 2-3 n\u00e4dalat.\" \/>\n<meta name=\"robots\" content=\"index, follow, max-snippet:-1, max-image-preview:large, max-video-preview:-1\" \/>\n<link rel=\"canonical\" href=\"https:\/\/tallinndesignhouse.com\/en\/toode\/lauavalgusti-kuma\/\" \/>\n<meta property=\"og:locale\" content=\"en_US\" \/>\n<meta property=\"og:type\" content=\"article\" \/>\n<meta property=\"og:title\" content=\"Table lamp Kuma - Tallinn Design House\" \/>\n<meta property=\"og:description\" content=\"UUP lauavalgusti Kuma. M\u00f5\u00f5dud: 90\u00d790\u00d7180 cm. Materjal: 100% bioplast. Tarneaeg 2-3 n\u00e4dalat.\" \/>\n<meta property=\"og:url\" content=\"https:\/\/tallinndesignhouse.com\/en\/toode\/lauavalgusti-kuma\/\" \/>\n<meta property=\"og:site_name\" content=\"Tallinn Design House\" \/>\n<meta property=\"article:modified_time\" content=\"2026-05-01T22:04:48+00:00\" \/>\n<meta property=\"og:image\" content=\"https:\/\/tallinndesignhouse.com\/wp-content\/uploads\/2022\/04\/uup_lauavalgusti_kuma_valge_web.jpg\" \/>\n\t<meta property=\"og:image:width\" content=\"714\" \/>\n\t<meta property=\"og:image:height\" content=\"1070\" \/>\n\t<meta property=\"og:image:type\" content=\"image\/jpeg\" \/>\n<meta name=\"twitter:card\" content=\"summary_large_image\" \/>\n<script type=\"application\/ld+json\" class=\"yoast-schema-graph\">{\"@context\":\"https:\/\/schema.org\",\"@graph\":[{\"@type\":\"WebPage\",\"@id\":\"https:\/\/tallinndesignhouse.com\/en\/toode\/lauavalgusti-kuma\/\",\"url\":\"https:\/\/tallinndesignhouse.com\/en\/toode\/lauavalgusti-kuma\/\",\"name\":\"Table lamp Kuma - Tallinn Design House\",\"isPartOf\":{\"@id\":\"https:\/\/tallinndesignhouse.com\/#website\"},\"primaryImageOfPage\":{\"@id\":\"https:\/\/tallinndesignhouse.com\/en\/toode\/lauavalgusti-kuma\/#primaryimage\"},\"image\":{\"@id\":\"https:\/\/tallinndesignhouse.com\/en\/toode\/lauavalgusti-kuma\/#primaryimage\"},\"thumbnailUrl\":\"https:\/\/tallinndesignhouse.com\/wp-content\/uploads\/2022\/04\/uup_lauavalgusti_kuma_valge_web.jpg\",\"datePublished\":\"2022-04-13T10:06:22+00:00\",\"dateModified\":\"2026-05-01T22:04:48+00:00\",\"description\":\"UUP lauavalgusti Kuma. M\u00f5\u00f5dud: 90\u00d790\u00d7180 cm. Materjal: 100% bioplast. Tarneaeg 2-3 n\u00e4dalat.\",\"breadcrumb\":{\"@id\":\"https:\/\/tallinndesignhouse.com\/en\/toode\/lauavalgusti-kuma\/#breadcrumb\"},\"inLanguage\":\"en-US\",\"potentialAction\":[{\"@type\":\"ReadAction\",\"target\":[\"https:\/\/tallinndesignhouse.com\/en\/toode\/lauavalgusti-kuma\/\"]}]},{\"@type\":\"ImageObject\",\"inLanguage\":\"en-US\",\"@id\":\"https:\/\/tallinndesignhouse.com\/en\/toode\/lauavalgusti-kuma\/#primaryimage\",\"url\":\"https:\/\/tallinndesignhouse.com\/wp-content\/uploads\/2022\/04\/uup_lauavalgusti_kuma_valge_web.jpg\",\"contentUrl\":\"https:\/\/tallinndesignhouse.com\/wp-content\/uploads\/2022\/04\/uup_lauavalgusti_kuma_valge_web.jpg\",\"width\":714,\"height\":1070},{\"@type\":\"BreadcrumbList\",\"@id\":\"https:\/\/tallinndesignhouse.com\/en\/toode\/lauavalgusti-kuma\/#breadcrumb\",\"itemListElement\":[{\"@type\":\"ListItem\",\"position\":1,\"name\":\"Home\",\"item\":\"https:\/\/tallinndesignhouse.com\/en\/\"},{\"@type\":\"ListItem\",\"position\":2,\"name\":\"Shop\",\"item\":\"https:\/\/tallinndesignhouse.com\/en\/shop\/\"},{\"@type\":\"ListItem\",\"position\":3,\"name\":\"Table lamp Kuma\"}]},{\"@type\":\"WebSite\",\"@id\":\"https:\/\/tallinndesignhouse.com\/#website\",\"url\":\"https:\/\/tallinndesignhouse.com\/\",\"name\":\"Tallinn Design House\",\"description\":\"Eesti disain Rotermanni kvartalis\",\"potentialAction\":[{\"@type\":\"SearchAction\",\"target\":{\"@type\":\"EntryPoint\",\"urlTemplate\":\"https:\/\/tallinndesignhouse.com\/?s={search_term_string}\"},\"query-input\":{\"@type\":\"PropertyValueSpecification\",\"valueRequired\":true,\"valueName\":\"search_term_string\"}}],\"inLanguage\":\"en-US\"}]}<\/script>\n<!-- \/ Yoast SEO plugin. -->","yoast_head_json":{"title":"Table lamp Kuma - Tallinn Design House","description":"UUP lauavalgusti Kuma. M\u00f5\u00f5dud: 90\u00d790\u00d7180 cm. Materjal: 100% bioplast. Tarneaeg 2-3 n\u00e4dalat.","robots":{"index":"index","follow":"follow","max-snippet":"max-snippet:-1","max-image-preview":"max-image-preview:large","max-video-preview":"max-video-preview:-1"},"canonical":"https:\/\/tallinndesignhouse.com\/en\/toode\/lauavalgusti-kuma\/","og_locale":"en_US","og_type":"article","og_title":"Table lamp Kuma - Tallinn Design House","og_description":"UUP lauavalgusti Kuma. M\u00f5\u00f5dud: 90\u00d790\u00d7180 cm. Materjal: 100% bioplast. Tarneaeg 2-3 n\u00e4dalat.","og_url":"https:\/\/tallinndesignhouse.com\/en\/toode\/lauavalgusti-kuma\/","og_site_name":"Tallinn Design House","article_modified_time":"2026-05-01T22:04:48+00:00","og_image":[{"width":714,"height":1070,"url":"https:\/\/tallinndesignhouse.com\/wp-content\/uploads\/2022\/04\/uup_lauavalgusti_kuma_valge_web.jpg","type":"image\/jpeg"}],"twitter_card":"summary_large_image","schema":{"@context":"https:\/\/schema.org","@graph":[{"@type":"WebPage","@id":"https:\/\/tallinndesignhouse.com\/en\/toode\/lauavalgusti-kuma\/","url":"https:\/\/tallinndesignhouse.com\/en\/toode\/lauavalgusti-kuma\/","name":"Table lamp Kuma - Tallinn Design House","isPartOf":{"@id":"https:\/\/tallinndesignhouse.com\/#website"},"primaryImageOfPage":{"@id":"https:\/\/tallinndesignhouse.com\/en\/toode\/lauavalgusti-kuma\/#primaryimage"},"image":{"@id":"https:\/\/tallinndesignhouse.com\/en\/toode\/lauavalgusti-kuma\/#primaryimage"},"thumbnailUrl":"https:\/\/tallinndesignhouse.com\/wp-content\/uploads\/2022\/04\/uup_lauavalgusti_kuma_valge_web.jpg","datePublished":"2022-04-13T10:06:22+00:00","dateModified":"2026-05-01T22:04:48+00:00","description":"UUP lauavalgusti Kuma. M\u00f5\u00f5dud: 90\u00d790\u00d7180 cm. Materjal: 100% bioplast. Tarneaeg 2-3 n\u00e4dalat.","breadcrumb":{"@id":"https:\/\/tallinndesignhouse.com\/en\/toode\/lauavalgusti-kuma\/#breadcrumb"},"inLanguage":"en-US","potentialAction":[{"@type":"ReadAction","target":["https:\/\/tallinndesignhouse.com\/en\/toode\/lauavalgusti-kuma\/"]}]},{"@type":"ImageObject","inLanguage":"en-US","@id":"https:\/\/tallinndesignhouse.com\/en\/toode\/lauavalgusti-kuma\/#primaryimage","url":"https:\/\/tallinndesignhouse.com\/wp-content\/uploads\/2022\/04\/uup_lauavalgusti_kuma_valge_web.jpg","contentUrl":"https:\/\/tallinndesignhouse.com\/wp-content\/uploads\/2022\/04\/uup_lauavalgusti_kuma_valge_web.jpg","width":714,"height":1070},{"@type":"BreadcrumbList","@id":"https:\/\/tallinndesignhouse.com\/en\/toode\/lauavalgusti-kuma\/#breadcrumb","itemListElement":[{"@type":"ListItem","position":1,"name":"Home","item":"https:\/\/tallinndesignhouse.com\/en\/"},{"@type":"ListItem","position":2,"name":"Shop","item":"https:\/\/tallinndesignhouse.com\/en\/shop\/"},{"@type":"ListItem","position":3,"name":"Table lamp Kuma"}]},{"@type":"WebSite","@id":"https:\/\/tallinndesignhouse.com\/#website","url":"https:\/\/tallinndesignhouse.com\/","name":"Tallinn Design House","description":"Eesti disain Rotermanni kvartalis","potentialAction":[{"@type":"SearchAction","target":{"@type":"EntryPoint","urlTemplate":"https:\/\/tallinndesignhouse.com\/?s={search_term_string}"},"query-input":{"@type":"PropertyValueSpecification","valueRequired":true,"valueName":"search_term_string"}}],"inLanguage":"en-US"}]}},"_links":{"self":[{"href":"https:\/\/tallinndesignhouse.com\/en\/wp-json\/wp\/v2\/product\/3316730","targetHints":{"allow":["GET"]}}],"collection":[{"href":"https:\/\/tallinndesignhouse.com\/en\/wp-json\/wp\/v2\/product"}],"about":[{"href":"https:\/\/tallinndesignhouse.com\/en\/wp-json\/wp\/v2\/types\/product"}],"wp:featuredmedia":[{"embeddable":true,"href":"https:\/\/tallinndesignhouse.com\/en\/wp-json\/wp\/v2\/media\/17412"}],"wp:attachment":[{"href":"https:\/\/tallinndesignhouse.com\/en\/wp-json\/wp\/v2\/media?parent=3316730"}],"wp:term":[{"taxonomy":"product_brand","embeddable":true,"href":"https:\/\/tallinndesignhouse.com\/en\/wp-json\/wp\/v2\/product_brand?post=3316730"},{"taxonomy":"product_cat","embeddable":true,"href":"https:\/\/tallinndesignhouse.com\/en\/wp-json\/wp\/v2\/product_cat?post=3316730"},{"taxonomy":"product_tag","embeddable":true,"href":"https:\/\/tallinndesignhouse.com\/en\/wp-json\/wp\/v2\/product_tag?post=3316730"}],"curies":[{"name":"wp","href":"https:\/\/api.w.org\/{rel}","templated":true}]}}