{"id":3316734,"date":"2022-04-13T13:06:18","date_gmt":"2022-04-13T10:06:18","guid":{"rendered":"https:\/\/tallinndesignhouse.com\/toode\/korvarongad-sunny-gemberries-l\/"},"modified":"2026-04-29T01:03:42","modified_gmt":"2026-04-28T22:03:42","slug":"korvarongad-sunny-gemberries-l","status":"publish","type":"product","link":"https:\/\/tallinndesignhouse.com\/en\/toode\/korvarongad-sunny-gemberries-l\/","title":{"rendered":"Earrings Sunny Gemberries L"},"content":{"rendered":"<p>Gemberries offer a fresh perspective on Tanel Veenre\u2019s beloved Earberries. The semi-precious stone drops, specially polished for this collection, create an intriguing fusion between the berries and the gemstone. These are jewels for brave women who are not afraid of contrasts \u2013 in Gemberries meet wood and stone, soft and hard, organic and mineral, warm and cold. It\u2019s like a dramatic fairy tale where the character can be chosen by the wearer to fit her personality. The series of crystal berries is limited. Every piece of jewellery can differ a little because they are hand-painted and gemstones can have natural differences.<\/p>\n","protected":false},"excerpt":{"rendered":"<p>Gemberries offer a fresh perspective on Tanel Veenre\u2019s beloved Earberries. The semi-precious stone drops, specially polished for this collection, create an intriguing fusion between the berries and the gemstone. These are jewels for brave women who are not afraid of contrasts \u2013 in Gemberries meet wood and stone, soft and hard, organic and mineral, warm [&hellip;]<\/p>\n","protected":false},"featured_media":18384,"template":"","meta":{"_acf_changed":false},"product_brand":[],"product_cat":[876,116],"product_tag":[2818],"class_list":{"0":"post-3316734","1":"product","2":"type-product","3":"status-publish","4":"has-post-thumbnail","6":"product_cat-korvarongad","7":"product_cat-ehted","8":"product_tag-naised","9":"pa_brand-tanel-veenre","12":"first","13":"instock","14":"taxable","15":"shipping-taxable","16":"purchasable","17":"product-type-simple"},"acf":[],"yoast_head":"<!-- This site is optimized with the Yoast SEO plugin v26.0 - https:\/\/yoast.com\/wordpress\/plugins\/seo\/ -->\n<title>Earrings Sunny Gemberries L - Tallinn Design House<\/title>\n<meta name=\"description\" content=\"Tanel Veenre k\u00f5rvar\u00f5ngad Sunny Gemberries L. Iga ehe v\u00f5ib veidi erineda, sest need on k\u00e4sitsi maalitud ja k\u00f5ik poolv\u00e4\u00e4riskivid on unikaalsed.\" \/>\n<meta name=\"robots\" content=\"index, follow, max-snippet:-1, max-image-preview:large, max-video-preview:-1\" \/>\n<link rel=\"canonical\" href=\"https:\/\/tallinndesignhouse.com\/toode\/korvarongad-sunny-gemberries-l\/\" \/>\n<meta property=\"og:locale\" content=\"en_US\" \/>\n<meta property=\"og:type\" content=\"article\" \/>\n<meta property=\"og:title\" content=\"Earrings Sunny Gemberries L - Tallinn Design House\" \/>\n<meta property=\"og:description\" content=\"Tanel Veenre k\u00f5rvar\u00f5ngad Sunny Gemberries L. Iga ehe v\u00f5ib veidi erineda, sest need on k\u00e4sitsi maalitud ja k\u00f5ik poolv\u00e4\u00e4riskivid on unikaalsed.\" \/>\n<meta property=\"og:url\" content=\"https:\/\/tallinndesignhouse.com\/toode\/korvarongad-sunny-gemberries-l\/\" \/>\n<meta property=\"og:site_name\" content=\"Tallinn Design House\" \/>\n<meta property=\"article:modified_time\" content=\"2026-04-28T22:03:42+00:00\" \/>\n<meta property=\"og:image\" content=\"https:\/\/tallinndesignhouse.com\/wp-content\/uploads\/2022\/04\/Tanel-Veenre-Gemberries-sunny2.jpeg\" \/>\n\t<meta property=\"og:image:width\" content=\"600\" \/>\n\t<meta property=\"og:image:height\" content=\"600\" \/>\n\t<meta property=\"og:image:type\" content=\"image\/jpeg\" \/>\n<meta name=\"twitter:card\" content=\"summary_large_image\" \/>\n<meta name=\"twitter:label1\" content=\"Est. reading time\" \/>\n\t<meta name=\"twitter:data1\" content=\"1 minute\" \/>\n<script type=\"application\/ld+json\" class=\"yoast-schema-graph\">{\"@context\":\"https:\/\/schema.org\",\"@graph\":[{\"@type\":\"WebPage\",\"@id\":\"https:\/\/tallinndesignhouse.com\/toode\/korvarongad-sunny-gemberries-l\/\",\"url\":\"https:\/\/tallinndesignhouse.com\/toode\/korvarongad-sunny-gemberries-l\/\",\"name\":\"Earrings Sunny Gemberries L - Tallinn Design House\",\"isPartOf\":{\"@id\":\"https:\/\/tallinndesignhouse.com\/#website\"},\"primaryImageOfPage\":{\"@id\":\"https:\/\/tallinndesignhouse.com\/toode\/korvarongad-sunny-gemberries-l\/#primaryimage\"},\"image\":{\"@id\":\"https:\/\/tallinndesignhouse.com\/toode\/korvarongad-sunny-gemberries-l\/#primaryimage\"},\"thumbnailUrl\":\"https:\/\/tallinndesignhouse.com\/wp-content\/uploads\/2022\/04\/Tanel-Veenre-Gemberries-sunny2.jpeg\",\"datePublished\":\"2022-04-13T10:06:18+00:00\",\"dateModified\":\"2026-04-28T22:03:42+00:00\",\"description\":\"Tanel Veenre k\u00f5rvar\u00f5ngad Sunny Gemberries L. Iga ehe v\u00f5ib veidi erineda, sest need on k\u00e4sitsi maalitud ja k\u00f5ik poolv\u00e4\u00e4riskivid on unikaalsed.\",\"breadcrumb\":{\"@id\":\"https:\/\/tallinndesignhouse.com\/toode\/korvarongad-sunny-gemberries-l\/#breadcrumb\"},\"inLanguage\":\"en-US\",\"potentialAction\":[{\"@type\":\"ReadAction\",\"target\":[\"https:\/\/tallinndesignhouse.com\/toode\/korvarongad-sunny-gemberries-l\/\"]}]},{\"@type\":\"ImageObject\",\"inLanguage\":\"en-US\",\"@id\":\"https:\/\/tallinndesignhouse.com\/toode\/korvarongad-sunny-gemberries-l\/#primaryimage\",\"url\":\"https:\/\/tallinndesignhouse.com\/wp-content\/uploads\/2022\/04\/Tanel-Veenre-Gemberries-sunny2.jpeg\",\"contentUrl\":\"https:\/\/tallinndesignhouse.com\/wp-content\/uploads\/2022\/04\/Tanel-Veenre-Gemberries-sunny2.jpeg\",\"width\":600,\"height\":600},{\"@type\":\"BreadcrumbList\",\"@id\":\"https:\/\/tallinndesignhouse.com\/toode\/korvarongad-sunny-gemberries-l\/#breadcrumb\",\"itemListElement\":[{\"@type\":\"ListItem\",\"position\":1,\"name\":\"Home\",\"item\":\"https:\/\/tallinndesignhouse.com\/en\/\"},{\"@type\":\"ListItem\",\"position\":2,\"name\":\"Shop\",\"item\":\"https:\/\/tallinndesignhouse.com\/en\/shop\/\"},{\"@type\":\"ListItem\",\"position\":3,\"name\":\"Earrings Sunny Gemberries L\"}]},{\"@type\":\"WebSite\",\"@id\":\"https:\/\/tallinndesignhouse.com\/#website\",\"url\":\"https:\/\/tallinndesignhouse.com\/\",\"name\":\"Tallinn Design House\",\"description\":\"Eesti disain Rotermanni kvartalis\",\"potentialAction\":[{\"@type\":\"SearchAction\",\"target\":{\"@type\":\"EntryPoint\",\"urlTemplate\":\"https:\/\/tallinndesignhouse.com\/?s={search_term_string}\"},\"query-input\":{\"@type\":\"PropertyValueSpecification\",\"valueRequired\":true,\"valueName\":\"search_term_string\"}}],\"inLanguage\":\"en-US\"}]}<\/script>\n<!-- \/ Yoast SEO plugin. -->","yoast_head_json":{"title":"Earrings Sunny Gemberries L - Tallinn Design House","description":"Tanel Veenre k\u00f5rvar\u00f5ngad Sunny Gemberries L. Iga ehe v\u00f5ib veidi erineda, sest need on k\u00e4sitsi maalitud ja k\u00f5ik poolv\u00e4\u00e4riskivid on unikaalsed.","robots":{"index":"index","follow":"follow","max-snippet":"max-snippet:-1","max-image-preview":"max-image-preview:large","max-video-preview":"max-video-preview:-1"},"canonical":"https:\/\/tallinndesignhouse.com\/toode\/korvarongad-sunny-gemberries-l\/","og_locale":"en_US","og_type":"article","og_title":"Earrings Sunny Gemberries L - Tallinn Design House","og_description":"Tanel Veenre k\u00f5rvar\u00f5ngad Sunny Gemberries L. Iga ehe v\u00f5ib veidi erineda, sest need on k\u00e4sitsi maalitud ja k\u00f5ik poolv\u00e4\u00e4riskivid on unikaalsed.","og_url":"https:\/\/tallinndesignhouse.com\/toode\/korvarongad-sunny-gemberries-l\/","og_site_name":"Tallinn Design House","article_modified_time":"2026-04-28T22:03:42+00:00","og_image":[{"width":600,"height":600,"url":"https:\/\/tallinndesignhouse.com\/wp-content\/uploads\/2022\/04\/Tanel-Veenre-Gemberries-sunny2.jpeg","type":"image\/jpeg"}],"twitter_card":"summary_large_image","twitter_misc":{"Est. reading time":"1 minute"},"schema":{"@context":"https:\/\/schema.org","@graph":[{"@type":"WebPage","@id":"https:\/\/tallinndesignhouse.com\/toode\/korvarongad-sunny-gemberries-l\/","url":"https:\/\/tallinndesignhouse.com\/toode\/korvarongad-sunny-gemberries-l\/","name":"Earrings Sunny Gemberries L - Tallinn Design House","isPartOf":{"@id":"https:\/\/tallinndesignhouse.com\/#website"},"primaryImageOfPage":{"@id":"https:\/\/tallinndesignhouse.com\/toode\/korvarongad-sunny-gemberries-l\/#primaryimage"},"image":{"@id":"https:\/\/tallinndesignhouse.com\/toode\/korvarongad-sunny-gemberries-l\/#primaryimage"},"thumbnailUrl":"https:\/\/tallinndesignhouse.com\/wp-content\/uploads\/2022\/04\/Tanel-Veenre-Gemberries-sunny2.jpeg","datePublished":"2022-04-13T10:06:18+00:00","dateModified":"2026-04-28T22:03:42+00:00","description":"Tanel Veenre k\u00f5rvar\u00f5ngad Sunny Gemberries L. Iga ehe v\u00f5ib veidi erineda, sest need on k\u00e4sitsi maalitud ja k\u00f5ik poolv\u00e4\u00e4riskivid on unikaalsed.","breadcrumb":{"@id":"https:\/\/tallinndesignhouse.com\/toode\/korvarongad-sunny-gemberries-l\/#breadcrumb"},"inLanguage":"en-US","potentialAction":[{"@type":"ReadAction","target":["https:\/\/tallinndesignhouse.com\/toode\/korvarongad-sunny-gemberries-l\/"]}]},{"@type":"ImageObject","inLanguage":"en-US","@id":"https:\/\/tallinndesignhouse.com\/toode\/korvarongad-sunny-gemberries-l\/#primaryimage","url":"https:\/\/tallinndesignhouse.com\/wp-content\/uploads\/2022\/04\/Tanel-Veenre-Gemberries-sunny2.jpeg","contentUrl":"https:\/\/tallinndesignhouse.com\/wp-content\/uploads\/2022\/04\/Tanel-Veenre-Gemberries-sunny2.jpeg","width":600,"height":600},{"@type":"BreadcrumbList","@id":"https:\/\/tallinndesignhouse.com\/toode\/korvarongad-sunny-gemberries-l\/#breadcrumb","itemListElement":[{"@type":"ListItem","position":1,"name":"Home","item":"https:\/\/tallinndesignhouse.com\/en\/"},{"@type":"ListItem","position":2,"name":"Shop","item":"https:\/\/tallinndesignhouse.com\/en\/shop\/"},{"@type":"ListItem","position":3,"name":"Earrings Sunny Gemberries L"}]},{"@type":"WebSite","@id":"https:\/\/tallinndesignhouse.com\/#website","url":"https:\/\/tallinndesignhouse.com\/","name":"Tallinn Design House","description":"Eesti disain Rotermanni kvartalis","potentialAction":[{"@type":"SearchAction","target":{"@type":"EntryPoint","urlTemplate":"https:\/\/tallinndesignhouse.com\/?s={search_term_string}"},"query-input":{"@type":"PropertyValueSpecification","valueRequired":true,"valueName":"search_term_string"}}],"inLanguage":"en-US"}]}},"_links":{"self":[{"href":"https:\/\/tallinndesignhouse.com\/en\/wp-json\/wp\/v2\/product\/3316734","targetHints":{"allow":["GET"]}}],"collection":[{"href":"https:\/\/tallinndesignhouse.com\/en\/wp-json\/wp\/v2\/product"}],"about":[{"href":"https:\/\/tallinndesignhouse.com\/en\/wp-json\/wp\/v2\/types\/product"}],"wp:featuredmedia":[{"embeddable":true,"href":"https:\/\/tallinndesignhouse.com\/en\/wp-json\/wp\/v2\/media\/18384"}],"wp:attachment":[{"href":"https:\/\/tallinndesignhouse.com\/en\/wp-json\/wp\/v2\/media?parent=3316734"}],"wp:term":[{"taxonomy":"product_brand","embeddable":true,"href":"https:\/\/tallinndesignhouse.com\/en\/wp-json\/wp\/v2\/product_brand?post=3316734"},{"taxonomy":"product_cat","embeddable":true,"href":"https:\/\/tallinndesignhouse.com\/en\/wp-json\/wp\/v2\/product_cat?post=3316734"},{"taxonomy":"product_tag","embeddable":true,"href":"https:\/\/tallinndesignhouse.com\/en\/wp-json\/wp\/v2\/product_tag?post=3316734"}],"curies":[{"name":"wp","href":"https:\/\/api.w.org\/{rel}","templated":true}]}}