{"id":3317049,"date":"2023-11-03T15:01:49","date_gmt":"2023-11-03T13:01:49","guid":{"rendered":"https:\/\/tallinndesignhouse.com\/toode\/sall-linear-mohaar-punane-must\/"},"modified":"2026-04-12T00:57:19","modified_gmt":"2026-04-11T21:57:19","slug":"sall-linear-mohaar-punane-must","status":"publish","type":"product","link":"https:\/\/tallinndesignhouse.com\/en\/toode\/sall-linear-mohaar-punane-must\/","title":{"rendered":"Scarf Linear moh\u00e4\u00e4r red \/ black"},"content":{"rendered":"<p>The scarf by Kelpman Textile is designed in a stripy pattern in various color combinations. The textile is woven from sustainably produced mohair yarn. No chemicals are used in the process. Colors: blue, green, red. Composition: wool, mohair. Measurements: 48 cm x 218 cm. Product care: dry cleaning or sensitive hand wash at temperatures 30\u00b0C, without twisting. Made in Finland and Estonia.<\/p>\n","protected":false},"excerpt":{"rendered":"<p>The scarf by Kelpman Textile is designed in a stripy pattern in various color combinations. The textile is woven from sustainably produced mohair yarn. No chemicals are used in the process. Colors: blue, green, red. Composition: wool, mohair. Measurements: 48 cm x 218 cm. Product care: dry cleaning or sensitive hand wash at temperatures 30\u00b0C, [&hellip;]<\/p>\n","protected":false},"featured_media":3317022,"template":"","meta":{"_acf_changed":false},"product_brand":[],"product_cat":[1972,3296,3552,3718],"product_tag":[2819],"class_list":{"0":"post-3317049","1":"product","2":"type-product","3":"status-publish","4":"has-post-thumbnail","6":"product_cat-headwear-and-scarves","7":"product_cat-accessories-en","8":"product_cat-natural-materials-en","9":"product_cat-winter-style","10":"product_tag-women","11":"pa_brand-kelpman-textile","12":"pa_brand-kelpman-textile-en","13":"pa_materjal-100-vill","14":"pa_materjal-100-wool-en-en","16":"first","17":"instock","18":"taxable","19":"shipping-taxable","20":"purchasable","21":"product-type-simple"},"acf":[],"yoast_head":"<!-- This site is optimized with the Yoast SEO plugin v26.0 - https:\/\/yoast.com\/wordpress\/plugins\/seo\/ -->\n<title>Kelpman Textile Scarf Linear moh\u00e4\u00e4r red \/ black - Tallinn Design House<\/title>\n<meta name=\"description\" content=\"Kelpman Textile sall Linear moh\u00e4\u00e4r punane - must. Koostis: vill, moh\u00e4\u00e4r. M\u00f5\u00f5dud: 48 cm x 218 cm.\" \/>\n<meta name=\"robots\" content=\"index, follow, max-snippet:-1, max-image-preview:large, max-video-preview:-1\" \/>\n<link rel=\"canonical\" href=\"https:\/\/tallinndesignhouse.com\/en\/toode\/sall-linear-mohaar-punane-must\/\" \/>\n<meta property=\"og:locale\" content=\"en_US\" \/>\n<meta property=\"og:type\" content=\"article\" \/>\n<meta property=\"og:title\" content=\"Kelpman Textile Scarf Linear moh\u00e4\u00e4r red \/ black - Tallinn Design House\" \/>\n<meta property=\"og:description\" content=\"Kelpman Textile sall Linear moh\u00e4\u00e4r punane - must. Koostis: vill, moh\u00e4\u00e4r. M\u00f5\u00f5dud: 48 cm x 218 cm.\" \/>\n<meta property=\"og:url\" content=\"https:\/\/tallinndesignhouse.com\/en\/toode\/sall-linear-mohaar-punane-must\/\" \/>\n<meta property=\"og:site_name\" content=\"Tallinn Design House\" \/>\n<meta property=\"article:modified_time\" content=\"2026-04-11T21:57:19+00:00\" \/>\n<meta property=\"og:image\" content=\"https:\/\/tallinndesignhouse.com\/wp-content\/uploads\/2023\/11\/Kelpman-sall-Linear-mohaar-punane-must.jpg\" \/>\n\t<meta property=\"og:image:width\" content=\"1080\" \/>\n\t<meta property=\"og:image:height\" content=\"1350\" \/>\n\t<meta property=\"og:image:type\" content=\"image\/jpeg\" \/>\n<meta name=\"twitter:card\" content=\"summary_large_image\" \/>\n<script type=\"application\/ld+json\" class=\"yoast-schema-graph\">{\"@context\":\"https:\/\/schema.org\",\"@graph\":[{\"@type\":\"WebPage\",\"@id\":\"https:\/\/tallinndesignhouse.com\/en\/toode\/sall-linear-mohaar-punane-must\/\",\"url\":\"https:\/\/tallinndesignhouse.com\/en\/toode\/sall-linear-mohaar-punane-must\/\",\"name\":\"Kelpman Textile Scarf Linear moh\u00e4\u00e4r red \/ black - Tallinn Design House\",\"isPartOf\":{\"@id\":\"https:\/\/tallinndesignhouse.com\/#website\"},\"primaryImageOfPage\":{\"@id\":\"https:\/\/tallinndesignhouse.com\/en\/toode\/sall-linear-mohaar-punane-must\/#primaryimage\"},\"image\":{\"@id\":\"https:\/\/tallinndesignhouse.com\/en\/toode\/sall-linear-mohaar-punane-must\/#primaryimage\"},\"thumbnailUrl\":\"https:\/\/tallinndesignhouse.com\/wp-content\/uploads\/2023\/11\/Kelpman-sall-Linear-mohaar-punane-must.jpg\",\"datePublished\":\"2023-11-03T13:01:49+00:00\",\"dateModified\":\"2026-04-11T21:57:19+00:00\",\"description\":\"Kelpman Textile sall Linear moh\u00e4\u00e4r punane - must. Koostis: vill, moh\u00e4\u00e4r. M\u00f5\u00f5dud: 48 cm x 218 cm.\",\"breadcrumb\":{\"@id\":\"https:\/\/tallinndesignhouse.com\/en\/toode\/sall-linear-mohaar-punane-must\/#breadcrumb\"},\"inLanguage\":\"en-US\",\"potentialAction\":[{\"@type\":\"ReadAction\",\"target\":[\"https:\/\/tallinndesignhouse.com\/en\/toode\/sall-linear-mohaar-punane-must\/\"]}]},{\"@type\":\"ImageObject\",\"inLanguage\":\"en-US\",\"@id\":\"https:\/\/tallinndesignhouse.com\/en\/toode\/sall-linear-mohaar-punane-must\/#primaryimage\",\"url\":\"https:\/\/tallinndesignhouse.com\/wp-content\/uploads\/2023\/11\/Kelpman-sall-Linear-mohaar-punane-must.jpg\",\"contentUrl\":\"https:\/\/tallinndesignhouse.com\/wp-content\/uploads\/2023\/11\/Kelpman-sall-Linear-mohaar-punane-must.jpg\",\"width\":1080,\"height\":1350,\"caption\":\"Kelpman sall Linear moha\u0308a\u0308r punane - must\"},{\"@type\":\"BreadcrumbList\",\"@id\":\"https:\/\/tallinndesignhouse.com\/en\/toode\/sall-linear-mohaar-punane-must\/#breadcrumb\",\"itemListElement\":[{\"@type\":\"ListItem\",\"position\":1,\"name\":\"Home\",\"item\":\"https:\/\/tallinndesignhouse.com\/en\/\"},{\"@type\":\"ListItem\",\"position\":2,\"name\":\"Shop\",\"item\":\"https:\/\/tallinndesignhouse.com\/en\/shop\/\"},{\"@type\":\"ListItem\",\"position\":3,\"name\":\"Scarf Linear moh\u00e4\u00e4r red \/ black\"}]},{\"@type\":\"WebSite\",\"@id\":\"https:\/\/tallinndesignhouse.com\/#website\",\"url\":\"https:\/\/tallinndesignhouse.com\/\",\"name\":\"Tallinn Design House\",\"description\":\"Eesti disain Rotermanni kvartalis\",\"potentialAction\":[{\"@type\":\"SearchAction\",\"target\":{\"@type\":\"EntryPoint\",\"urlTemplate\":\"https:\/\/tallinndesignhouse.com\/?s={search_term_string}\"},\"query-input\":{\"@type\":\"PropertyValueSpecification\",\"valueRequired\":true,\"valueName\":\"search_term_string\"}}],\"inLanguage\":\"en-US\"}]}<\/script>\n<!-- \/ Yoast SEO plugin. -->","yoast_head_json":{"title":"Kelpman Textile Scarf Linear moh\u00e4\u00e4r red \/ black - Tallinn Design House","description":"Kelpman Textile sall Linear moh\u00e4\u00e4r punane - must. Koostis: vill, moh\u00e4\u00e4r. M\u00f5\u00f5dud: 48 cm x 218 cm.","robots":{"index":"index","follow":"follow","max-snippet":"max-snippet:-1","max-image-preview":"max-image-preview:large","max-video-preview":"max-video-preview:-1"},"canonical":"https:\/\/tallinndesignhouse.com\/en\/toode\/sall-linear-mohaar-punane-must\/","og_locale":"en_US","og_type":"article","og_title":"Kelpman Textile Scarf Linear moh\u00e4\u00e4r red \/ black - Tallinn Design House","og_description":"Kelpman Textile sall Linear moh\u00e4\u00e4r punane - must. Koostis: vill, moh\u00e4\u00e4r. M\u00f5\u00f5dud: 48 cm x 218 cm.","og_url":"https:\/\/tallinndesignhouse.com\/en\/toode\/sall-linear-mohaar-punane-must\/","og_site_name":"Tallinn Design House","article_modified_time":"2026-04-11T21:57:19+00:00","og_image":[{"width":1080,"height":1350,"url":"https:\/\/tallinndesignhouse.com\/wp-content\/uploads\/2023\/11\/Kelpman-sall-Linear-mohaar-punane-must.jpg","type":"image\/jpeg"}],"twitter_card":"summary_large_image","schema":{"@context":"https:\/\/schema.org","@graph":[{"@type":"WebPage","@id":"https:\/\/tallinndesignhouse.com\/en\/toode\/sall-linear-mohaar-punane-must\/","url":"https:\/\/tallinndesignhouse.com\/en\/toode\/sall-linear-mohaar-punane-must\/","name":"Kelpman Textile Scarf Linear moh\u00e4\u00e4r red \/ black - Tallinn Design House","isPartOf":{"@id":"https:\/\/tallinndesignhouse.com\/#website"},"primaryImageOfPage":{"@id":"https:\/\/tallinndesignhouse.com\/en\/toode\/sall-linear-mohaar-punane-must\/#primaryimage"},"image":{"@id":"https:\/\/tallinndesignhouse.com\/en\/toode\/sall-linear-mohaar-punane-must\/#primaryimage"},"thumbnailUrl":"https:\/\/tallinndesignhouse.com\/wp-content\/uploads\/2023\/11\/Kelpman-sall-Linear-mohaar-punane-must.jpg","datePublished":"2023-11-03T13:01:49+00:00","dateModified":"2026-04-11T21:57:19+00:00","description":"Kelpman Textile sall Linear moh\u00e4\u00e4r punane - must. Koostis: vill, moh\u00e4\u00e4r. M\u00f5\u00f5dud: 48 cm x 218 cm.","breadcrumb":{"@id":"https:\/\/tallinndesignhouse.com\/en\/toode\/sall-linear-mohaar-punane-must\/#breadcrumb"},"inLanguage":"en-US","potentialAction":[{"@type":"ReadAction","target":["https:\/\/tallinndesignhouse.com\/en\/toode\/sall-linear-mohaar-punane-must\/"]}]},{"@type":"ImageObject","inLanguage":"en-US","@id":"https:\/\/tallinndesignhouse.com\/en\/toode\/sall-linear-mohaar-punane-must\/#primaryimage","url":"https:\/\/tallinndesignhouse.com\/wp-content\/uploads\/2023\/11\/Kelpman-sall-Linear-mohaar-punane-must.jpg","contentUrl":"https:\/\/tallinndesignhouse.com\/wp-content\/uploads\/2023\/11\/Kelpman-sall-Linear-mohaar-punane-must.jpg","width":1080,"height":1350,"caption":"Kelpman sall Linear moha\u0308a\u0308r punane - must"},{"@type":"BreadcrumbList","@id":"https:\/\/tallinndesignhouse.com\/en\/toode\/sall-linear-mohaar-punane-must\/#breadcrumb","itemListElement":[{"@type":"ListItem","position":1,"name":"Home","item":"https:\/\/tallinndesignhouse.com\/en\/"},{"@type":"ListItem","position":2,"name":"Shop","item":"https:\/\/tallinndesignhouse.com\/en\/shop\/"},{"@type":"ListItem","position":3,"name":"Scarf Linear moh\u00e4\u00e4r red \/ black"}]},{"@type":"WebSite","@id":"https:\/\/tallinndesignhouse.com\/#website","url":"https:\/\/tallinndesignhouse.com\/","name":"Tallinn Design House","description":"Eesti disain Rotermanni kvartalis","potentialAction":[{"@type":"SearchAction","target":{"@type":"EntryPoint","urlTemplate":"https:\/\/tallinndesignhouse.com\/?s={search_term_string}"},"query-input":{"@type":"PropertyValueSpecification","valueRequired":true,"valueName":"search_term_string"}}],"inLanguage":"en-US"}]}},"_links":{"self":[{"href":"https:\/\/tallinndesignhouse.com\/en\/wp-json\/wp\/v2\/product\/3317049","targetHints":{"allow":["GET"]}}],"collection":[{"href":"https:\/\/tallinndesignhouse.com\/en\/wp-json\/wp\/v2\/product"}],"about":[{"href":"https:\/\/tallinndesignhouse.com\/en\/wp-json\/wp\/v2\/types\/product"}],"wp:featuredmedia":[{"embeddable":true,"href":"https:\/\/tallinndesignhouse.com\/en\/wp-json\/wp\/v2\/media\/3317022"}],"wp:attachment":[{"href":"https:\/\/tallinndesignhouse.com\/en\/wp-json\/wp\/v2\/media?parent=3317049"}],"wp:term":[{"taxonomy":"product_brand","embeddable":true,"href":"https:\/\/tallinndesignhouse.com\/en\/wp-json\/wp\/v2\/product_brand?post=3317049"},{"taxonomy":"product_cat","embeddable":true,"href":"https:\/\/tallinndesignhouse.com\/en\/wp-json\/wp\/v2\/product_cat?post=3317049"},{"taxonomy":"product_tag","embeddable":true,"href":"https:\/\/tallinndesignhouse.com\/en\/wp-json\/wp\/v2\/product_tag?post=3317049"}],"curies":[{"name":"wp","href":"https:\/\/api.w.org\/{rel}","templated":true}]}}