{"id":3317181,"date":"2023-11-04T20:16:18","date_gmt":"2023-11-04T18:16:18","guid":{"rendered":"https:\/\/tallinndesignhouse.com\/toode\/glamm-kinkekarp-saraoliga\/"},"modified":"2026-05-04T00:56:59","modified_gmt":"2026-05-03T21:56:59","slug":"glamm-kinkekarp-saraoliga","status":"publish","type":"product","link":"https:\/\/tallinndesignhouse.com\/en\/toode\/glamm-kinkekarp-saraoliga\/","title":{"rendered":"Glam Gift Box With Shimmer Oil"},"content":{"rendered":"<p>JOIK Glam collection glamorous and playful gift boxes are designed by Estonian designer and artist Janika Sootna. The shades and texture of the products inside the box were for inspiration if creating this enchanting and magic design, which brings to you alluring world of scents and warmth, mystery and fascinate of the festive season. Glamorous gif box contains: JOIK Organic Bronze &#038; Shimmer body oil, JOIK Home &#038; Spa scented candle Salted Caramel. Burning time app. 30 h.<\/p>\n","protected":false},"excerpt":{"rendered":"<p>JOIK Glam collection glamorous and playful gift boxes are designed by Estonian designer and artist Janika Sootna. The shades and texture of the products inside the box were for inspiration if creating this enchanting and magic design, which brings to you alluring world of scents and warmth, mystery and fascinate of the festive season. Glamorous [&hellip;]<\/p>\n","protected":false},"featured_media":3317199,"template":"","meta":{"_acf_changed":false},"product_brand":[],"product_cat":[890,875],"product_tag":[1828],"class_list":{"0":"post-3317181","1":"product","2":"type-product","3":"status-publish","4":"has-post-thumbnail","6":"product_cat-sisustustooted","7":"product_cat-kodu","8":"product_tag-kodu","9":"pa_brand-joik","12":"first","13":"instock","14":"taxable","15":"shipping-taxable","16":"purchasable","17":"product-type-simple"},"acf":[],"yoast_head":"<!-- This site is optimized with the Yoast SEO plugin v26.0 - https:\/\/yoast.com\/wordpress\/plugins\/seo\/ -->\n<title>Joik Glam Gift Box With Shimmer Oil - Tallinn Design House<\/title>\n<meta name=\"description\" content=\"Joik Gl\u00e4mm kinkekarp s\u00e4ra\u00f5liga. Kinkekomplekt sisaldab: JOIK Organic Tooniv s\u00e4ra\u00f5li, JOIK Home &amp; Spa soolakaramelli k\u00fc\u00fcnal.\" \/>\n<meta name=\"robots\" content=\"index, follow, max-snippet:-1, max-image-preview:large, max-video-preview:-1\" \/>\n<link rel=\"canonical\" href=\"https:\/\/tallinndesignhouse.com\/toode\/glamm-kinkekarp-saraoliga\/\" \/>\n<meta property=\"og:locale\" content=\"en_US\" \/>\n<meta property=\"og:type\" content=\"article\" \/>\n<meta property=\"og:title\" content=\"Joik Glam Gift Box With Shimmer Oil - Tallinn Design House\" \/>\n<meta property=\"og:description\" content=\"Joik Gl\u00e4mm kinkekarp s\u00e4ra\u00f5liga. Kinkekomplekt sisaldab: JOIK Organic Tooniv s\u00e4ra\u00f5li, JOIK Home &amp; Spa soolakaramelli k\u00fc\u00fcnal.\" \/>\n<meta property=\"og:url\" content=\"https:\/\/tallinndesignhouse.com\/toode\/glamm-kinkekarp-saraoliga\/\" \/>\n<meta property=\"og:site_name\" content=\"Tallinn Design House\" \/>\n<meta property=\"article:modified_time\" content=\"2026-05-03T21:56:59+00:00\" \/>\n<meta property=\"og:image\" content=\"https:\/\/tallinndesignhouse.com\/wp-content\/uploads\/2023\/11\/Joik-kinkekarp-Glamm-saraoliga.jpg\" \/>\n\t<meta property=\"og:image:width\" content=\"1080\" \/>\n\t<meta property=\"og:image:height\" content=\"1350\" \/>\n\t<meta property=\"og:image:type\" content=\"image\/jpeg\" \/>\n<meta name=\"twitter:card\" content=\"summary_large_image\" \/>\n<script type=\"application\/ld+json\" class=\"yoast-schema-graph\">{\"@context\":\"https:\/\/schema.org\",\"@graph\":[{\"@type\":\"WebPage\",\"@id\":\"https:\/\/tallinndesignhouse.com\/toode\/glamm-kinkekarp-saraoliga\/\",\"url\":\"https:\/\/tallinndesignhouse.com\/toode\/glamm-kinkekarp-saraoliga\/\",\"name\":\"Joik Glam Gift Box With Shimmer Oil - Tallinn Design House\",\"isPartOf\":{\"@id\":\"https:\/\/tallinndesignhouse.com\/#website\"},\"primaryImageOfPage\":{\"@id\":\"https:\/\/tallinndesignhouse.com\/toode\/glamm-kinkekarp-saraoliga\/#primaryimage\"},\"image\":{\"@id\":\"https:\/\/tallinndesignhouse.com\/toode\/glamm-kinkekarp-saraoliga\/#primaryimage\"},\"thumbnailUrl\":\"https:\/\/tallinndesignhouse.com\/wp-content\/uploads\/2023\/11\/Joik-kinkekarp-Glamm-saraoliga.jpg\",\"datePublished\":\"2023-11-04T18:16:18+00:00\",\"dateModified\":\"2026-05-03T21:56:59+00:00\",\"description\":\"Joik Gl\u00e4mm kinkekarp s\u00e4ra\u00f5liga. Kinkekomplekt sisaldab: JOIK Organic Tooniv s\u00e4ra\u00f5li, JOIK Home & Spa soolakaramelli k\u00fc\u00fcnal.\",\"breadcrumb\":{\"@id\":\"https:\/\/tallinndesignhouse.com\/toode\/glamm-kinkekarp-saraoliga\/#breadcrumb\"},\"inLanguage\":\"en-US\",\"potentialAction\":[{\"@type\":\"ReadAction\",\"target\":[\"https:\/\/tallinndesignhouse.com\/toode\/glamm-kinkekarp-saraoliga\/\"]}]},{\"@type\":\"ImageObject\",\"inLanguage\":\"en-US\",\"@id\":\"https:\/\/tallinndesignhouse.com\/toode\/glamm-kinkekarp-saraoliga\/#primaryimage\",\"url\":\"https:\/\/tallinndesignhouse.com\/wp-content\/uploads\/2023\/11\/Joik-kinkekarp-Glamm-saraoliga.jpg\",\"contentUrl\":\"https:\/\/tallinndesignhouse.com\/wp-content\/uploads\/2023\/11\/Joik-kinkekarp-Glamm-saraoliga.jpg\",\"width\":1080,\"height\":1350,\"caption\":\"Joik kinkekarp Gla\u0308mm sa\u0308rao\u0303liga\"},{\"@type\":\"BreadcrumbList\",\"@id\":\"https:\/\/tallinndesignhouse.com\/toode\/glamm-kinkekarp-saraoliga\/#breadcrumb\",\"itemListElement\":[{\"@type\":\"ListItem\",\"position\":1,\"name\":\"Home\",\"item\":\"https:\/\/tallinndesignhouse.com\/en\/\"},{\"@type\":\"ListItem\",\"position\":2,\"name\":\"Shop\",\"item\":\"https:\/\/tallinndesignhouse.com\/en\/shop\/\"},{\"@type\":\"ListItem\",\"position\":3,\"name\":\"Glam Gift Box With Shimmer Oil\"}]},{\"@type\":\"WebSite\",\"@id\":\"https:\/\/tallinndesignhouse.com\/#website\",\"url\":\"https:\/\/tallinndesignhouse.com\/\",\"name\":\"Tallinn Design House\",\"description\":\"Eesti disain Rotermanni kvartalis\",\"potentialAction\":[{\"@type\":\"SearchAction\",\"target\":{\"@type\":\"EntryPoint\",\"urlTemplate\":\"https:\/\/tallinndesignhouse.com\/?s={search_term_string}\"},\"query-input\":{\"@type\":\"PropertyValueSpecification\",\"valueRequired\":true,\"valueName\":\"search_term_string\"}}],\"inLanguage\":\"en-US\"}]}<\/script>\n<!-- \/ Yoast SEO plugin. -->","yoast_head_json":{"title":"Joik Glam Gift Box With Shimmer Oil - Tallinn Design House","description":"Joik Gl\u00e4mm kinkekarp s\u00e4ra\u00f5liga. Kinkekomplekt sisaldab: JOIK Organic Tooniv s\u00e4ra\u00f5li, JOIK Home & Spa soolakaramelli k\u00fc\u00fcnal.","robots":{"index":"index","follow":"follow","max-snippet":"max-snippet:-1","max-image-preview":"max-image-preview:large","max-video-preview":"max-video-preview:-1"},"canonical":"https:\/\/tallinndesignhouse.com\/toode\/glamm-kinkekarp-saraoliga\/","og_locale":"en_US","og_type":"article","og_title":"Joik Glam Gift Box With Shimmer Oil - Tallinn Design House","og_description":"Joik Gl\u00e4mm kinkekarp s\u00e4ra\u00f5liga. Kinkekomplekt sisaldab: JOIK Organic Tooniv s\u00e4ra\u00f5li, JOIK Home & Spa soolakaramelli k\u00fc\u00fcnal.","og_url":"https:\/\/tallinndesignhouse.com\/toode\/glamm-kinkekarp-saraoliga\/","og_site_name":"Tallinn Design House","article_modified_time":"2026-05-03T21:56:59+00:00","og_image":[{"width":1080,"height":1350,"url":"https:\/\/tallinndesignhouse.com\/wp-content\/uploads\/2023\/11\/Joik-kinkekarp-Glamm-saraoliga.jpg","type":"image\/jpeg"}],"twitter_card":"summary_large_image","schema":{"@context":"https:\/\/schema.org","@graph":[{"@type":"WebPage","@id":"https:\/\/tallinndesignhouse.com\/toode\/glamm-kinkekarp-saraoliga\/","url":"https:\/\/tallinndesignhouse.com\/toode\/glamm-kinkekarp-saraoliga\/","name":"Joik Glam Gift Box With Shimmer Oil - Tallinn Design House","isPartOf":{"@id":"https:\/\/tallinndesignhouse.com\/#website"},"primaryImageOfPage":{"@id":"https:\/\/tallinndesignhouse.com\/toode\/glamm-kinkekarp-saraoliga\/#primaryimage"},"image":{"@id":"https:\/\/tallinndesignhouse.com\/toode\/glamm-kinkekarp-saraoliga\/#primaryimage"},"thumbnailUrl":"https:\/\/tallinndesignhouse.com\/wp-content\/uploads\/2023\/11\/Joik-kinkekarp-Glamm-saraoliga.jpg","datePublished":"2023-11-04T18:16:18+00:00","dateModified":"2026-05-03T21:56:59+00:00","description":"Joik Gl\u00e4mm kinkekarp s\u00e4ra\u00f5liga. Kinkekomplekt sisaldab: JOIK Organic Tooniv s\u00e4ra\u00f5li, JOIK Home & Spa soolakaramelli k\u00fc\u00fcnal.","breadcrumb":{"@id":"https:\/\/tallinndesignhouse.com\/toode\/glamm-kinkekarp-saraoliga\/#breadcrumb"},"inLanguage":"en-US","potentialAction":[{"@type":"ReadAction","target":["https:\/\/tallinndesignhouse.com\/toode\/glamm-kinkekarp-saraoliga\/"]}]},{"@type":"ImageObject","inLanguage":"en-US","@id":"https:\/\/tallinndesignhouse.com\/toode\/glamm-kinkekarp-saraoliga\/#primaryimage","url":"https:\/\/tallinndesignhouse.com\/wp-content\/uploads\/2023\/11\/Joik-kinkekarp-Glamm-saraoliga.jpg","contentUrl":"https:\/\/tallinndesignhouse.com\/wp-content\/uploads\/2023\/11\/Joik-kinkekarp-Glamm-saraoliga.jpg","width":1080,"height":1350,"caption":"Joik kinkekarp Gla\u0308mm sa\u0308rao\u0303liga"},{"@type":"BreadcrumbList","@id":"https:\/\/tallinndesignhouse.com\/toode\/glamm-kinkekarp-saraoliga\/#breadcrumb","itemListElement":[{"@type":"ListItem","position":1,"name":"Home","item":"https:\/\/tallinndesignhouse.com\/en\/"},{"@type":"ListItem","position":2,"name":"Shop","item":"https:\/\/tallinndesignhouse.com\/en\/shop\/"},{"@type":"ListItem","position":3,"name":"Glam Gift Box With Shimmer Oil"}]},{"@type":"WebSite","@id":"https:\/\/tallinndesignhouse.com\/#website","url":"https:\/\/tallinndesignhouse.com\/","name":"Tallinn Design House","description":"Eesti disain Rotermanni kvartalis","potentialAction":[{"@type":"SearchAction","target":{"@type":"EntryPoint","urlTemplate":"https:\/\/tallinndesignhouse.com\/?s={search_term_string}"},"query-input":{"@type":"PropertyValueSpecification","valueRequired":true,"valueName":"search_term_string"}}],"inLanguage":"en-US"}]}},"_links":{"self":[{"href":"https:\/\/tallinndesignhouse.com\/en\/wp-json\/wp\/v2\/product\/3317181","targetHints":{"allow":["GET"]}}],"collection":[{"href":"https:\/\/tallinndesignhouse.com\/en\/wp-json\/wp\/v2\/product"}],"about":[{"href":"https:\/\/tallinndesignhouse.com\/en\/wp-json\/wp\/v2\/types\/product"}],"wp:featuredmedia":[{"embeddable":true,"href":"https:\/\/tallinndesignhouse.com\/en\/wp-json\/wp\/v2\/media\/3317199"}],"wp:attachment":[{"href":"https:\/\/tallinndesignhouse.com\/en\/wp-json\/wp\/v2\/media?parent=3317181"}],"wp:term":[{"taxonomy":"product_brand","embeddable":true,"href":"https:\/\/tallinndesignhouse.com\/en\/wp-json\/wp\/v2\/product_brand?post=3317181"},{"taxonomy":"product_cat","embeddable":true,"href":"https:\/\/tallinndesignhouse.com\/en\/wp-json\/wp\/v2\/product_cat?post=3317181"},{"taxonomy":"product_tag","embeddable":true,"href":"https:\/\/tallinndesignhouse.com\/en\/wp-json\/wp\/v2\/product_tag?post=3317181"}],"curies":[{"name":"wp","href":"https:\/\/api.w.org\/{rel}","templated":true}]}}