{"id":3317928,"date":"2023-11-22T10:36:05","date_gmt":"2023-11-22T08:36:05","guid":{"rendered":"https:\/\/tallinndesignhouse.com\/toode\/sheapahkli-oli\/"},"modified":"2026-05-03T01:01:20","modified_gmt":"2026-05-02T22:01:20","slug":"sheapahkli-oli","status":"publish","type":"product","link":"https:\/\/tallinndesignhouse.com\/en\/toode\/sheapahkli-oli\/","title":{"rendered":"Pure shea oil"},"content":{"rendered":"<p>Nurme\u00b4s pure shea oil helps to restore moisture and nutrients to even the driest hair and skin. You can also use it to prevent stretch marks, on the scalp when suffering dandruff and to protect skin against extream weather conditions. Measures: 100 ml.<\/p>\n","protected":false},"excerpt":{"rendered":"<p>Nurme\u00b4s pure shea oil helps to restore moisture and nutrients to even the driest hair and skin. You can also use it to prevent stretch marks, on the scalp when suffering dandruff and to protect skin against extream weather conditions. Measures: 100 ml.<\/p>\n","protected":false},"featured_media":3317800,"template":"","meta":{"_acf_changed":false},"product_brand":[],"product_cat":[871],"product_tag":[2818],"class_list":{"0":"post-3317928","1":"product","2":"type-product","3":"status-publish","4":"has-post-thumbnail","6":"product_cat-keha","7":"product_tag-naised","8":"pa_brand-nurme","11":"first","12":"instock","13":"taxable","14":"shipping-taxable","15":"purchasable","16":"product-type-simple"},"acf":[],"yoast_head":"<!-- This site is optimized with the Yoast SEO plugin v26.0 - https:\/\/yoast.com\/wordpress\/plugins\/seo\/ -->\n<title>Nurme Pure shea oil - Tallinn Design House<\/title>\n<meta name=\"description\" content=\"Nurme sheap\u00e4hkli \u00f5li. Sheap\u00e4hkli \u00f5li j\u00e4tab naha niisutatuks, terveks ja siledaks.\" \/>\n<meta name=\"robots\" content=\"index, follow, max-snippet:-1, max-image-preview:large, max-video-preview:-1\" \/>\n<link rel=\"canonical\" href=\"https:\/\/tallinndesignhouse.com\/toode\/sheapahkli-oli\/\" \/>\n<meta property=\"og:locale\" content=\"en_US\" \/>\n<meta property=\"og:type\" content=\"article\" \/>\n<meta property=\"og:title\" content=\"Nurme Pure shea oil - Tallinn Design House\" \/>\n<meta property=\"og:description\" content=\"Nurme sheap\u00e4hkli \u00f5li. Sheap\u00e4hkli \u00f5li j\u00e4tab naha niisutatuks, terveks ja siledaks.\" \/>\n<meta property=\"og:url\" content=\"https:\/\/tallinndesignhouse.com\/toode\/sheapahkli-oli\/\" \/>\n<meta property=\"og:site_name\" content=\"Tallinn Design House\" \/>\n<meta property=\"article:modified_time\" content=\"2026-05-02T22:01:20+00:00\" \/>\n<meta property=\"og:image\" content=\"https:\/\/tallinndesignhouse.com\/wp-content\/uploads\/2023\/11\/Nurme-sheapahkli-oli2.jpg\" \/>\n\t<meta property=\"og:image:width\" content=\"1080\" \/>\n\t<meta property=\"og:image:height\" content=\"1350\" \/>\n\t<meta property=\"og:image:type\" content=\"image\/jpeg\" \/>\n<meta name=\"twitter:card\" content=\"summary_large_image\" \/>\n<script type=\"application\/ld+json\" class=\"yoast-schema-graph\">{\"@context\":\"https:\/\/schema.org\",\"@graph\":[{\"@type\":\"WebPage\",\"@id\":\"https:\/\/tallinndesignhouse.com\/toode\/sheapahkli-oli\/\",\"url\":\"https:\/\/tallinndesignhouse.com\/toode\/sheapahkli-oli\/\",\"name\":\"Nurme Pure shea oil - Tallinn Design House\",\"isPartOf\":{\"@id\":\"https:\/\/tallinndesignhouse.com\/#website\"},\"primaryImageOfPage\":{\"@id\":\"https:\/\/tallinndesignhouse.com\/toode\/sheapahkli-oli\/#primaryimage\"},\"image\":{\"@id\":\"https:\/\/tallinndesignhouse.com\/toode\/sheapahkli-oli\/#primaryimage\"},\"thumbnailUrl\":\"https:\/\/tallinndesignhouse.com\/wp-content\/uploads\/2023\/11\/Nurme-sheapahkli-oli2.jpg\",\"datePublished\":\"2023-11-22T08:36:05+00:00\",\"dateModified\":\"2026-05-02T22:01:20+00:00\",\"description\":\"Nurme sheap\u00e4hkli \u00f5li. Sheap\u00e4hkli \u00f5li j\u00e4tab naha niisutatuks, terveks ja siledaks.\",\"breadcrumb\":{\"@id\":\"https:\/\/tallinndesignhouse.com\/toode\/sheapahkli-oli\/#breadcrumb\"},\"inLanguage\":\"en-US\",\"potentialAction\":[{\"@type\":\"ReadAction\",\"target\":[\"https:\/\/tallinndesignhouse.com\/toode\/sheapahkli-oli\/\"]}]},{\"@type\":\"ImageObject\",\"inLanguage\":\"en-US\",\"@id\":\"https:\/\/tallinndesignhouse.com\/toode\/sheapahkli-oli\/#primaryimage\",\"url\":\"https:\/\/tallinndesignhouse.com\/wp-content\/uploads\/2023\/11\/Nurme-sheapahkli-oli2.jpg\",\"contentUrl\":\"https:\/\/tallinndesignhouse.com\/wp-content\/uploads\/2023\/11\/Nurme-sheapahkli-oli2.jpg\",\"width\":1080,\"height\":1350,\"caption\":\"Nurme sheapa\u0308hkli o\u0303li2\"},{\"@type\":\"BreadcrumbList\",\"@id\":\"https:\/\/tallinndesignhouse.com\/toode\/sheapahkli-oli\/#breadcrumb\",\"itemListElement\":[{\"@type\":\"ListItem\",\"position\":1,\"name\":\"Home\",\"item\":\"https:\/\/tallinndesignhouse.com\/en\/\"},{\"@type\":\"ListItem\",\"position\":2,\"name\":\"Shop\",\"item\":\"https:\/\/tallinndesignhouse.com\/en\/shop\/\"},{\"@type\":\"ListItem\",\"position\":3,\"name\":\"Pure shea oil\"}]},{\"@type\":\"WebSite\",\"@id\":\"https:\/\/tallinndesignhouse.com\/#website\",\"url\":\"https:\/\/tallinndesignhouse.com\/\",\"name\":\"Tallinn Design House\",\"description\":\"Eesti disain Rotermanni kvartalis\",\"potentialAction\":[{\"@type\":\"SearchAction\",\"target\":{\"@type\":\"EntryPoint\",\"urlTemplate\":\"https:\/\/tallinndesignhouse.com\/?s={search_term_string}\"},\"query-input\":{\"@type\":\"PropertyValueSpecification\",\"valueRequired\":true,\"valueName\":\"search_term_string\"}}],\"inLanguage\":\"en-US\"}]}<\/script>\n<!-- \/ Yoast SEO plugin. -->","yoast_head_json":{"title":"Nurme Pure shea oil - Tallinn Design House","description":"Nurme sheap\u00e4hkli \u00f5li. Sheap\u00e4hkli \u00f5li j\u00e4tab naha niisutatuks, terveks ja siledaks.","robots":{"index":"index","follow":"follow","max-snippet":"max-snippet:-1","max-image-preview":"max-image-preview:large","max-video-preview":"max-video-preview:-1"},"canonical":"https:\/\/tallinndesignhouse.com\/toode\/sheapahkli-oli\/","og_locale":"en_US","og_type":"article","og_title":"Nurme Pure shea oil - Tallinn Design House","og_description":"Nurme sheap\u00e4hkli \u00f5li. Sheap\u00e4hkli \u00f5li j\u00e4tab naha niisutatuks, terveks ja siledaks.","og_url":"https:\/\/tallinndesignhouse.com\/toode\/sheapahkli-oli\/","og_site_name":"Tallinn Design House","article_modified_time":"2026-05-02T22:01:20+00:00","og_image":[{"width":1080,"height":1350,"url":"https:\/\/tallinndesignhouse.com\/wp-content\/uploads\/2023\/11\/Nurme-sheapahkli-oli2.jpg","type":"image\/jpeg"}],"twitter_card":"summary_large_image","schema":{"@context":"https:\/\/schema.org","@graph":[{"@type":"WebPage","@id":"https:\/\/tallinndesignhouse.com\/toode\/sheapahkli-oli\/","url":"https:\/\/tallinndesignhouse.com\/toode\/sheapahkli-oli\/","name":"Nurme Pure shea oil - Tallinn Design House","isPartOf":{"@id":"https:\/\/tallinndesignhouse.com\/#website"},"primaryImageOfPage":{"@id":"https:\/\/tallinndesignhouse.com\/toode\/sheapahkli-oli\/#primaryimage"},"image":{"@id":"https:\/\/tallinndesignhouse.com\/toode\/sheapahkli-oli\/#primaryimage"},"thumbnailUrl":"https:\/\/tallinndesignhouse.com\/wp-content\/uploads\/2023\/11\/Nurme-sheapahkli-oli2.jpg","datePublished":"2023-11-22T08:36:05+00:00","dateModified":"2026-05-02T22:01:20+00:00","description":"Nurme sheap\u00e4hkli \u00f5li. Sheap\u00e4hkli \u00f5li j\u00e4tab naha niisutatuks, terveks ja siledaks.","breadcrumb":{"@id":"https:\/\/tallinndesignhouse.com\/toode\/sheapahkli-oli\/#breadcrumb"},"inLanguage":"en-US","potentialAction":[{"@type":"ReadAction","target":["https:\/\/tallinndesignhouse.com\/toode\/sheapahkli-oli\/"]}]},{"@type":"ImageObject","inLanguage":"en-US","@id":"https:\/\/tallinndesignhouse.com\/toode\/sheapahkli-oli\/#primaryimage","url":"https:\/\/tallinndesignhouse.com\/wp-content\/uploads\/2023\/11\/Nurme-sheapahkli-oli2.jpg","contentUrl":"https:\/\/tallinndesignhouse.com\/wp-content\/uploads\/2023\/11\/Nurme-sheapahkli-oli2.jpg","width":1080,"height":1350,"caption":"Nurme sheapa\u0308hkli o\u0303li2"},{"@type":"BreadcrumbList","@id":"https:\/\/tallinndesignhouse.com\/toode\/sheapahkli-oli\/#breadcrumb","itemListElement":[{"@type":"ListItem","position":1,"name":"Home","item":"https:\/\/tallinndesignhouse.com\/en\/"},{"@type":"ListItem","position":2,"name":"Shop","item":"https:\/\/tallinndesignhouse.com\/en\/shop\/"},{"@type":"ListItem","position":3,"name":"Pure shea oil"}]},{"@type":"WebSite","@id":"https:\/\/tallinndesignhouse.com\/#website","url":"https:\/\/tallinndesignhouse.com\/","name":"Tallinn Design House","description":"Eesti disain Rotermanni kvartalis","potentialAction":[{"@type":"SearchAction","target":{"@type":"EntryPoint","urlTemplate":"https:\/\/tallinndesignhouse.com\/?s={search_term_string}"},"query-input":{"@type":"PropertyValueSpecification","valueRequired":true,"valueName":"search_term_string"}}],"inLanguage":"en-US"}]}},"_links":{"self":[{"href":"https:\/\/tallinndesignhouse.com\/en\/wp-json\/wp\/v2\/product\/3317928","targetHints":{"allow":["GET"]}}],"collection":[{"href":"https:\/\/tallinndesignhouse.com\/en\/wp-json\/wp\/v2\/product"}],"about":[{"href":"https:\/\/tallinndesignhouse.com\/en\/wp-json\/wp\/v2\/types\/product"}],"wp:featuredmedia":[{"embeddable":true,"href":"https:\/\/tallinndesignhouse.com\/en\/wp-json\/wp\/v2\/media\/3317800"}],"wp:attachment":[{"href":"https:\/\/tallinndesignhouse.com\/en\/wp-json\/wp\/v2\/media?parent=3317928"}],"wp:term":[{"taxonomy":"product_brand","embeddable":true,"href":"https:\/\/tallinndesignhouse.com\/en\/wp-json\/wp\/v2\/product_brand?post=3317928"},{"taxonomy":"product_cat","embeddable":true,"href":"https:\/\/tallinndesignhouse.com\/en\/wp-json\/wp\/v2\/product_cat?post=3317928"},{"taxonomy":"product_tag","embeddable":true,"href":"https:\/\/tallinndesignhouse.com\/en\/wp-json\/wp\/v2\/product_tag?post=3317928"}],"curies":[{"name":"wp","href":"https:\/\/api.w.org\/{rel}","templated":true}]}}