{"id":3317941,"date":"2023-11-22T11:06:22","date_gmt":"2023-11-22T09:06:22","guid":{"rendered":"https:\/\/tallinndesignhouse.com\/toode\/korvarongad-festive-pearl\/"},"modified":"2026-05-02T01:01:30","modified_gmt":"2026-05-01T22:01:30","slug":"korvarongad-festive-pearl","status":"publish","type":"product","link":"https:\/\/tallinndesignhouse.com\/en\/toode\/korvarongad-festive-pearl\/","title":{"rendered":"Earrings Festive Pearl"},"content":{"rendered":"<p>Pearls are loved for their elegance and refined style \u2013 treat yourself to the enchanting beauty of freshwater pearls! Myamoon earrings are made of 925 silver and freshwater pearls. Pick your favourite plating \u2013 rose gold or silver!<\/p>\n","protected":false},"excerpt":{"rendered":"<p>Pearls are loved for their elegance and refined style \u2013 treat yourself to the enchanting beauty of freshwater pearls! Myamoon earrings are made of 925 silver and freshwater pearls. Pick your favourite plating \u2013 rose gold or silver!<\/p>\n","protected":false},"featured_media":3317930,"template":"","meta":{"_acf_changed":false},"product_brand":[],"product_cat":[1955,3223,3718],"product_tag":[2819],"class_list":{"0":"post-3317941","1":"product","2":"type-product","3":"status-publish","4":"has-post-thumbnail","6":"product_cat-earrings","7":"product_cat-jewellery-en","8":"product_cat-winter-style","9":"product_tag-women","10":"pa_brand-myamoon","11":"pa_brand-myamoon-en","12":"pa_varv-black-en","13":"pa_varv-golden-en","14":"pa_varv-hobedane","15":"pa_varv-kuldne","16":"pa_varv-must","17":"pa_varv-silver-en","19":"first","20":"instock","21":"taxable","22":"shipping-taxable","23":"purchasable","24":"product-type-variable"},"acf":[],"yoast_head":"<!-- This site is optimized with the Yoast SEO plugin v26.0 - https:\/\/yoast.com\/wordpress\/plugins\/seo\/ -->\n<title>Myamoon Earrings Festive Pearl - Tallinn Design House<\/title>\n<meta name=\"description\" content=\"Myamoon k\u00f5rvar\u00f5ngad Festive Pearl. Materjal: 925 h\u00f5be ning baroksed mageveep\u00e4rlid.\" \/>\n<meta name=\"robots\" content=\"index, follow, max-snippet:-1, max-image-preview:large, max-video-preview:-1\" \/>\n<link rel=\"canonical\" href=\"https:\/\/tallinndesignhouse.com\/toode\/korvarongad-festive-pearl\/\" \/>\n<meta property=\"og:locale\" content=\"en_US\" \/>\n<meta property=\"og:type\" content=\"article\" \/>\n<meta property=\"og:title\" content=\"Myamoon Earrings Festive Pearl - Tallinn Design House\" \/>\n<meta property=\"og:description\" content=\"Myamoon k\u00f5rvar\u00f5ngad Festive Pearl. Materjal: 925 h\u00f5be ning baroksed mageveep\u00e4rlid.\" \/>\n<meta property=\"og:url\" content=\"https:\/\/tallinndesignhouse.com\/toode\/korvarongad-festive-pearl\/\" \/>\n<meta property=\"og:site_name\" content=\"Tallinn Design House\" \/>\n<meta property=\"article:modified_time\" content=\"2026-05-01T22:01:30+00:00\" \/>\n<meta property=\"og:image\" content=\"https:\/\/tallinndesignhouse.com\/wp-content\/uploads\/2023\/11\/Myamoon-korvarongad-Festive-Pearl.jpg\" \/>\n\t<meta property=\"og:image:width\" content=\"1080\" \/>\n\t<meta property=\"og:image:height\" content=\"1350\" \/>\n\t<meta property=\"og:image:type\" content=\"image\/jpeg\" \/>\n<meta name=\"twitter:card\" content=\"summary_large_image\" \/>\n<script type=\"application\/ld+json\" class=\"yoast-schema-graph\">{\"@context\":\"https:\/\/schema.org\",\"@graph\":[{\"@type\":\"WebPage\",\"@id\":\"https:\/\/tallinndesignhouse.com\/toode\/korvarongad-festive-pearl\/\",\"url\":\"https:\/\/tallinndesignhouse.com\/toode\/korvarongad-festive-pearl\/\",\"name\":\"Myamoon Earrings Festive Pearl - Tallinn Design House\",\"isPartOf\":{\"@id\":\"https:\/\/tallinndesignhouse.com\/#website\"},\"primaryImageOfPage\":{\"@id\":\"https:\/\/tallinndesignhouse.com\/toode\/korvarongad-festive-pearl\/#primaryimage\"},\"image\":{\"@id\":\"https:\/\/tallinndesignhouse.com\/toode\/korvarongad-festive-pearl\/#primaryimage\"},\"thumbnailUrl\":\"https:\/\/tallinndesignhouse.com\/wp-content\/uploads\/2023\/11\/Myamoon-korvarongad-Festive-Pearl.jpg\",\"datePublished\":\"2023-11-22T09:06:22+00:00\",\"dateModified\":\"2026-05-01T22:01:30+00:00\",\"description\":\"Myamoon k\u00f5rvar\u00f5ngad Festive Pearl. Materjal: 925 h\u00f5be ning baroksed mageveep\u00e4rlid.\",\"breadcrumb\":{\"@id\":\"https:\/\/tallinndesignhouse.com\/toode\/korvarongad-festive-pearl\/#breadcrumb\"},\"inLanguage\":\"en-US\",\"potentialAction\":[{\"@type\":\"ReadAction\",\"target\":[\"https:\/\/tallinndesignhouse.com\/toode\/korvarongad-festive-pearl\/\"]}]},{\"@type\":\"ImageObject\",\"inLanguage\":\"en-US\",\"@id\":\"https:\/\/tallinndesignhouse.com\/toode\/korvarongad-festive-pearl\/#primaryimage\",\"url\":\"https:\/\/tallinndesignhouse.com\/wp-content\/uploads\/2023\/11\/Myamoon-korvarongad-Festive-Pearl.jpg\",\"contentUrl\":\"https:\/\/tallinndesignhouse.com\/wp-content\/uploads\/2023\/11\/Myamoon-korvarongad-Festive-Pearl.jpg\",\"width\":1080,\"height\":1350,\"caption\":\"Myamoon ko\u0303rvaro\u0303ngad Festive Pearl\"},{\"@type\":\"BreadcrumbList\",\"@id\":\"https:\/\/tallinndesignhouse.com\/toode\/korvarongad-festive-pearl\/#breadcrumb\",\"itemListElement\":[{\"@type\":\"ListItem\",\"position\":1,\"name\":\"Home\",\"item\":\"https:\/\/tallinndesignhouse.com\/en\/\"},{\"@type\":\"ListItem\",\"position\":2,\"name\":\"Shop\",\"item\":\"https:\/\/tallinndesignhouse.com\/en\/shop\/\"},{\"@type\":\"ListItem\",\"position\":3,\"name\":\"Earrings Festive Pearl\"}]},{\"@type\":\"WebSite\",\"@id\":\"https:\/\/tallinndesignhouse.com\/#website\",\"url\":\"https:\/\/tallinndesignhouse.com\/\",\"name\":\"Tallinn Design House\",\"description\":\"Eesti disain Rotermanni kvartalis\",\"potentialAction\":[{\"@type\":\"SearchAction\",\"target\":{\"@type\":\"EntryPoint\",\"urlTemplate\":\"https:\/\/tallinndesignhouse.com\/?s={search_term_string}\"},\"query-input\":{\"@type\":\"PropertyValueSpecification\",\"valueRequired\":true,\"valueName\":\"search_term_string\"}}],\"inLanguage\":\"en-US\"}]}<\/script>\n<!-- \/ Yoast SEO plugin. -->","yoast_head_json":{"title":"Myamoon Earrings Festive Pearl - Tallinn Design House","description":"Myamoon k\u00f5rvar\u00f5ngad Festive Pearl. Materjal: 925 h\u00f5be ning baroksed mageveep\u00e4rlid.","robots":{"index":"index","follow":"follow","max-snippet":"max-snippet:-1","max-image-preview":"max-image-preview:large","max-video-preview":"max-video-preview:-1"},"canonical":"https:\/\/tallinndesignhouse.com\/toode\/korvarongad-festive-pearl\/","og_locale":"en_US","og_type":"article","og_title":"Myamoon Earrings Festive Pearl - Tallinn Design House","og_description":"Myamoon k\u00f5rvar\u00f5ngad Festive Pearl. Materjal: 925 h\u00f5be ning baroksed mageveep\u00e4rlid.","og_url":"https:\/\/tallinndesignhouse.com\/toode\/korvarongad-festive-pearl\/","og_site_name":"Tallinn Design House","article_modified_time":"2026-05-01T22:01:30+00:00","og_image":[{"width":1080,"height":1350,"url":"https:\/\/tallinndesignhouse.com\/wp-content\/uploads\/2023\/11\/Myamoon-korvarongad-Festive-Pearl.jpg","type":"image\/jpeg"}],"twitter_card":"summary_large_image","schema":{"@context":"https:\/\/schema.org","@graph":[{"@type":"WebPage","@id":"https:\/\/tallinndesignhouse.com\/toode\/korvarongad-festive-pearl\/","url":"https:\/\/tallinndesignhouse.com\/toode\/korvarongad-festive-pearl\/","name":"Myamoon Earrings Festive Pearl - Tallinn Design House","isPartOf":{"@id":"https:\/\/tallinndesignhouse.com\/#website"},"primaryImageOfPage":{"@id":"https:\/\/tallinndesignhouse.com\/toode\/korvarongad-festive-pearl\/#primaryimage"},"image":{"@id":"https:\/\/tallinndesignhouse.com\/toode\/korvarongad-festive-pearl\/#primaryimage"},"thumbnailUrl":"https:\/\/tallinndesignhouse.com\/wp-content\/uploads\/2023\/11\/Myamoon-korvarongad-Festive-Pearl.jpg","datePublished":"2023-11-22T09:06:22+00:00","dateModified":"2026-05-01T22:01:30+00:00","description":"Myamoon k\u00f5rvar\u00f5ngad Festive Pearl. Materjal: 925 h\u00f5be ning baroksed mageveep\u00e4rlid.","breadcrumb":{"@id":"https:\/\/tallinndesignhouse.com\/toode\/korvarongad-festive-pearl\/#breadcrumb"},"inLanguage":"en-US","potentialAction":[{"@type":"ReadAction","target":["https:\/\/tallinndesignhouse.com\/toode\/korvarongad-festive-pearl\/"]}]},{"@type":"ImageObject","inLanguage":"en-US","@id":"https:\/\/tallinndesignhouse.com\/toode\/korvarongad-festive-pearl\/#primaryimage","url":"https:\/\/tallinndesignhouse.com\/wp-content\/uploads\/2023\/11\/Myamoon-korvarongad-Festive-Pearl.jpg","contentUrl":"https:\/\/tallinndesignhouse.com\/wp-content\/uploads\/2023\/11\/Myamoon-korvarongad-Festive-Pearl.jpg","width":1080,"height":1350,"caption":"Myamoon ko\u0303rvaro\u0303ngad Festive Pearl"},{"@type":"BreadcrumbList","@id":"https:\/\/tallinndesignhouse.com\/toode\/korvarongad-festive-pearl\/#breadcrumb","itemListElement":[{"@type":"ListItem","position":1,"name":"Home","item":"https:\/\/tallinndesignhouse.com\/en\/"},{"@type":"ListItem","position":2,"name":"Shop","item":"https:\/\/tallinndesignhouse.com\/en\/shop\/"},{"@type":"ListItem","position":3,"name":"Earrings Festive Pearl"}]},{"@type":"WebSite","@id":"https:\/\/tallinndesignhouse.com\/#website","url":"https:\/\/tallinndesignhouse.com\/","name":"Tallinn Design House","description":"Eesti disain Rotermanni kvartalis","potentialAction":[{"@type":"SearchAction","target":{"@type":"EntryPoint","urlTemplate":"https:\/\/tallinndesignhouse.com\/?s={search_term_string}"},"query-input":{"@type":"PropertyValueSpecification","valueRequired":true,"valueName":"search_term_string"}}],"inLanguage":"en-US"}]}},"_links":{"self":[{"href":"https:\/\/tallinndesignhouse.com\/en\/wp-json\/wp\/v2\/product\/3317941","targetHints":{"allow":["GET"]}}],"collection":[{"href":"https:\/\/tallinndesignhouse.com\/en\/wp-json\/wp\/v2\/product"}],"about":[{"href":"https:\/\/tallinndesignhouse.com\/en\/wp-json\/wp\/v2\/types\/product"}],"wp:featuredmedia":[{"embeddable":true,"href":"https:\/\/tallinndesignhouse.com\/en\/wp-json\/wp\/v2\/media\/3317930"}],"wp:attachment":[{"href":"https:\/\/tallinndesignhouse.com\/en\/wp-json\/wp\/v2\/media?parent=3317941"}],"wp:term":[{"taxonomy":"product_brand","embeddable":true,"href":"https:\/\/tallinndesignhouse.com\/en\/wp-json\/wp\/v2\/product_brand?post=3317941"},{"taxonomy":"product_cat","embeddable":true,"href":"https:\/\/tallinndesignhouse.com\/en\/wp-json\/wp\/v2\/product_cat?post=3317941"},{"taxonomy":"product_tag","embeddable":true,"href":"https:\/\/tallinndesignhouse.com\/en\/wp-json\/wp\/v2\/product_tag?post=3317941"}],"curies":[{"name":"wp","href":"https:\/\/api.w.org\/{rel}","templated":true}]}}