{"id":3320249,"date":"2023-12-28T15:10:35","date_gmt":"2023-12-28T13:10:35","guid":{"rendered":"https:\/\/tallinndesignhouse.com\/toode\/metsiku-sidrunheina-dusi-ja-katepesugeel-300-ml\/"},"modified":"2026-05-03T01:01:19","modified_gmt":"2026-05-02T22:01:19","slug":"metsiku-sidrunheina-dusi-ja-katepesugeel-300-ml","status":"publish","type":"product","link":"https:\/\/tallinndesignhouse.com\/en\/toode\/metsiku-sidrunheina-dusi-ja-katepesugeel-300-ml\/","title":{"rendered":"Wild Lemongrass Shower and Hand Wash Gel 300 ml"},"content":{"rendered":"<p>Enjoy this luxurious all natural lemongrass hand and body wash by Nurme and experience the glow of clean and healthy skin. Use daily to cleanse the hands and body to leave the skin feeling clean silky and soft skin. Gentle and natural ingredients. Made with 100% pure essential oil. Ingredients: Aqua, Sodium Coco-Sulfate, Coco-Glucoside, Sodium Chloride, Glyceryl Oleate, Citric Acid, Hydrolyzed Wheat Protein, Sodium Benzoate, Potassium Sorbate, Cymbopogon Citratus Leaf Oil, Citral*. * Occurs naturally in essential oil.<\/p>\n","protected":false},"excerpt":{"rendered":"<p>Enjoy this luxurious all natural lemongrass hand and body wash by Nurme and experience the glow of clean and healthy skin. Use daily to cleanse the hands and body to leave the skin feeling clean silky and soft skin. Gentle and natural ingredients. Made with 100% pure essential oil. Ingredients: Aqua, Sodium Coco-Sulfate, Coco-Glucoside, Sodium [&hellip;]<\/p>\n","protected":false},"featured_media":3320235,"template":"","meta":{"_acf_changed":false},"product_brand":[],"product_cat":[871],"product_tag":[2818],"class_list":{"0":"post-3320249","1":"product","2":"type-product","3":"status-publish","4":"has-post-thumbnail","6":"product_cat-keha","7":"product_tag-naised","8":"pa_brand-nurme","9":"pa_brand-nurme-en","11":"first","12":"instock","13":"taxable","14":"shipping-taxable","15":"purchasable","16":"product-type-simple"},"acf":[],"yoast_head":"<!-- This site is optimized with the Yoast SEO plugin v26.0 - https:\/\/yoast.com\/wordpress\/plugins\/seo\/ -->\n<title>Nurme Wild Lemongrass Shower and Hand Wash Gel 300 ml - Tallinn Design House<\/title>\n<meta name=\"description\" content=\"Nurme metsiku sidrunheina du\u0161i- ja k\u00e4tepesugeel 300 ml. \u00d5rn ja looduslik koostis. L\u00f5hnastatud 100% puhta eeterliku \u00f5liga.\" \/>\n<meta name=\"robots\" content=\"index, follow, max-snippet:-1, max-image-preview:large, max-video-preview:-1\" \/>\n<link rel=\"canonical\" href=\"https:\/\/tallinndesignhouse.com\/toode\/metsiku-sidrunheina-dusi-ja-katepesugeel-300-ml\/\" \/>\n<meta property=\"og:locale\" content=\"en_US\" \/>\n<meta property=\"og:type\" content=\"article\" \/>\n<meta property=\"og:title\" content=\"Nurme Wild Lemongrass Shower and Hand Wash Gel 300 ml - Tallinn Design House\" \/>\n<meta property=\"og:description\" content=\"Nurme metsiku sidrunheina du\u0161i- ja k\u00e4tepesugeel 300 ml. \u00d5rn ja looduslik koostis. L\u00f5hnastatud 100% puhta eeterliku \u00f5liga.\" \/>\n<meta property=\"og:url\" content=\"https:\/\/tallinndesignhouse.com\/toode\/metsiku-sidrunheina-dusi-ja-katepesugeel-300-ml\/\" \/>\n<meta property=\"og:site_name\" content=\"Tallinn Design House\" \/>\n<meta property=\"article:modified_time\" content=\"2026-05-02T22:01:19+00:00\" \/>\n<meta property=\"og:image\" content=\"https:\/\/tallinndesignhouse.com\/wp-content\/uploads\/2023\/12\/Nurme-metsiku-sidrunheina-dusi-ja-katepesugeel-300-ml.jpg\" \/>\n\t<meta property=\"og:image:width\" content=\"1080\" \/>\n\t<meta property=\"og:image:height\" content=\"1350\" \/>\n\t<meta property=\"og:image:type\" content=\"image\/jpeg\" \/>\n<meta name=\"twitter:card\" content=\"summary_large_image\" \/>\n<script type=\"application\/ld+json\" class=\"yoast-schema-graph\">{\"@context\":\"https:\/\/schema.org\",\"@graph\":[{\"@type\":\"WebPage\",\"@id\":\"https:\/\/tallinndesignhouse.com\/toode\/metsiku-sidrunheina-dusi-ja-katepesugeel-300-ml\/\",\"url\":\"https:\/\/tallinndesignhouse.com\/toode\/metsiku-sidrunheina-dusi-ja-katepesugeel-300-ml\/\",\"name\":\"Nurme Wild Lemongrass Shower and Hand Wash Gel 300 ml - Tallinn Design House\",\"isPartOf\":{\"@id\":\"https:\/\/tallinndesignhouse.com\/#website\"},\"primaryImageOfPage\":{\"@id\":\"https:\/\/tallinndesignhouse.com\/toode\/metsiku-sidrunheina-dusi-ja-katepesugeel-300-ml\/#primaryimage\"},\"image\":{\"@id\":\"https:\/\/tallinndesignhouse.com\/toode\/metsiku-sidrunheina-dusi-ja-katepesugeel-300-ml\/#primaryimage\"},\"thumbnailUrl\":\"https:\/\/tallinndesignhouse.com\/wp-content\/uploads\/2023\/12\/Nurme-metsiku-sidrunheina-dusi-ja-katepesugeel-300-ml.jpg\",\"datePublished\":\"2023-12-28T13:10:35+00:00\",\"dateModified\":\"2026-05-02T22:01:19+00:00\",\"description\":\"Nurme metsiku sidrunheina du\u0161i- ja k\u00e4tepesugeel 300 ml. \u00d5rn ja looduslik koostis. L\u00f5hnastatud 100% puhta eeterliku \u00f5liga.\",\"breadcrumb\":{\"@id\":\"https:\/\/tallinndesignhouse.com\/toode\/metsiku-sidrunheina-dusi-ja-katepesugeel-300-ml\/#breadcrumb\"},\"inLanguage\":\"en-US\",\"potentialAction\":[{\"@type\":\"ReadAction\",\"target\":[\"https:\/\/tallinndesignhouse.com\/toode\/metsiku-sidrunheina-dusi-ja-katepesugeel-300-ml\/\"]}]},{\"@type\":\"ImageObject\",\"inLanguage\":\"en-US\",\"@id\":\"https:\/\/tallinndesignhouse.com\/toode\/metsiku-sidrunheina-dusi-ja-katepesugeel-300-ml\/#primaryimage\",\"url\":\"https:\/\/tallinndesignhouse.com\/wp-content\/uploads\/2023\/12\/Nurme-metsiku-sidrunheina-dusi-ja-katepesugeel-300-ml.jpg\",\"contentUrl\":\"https:\/\/tallinndesignhouse.com\/wp-content\/uploads\/2023\/12\/Nurme-metsiku-sidrunheina-dusi-ja-katepesugeel-300-ml.jpg\",\"width\":1080,\"height\":1350,\"caption\":\"Nurme metsiku sidrunheina dus\u030ci- ja ka\u0308tepesugeel 300 ml\"},{\"@type\":\"BreadcrumbList\",\"@id\":\"https:\/\/tallinndesignhouse.com\/toode\/metsiku-sidrunheina-dusi-ja-katepesugeel-300-ml\/#breadcrumb\",\"itemListElement\":[{\"@type\":\"ListItem\",\"position\":1,\"name\":\"Home\",\"item\":\"https:\/\/tallinndesignhouse.com\/en\/\"},{\"@type\":\"ListItem\",\"position\":2,\"name\":\"Shop\",\"item\":\"https:\/\/tallinndesignhouse.com\/en\/shop\/\"},{\"@type\":\"ListItem\",\"position\":3,\"name\":\"Wild Lemongrass Shower and Hand Wash Gel 300 ml\"}]},{\"@type\":\"WebSite\",\"@id\":\"https:\/\/tallinndesignhouse.com\/#website\",\"url\":\"https:\/\/tallinndesignhouse.com\/\",\"name\":\"Tallinn Design House\",\"description\":\"Eesti disain Rotermanni kvartalis\",\"potentialAction\":[{\"@type\":\"SearchAction\",\"target\":{\"@type\":\"EntryPoint\",\"urlTemplate\":\"https:\/\/tallinndesignhouse.com\/?s={search_term_string}\"},\"query-input\":{\"@type\":\"PropertyValueSpecification\",\"valueRequired\":true,\"valueName\":\"search_term_string\"}}],\"inLanguage\":\"en-US\"}]}<\/script>\n<!-- \/ Yoast SEO plugin. -->","yoast_head_json":{"title":"Nurme Wild Lemongrass Shower and Hand Wash Gel 300 ml - Tallinn Design House","description":"Nurme metsiku sidrunheina du\u0161i- ja k\u00e4tepesugeel 300 ml. \u00d5rn ja looduslik koostis. L\u00f5hnastatud 100% puhta eeterliku \u00f5liga.","robots":{"index":"index","follow":"follow","max-snippet":"max-snippet:-1","max-image-preview":"max-image-preview:large","max-video-preview":"max-video-preview:-1"},"canonical":"https:\/\/tallinndesignhouse.com\/toode\/metsiku-sidrunheina-dusi-ja-katepesugeel-300-ml\/","og_locale":"en_US","og_type":"article","og_title":"Nurme Wild Lemongrass Shower and Hand Wash Gel 300 ml - Tallinn Design House","og_description":"Nurme metsiku sidrunheina du\u0161i- ja k\u00e4tepesugeel 300 ml. \u00d5rn ja looduslik koostis. L\u00f5hnastatud 100% puhta eeterliku \u00f5liga.","og_url":"https:\/\/tallinndesignhouse.com\/toode\/metsiku-sidrunheina-dusi-ja-katepesugeel-300-ml\/","og_site_name":"Tallinn Design House","article_modified_time":"2026-05-02T22:01:19+00:00","og_image":[{"width":1080,"height":1350,"url":"https:\/\/tallinndesignhouse.com\/wp-content\/uploads\/2023\/12\/Nurme-metsiku-sidrunheina-dusi-ja-katepesugeel-300-ml.jpg","type":"image\/jpeg"}],"twitter_card":"summary_large_image","schema":{"@context":"https:\/\/schema.org","@graph":[{"@type":"WebPage","@id":"https:\/\/tallinndesignhouse.com\/toode\/metsiku-sidrunheina-dusi-ja-katepesugeel-300-ml\/","url":"https:\/\/tallinndesignhouse.com\/toode\/metsiku-sidrunheina-dusi-ja-katepesugeel-300-ml\/","name":"Nurme Wild Lemongrass Shower and Hand Wash Gel 300 ml - Tallinn Design House","isPartOf":{"@id":"https:\/\/tallinndesignhouse.com\/#website"},"primaryImageOfPage":{"@id":"https:\/\/tallinndesignhouse.com\/toode\/metsiku-sidrunheina-dusi-ja-katepesugeel-300-ml\/#primaryimage"},"image":{"@id":"https:\/\/tallinndesignhouse.com\/toode\/metsiku-sidrunheina-dusi-ja-katepesugeel-300-ml\/#primaryimage"},"thumbnailUrl":"https:\/\/tallinndesignhouse.com\/wp-content\/uploads\/2023\/12\/Nurme-metsiku-sidrunheina-dusi-ja-katepesugeel-300-ml.jpg","datePublished":"2023-12-28T13:10:35+00:00","dateModified":"2026-05-02T22:01:19+00:00","description":"Nurme metsiku sidrunheina du\u0161i- ja k\u00e4tepesugeel 300 ml. \u00d5rn ja looduslik koostis. L\u00f5hnastatud 100% puhta eeterliku \u00f5liga.","breadcrumb":{"@id":"https:\/\/tallinndesignhouse.com\/toode\/metsiku-sidrunheina-dusi-ja-katepesugeel-300-ml\/#breadcrumb"},"inLanguage":"en-US","potentialAction":[{"@type":"ReadAction","target":["https:\/\/tallinndesignhouse.com\/toode\/metsiku-sidrunheina-dusi-ja-katepesugeel-300-ml\/"]}]},{"@type":"ImageObject","inLanguage":"en-US","@id":"https:\/\/tallinndesignhouse.com\/toode\/metsiku-sidrunheina-dusi-ja-katepesugeel-300-ml\/#primaryimage","url":"https:\/\/tallinndesignhouse.com\/wp-content\/uploads\/2023\/12\/Nurme-metsiku-sidrunheina-dusi-ja-katepesugeel-300-ml.jpg","contentUrl":"https:\/\/tallinndesignhouse.com\/wp-content\/uploads\/2023\/12\/Nurme-metsiku-sidrunheina-dusi-ja-katepesugeel-300-ml.jpg","width":1080,"height":1350,"caption":"Nurme metsiku sidrunheina dus\u030ci- ja ka\u0308tepesugeel 300 ml"},{"@type":"BreadcrumbList","@id":"https:\/\/tallinndesignhouse.com\/toode\/metsiku-sidrunheina-dusi-ja-katepesugeel-300-ml\/#breadcrumb","itemListElement":[{"@type":"ListItem","position":1,"name":"Home","item":"https:\/\/tallinndesignhouse.com\/en\/"},{"@type":"ListItem","position":2,"name":"Shop","item":"https:\/\/tallinndesignhouse.com\/en\/shop\/"},{"@type":"ListItem","position":3,"name":"Wild Lemongrass Shower and Hand Wash Gel 300 ml"}]},{"@type":"WebSite","@id":"https:\/\/tallinndesignhouse.com\/#website","url":"https:\/\/tallinndesignhouse.com\/","name":"Tallinn Design House","description":"Eesti disain Rotermanni kvartalis","potentialAction":[{"@type":"SearchAction","target":{"@type":"EntryPoint","urlTemplate":"https:\/\/tallinndesignhouse.com\/?s={search_term_string}"},"query-input":{"@type":"PropertyValueSpecification","valueRequired":true,"valueName":"search_term_string"}}],"inLanguage":"en-US"}]}},"_links":{"self":[{"href":"https:\/\/tallinndesignhouse.com\/en\/wp-json\/wp\/v2\/product\/3320249","targetHints":{"allow":["GET"]}}],"collection":[{"href":"https:\/\/tallinndesignhouse.com\/en\/wp-json\/wp\/v2\/product"}],"about":[{"href":"https:\/\/tallinndesignhouse.com\/en\/wp-json\/wp\/v2\/types\/product"}],"wp:featuredmedia":[{"embeddable":true,"href":"https:\/\/tallinndesignhouse.com\/en\/wp-json\/wp\/v2\/media\/3320235"}],"wp:attachment":[{"href":"https:\/\/tallinndesignhouse.com\/en\/wp-json\/wp\/v2\/media?parent=3320249"}],"wp:term":[{"taxonomy":"product_brand","embeddable":true,"href":"https:\/\/tallinndesignhouse.com\/en\/wp-json\/wp\/v2\/product_brand?post=3320249"},{"taxonomy":"product_cat","embeddable":true,"href":"https:\/\/tallinndesignhouse.com\/en\/wp-json\/wp\/v2\/product_cat?post=3320249"},{"taxonomy":"product_tag","embeddable":true,"href":"https:\/\/tallinndesignhouse.com\/en\/wp-json\/wp\/v2\/product_tag?post=3320249"}],"curies":[{"name":"wp","href":"https:\/\/api.w.org\/{rel}","templated":true}]}}