{"id":3335090,"date":"2024-02-25T18:50:10","date_gmt":"2024-02-25T16:50:10","guid":{"rendered":"https:\/\/tallinndesignhouse.com\/toode\/laud-tibu\/"},"modified":"2026-04-13T01:00:23","modified_gmt":"2026-04-12T22:00:23","slug":"laud-tibu","status":"publish","type":"product","link":"https:\/\/tallinndesignhouse.com\/en\/toode\/laud-tibu\/","title":{"rendered":"Chair Chick"},"content":{"rendered":"<p>When ordering Tibu, please select Smartpost parcel locker or courier as the delivery method. Unfortunately, Tibu does not fit in Venipak or Omniva parcel lockers. Maria R\u00e4sta\u2019s chair Chick was originally designed as a small stool, but for now it is rather a small decorative element used as a small side table or a bedside stand, as a footrest of an armchair, but in addition it has an extra function &#8211; to make You smile! Size: 410 x 250 x 360 mm. Materials: glue laminated birch, Mahogany, metal. Care: clean with gently wet cloth and dry throughly.<\/p>\n","protected":false},"excerpt":{"rendered":"<p>When ordering Tibu, please select Smartpost parcel locker or courier as the delivery method. Unfortunately, Tibu does not fit in Venipak or Omniva parcel lockers. Maria R\u00e4sta\u2019s chair Chick was originally designed as a small stool, but for now it is rather a small decorative element used as a small side table or a bedside [&hellip;]<\/p>\n","protected":false},"featured_media":3389883,"template":"","meta":{"_acf_changed":false},"product_brand":[],"product_cat":[2006,2552],"product_tag":[2003],"class_list":{"0":"post-3335090","1":"product","2":"type-product","3":"status-publish","4":"has-post-thumbnail","6":"product_cat-furniture","7":"product_cat-home","8":"product_tag-home","9":"pa_brand-maria-rasta-design-en","11":"pa_kingiidee-yes-en","13":"pa_mudel-chick-en","15":"pa_varv-pink-en","16":"pa_varv-light-blue-en","18":"pa_varv-dark-grey-en","20":"pa_varv-white-en-en","21":"pa_varv-brown-en","25":"pa_varv-black-en","28":"first","29":"instock","30":"taxable","31":"shipping-taxable","32":"purchasable","33":"product-type-variable"},"acf":[],"yoast_head":"<!-- This site is optimized with the Yoast SEO plugin v26.0 - https:\/\/yoast.com\/wordpress\/plugins\/seo\/ -->\n<title>Maria R\u00e4sta Chair Chick - Tallinn Design House<\/title>\n<meta name=\"description\" content=\"Maria R\u00e4sta laud Tibu on sisustuselement, mida kasutatakse enamasti abi- v\u00f5i diivanilauana.\" \/>\n<meta name=\"robots\" content=\"index, follow, max-snippet:-1, max-image-preview:large, max-video-preview:-1\" \/>\n<link rel=\"canonical\" href=\"https:\/\/tallinndesignhouse.com\/toode\/laud-tibu\/\" \/>\n<meta property=\"og:locale\" content=\"en_US\" \/>\n<meta property=\"og:type\" content=\"article\" \/>\n<meta property=\"og:title\" content=\"Maria R\u00e4sta Chair Chick - Tallinn Design House\" \/>\n<meta property=\"og:description\" content=\"Maria R\u00e4sta laud Tibu on sisustuselement, mida kasutatakse enamasti abi- v\u00f5i diivanilauana.\" \/>\n<meta property=\"og:url\" content=\"https:\/\/tallinndesignhouse.com\/toode\/laud-tibu\/\" \/>\n<meta property=\"og:site_name\" content=\"Tallinn Design House\" \/>\n<meta property=\"article:modified_time\" content=\"2026-04-12T22:00:23+00:00\" \/>\n<meta property=\"og:image\" content=\"https:\/\/tallinndesignhouse.com\/wp-content\/uploads\/2024\/02\/Maria-Rasta-Design-Laud-Tibu-4.jpg\" \/>\n\t<meta property=\"og:image:width\" content=\"1080\" \/>\n\t<meta property=\"og:image:height\" content=\"1350\" \/>\n\t<meta property=\"og:image:type\" content=\"image\/jpeg\" \/>\n<meta name=\"twitter:card\" content=\"summary_large_image\" \/>\n<meta name=\"twitter:label1\" content=\"Est. reading time\" \/>\n\t<meta name=\"twitter:data1\" content=\"1 minute\" \/>\n<script type=\"application\/ld+json\" class=\"yoast-schema-graph\">{\"@context\":\"https:\/\/schema.org\",\"@graph\":[{\"@type\":\"WebPage\",\"@id\":\"https:\/\/tallinndesignhouse.com\/toode\/laud-tibu\/\",\"url\":\"https:\/\/tallinndesignhouse.com\/toode\/laud-tibu\/\",\"name\":\"Maria R\u00e4sta Chair Chick - Tallinn Design House\",\"isPartOf\":{\"@id\":\"https:\/\/tallinndesignhouse.com\/#website\"},\"primaryImageOfPage\":{\"@id\":\"https:\/\/tallinndesignhouse.com\/toode\/laud-tibu\/#primaryimage\"},\"image\":{\"@id\":\"https:\/\/tallinndesignhouse.com\/toode\/laud-tibu\/#primaryimage\"},\"thumbnailUrl\":\"https:\/\/tallinndesignhouse.com\/wp-content\/uploads\/2024\/02\/Maria-Rasta-Design-Laud-Tibu-4.jpg\",\"datePublished\":\"2024-02-25T16:50:10+00:00\",\"dateModified\":\"2026-04-12T22:00:23+00:00\",\"description\":\"Maria R\u00e4sta laud Tibu on sisustuselement, mida kasutatakse enamasti abi- v\u00f5i diivanilauana.\",\"breadcrumb\":{\"@id\":\"https:\/\/tallinndesignhouse.com\/toode\/laud-tibu\/#breadcrumb\"},\"inLanguage\":\"en-US\",\"potentialAction\":[{\"@type\":\"ReadAction\",\"target\":[\"https:\/\/tallinndesignhouse.com\/toode\/laud-tibu\/\"]}]},{\"@type\":\"ImageObject\",\"inLanguage\":\"en-US\",\"@id\":\"https:\/\/tallinndesignhouse.com\/toode\/laud-tibu\/#primaryimage\",\"url\":\"https:\/\/tallinndesignhouse.com\/wp-content\/uploads\/2024\/02\/Maria-Rasta-Design-Laud-Tibu-4.jpg\",\"contentUrl\":\"https:\/\/tallinndesignhouse.com\/wp-content\/uploads\/2024\/02\/Maria-Rasta-Design-Laud-Tibu-4.jpg\",\"width\":1080,\"height\":1350,\"caption\":\"Maria Ra\u0308sta Design Laud Tibu\"},{\"@type\":\"BreadcrumbList\",\"@id\":\"https:\/\/tallinndesignhouse.com\/toode\/laud-tibu\/#breadcrumb\",\"itemListElement\":[{\"@type\":\"ListItem\",\"position\":1,\"name\":\"Home\",\"item\":\"https:\/\/tallinndesignhouse.com\/en\/\"},{\"@type\":\"ListItem\",\"position\":2,\"name\":\"Shop\",\"item\":\"https:\/\/tallinndesignhouse.com\/en\/shop\/\"},{\"@type\":\"ListItem\",\"position\":3,\"name\":\"Chair Chick\"}]},{\"@type\":\"WebSite\",\"@id\":\"https:\/\/tallinndesignhouse.com\/#website\",\"url\":\"https:\/\/tallinndesignhouse.com\/\",\"name\":\"Tallinn Design House\",\"description\":\"Eesti disain Rotermanni kvartalis\",\"potentialAction\":[{\"@type\":\"SearchAction\",\"target\":{\"@type\":\"EntryPoint\",\"urlTemplate\":\"https:\/\/tallinndesignhouse.com\/?s={search_term_string}\"},\"query-input\":{\"@type\":\"PropertyValueSpecification\",\"valueRequired\":true,\"valueName\":\"search_term_string\"}}],\"inLanguage\":\"en-US\"}]}<\/script>\n<!-- \/ Yoast SEO plugin. -->","yoast_head_json":{"title":"Maria R\u00e4sta Chair Chick - Tallinn Design House","description":"Maria R\u00e4sta laud Tibu on sisustuselement, mida kasutatakse enamasti abi- v\u00f5i diivanilauana.","robots":{"index":"index","follow":"follow","max-snippet":"max-snippet:-1","max-image-preview":"max-image-preview:large","max-video-preview":"max-video-preview:-1"},"canonical":"https:\/\/tallinndesignhouse.com\/toode\/laud-tibu\/","og_locale":"en_US","og_type":"article","og_title":"Maria R\u00e4sta Chair Chick - Tallinn Design House","og_description":"Maria R\u00e4sta laud Tibu on sisustuselement, mida kasutatakse enamasti abi- v\u00f5i diivanilauana.","og_url":"https:\/\/tallinndesignhouse.com\/toode\/laud-tibu\/","og_site_name":"Tallinn Design House","article_modified_time":"2026-04-12T22:00:23+00:00","og_image":[{"width":1080,"height":1350,"url":"https:\/\/tallinndesignhouse.com\/wp-content\/uploads\/2024\/02\/Maria-Rasta-Design-Laud-Tibu-4.jpg","type":"image\/jpeg"}],"twitter_card":"summary_large_image","twitter_misc":{"Est. reading time":"1 minute"},"schema":{"@context":"https:\/\/schema.org","@graph":[{"@type":"WebPage","@id":"https:\/\/tallinndesignhouse.com\/toode\/laud-tibu\/","url":"https:\/\/tallinndesignhouse.com\/toode\/laud-tibu\/","name":"Maria R\u00e4sta Chair Chick - Tallinn Design House","isPartOf":{"@id":"https:\/\/tallinndesignhouse.com\/#website"},"primaryImageOfPage":{"@id":"https:\/\/tallinndesignhouse.com\/toode\/laud-tibu\/#primaryimage"},"image":{"@id":"https:\/\/tallinndesignhouse.com\/toode\/laud-tibu\/#primaryimage"},"thumbnailUrl":"https:\/\/tallinndesignhouse.com\/wp-content\/uploads\/2024\/02\/Maria-Rasta-Design-Laud-Tibu-4.jpg","datePublished":"2024-02-25T16:50:10+00:00","dateModified":"2026-04-12T22:00:23+00:00","description":"Maria R\u00e4sta laud Tibu on sisustuselement, mida kasutatakse enamasti abi- v\u00f5i diivanilauana.","breadcrumb":{"@id":"https:\/\/tallinndesignhouse.com\/toode\/laud-tibu\/#breadcrumb"},"inLanguage":"en-US","potentialAction":[{"@type":"ReadAction","target":["https:\/\/tallinndesignhouse.com\/toode\/laud-tibu\/"]}]},{"@type":"ImageObject","inLanguage":"en-US","@id":"https:\/\/tallinndesignhouse.com\/toode\/laud-tibu\/#primaryimage","url":"https:\/\/tallinndesignhouse.com\/wp-content\/uploads\/2024\/02\/Maria-Rasta-Design-Laud-Tibu-4.jpg","contentUrl":"https:\/\/tallinndesignhouse.com\/wp-content\/uploads\/2024\/02\/Maria-Rasta-Design-Laud-Tibu-4.jpg","width":1080,"height":1350,"caption":"Maria Ra\u0308sta Design Laud Tibu"},{"@type":"BreadcrumbList","@id":"https:\/\/tallinndesignhouse.com\/toode\/laud-tibu\/#breadcrumb","itemListElement":[{"@type":"ListItem","position":1,"name":"Home","item":"https:\/\/tallinndesignhouse.com\/en\/"},{"@type":"ListItem","position":2,"name":"Shop","item":"https:\/\/tallinndesignhouse.com\/en\/shop\/"},{"@type":"ListItem","position":3,"name":"Chair Chick"}]},{"@type":"WebSite","@id":"https:\/\/tallinndesignhouse.com\/#website","url":"https:\/\/tallinndesignhouse.com\/","name":"Tallinn Design House","description":"Eesti disain Rotermanni kvartalis","potentialAction":[{"@type":"SearchAction","target":{"@type":"EntryPoint","urlTemplate":"https:\/\/tallinndesignhouse.com\/?s={search_term_string}"},"query-input":{"@type":"PropertyValueSpecification","valueRequired":true,"valueName":"search_term_string"}}],"inLanguage":"en-US"}]}},"_links":{"self":[{"href":"https:\/\/tallinndesignhouse.com\/en\/wp-json\/wp\/v2\/product\/3335090","targetHints":{"allow":["GET"]}}],"collection":[{"href":"https:\/\/tallinndesignhouse.com\/en\/wp-json\/wp\/v2\/product"}],"about":[{"href":"https:\/\/tallinndesignhouse.com\/en\/wp-json\/wp\/v2\/types\/product"}],"wp:featuredmedia":[{"embeddable":true,"href":"https:\/\/tallinndesignhouse.com\/en\/wp-json\/wp\/v2\/media\/3389883"}],"wp:attachment":[{"href":"https:\/\/tallinndesignhouse.com\/en\/wp-json\/wp\/v2\/media?parent=3335090"}],"wp:term":[{"taxonomy":"product_brand","embeddable":true,"href":"https:\/\/tallinndesignhouse.com\/en\/wp-json\/wp\/v2\/product_brand?post=3335090"},{"taxonomy":"product_cat","embeddable":true,"href":"https:\/\/tallinndesignhouse.com\/en\/wp-json\/wp\/v2\/product_cat?post=3335090"},{"taxonomy":"product_tag","embeddable":true,"href":"https:\/\/tallinndesignhouse.com\/en\/wp-json\/wp\/v2\/product_tag?post=3335090"}],"curies":[{"name":"wp","href":"https:\/\/api.w.org\/{rel}","templated":true}]}}