{"id":3339946,"date":"2024-03-14T14:20:09","date_gmt":"2024-03-14T12:20:09","guid":{"rendered":"https:\/\/tallinndesignhouse.com\/toode\/ridikul-treasure-box-laia-rihmaga\/"},"modified":"2026-05-02T01:04:16","modified_gmt":"2026-05-01T22:04:16","slug":"ridikul-treasure-box-laia-rihmaga","status":"publish","type":"product","link":"https:\/\/tallinndesignhouse.com\/en\/toode\/ridikul-treasure-box-laia-rihmaga\/","title":{"rendered":"Handbag Treasure Box with wide stap"},"content":{"rendered":"<p>Minimalistic leather handbag by Stella Soomlais with retro influences that fits a lot thanks to the wide opening. Compliments are guaranteed when wearing this bag. It has zipper on top and one inside pocket. The strap length can be changed according to your needs. We use\u00a0responsibly made vegetable tanned leather\u00a0that ages beautifully. Size: 24 x 16 x 9 cm. Strap length 120 cm, width 2 cm. No ligning.<\/p>\n","protected":false},"excerpt":{"rendered":"<p>Minimalistic leather handbag by Stella Soomlais with retro influences that fits a lot thanks to the wide opening. Compliments are guaranteed when wearing this bag. It has zipper on top and one inside pocket. The strap length can be changed according to your needs. We use\u00a0responsibly made vegetable tanned leather\u00a0that ages beautifully. Size: 24 x [&hellip;]<\/p>\n","protected":false},"featured_media":3339950,"template":"","meta":{"_acf_changed":false},"product_brand":[],"product_cat":[1942,3296],"product_tag":[2819],"class_list":{"0":"post-3339946","1":"product","2":"type-product","3":"status-publish","4":"has-post-thumbnail","6":"product_cat-bags","7":"product_cat-accessories-en","8":"product_tag-women","9":"pa_brand-stella-soomlais-en","11":"pa_mudel-treasure-box-en","13":"pa_varv-black-gold-en","16":"first","17":"instock","18":"taxable","19":"shipping-taxable","20":"purchasable","21":"product-type-variable"},"acf":[],"yoast_head":"<!-- This site is optimized with the Yoast SEO plugin v26.0 - https:\/\/yoast.com\/wordpress\/plugins\/seo\/ -->\n<title>Stella Soomlais Handbag Treasure Box with wide stap - Tallinn Design House<\/title>\n<meta name=\"description\" content=\"Stella Soomlais ridik\u00fcl Treasure Box laia rihmaga. M\u00f5\u00f5dud: koti keha 24 x 16 x 9 cm. Rihma pikkus 120 cm, laius 2 cm.\" \/>\n<meta name=\"robots\" content=\"index, follow, max-snippet:-1, max-image-preview:large, max-video-preview:-1\" \/>\n<link rel=\"canonical\" href=\"https:\/\/tallinndesignhouse.com\/toode\/ridikul-treasure-box-laia-rihmaga\/\" \/>\n<meta property=\"og:locale\" content=\"en_US\" \/>\n<meta property=\"og:type\" content=\"article\" \/>\n<meta property=\"og:title\" content=\"Stella Soomlais Handbag Treasure Box with wide stap - Tallinn Design House\" \/>\n<meta property=\"og:description\" content=\"Stella Soomlais ridik\u00fcl Treasure Box laia rihmaga. M\u00f5\u00f5dud: koti keha 24 x 16 x 9 cm. Rihma pikkus 120 cm, laius 2 cm.\" \/>\n<meta property=\"og:url\" content=\"https:\/\/tallinndesignhouse.com\/toode\/ridikul-treasure-box-laia-rihmaga\/\" \/>\n<meta property=\"og:site_name\" content=\"Tallinn Design House\" \/>\n<meta property=\"article:modified_time\" content=\"2026-05-01T22:04:16+00:00\" \/>\n<meta property=\"og:image\" content=\"https:\/\/tallinndesignhouse.com\/wp-content\/uploads\/2024\/03\/Stella-Soomlais-ridikul-Treasure-Box-laia-rihmaga2.jpg\" \/>\n\t<meta property=\"og:image:width\" content=\"1080\" \/>\n\t<meta property=\"og:image:height\" content=\"1350\" \/>\n\t<meta property=\"og:image:type\" content=\"image\/jpeg\" \/>\n<meta name=\"twitter:card\" content=\"summary_large_image\" \/>\n<meta name=\"twitter:label1\" content=\"Est. reading time\" \/>\n\t<meta name=\"twitter:data1\" content=\"1 minute\" \/>\n<script type=\"application\/ld+json\" class=\"yoast-schema-graph\">{\"@context\":\"https:\/\/schema.org\",\"@graph\":[{\"@type\":\"WebPage\",\"@id\":\"https:\/\/tallinndesignhouse.com\/toode\/ridikul-treasure-box-laia-rihmaga\/\",\"url\":\"https:\/\/tallinndesignhouse.com\/toode\/ridikul-treasure-box-laia-rihmaga\/\",\"name\":\"Stella Soomlais Handbag Treasure Box with wide stap - Tallinn Design House\",\"isPartOf\":{\"@id\":\"https:\/\/tallinndesignhouse.com\/#website\"},\"primaryImageOfPage\":{\"@id\":\"https:\/\/tallinndesignhouse.com\/toode\/ridikul-treasure-box-laia-rihmaga\/#primaryimage\"},\"image\":{\"@id\":\"https:\/\/tallinndesignhouse.com\/toode\/ridikul-treasure-box-laia-rihmaga\/#primaryimage\"},\"thumbnailUrl\":\"https:\/\/tallinndesignhouse.com\/wp-content\/uploads\/2024\/03\/Stella-Soomlais-ridikul-Treasure-Box-laia-rihmaga2.jpg\",\"datePublished\":\"2024-03-14T12:20:09+00:00\",\"dateModified\":\"2026-05-01T22:04:16+00:00\",\"description\":\"Stella Soomlais ridik\u00fcl Treasure Box laia rihmaga. M\u00f5\u00f5dud: koti keha 24 x 16 x 9 cm. Rihma pikkus 120 cm, laius 2 cm.\",\"breadcrumb\":{\"@id\":\"https:\/\/tallinndesignhouse.com\/toode\/ridikul-treasure-box-laia-rihmaga\/#breadcrumb\"},\"inLanguage\":\"en-US\",\"potentialAction\":[{\"@type\":\"ReadAction\",\"target\":[\"https:\/\/tallinndesignhouse.com\/toode\/ridikul-treasure-box-laia-rihmaga\/\"]}]},{\"@type\":\"ImageObject\",\"inLanguage\":\"en-US\",\"@id\":\"https:\/\/tallinndesignhouse.com\/toode\/ridikul-treasure-box-laia-rihmaga\/#primaryimage\",\"url\":\"https:\/\/tallinndesignhouse.com\/wp-content\/uploads\/2024\/03\/Stella-Soomlais-ridikul-Treasure-Box-laia-rihmaga2.jpg\",\"contentUrl\":\"https:\/\/tallinndesignhouse.com\/wp-content\/uploads\/2024\/03\/Stella-Soomlais-ridikul-Treasure-Box-laia-rihmaga2.jpg\",\"width\":1080,\"height\":1350,\"caption\":\"Stella Soomlais ridiku\u0308l Treasure Box laia rihmaga2\"},{\"@type\":\"BreadcrumbList\",\"@id\":\"https:\/\/tallinndesignhouse.com\/toode\/ridikul-treasure-box-laia-rihmaga\/#breadcrumb\",\"itemListElement\":[{\"@type\":\"ListItem\",\"position\":1,\"name\":\"Home\",\"item\":\"https:\/\/tallinndesignhouse.com\/en\/\"},{\"@type\":\"ListItem\",\"position\":2,\"name\":\"Shop\",\"item\":\"https:\/\/tallinndesignhouse.com\/en\/shop\/\"},{\"@type\":\"ListItem\",\"position\":3,\"name\":\"Handbag Treasure Box with wide stap\"}]},{\"@type\":\"WebSite\",\"@id\":\"https:\/\/tallinndesignhouse.com\/#website\",\"url\":\"https:\/\/tallinndesignhouse.com\/\",\"name\":\"Tallinn Design House\",\"description\":\"Eesti disain Rotermanni kvartalis\",\"potentialAction\":[{\"@type\":\"SearchAction\",\"target\":{\"@type\":\"EntryPoint\",\"urlTemplate\":\"https:\/\/tallinndesignhouse.com\/?s={search_term_string}\"},\"query-input\":{\"@type\":\"PropertyValueSpecification\",\"valueRequired\":true,\"valueName\":\"search_term_string\"}}],\"inLanguage\":\"en-US\"}]}<\/script>\n<!-- \/ Yoast SEO plugin. -->","yoast_head_json":{"title":"Stella Soomlais Handbag Treasure Box with wide stap - Tallinn Design House","description":"Stella Soomlais ridik\u00fcl Treasure Box laia rihmaga. M\u00f5\u00f5dud: koti keha 24 x 16 x 9 cm. Rihma pikkus 120 cm, laius 2 cm.","robots":{"index":"index","follow":"follow","max-snippet":"max-snippet:-1","max-image-preview":"max-image-preview:large","max-video-preview":"max-video-preview:-1"},"canonical":"https:\/\/tallinndesignhouse.com\/toode\/ridikul-treasure-box-laia-rihmaga\/","og_locale":"en_US","og_type":"article","og_title":"Stella Soomlais Handbag Treasure Box with wide stap - Tallinn Design House","og_description":"Stella Soomlais ridik\u00fcl Treasure Box laia rihmaga. M\u00f5\u00f5dud: koti keha 24 x 16 x 9 cm. Rihma pikkus 120 cm, laius 2 cm.","og_url":"https:\/\/tallinndesignhouse.com\/toode\/ridikul-treasure-box-laia-rihmaga\/","og_site_name":"Tallinn Design House","article_modified_time":"2026-05-01T22:04:16+00:00","og_image":[{"width":1080,"height":1350,"url":"https:\/\/tallinndesignhouse.com\/wp-content\/uploads\/2024\/03\/Stella-Soomlais-ridikul-Treasure-Box-laia-rihmaga2.jpg","type":"image\/jpeg"}],"twitter_card":"summary_large_image","twitter_misc":{"Est. reading time":"1 minute"},"schema":{"@context":"https:\/\/schema.org","@graph":[{"@type":"WebPage","@id":"https:\/\/tallinndesignhouse.com\/toode\/ridikul-treasure-box-laia-rihmaga\/","url":"https:\/\/tallinndesignhouse.com\/toode\/ridikul-treasure-box-laia-rihmaga\/","name":"Stella Soomlais Handbag Treasure Box with wide stap - Tallinn Design House","isPartOf":{"@id":"https:\/\/tallinndesignhouse.com\/#website"},"primaryImageOfPage":{"@id":"https:\/\/tallinndesignhouse.com\/toode\/ridikul-treasure-box-laia-rihmaga\/#primaryimage"},"image":{"@id":"https:\/\/tallinndesignhouse.com\/toode\/ridikul-treasure-box-laia-rihmaga\/#primaryimage"},"thumbnailUrl":"https:\/\/tallinndesignhouse.com\/wp-content\/uploads\/2024\/03\/Stella-Soomlais-ridikul-Treasure-Box-laia-rihmaga2.jpg","datePublished":"2024-03-14T12:20:09+00:00","dateModified":"2026-05-01T22:04:16+00:00","description":"Stella Soomlais ridik\u00fcl Treasure Box laia rihmaga. M\u00f5\u00f5dud: koti keha 24 x 16 x 9 cm. Rihma pikkus 120 cm, laius 2 cm.","breadcrumb":{"@id":"https:\/\/tallinndesignhouse.com\/toode\/ridikul-treasure-box-laia-rihmaga\/#breadcrumb"},"inLanguage":"en-US","potentialAction":[{"@type":"ReadAction","target":["https:\/\/tallinndesignhouse.com\/toode\/ridikul-treasure-box-laia-rihmaga\/"]}]},{"@type":"ImageObject","inLanguage":"en-US","@id":"https:\/\/tallinndesignhouse.com\/toode\/ridikul-treasure-box-laia-rihmaga\/#primaryimage","url":"https:\/\/tallinndesignhouse.com\/wp-content\/uploads\/2024\/03\/Stella-Soomlais-ridikul-Treasure-Box-laia-rihmaga2.jpg","contentUrl":"https:\/\/tallinndesignhouse.com\/wp-content\/uploads\/2024\/03\/Stella-Soomlais-ridikul-Treasure-Box-laia-rihmaga2.jpg","width":1080,"height":1350,"caption":"Stella Soomlais ridiku\u0308l Treasure Box laia rihmaga2"},{"@type":"BreadcrumbList","@id":"https:\/\/tallinndesignhouse.com\/toode\/ridikul-treasure-box-laia-rihmaga\/#breadcrumb","itemListElement":[{"@type":"ListItem","position":1,"name":"Home","item":"https:\/\/tallinndesignhouse.com\/en\/"},{"@type":"ListItem","position":2,"name":"Shop","item":"https:\/\/tallinndesignhouse.com\/en\/shop\/"},{"@type":"ListItem","position":3,"name":"Handbag Treasure Box with wide stap"}]},{"@type":"WebSite","@id":"https:\/\/tallinndesignhouse.com\/#website","url":"https:\/\/tallinndesignhouse.com\/","name":"Tallinn Design House","description":"Eesti disain Rotermanni kvartalis","potentialAction":[{"@type":"SearchAction","target":{"@type":"EntryPoint","urlTemplate":"https:\/\/tallinndesignhouse.com\/?s={search_term_string}"},"query-input":{"@type":"PropertyValueSpecification","valueRequired":true,"valueName":"search_term_string"}}],"inLanguage":"en-US"}]}},"_links":{"self":[{"href":"https:\/\/tallinndesignhouse.com\/en\/wp-json\/wp\/v2\/product\/3339946","targetHints":{"allow":["GET"]}}],"collection":[{"href":"https:\/\/tallinndesignhouse.com\/en\/wp-json\/wp\/v2\/product"}],"about":[{"href":"https:\/\/tallinndesignhouse.com\/en\/wp-json\/wp\/v2\/types\/product"}],"wp:featuredmedia":[{"embeddable":true,"href":"https:\/\/tallinndesignhouse.com\/en\/wp-json\/wp\/v2\/media\/3339950"}],"wp:attachment":[{"href":"https:\/\/tallinndesignhouse.com\/en\/wp-json\/wp\/v2\/media?parent=3339946"}],"wp:term":[{"taxonomy":"product_brand","embeddable":true,"href":"https:\/\/tallinndesignhouse.com\/en\/wp-json\/wp\/v2\/product_brand?post=3339946"},{"taxonomy":"product_cat","embeddable":true,"href":"https:\/\/tallinndesignhouse.com\/en\/wp-json\/wp\/v2\/product_cat?post=3339946"},{"taxonomy":"product_tag","embeddable":true,"href":"https:\/\/tallinndesignhouse.com\/en\/wp-json\/wp\/v2\/product_tag?post=3339946"}],"curies":[{"name":"wp","href":"https:\/\/api.w.org\/{rel}","templated":true}]}}