{"id":3349247,"date":"2024-04-17T16:20:15","date_gmt":"2024-04-17T13:20:15","guid":{"rendered":"https:\/\/tallinndesignhouse.com\/toode\/pehmest-nahast-peavoru\/"},"modified":"2026-05-02T00:56:42","modified_gmt":"2026-05-01T21:56:42","slug":"pehmest-nahast-peavoru","status":"publish","type":"product","link":"https:\/\/tallinndesignhouse.com\/en\/toode\/pehmest-nahast-peavoru\/","title":{"rendered":"Soft leather headband"},"content":{"rendered":"<p>Soft leather headband by Gerda Retter. Measurements 2 cm x 41 cm.<\/p>\n","protected":false},"excerpt":{"rendered":"<p>Soft leather headband by Gerda Retter. Measurements 2 cm x 41 cm.<\/p>\n","protected":false},"featured_media":3349268,"template":"","meta":{"_acf_changed":false},"product_brand":[],"product_cat":[3296,1945],"product_tag":[2819],"class_list":{"0":"post-3349247","1":"product","2":"type-product","3":"status-publish","4":"has-post-thumbnail","6":"product_cat-accessories-en","7":"product_cat-other-accessories","8":"product_tag-women","9":"pa_brand-gerda-retter-design","11":"pa_kingiidee-yes-en","13":"pa_varv-caramel-en","14":"pa_varv-black-en","17":"pa_varv-beige-en","18":"pa_varv-old-pink-en","19":"pa_varv-brown-en","20":"pa_varv-peach-en","22":"pa_varv-white-en-en","25":"pa_varv-purple-en","26":"pa_varv-purpur-en","28":"pa_varv-dark-brown-en","29":"pa_varv-tumebeez-en","36":"first","37":"instock","38":"taxable","39":"shipping-taxable","40":"purchasable","41":"product-type-variable"},"acf":[],"yoast_head":"<!-- This site is optimized with the Yoast SEO plugin v26.0 - https:\/\/yoast.com\/wordpress\/plugins\/seo\/ -->\n<title>Gerda Retter Soft leather headband - Tallinn Design House<\/title>\n<meta name=\"description\" content=\"Gerda Retter pehmest nahast peav\u00f5ru. M\u00f5\u00f5dud: 2 m x 41 cm.\" \/>\n<meta name=\"robots\" content=\"index, follow, max-snippet:-1, max-image-preview:large, max-video-preview:-1\" \/>\n<link rel=\"canonical\" href=\"https:\/\/tallinndesignhouse.com\/toode\/pehmest-nahast-peavoru\/\" \/>\n<meta property=\"og:locale\" content=\"en_US\" \/>\n<meta property=\"og:type\" content=\"article\" \/>\n<meta property=\"og:title\" content=\"Gerda Retter Soft leather headband - Tallinn Design House\" \/>\n<meta property=\"og:description\" content=\"Gerda Retter pehmest nahast peav\u00f5ru. M\u00f5\u00f5dud: 2 m x 41 cm.\" \/>\n<meta property=\"og:url\" content=\"https:\/\/tallinndesignhouse.com\/toode\/pehmest-nahast-peavoru\/\" \/>\n<meta property=\"og:site_name\" content=\"Tallinn Design House\" \/>\n<meta property=\"article:modified_time\" content=\"2026-05-01T21:56:42+00:00\" \/>\n<meta property=\"og:image\" content=\"https:\/\/tallinndesignhouse.com\/wp-content\/uploads\/2024\/04\/Gerda-Retteri-nahast-peavoru.jpg\" \/>\n\t<meta property=\"og:image:width\" content=\"1080\" \/>\n\t<meta property=\"og:image:height\" content=\"1350\" \/>\n\t<meta property=\"og:image:type\" content=\"image\/jpeg\" \/>\n<meta name=\"twitter:card\" content=\"summary_large_image\" \/>\n<meta name=\"twitter:label1\" content=\"Est. reading time\" \/>\n\t<meta name=\"twitter:data1\" content=\"1 minute\" \/>\n<script type=\"application\/ld+json\" class=\"yoast-schema-graph\">{\"@context\":\"https:\/\/schema.org\",\"@graph\":[{\"@type\":\"WebPage\",\"@id\":\"https:\/\/tallinndesignhouse.com\/toode\/pehmest-nahast-peavoru\/\",\"url\":\"https:\/\/tallinndesignhouse.com\/toode\/pehmest-nahast-peavoru\/\",\"name\":\"Gerda Retter Soft leather headband - Tallinn Design House\",\"isPartOf\":{\"@id\":\"https:\/\/tallinndesignhouse.com\/#website\"},\"primaryImageOfPage\":{\"@id\":\"https:\/\/tallinndesignhouse.com\/toode\/pehmest-nahast-peavoru\/#primaryimage\"},\"image\":{\"@id\":\"https:\/\/tallinndesignhouse.com\/toode\/pehmest-nahast-peavoru\/#primaryimage\"},\"thumbnailUrl\":\"https:\/\/tallinndesignhouse.com\/wp-content\/uploads\/2024\/04\/Gerda-Retteri-nahast-peavoru.jpg\",\"datePublished\":\"2024-04-17T13:20:15+00:00\",\"dateModified\":\"2026-05-01T21:56:42+00:00\",\"description\":\"Gerda Retter pehmest nahast peav\u00f5ru. M\u00f5\u00f5dud: 2 m x 41 cm.\",\"breadcrumb\":{\"@id\":\"https:\/\/tallinndesignhouse.com\/toode\/pehmest-nahast-peavoru\/#breadcrumb\"},\"inLanguage\":\"en-US\",\"potentialAction\":[{\"@type\":\"ReadAction\",\"target\":[\"https:\/\/tallinndesignhouse.com\/toode\/pehmest-nahast-peavoru\/\"]}]},{\"@type\":\"ImageObject\",\"inLanguage\":\"en-US\",\"@id\":\"https:\/\/tallinndesignhouse.com\/toode\/pehmest-nahast-peavoru\/#primaryimage\",\"url\":\"https:\/\/tallinndesignhouse.com\/wp-content\/uploads\/2024\/04\/Gerda-Retteri-nahast-peavoru.jpg\",\"contentUrl\":\"https:\/\/tallinndesignhouse.com\/wp-content\/uploads\/2024\/04\/Gerda-Retteri-nahast-peavoru.jpg\",\"width\":1080,\"height\":1350,\"caption\":\"Gerda Retteri nahast peavo\u0303ru\"},{\"@type\":\"BreadcrumbList\",\"@id\":\"https:\/\/tallinndesignhouse.com\/toode\/pehmest-nahast-peavoru\/#breadcrumb\",\"itemListElement\":[{\"@type\":\"ListItem\",\"position\":1,\"name\":\"Home\",\"item\":\"https:\/\/tallinndesignhouse.com\/en\/\"},{\"@type\":\"ListItem\",\"position\":2,\"name\":\"Shop\",\"item\":\"https:\/\/tallinndesignhouse.com\/en\/shop\/\"},{\"@type\":\"ListItem\",\"position\":3,\"name\":\"Soft leather headband\"}]},{\"@type\":\"WebSite\",\"@id\":\"https:\/\/tallinndesignhouse.com\/#website\",\"url\":\"https:\/\/tallinndesignhouse.com\/\",\"name\":\"Tallinn Design House\",\"description\":\"Eesti disain Rotermanni kvartalis\",\"potentialAction\":[{\"@type\":\"SearchAction\",\"target\":{\"@type\":\"EntryPoint\",\"urlTemplate\":\"https:\/\/tallinndesignhouse.com\/?s={search_term_string}\"},\"query-input\":{\"@type\":\"PropertyValueSpecification\",\"valueRequired\":true,\"valueName\":\"search_term_string\"}}],\"inLanguage\":\"en-US\"}]}<\/script>\n<!-- \/ Yoast SEO plugin. -->","yoast_head_json":{"title":"Gerda Retter Soft leather headband - Tallinn Design House","description":"Gerda Retter pehmest nahast peav\u00f5ru. M\u00f5\u00f5dud: 2 m x 41 cm.","robots":{"index":"index","follow":"follow","max-snippet":"max-snippet:-1","max-image-preview":"max-image-preview:large","max-video-preview":"max-video-preview:-1"},"canonical":"https:\/\/tallinndesignhouse.com\/toode\/pehmest-nahast-peavoru\/","og_locale":"en_US","og_type":"article","og_title":"Gerda Retter Soft leather headband - Tallinn Design House","og_description":"Gerda Retter pehmest nahast peav\u00f5ru. M\u00f5\u00f5dud: 2 m x 41 cm.","og_url":"https:\/\/tallinndesignhouse.com\/toode\/pehmest-nahast-peavoru\/","og_site_name":"Tallinn Design House","article_modified_time":"2026-05-01T21:56:42+00:00","og_image":[{"width":1080,"height":1350,"url":"https:\/\/tallinndesignhouse.com\/wp-content\/uploads\/2024\/04\/Gerda-Retteri-nahast-peavoru.jpg","type":"image\/jpeg"}],"twitter_card":"summary_large_image","twitter_misc":{"Est. reading time":"1 minute"},"schema":{"@context":"https:\/\/schema.org","@graph":[{"@type":"WebPage","@id":"https:\/\/tallinndesignhouse.com\/toode\/pehmest-nahast-peavoru\/","url":"https:\/\/tallinndesignhouse.com\/toode\/pehmest-nahast-peavoru\/","name":"Gerda Retter Soft leather headband - Tallinn Design House","isPartOf":{"@id":"https:\/\/tallinndesignhouse.com\/#website"},"primaryImageOfPage":{"@id":"https:\/\/tallinndesignhouse.com\/toode\/pehmest-nahast-peavoru\/#primaryimage"},"image":{"@id":"https:\/\/tallinndesignhouse.com\/toode\/pehmest-nahast-peavoru\/#primaryimage"},"thumbnailUrl":"https:\/\/tallinndesignhouse.com\/wp-content\/uploads\/2024\/04\/Gerda-Retteri-nahast-peavoru.jpg","datePublished":"2024-04-17T13:20:15+00:00","dateModified":"2026-05-01T21:56:42+00:00","description":"Gerda Retter pehmest nahast peav\u00f5ru. M\u00f5\u00f5dud: 2 m x 41 cm.","breadcrumb":{"@id":"https:\/\/tallinndesignhouse.com\/toode\/pehmest-nahast-peavoru\/#breadcrumb"},"inLanguage":"en-US","potentialAction":[{"@type":"ReadAction","target":["https:\/\/tallinndesignhouse.com\/toode\/pehmest-nahast-peavoru\/"]}]},{"@type":"ImageObject","inLanguage":"en-US","@id":"https:\/\/tallinndesignhouse.com\/toode\/pehmest-nahast-peavoru\/#primaryimage","url":"https:\/\/tallinndesignhouse.com\/wp-content\/uploads\/2024\/04\/Gerda-Retteri-nahast-peavoru.jpg","contentUrl":"https:\/\/tallinndesignhouse.com\/wp-content\/uploads\/2024\/04\/Gerda-Retteri-nahast-peavoru.jpg","width":1080,"height":1350,"caption":"Gerda Retteri nahast peavo\u0303ru"},{"@type":"BreadcrumbList","@id":"https:\/\/tallinndesignhouse.com\/toode\/pehmest-nahast-peavoru\/#breadcrumb","itemListElement":[{"@type":"ListItem","position":1,"name":"Home","item":"https:\/\/tallinndesignhouse.com\/en\/"},{"@type":"ListItem","position":2,"name":"Shop","item":"https:\/\/tallinndesignhouse.com\/en\/shop\/"},{"@type":"ListItem","position":3,"name":"Soft leather headband"}]},{"@type":"WebSite","@id":"https:\/\/tallinndesignhouse.com\/#website","url":"https:\/\/tallinndesignhouse.com\/","name":"Tallinn Design House","description":"Eesti disain Rotermanni kvartalis","potentialAction":[{"@type":"SearchAction","target":{"@type":"EntryPoint","urlTemplate":"https:\/\/tallinndesignhouse.com\/?s={search_term_string}"},"query-input":{"@type":"PropertyValueSpecification","valueRequired":true,"valueName":"search_term_string"}}],"inLanguage":"en-US"}]}},"_links":{"self":[{"href":"https:\/\/tallinndesignhouse.com\/en\/wp-json\/wp\/v2\/product\/3349247","targetHints":{"allow":["GET"]}}],"collection":[{"href":"https:\/\/tallinndesignhouse.com\/en\/wp-json\/wp\/v2\/product"}],"about":[{"href":"https:\/\/tallinndesignhouse.com\/en\/wp-json\/wp\/v2\/types\/product"}],"wp:featuredmedia":[{"embeddable":true,"href":"https:\/\/tallinndesignhouse.com\/en\/wp-json\/wp\/v2\/media\/3349268"}],"wp:attachment":[{"href":"https:\/\/tallinndesignhouse.com\/en\/wp-json\/wp\/v2\/media?parent=3349247"}],"wp:term":[{"taxonomy":"product_brand","embeddable":true,"href":"https:\/\/tallinndesignhouse.com\/en\/wp-json\/wp\/v2\/product_brand?post=3349247"},{"taxonomy":"product_cat","embeddable":true,"href":"https:\/\/tallinndesignhouse.com\/en\/wp-json\/wp\/v2\/product_cat?post=3349247"},{"taxonomy":"product_tag","embeddable":true,"href":"https:\/\/tallinndesignhouse.com\/en\/wp-json\/wp\/v2\/product_tag?post=3349247"}],"curies":[{"name":"wp","href":"https:\/\/api.w.org\/{rel}","templated":true}]}}