{"id":3349577,"date":"2024-04-25T13:05:17","date_gmt":"2024-04-25T10:05:17","guid":{"rendered":"https:\/\/tallinndesignhouse.com\/toode\/meeste-naopesuvaht-150-ml\/"},"modified":"2026-05-03T00:57:02","modified_gmt":"2026-05-02T21:57:02","slug":"meeste-naopesuvaht-150-ml","status":"publish","type":"product","link":"https:\/\/tallinndesignhouse.com\/en\/toode\/meeste-naopesuvaht-150-ml\/","title":{"rendered":"Face Wash for Men 150 ml"},"content":{"rendered":"<p>A soap-free gentle and soft facial wash foam by JOIK cleanses the skin gently but effectively, without stripping its natural moisture. Skin-friendly coconut derived cleansing agents do not dry the skin and leave it feeling soft and hydrated. Organic aloe juice, water soluble olive oil and active ingredients based on amino acids and plant sugars soothe, moisturize and protect skin from moisture loss. Gently scented with a balsamic and woody scent with notes of bergamot, cedarwood, cardamom, vetiver and black pepper. Suitable for all skin types for use both AM and PM. 98.39 % natural origin of total. 11.85 % of the total ingredients are from organic farming. COSMOS NATURAL certified by Ecocert Greenlife according to COSMOS Standard. THIS PRODUCT IS VEGAN. INCI: Aqua, Aloe Barbadensis Leaf Juice*, Trehalose, Sodium Cocoamphoacetate, Alcohol**, Glycerin**, Maltodextrin, Sucrose Cocoate, Cocamidopropyl Betaine, Hydrogenated Lecithin, Sodium Levulinate, Sodium PCA, Mentha Viridis Leaf Oil, Camellia Sinensis Leaf Extract, Sodium Benzoate, Betula Alba Leaf Extract*, PCA Glyceryl Oleate, Limonene, Potassium Sorbate, Sodium Chloride. * ingredient from organic farming. ** made using organic ingredients.<\/p>\n","protected":false},"excerpt":{"rendered":"<p>A soap-free gentle and soft facial wash foam by JOIK cleanses the skin gently but effectively, without stripping its natural moisture. Skin-friendly coconut derived cleansing agents do not dry the skin and leave it feeling soft and hydrated. Organic aloe juice, water soluble olive oil and active ingredients based on amino acids and plant sugars [&hellip;]<\/p>\n","protected":false},"featured_media":3349551,"template":"","meta":{"_acf_changed":false},"product_brand":[],"product_cat":[882],"product_tag":[2820],"class_list":{"0":"post-3349577","1":"product","2":"type-product","3":"status-publish","4":"has-post-thumbnail","6":"product_cat-nagu","7":"product_tag-mehed","8":"pa_brand-joik","9":"pa_brand-joik-en","10":"pa_kingiidee-jah","11":"pa_kingiidee-yes-en","13":"first","14":"instock","15":"taxable","16":"shipping-taxable","17":"purchasable","18":"product-type-simple"},"acf":[],"yoast_head":"<!-- This site is optimized with the Yoast SEO plugin v26.0 - https:\/\/yoast.com\/wordpress\/plugins\/seo\/ -->\n<title>JOIK Face Wash for Men 150 ml - Tallinn Design House<\/title>\n<meta name=\"description\" content=\"JOIK meeste n\u00e4opesuvaht 150 ml. JOIKi seebivaba n\u00e4opesuvaht on rikkaliku pehme vahuga ning puhastab naha \u00f5rnalt, ilma seda kuivatamata.\" \/>\n<meta name=\"robots\" content=\"index, follow, max-snippet:-1, max-image-preview:large, max-video-preview:-1\" \/>\n<link rel=\"canonical\" href=\"https:\/\/tallinndesignhouse.com\/toode\/meeste-naopesuvaht-150-ml\/\" \/>\n<meta property=\"og:locale\" content=\"en_US\" \/>\n<meta property=\"og:type\" content=\"article\" \/>\n<meta property=\"og:title\" content=\"JOIK Face Wash for Men 150 ml - Tallinn Design House\" \/>\n<meta property=\"og:description\" content=\"JOIK meeste n\u00e4opesuvaht 150 ml. JOIKi seebivaba n\u00e4opesuvaht on rikkaliku pehme vahuga ning puhastab naha \u00f5rnalt, ilma seda kuivatamata.\" \/>\n<meta property=\"og:url\" content=\"https:\/\/tallinndesignhouse.com\/toode\/meeste-naopesuvaht-150-ml\/\" \/>\n<meta property=\"og:site_name\" content=\"Tallinn Design House\" \/>\n<meta property=\"article:modified_time\" content=\"2026-05-02T21:57:02+00:00\" \/>\n<meta property=\"og:image\" content=\"https:\/\/tallinndesignhouse.com\/wp-content\/uploads\/2024\/04\/JOIK-meeste-naopesuvaht-150-ml-.jpg\" \/>\n\t<meta property=\"og:image:width\" content=\"1080\" \/>\n\t<meta property=\"og:image:height\" content=\"1350\" \/>\n\t<meta property=\"og:image:type\" content=\"image\/jpeg\" \/>\n<meta name=\"twitter:card\" content=\"summary_large_image\" \/>\n<meta name=\"twitter:label1\" content=\"Est. reading time\" \/>\n\t<meta name=\"twitter:data1\" content=\"1 minute\" \/>\n<script type=\"application\/ld+json\" class=\"yoast-schema-graph\">{\"@context\":\"https:\/\/schema.org\",\"@graph\":[{\"@type\":\"WebPage\",\"@id\":\"https:\/\/tallinndesignhouse.com\/toode\/meeste-naopesuvaht-150-ml\/\",\"url\":\"https:\/\/tallinndesignhouse.com\/toode\/meeste-naopesuvaht-150-ml\/\",\"name\":\"JOIK Face Wash for Men 150 ml - Tallinn Design House\",\"isPartOf\":{\"@id\":\"https:\/\/tallinndesignhouse.com\/#website\"},\"primaryImageOfPage\":{\"@id\":\"https:\/\/tallinndesignhouse.com\/toode\/meeste-naopesuvaht-150-ml\/#primaryimage\"},\"image\":{\"@id\":\"https:\/\/tallinndesignhouse.com\/toode\/meeste-naopesuvaht-150-ml\/#primaryimage\"},\"thumbnailUrl\":\"https:\/\/tallinndesignhouse.com\/wp-content\/uploads\/2024\/04\/JOIK-meeste-naopesuvaht-150-ml-.jpg\",\"datePublished\":\"2024-04-25T10:05:17+00:00\",\"dateModified\":\"2026-05-02T21:57:02+00:00\",\"description\":\"JOIK meeste n\u00e4opesuvaht 150 ml. JOIKi seebivaba n\u00e4opesuvaht on rikkaliku pehme vahuga ning puhastab naha \u00f5rnalt, ilma seda kuivatamata.\",\"breadcrumb\":{\"@id\":\"https:\/\/tallinndesignhouse.com\/toode\/meeste-naopesuvaht-150-ml\/#breadcrumb\"},\"inLanguage\":\"en-US\",\"potentialAction\":[{\"@type\":\"ReadAction\",\"target\":[\"https:\/\/tallinndesignhouse.com\/toode\/meeste-naopesuvaht-150-ml\/\"]}]},{\"@type\":\"ImageObject\",\"inLanguage\":\"en-US\",\"@id\":\"https:\/\/tallinndesignhouse.com\/toode\/meeste-naopesuvaht-150-ml\/#primaryimage\",\"url\":\"https:\/\/tallinndesignhouse.com\/wp-content\/uploads\/2024\/04\/JOIK-meeste-naopesuvaht-150-ml-.jpg\",\"contentUrl\":\"https:\/\/tallinndesignhouse.com\/wp-content\/uploads\/2024\/04\/JOIK-meeste-naopesuvaht-150-ml-.jpg\",\"width\":1080,\"height\":1350,\"caption\":\"JOIK meeste na\u0308opesuvaht 150 ml\"},{\"@type\":\"BreadcrumbList\",\"@id\":\"https:\/\/tallinndesignhouse.com\/toode\/meeste-naopesuvaht-150-ml\/#breadcrumb\",\"itemListElement\":[{\"@type\":\"ListItem\",\"position\":1,\"name\":\"Home\",\"item\":\"https:\/\/tallinndesignhouse.com\/en\/\"},{\"@type\":\"ListItem\",\"position\":2,\"name\":\"Shop\",\"item\":\"https:\/\/tallinndesignhouse.com\/en\/shop\/\"},{\"@type\":\"ListItem\",\"position\":3,\"name\":\"Face Wash for Men 150 ml\"}]},{\"@type\":\"WebSite\",\"@id\":\"https:\/\/tallinndesignhouse.com\/#website\",\"url\":\"https:\/\/tallinndesignhouse.com\/\",\"name\":\"Tallinn Design House\",\"description\":\"Eesti disain Rotermanni kvartalis\",\"potentialAction\":[{\"@type\":\"SearchAction\",\"target\":{\"@type\":\"EntryPoint\",\"urlTemplate\":\"https:\/\/tallinndesignhouse.com\/?s={search_term_string}\"},\"query-input\":{\"@type\":\"PropertyValueSpecification\",\"valueRequired\":true,\"valueName\":\"search_term_string\"}}],\"inLanguage\":\"en-US\"}]}<\/script>\n<!-- \/ Yoast SEO plugin. -->","yoast_head_json":{"title":"JOIK Face Wash for Men 150 ml - Tallinn Design House","description":"JOIK meeste n\u00e4opesuvaht 150 ml. JOIKi seebivaba n\u00e4opesuvaht on rikkaliku pehme vahuga ning puhastab naha \u00f5rnalt, ilma seda kuivatamata.","robots":{"index":"index","follow":"follow","max-snippet":"max-snippet:-1","max-image-preview":"max-image-preview:large","max-video-preview":"max-video-preview:-1"},"canonical":"https:\/\/tallinndesignhouse.com\/toode\/meeste-naopesuvaht-150-ml\/","og_locale":"en_US","og_type":"article","og_title":"JOIK Face Wash for Men 150 ml - Tallinn Design House","og_description":"JOIK meeste n\u00e4opesuvaht 150 ml. JOIKi seebivaba n\u00e4opesuvaht on rikkaliku pehme vahuga ning puhastab naha \u00f5rnalt, ilma seda kuivatamata.","og_url":"https:\/\/tallinndesignhouse.com\/toode\/meeste-naopesuvaht-150-ml\/","og_site_name":"Tallinn Design House","article_modified_time":"2026-05-02T21:57:02+00:00","og_image":[{"width":1080,"height":1350,"url":"https:\/\/tallinndesignhouse.com\/wp-content\/uploads\/2024\/04\/JOIK-meeste-naopesuvaht-150-ml-.jpg","type":"image\/jpeg"}],"twitter_card":"summary_large_image","twitter_misc":{"Est. reading time":"1 minute"},"schema":{"@context":"https:\/\/schema.org","@graph":[{"@type":"WebPage","@id":"https:\/\/tallinndesignhouse.com\/toode\/meeste-naopesuvaht-150-ml\/","url":"https:\/\/tallinndesignhouse.com\/toode\/meeste-naopesuvaht-150-ml\/","name":"JOIK Face Wash for Men 150 ml - Tallinn Design House","isPartOf":{"@id":"https:\/\/tallinndesignhouse.com\/#website"},"primaryImageOfPage":{"@id":"https:\/\/tallinndesignhouse.com\/toode\/meeste-naopesuvaht-150-ml\/#primaryimage"},"image":{"@id":"https:\/\/tallinndesignhouse.com\/toode\/meeste-naopesuvaht-150-ml\/#primaryimage"},"thumbnailUrl":"https:\/\/tallinndesignhouse.com\/wp-content\/uploads\/2024\/04\/JOIK-meeste-naopesuvaht-150-ml-.jpg","datePublished":"2024-04-25T10:05:17+00:00","dateModified":"2026-05-02T21:57:02+00:00","description":"JOIK meeste n\u00e4opesuvaht 150 ml. JOIKi seebivaba n\u00e4opesuvaht on rikkaliku pehme vahuga ning puhastab naha \u00f5rnalt, ilma seda kuivatamata.","breadcrumb":{"@id":"https:\/\/tallinndesignhouse.com\/toode\/meeste-naopesuvaht-150-ml\/#breadcrumb"},"inLanguage":"en-US","potentialAction":[{"@type":"ReadAction","target":["https:\/\/tallinndesignhouse.com\/toode\/meeste-naopesuvaht-150-ml\/"]}]},{"@type":"ImageObject","inLanguage":"en-US","@id":"https:\/\/tallinndesignhouse.com\/toode\/meeste-naopesuvaht-150-ml\/#primaryimage","url":"https:\/\/tallinndesignhouse.com\/wp-content\/uploads\/2024\/04\/JOIK-meeste-naopesuvaht-150-ml-.jpg","contentUrl":"https:\/\/tallinndesignhouse.com\/wp-content\/uploads\/2024\/04\/JOIK-meeste-naopesuvaht-150-ml-.jpg","width":1080,"height":1350,"caption":"JOIK meeste na\u0308opesuvaht 150 ml"},{"@type":"BreadcrumbList","@id":"https:\/\/tallinndesignhouse.com\/toode\/meeste-naopesuvaht-150-ml\/#breadcrumb","itemListElement":[{"@type":"ListItem","position":1,"name":"Home","item":"https:\/\/tallinndesignhouse.com\/en\/"},{"@type":"ListItem","position":2,"name":"Shop","item":"https:\/\/tallinndesignhouse.com\/en\/shop\/"},{"@type":"ListItem","position":3,"name":"Face Wash for Men 150 ml"}]},{"@type":"WebSite","@id":"https:\/\/tallinndesignhouse.com\/#website","url":"https:\/\/tallinndesignhouse.com\/","name":"Tallinn Design House","description":"Eesti disain Rotermanni kvartalis","potentialAction":[{"@type":"SearchAction","target":{"@type":"EntryPoint","urlTemplate":"https:\/\/tallinndesignhouse.com\/?s={search_term_string}"},"query-input":{"@type":"PropertyValueSpecification","valueRequired":true,"valueName":"search_term_string"}}],"inLanguage":"en-US"}]}},"_links":{"self":[{"href":"https:\/\/tallinndesignhouse.com\/en\/wp-json\/wp\/v2\/product\/3349577","targetHints":{"allow":["GET"]}}],"collection":[{"href":"https:\/\/tallinndesignhouse.com\/en\/wp-json\/wp\/v2\/product"}],"about":[{"href":"https:\/\/tallinndesignhouse.com\/en\/wp-json\/wp\/v2\/types\/product"}],"wp:featuredmedia":[{"embeddable":true,"href":"https:\/\/tallinndesignhouse.com\/en\/wp-json\/wp\/v2\/media\/3349551"}],"wp:attachment":[{"href":"https:\/\/tallinndesignhouse.com\/en\/wp-json\/wp\/v2\/media?parent=3349577"}],"wp:term":[{"taxonomy":"product_brand","embeddable":true,"href":"https:\/\/tallinndesignhouse.com\/en\/wp-json\/wp\/v2\/product_brand?post=3349577"},{"taxonomy":"product_cat","embeddable":true,"href":"https:\/\/tallinndesignhouse.com\/en\/wp-json\/wp\/v2\/product_cat?post=3349577"},{"taxonomy":"product_tag","embeddable":true,"href":"https:\/\/tallinndesignhouse.com\/en\/wp-json\/wp\/v2\/product_tag?post=3349577"}],"curies":[{"name":"wp","href":"https:\/\/api.w.org\/{rel}","templated":true}]}}