{"id":3349579,"date":"2024-04-25T13:05:22","date_gmt":"2024-04-25T10:05:22","guid":{"rendered":"https:\/\/tallinndesignhouse.com\/toode\/superniisutav-katekreem-meestele-50-ml\/"},"modified":"2026-05-03T00:57:04","modified_gmt":"2026-05-02T21:57:04","slug":"superniisutav-katekreem-meestele-50-ml","status":"publish","type":"product","link":"https:\/\/tallinndesignhouse.com\/en\/toode\/superniisutav-katekreem-meestele-50-ml\/","title":{"rendered":"Super Moisturising hand cream for Men 50 ml"},"content":{"rendered":"<p>Highly moisturizing hand cream by JOIK with a unique rich texture, that melts into skin and leaves hands velvety. A soft cream is enriched with organic olive oil, jojoba oil, hemp seed oil and plant glycerin that nurture the skin, relieve rough skin prone to redness and protect skin from moisture loss. Milt thistle and algae extracts soothe and help to relieve skin irritation. Delicately scented with a balsamic and woody scent with notes of bergamot, cedarwood, cardamom, vetiver and black pepper. 99.76% natural origin of total. 27.82% of the total ingredients are from organic farming. COSMOS NATURAL certified by Ecocert Greenlife according to COSMOS Standard. THIS PRODUCT IS VEGAN. INCI: Aqua, Coco-Caprylate\/Caprate, Aloe Barbadensis Leaf Juice*, Butyrospermum Parkii Butter*, Olea Europaea Fruit Oil*, Polyglyceryl-3 Polyricinoleate, Glycerin**, Simmondsia Chinensis Seed Oil*, Cannabis Sativa Seed Oil*, Oryza Sativa Bran Wax, Magnesium Sulphate, Caprylic\/Capric Triglyceride, Hydrogenated Rapeseed Oil, Propanediol, Enteromorpha Compressa Extract, Silybum Marianum Fruit Extract, Ocimum Sanctum Leaf Extract, Tocopherol, Parfum, Glyceryl Caprylate, Helianthus Annuus Seed Oil Sodium Benzoate, Sodium Levulinate, Sodium Phytate Potassium Sorbate, Alcohol, Citric Acid, Linalyl Acetate, Vanillin, Juniperus Virginiana Oil, Pogostemon Cablin Oil. * ingredient from organic farming. ** made using organic ingredients.<\/p>\n","protected":false},"excerpt":{"rendered":"<p>Highly moisturizing hand cream by JOIK with a unique rich texture, that melts into skin and leaves hands velvety. A soft cream is enriched with organic olive oil, jojoba oil, hemp seed oil and plant glycerin that nurture the skin, relieve rough skin prone to redness and protect skin from moisture loss. Milt thistle and [&hellip;]<\/p>\n","protected":false},"featured_media":3349559,"template":"","meta":{"_acf_changed":false},"product_brand":[],"product_cat":[882],"product_tag":[2820],"class_list":{"0":"post-3349579","1":"product","2":"type-product","3":"status-publish","4":"has-post-thumbnail","6":"product_cat-nagu","7":"product_tag-mehed","8":"pa_brand-joik","9":"pa_brand-joik-en","11":"first","12":"instock","13":"taxable","14":"shipping-taxable","15":"purchasable","16":"product-type-simple"},"acf":[],"yoast_head":"<!-- This site is optimized with the Yoast SEO plugin v26.0 - https:\/\/yoast.com\/wordpress\/plugins\/seo\/ -->\n<title>JOIK Super Moisturising hand cream for Men 50 ml - Tallinn Design House<\/title>\n<meta name=\"description\" content=\"JOIK superniisutav k\u00e4tekreem meestele 50 ml. T\u00f5husalt niisutav k\u00e4tekreem on rikkaliku koostisega, kuid imendub nahale masseerides sametiseks kaitsekihiks.\" \/>\n<meta name=\"robots\" content=\"index, follow, max-snippet:-1, max-image-preview:large, max-video-preview:-1\" \/>\n<link rel=\"canonical\" href=\"https:\/\/tallinndesignhouse.com\/toode\/superniisutav-katekreem-meestele-50-ml\/\" \/>\n<meta property=\"og:locale\" content=\"en_US\" \/>\n<meta property=\"og:type\" content=\"article\" \/>\n<meta property=\"og:title\" content=\"JOIK Super Moisturising hand cream for Men 50 ml - Tallinn Design House\" \/>\n<meta property=\"og:description\" content=\"JOIK superniisutav k\u00e4tekreem meestele 50 ml. T\u00f5husalt niisutav k\u00e4tekreem on rikkaliku koostisega, kuid imendub nahale masseerides sametiseks kaitsekihiks.\" \/>\n<meta property=\"og:url\" content=\"https:\/\/tallinndesignhouse.com\/toode\/superniisutav-katekreem-meestele-50-ml\/\" \/>\n<meta property=\"og:site_name\" content=\"Tallinn Design House\" \/>\n<meta property=\"article:modified_time\" content=\"2026-05-02T21:57:04+00:00\" \/>\n<meta property=\"og:image\" content=\"https:\/\/tallinndesignhouse.com\/wp-content\/uploads\/2024\/04\/JOIK-superniisutav-katekreem-meestele-50-ml-.jpg\" \/>\n\t<meta property=\"og:image:width\" content=\"1080\" \/>\n\t<meta property=\"og:image:height\" content=\"1350\" \/>\n\t<meta property=\"og:image:type\" content=\"image\/jpeg\" \/>\n<meta name=\"twitter:card\" content=\"summary_large_image\" \/>\n<meta name=\"twitter:label1\" content=\"Est. reading time\" \/>\n\t<meta name=\"twitter:data1\" content=\"1 minute\" \/>\n<script type=\"application\/ld+json\" class=\"yoast-schema-graph\">{\"@context\":\"https:\/\/schema.org\",\"@graph\":[{\"@type\":\"WebPage\",\"@id\":\"https:\/\/tallinndesignhouse.com\/toode\/superniisutav-katekreem-meestele-50-ml\/\",\"url\":\"https:\/\/tallinndesignhouse.com\/toode\/superniisutav-katekreem-meestele-50-ml\/\",\"name\":\"JOIK Super Moisturising hand cream for Men 50 ml - Tallinn Design House\",\"isPartOf\":{\"@id\":\"https:\/\/tallinndesignhouse.com\/#website\"},\"primaryImageOfPage\":{\"@id\":\"https:\/\/tallinndesignhouse.com\/toode\/superniisutav-katekreem-meestele-50-ml\/#primaryimage\"},\"image\":{\"@id\":\"https:\/\/tallinndesignhouse.com\/toode\/superniisutav-katekreem-meestele-50-ml\/#primaryimage\"},\"thumbnailUrl\":\"https:\/\/tallinndesignhouse.com\/wp-content\/uploads\/2024\/04\/JOIK-superniisutav-katekreem-meestele-50-ml-.jpg\",\"datePublished\":\"2024-04-25T10:05:22+00:00\",\"dateModified\":\"2026-05-02T21:57:04+00:00\",\"description\":\"JOIK superniisutav k\u00e4tekreem meestele 50 ml. T\u00f5husalt niisutav k\u00e4tekreem on rikkaliku koostisega, kuid imendub nahale masseerides sametiseks kaitsekihiks.\",\"breadcrumb\":{\"@id\":\"https:\/\/tallinndesignhouse.com\/toode\/superniisutav-katekreem-meestele-50-ml\/#breadcrumb\"},\"inLanguage\":\"en-US\",\"potentialAction\":[{\"@type\":\"ReadAction\",\"target\":[\"https:\/\/tallinndesignhouse.com\/toode\/superniisutav-katekreem-meestele-50-ml\/\"]}]},{\"@type\":\"ImageObject\",\"inLanguage\":\"en-US\",\"@id\":\"https:\/\/tallinndesignhouse.com\/toode\/superniisutav-katekreem-meestele-50-ml\/#primaryimage\",\"url\":\"https:\/\/tallinndesignhouse.com\/wp-content\/uploads\/2024\/04\/JOIK-superniisutav-katekreem-meestele-50-ml-.jpg\",\"contentUrl\":\"https:\/\/tallinndesignhouse.com\/wp-content\/uploads\/2024\/04\/JOIK-superniisutav-katekreem-meestele-50-ml-.jpg\",\"width\":1080,\"height\":1350,\"caption\":\"JOIK superniisutav ka\u0308tekreem meestele 50 ml\"},{\"@type\":\"BreadcrumbList\",\"@id\":\"https:\/\/tallinndesignhouse.com\/toode\/superniisutav-katekreem-meestele-50-ml\/#breadcrumb\",\"itemListElement\":[{\"@type\":\"ListItem\",\"position\":1,\"name\":\"Home\",\"item\":\"https:\/\/tallinndesignhouse.com\/en\/\"},{\"@type\":\"ListItem\",\"position\":2,\"name\":\"Shop\",\"item\":\"https:\/\/tallinndesignhouse.com\/en\/shop\/\"},{\"@type\":\"ListItem\",\"position\":3,\"name\":\"Super Moisturising hand cream for Men 50 ml\"}]},{\"@type\":\"WebSite\",\"@id\":\"https:\/\/tallinndesignhouse.com\/#website\",\"url\":\"https:\/\/tallinndesignhouse.com\/\",\"name\":\"Tallinn Design House\",\"description\":\"Eesti disain Rotermanni kvartalis\",\"potentialAction\":[{\"@type\":\"SearchAction\",\"target\":{\"@type\":\"EntryPoint\",\"urlTemplate\":\"https:\/\/tallinndesignhouse.com\/?s={search_term_string}\"},\"query-input\":{\"@type\":\"PropertyValueSpecification\",\"valueRequired\":true,\"valueName\":\"search_term_string\"}}],\"inLanguage\":\"en-US\"}]}<\/script>\n<!-- \/ Yoast SEO plugin. -->","yoast_head_json":{"title":"JOIK Super Moisturising hand cream for Men 50 ml - Tallinn Design House","description":"JOIK superniisutav k\u00e4tekreem meestele 50 ml. T\u00f5husalt niisutav k\u00e4tekreem on rikkaliku koostisega, kuid imendub nahale masseerides sametiseks kaitsekihiks.","robots":{"index":"index","follow":"follow","max-snippet":"max-snippet:-1","max-image-preview":"max-image-preview:large","max-video-preview":"max-video-preview:-1"},"canonical":"https:\/\/tallinndesignhouse.com\/toode\/superniisutav-katekreem-meestele-50-ml\/","og_locale":"en_US","og_type":"article","og_title":"JOIK Super Moisturising hand cream for Men 50 ml - Tallinn Design House","og_description":"JOIK superniisutav k\u00e4tekreem meestele 50 ml. T\u00f5husalt niisutav k\u00e4tekreem on rikkaliku koostisega, kuid imendub nahale masseerides sametiseks kaitsekihiks.","og_url":"https:\/\/tallinndesignhouse.com\/toode\/superniisutav-katekreem-meestele-50-ml\/","og_site_name":"Tallinn Design House","article_modified_time":"2026-05-02T21:57:04+00:00","og_image":[{"width":1080,"height":1350,"url":"https:\/\/tallinndesignhouse.com\/wp-content\/uploads\/2024\/04\/JOIK-superniisutav-katekreem-meestele-50-ml-.jpg","type":"image\/jpeg"}],"twitter_card":"summary_large_image","twitter_misc":{"Est. reading time":"1 minute"},"schema":{"@context":"https:\/\/schema.org","@graph":[{"@type":"WebPage","@id":"https:\/\/tallinndesignhouse.com\/toode\/superniisutav-katekreem-meestele-50-ml\/","url":"https:\/\/tallinndesignhouse.com\/toode\/superniisutav-katekreem-meestele-50-ml\/","name":"JOIK Super Moisturising hand cream for Men 50 ml - Tallinn Design House","isPartOf":{"@id":"https:\/\/tallinndesignhouse.com\/#website"},"primaryImageOfPage":{"@id":"https:\/\/tallinndesignhouse.com\/toode\/superniisutav-katekreem-meestele-50-ml\/#primaryimage"},"image":{"@id":"https:\/\/tallinndesignhouse.com\/toode\/superniisutav-katekreem-meestele-50-ml\/#primaryimage"},"thumbnailUrl":"https:\/\/tallinndesignhouse.com\/wp-content\/uploads\/2024\/04\/JOIK-superniisutav-katekreem-meestele-50-ml-.jpg","datePublished":"2024-04-25T10:05:22+00:00","dateModified":"2026-05-02T21:57:04+00:00","description":"JOIK superniisutav k\u00e4tekreem meestele 50 ml. T\u00f5husalt niisutav k\u00e4tekreem on rikkaliku koostisega, kuid imendub nahale masseerides sametiseks kaitsekihiks.","breadcrumb":{"@id":"https:\/\/tallinndesignhouse.com\/toode\/superniisutav-katekreem-meestele-50-ml\/#breadcrumb"},"inLanguage":"en-US","potentialAction":[{"@type":"ReadAction","target":["https:\/\/tallinndesignhouse.com\/toode\/superniisutav-katekreem-meestele-50-ml\/"]}]},{"@type":"ImageObject","inLanguage":"en-US","@id":"https:\/\/tallinndesignhouse.com\/toode\/superniisutav-katekreem-meestele-50-ml\/#primaryimage","url":"https:\/\/tallinndesignhouse.com\/wp-content\/uploads\/2024\/04\/JOIK-superniisutav-katekreem-meestele-50-ml-.jpg","contentUrl":"https:\/\/tallinndesignhouse.com\/wp-content\/uploads\/2024\/04\/JOIK-superniisutav-katekreem-meestele-50-ml-.jpg","width":1080,"height":1350,"caption":"JOIK superniisutav ka\u0308tekreem meestele 50 ml"},{"@type":"BreadcrumbList","@id":"https:\/\/tallinndesignhouse.com\/toode\/superniisutav-katekreem-meestele-50-ml\/#breadcrumb","itemListElement":[{"@type":"ListItem","position":1,"name":"Home","item":"https:\/\/tallinndesignhouse.com\/en\/"},{"@type":"ListItem","position":2,"name":"Shop","item":"https:\/\/tallinndesignhouse.com\/en\/shop\/"},{"@type":"ListItem","position":3,"name":"Super Moisturising hand cream for Men 50 ml"}]},{"@type":"WebSite","@id":"https:\/\/tallinndesignhouse.com\/#website","url":"https:\/\/tallinndesignhouse.com\/","name":"Tallinn Design House","description":"Eesti disain Rotermanni kvartalis","potentialAction":[{"@type":"SearchAction","target":{"@type":"EntryPoint","urlTemplate":"https:\/\/tallinndesignhouse.com\/?s={search_term_string}"},"query-input":{"@type":"PropertyValueSpecification","valueRequired":true,"valueName":"search_term_string"}}],"inLanguage":"en-US"}]}},"_links":{"self":[{"href":"https:\/\/tallinndesignhouse.com\/en\/wp-json\/wp\/v2\/product\/3349579","targetHints":{"allow":["GET"]}}],"collection":[{"href":"https:\/\/tallinndesignhouse.com\/en\/wp-json\/wp\/v2\/product"}],"about":[{"href":"https:\/\/tallinndesignhouse.com\/en\/wp-json\/wp\/v2\/types\/product"}],"wp:featuredmedia":[{"embeddable":true,"href":"https:\/\/tallinndesignhouse.com\/en\/wp-json\/wp\/v2\/media\/3349559"}],"wp:attachment":[{"href":"https:\/\/tallinndesignhouse.com\/en\/wp-json\/wp\/v2\/media?parent=3349579"}],"wp:term":[{"taxonomy":"product_brand","embeddable":true,"href":"https:\/\/tallinndesignhouse.com\/en\/wp-json\/wp\/v2\/product_brand?post=3349579"},{"taxonomy":"product_cat","embeddable":true,"href":"https:\/\/tallinndesignhouse.com\/en\/wp-json\/wp\/v2\/product_cat?post=3349579"},{"taxonomy":"product_tag","embeddable":true,"href":"https:\/\/tallinndesignhouse.com\/en\/wp-json\/wp\/v2\/product_tag?post=3349579"}],"curies":[{"name":"wp","href":"https:\/\/api.w.org\/{rel}","templated":true}]}}