{"id":3349587,"date":"2024-04-25T13:50:20","date_gmt":"2024-04-25T10:50:20","guid":{"rendered":"https:\/\/tallinndesignhouse.com\/toode\/dusigeel-aprikoos-ja-freesia-200-ml\/"},"modified":"2026-05-03T00:57:04","modified_gmt":"2026-05-02T21:57:04","slug":"dusigeel-aprikoos-ja-freesia-200-ml","status":"publish","type":"product","link":"https:\/\/tallinndesignhouse.com\/en\/toode\/dusigeel-aprikoos-ja-freesia-200-ml\/","title":{"rendered":"Apricot &#038; Freesia shower gel 200 ml"},"content":{"rendered":"<p>Apricot and freesia special collection is inspired by Pantone color of the year 2024- peach fuzz. Apricot and freesia scented sulfate free shower gel by JOIK is enriched with vegetable glycerin, betaine and water soluble olive oil. It cleanses the skin gently, leaving it soft and moisturized. Cleans effectively but gently without drying the skin. Vegetable glycerin and water soluble olive oil moisturize the skin. Betaine helps retain moisture in the skin. With a fruity-fresh smell. INCI: Aqua, Cocamidopropyl Betaine, Sodium Cocoamphoacetate, Olive Oil Polyglyceryl-4 Esters, Glycerin, Betaine, Xanthan Gum, Parfum, Sodium Benzoate, Potassium Sorbate, Citric Acid.<\/p>\n","protected":false},"excerpt":{"rendered":"<p>Apricot and freesia special collection is inspired by Pantone color of the year 2024- peach fuzz. Apricot and freesia scented sulfate free shower gel by JOIK is enriched with vegetable glycerin, betaine and water soluble olive oil. It cleanses the skin gently, leaving it soft and moisturized. Cleans effectively but gently without drying the skin. [&hellip;]<\/p>\n","protected":false},"featured_media":3349601,"template":"","meta":{"_acf_changed":false},"product_brand":[],"product_cat":[871],"product_tag":[2818],"class_list":{"0":"post-3349587","1":"product","2":"type-product","3":"status-publish","4":"has-post-thumbnail","6":"product_cat-keha","7":"product_tag-naised","8":"pa_brand-joik","9":"pa_brand-joik-en","11":"first","12":"instock","13":"taxable","14":"shipping-taxable","15":"purchasable","16":"product-type-simple"},"acf":[],"yoast_head":"<!-- This site is optimized with the Yoast SEO plugin v26.0 - https:\/\/yoast.com\/wordpress\/plugins\/seo\/ -->\n<title>JOIK Apricot &amp; Freesia shower gel 200 ml - Tallinn Design House<\/title>\n<meta name=\"description\" content=\"JOIK du\u0161igeel aprikoos ja freesia 200 ml. JOIKi aprikoosi ja freesia maheda l\u00f5hnaga sulfaadivaba du\u0161igeel puhastab efektselt, kuid on \u00f5rn nahale.\" \/>\n<meta name=\"robots\" content=\"index, follow, max-snippet:-1, max-image-preview:large, max-video-preview:-1\" \/>\n<link rel=\"canonical\" href=\"https:\/\/tallinndesignhouse.com\/toode\/dusigeel-aprikoos-ja-freesia-200-ml\/\" \/>\n<meta property=\"og:locale\" content=\"en_US\" \/>\n<meta property=\"og:type\" content=\"article\" \/>\n<meta property=\"og:title\" content=\"JOIK Apricot &amp; Freesia shower gel 200 ml - Tallinn Design House\" \/>\n<meta property=\"og:description\" content=\"JOIK du\u0161igeel aprikoos ja freesia 200 ml. JOIKi aprikoosi ja freesia maheda l\u00f5hnaga sulfaadivaba du\u0161igeel puhastab efektselt, kuid on \u00f5rn nahale.\" \/>\n<meta property=\"og:url\" content=\"https:\/\/tallinndesignhouse.com\/toode\/dusigeel-aprikoos-ja-freesia-200-ml\/\" \/>\n<meta property=\"og:site_name\" content=\"Tallinn Design House\" \/>\n<meta property=\"article:modified_time\" content=\"2026-05-02T21:57:04+00:00\" \/>\n<meta property=\"og:image\" content=\"https:\/\/tallinndesignhouse.com\/wp-content\/uploads\/2024\/04\/JOIK-dusigeel-aprikoos-ja-freesia-200-ml-.jpg\" \/>\n\t<meta property=\"og:image:width\" content=\"1080\" \/>\n\t<meta property=\"og:image:height\" content=\"1350\" \/>\n\t<meta property=\"og:image:type\" content=\"image\/jpeg\" \/>\n<meta name=\"twitter:card\" content=\"summary_large_image\" \/>\n<script type=\"application\/ld+json\" class=\"yoast-schema-graph\">{\"@context\":\"https:\/\/schema.org\",\"@graph\":[{\"@type\":\"WebPage\",\"@id\":\"https:\/\/tallinndesignhouse.com\/toode\/dusigeel-aprikoos-ja-freesia-200-ml\/\",\"url\":\"https:\/\/tallinndesignhouse.com\/toode\/dusigeel-aprikoos-ja-freesia-200-ml\/\",\"name\":\"JOIK Apricot & Freesia shower gel 200 ml - Tallinn Design House\",\"isPartOf\":{\"@id\":\"https:\/\/tallinndesignhouse.com\/#website\"},\"primaryImageOfPage\":{\"@id\":\"https:\/\/tallinndesignhouse.com\/toode\/dusigeel-aprikoos-ja-freesia-200-ml\/#primaryimage\"},\"image\":{\"@id\":\"https:\/\/tallinndesignhouse.com\/toode\/dusigeel-aprikoos-ja-freesia-200-ml\/#primaryimage\"},\"thumbnailUrl\":\"https:\/\/tallinndesignhouse.com\/wp-content\/uploads\/2024\/04\/JOIK-dusigeel-aprikoos-ja-freesia-200-ml-.jpg\",\"datePublished\":\"2024-04-25T10:50:20+00:00\",\"dateModified\":\"2026-05-02T21:57:04+00:00\",\"description\":\"JOIK du\u0161igeel aprikoos ja freesia 200 ml. JOIKi aprikoosi ja freesia maheda l\u00f5hnaga sulfaadivaba du\u0161igeel puhastab efektselt, kuid on \u00f5rn nahale.\",\"breadcrumb\":{\"@id\":\"https:\/\/tallinndesignhouse.com\/toode\/dusigeel-aprikoos-ja-freesia-200-ml\/#breadcrumb\"},\"inLanguage\":\"en-US\",\"potentialAction\":[{\"@type\":\"ReadAction\",\"target\":[\"https:\/\/tallinndesignhouse.com\/toode\/dusigeel-aprikoos-ja-freesia-200-ml\/\"]}]},{\"@type\":\"ImageObject\",\"inLanguage\":\"en-US\",\"@id\":\"https:\/\/tallinndesignhouse.com\/toode\/dusigeel-aprikoos-ja-freesia-200-ml\/#primaryimage\",\"url\":\"https:\/\/tallinndesignhouse.com\/wp-content\/uploads\/2024\/04\/JOIK-dusigeel-aprikoos-ja-freesia-200-ml-.jpg\",\"contentUrl\":\"https:\/\/tallinndesignhouse.com\/wp-content\/uploads\/2024\/04\/JOIK-dusigeel-aprikoos-ja-freesia-200-ml-.jpg\",\"width\":1080,\"height\":1350,\"caption\":\"JOIK dus\u030cigeel aprikoos ja freesia 200 ml\"},{\"@type\":\"BreadcrumbList\",\"@id\":\"https:\/\/tallinndesignhouse.com\/toode\/dusigeel-aprikoos-ja-freesia-200-ml\/#breadcrumb\",\"itemListElement\":[{\"@type\":\"ListItem\",\"position\":1,\"name\":\"Home\",\"item\":\"https:\/\/tallinndesignhouse.com\/en\/\"},{\"@type\":\"ListItem\",\"position\":2,\"name\":\"Shop\",\"item\":\"https:\/\/tallinndesignhouse.com\/en\/shop\/\"},{\"@type\":\"ListItem\",\"position\":3,\"name\":\"Apricot &#038; Freesia shower gel 200 ml\"}]},{\"@type\":\"WebSite\",\"@id\":\"https:\/\/tallinndesignhouse.com\/#website\",\"url\":\"https:\/\/tallinndesignhouse.com\/\",\"name\":\"Tallinn Design House\",\"description\":\"Eesti disain Rotermanni kvartalis\",\"potentialAction\":[{\"@type\":\"SearchAction\",\"target\":{\"@type\":\"EntryPoint\",\"urlTemplate\":\"https:\/\/tallinndesignhouse.com\/?s={search_term_string}\"},\"query-input\":{\"@type\":\"PropertyValueSpecification\",\"valueRequired\":true,\"valueName\":\"search_term_string\"}}],\"inLanguage\":\"en-US\"}]}<\/script>\n<!-- \/ Yoast SEO plugin. -->","yoast_head_json":{"title":"JOIK Apricot & Freesia shower gel 200 ml - Tallinn Design House","description":"JOIK du\u0161igeel aprikoos ja freesia 200 ml. JOIKi aprikoosi ja freesia maheda l\u00f5hnaga sulfaadivaba du\u0161igeel puhastab efektselt, kuid on \u00f5rn nahale.","robots":{"index":"index","follow":"follow","max-snippet":"max-snippet:-1","max-image-preview":"max-image-preview:large","max-video-preview":"max-video-preview:-1"},"canonical":"https:\/\/tallinndesignhouse.com\/toode\/dusigeel-aprikoos-ja-freesia-200-ml\/","og_locale":"en_US","og_type":"article","og_title":"JOIK Apricot & Freesia shower gel 200 ml - Tallinn Design House","og_description":"JOIK du\u0161igeel aprikoos ja freesia 200 ml. JOIKi aprikoosi ja freesia maheda l\u00f5hnaga sulfaadivaba du\u0161igeel puhastab efektselt, kuid on \u00f5rn nahale.","og_url":"https:\/\/tallinndesignhouse.com\/toode\/dusigeel-aprikoos-ja-freesia-200-ml\/","og_site_name":"Tallinn Design House","article_modified_time":"2026-05-02T21:57:04+00:00","og_image":[{"width":1080,"height":1350,"url":"https:\/\/tallinndesignhouse.com\/wp-content\/uploads\/2024\/04\/JOIK-dusigeel-aprikoos-ja-freesia-200-ml-.jpg","type":"image\/jpeg"}],"twitter_card":"summary_large_image","schema":{"@context":"https:\/\/schema.org","@graph":[{"@type":"WebPage","@id":"https:\/\/tallinndesignhouse.com\/toode\/dusigeel-aprikoos-ja-freesia-200-ml\/","url":"https:\/\/tallinndesignhouse.com\/toode\/dusigeel-aprikoos-ja-freesia-200-ml\/","name":"JOIK Apricot & Freesia shower gel 200 ml - Tallinn Design House","isPartOf":{"@id":"https:\/\/tallinndesignhouse.com\/#website"},"primaryImageOfPage":{"@id":"https:\/\/tallinndesignhouse.com\/toode\/dusigeel-aprikoos-ja-freesia-200-ml\/#primaryimage"},"image":{"@id":"https:\/\/tallinndesignhouse.com\/toode\/dusigeel-aprikoos-ja-freesia-200-ml\/#primaryimage"},"thumbnailUrl":"https:\/\/tallinndesignhouse.com\/wp-content\/uploads\/2024\/04\/JOIK-dusigeel-aprikoos-ja-freesia-200-ml-.jpg","datePublished":"2024-04-25T10:50:20+00:00","dateModified":"2026-05-02T21:57:04+00:00","description":"JOIK du\u0161igeel aprikoos ja freesia 200 ml. JOIKi aprikoosi ja freesia maheda l\u00f5hnaga sulfaadivaba du\u0161igeel puhastab efektselt, kuid on \u00f5rn nahale.","breadcrumb":{"@id":"https:\/\/tallinndesignhouse.com\/toode\/dusigeel-aprikoos-ja-freesia-200-ml\/#breadcrumb"},"inLanguage":"en-US","potentialAction":[{"@type":"ReadAction","target":["https:\/\/tallinndesignhouse.com\/toode\/dusigeel-aprikoos-ja-freesia-200-ml\/"]}]},{"@type":"ImageObject","inLanguage":"en-US","@id":"https:\/\/tallinndesignhouse.com\/toode\/dusigeel-aprikoos-ja-freesia-200-ml\/#primaryimage","url":"https:\/\/tallinndesignhouse.com\/wp-content\/uploads\/2024\/04\/JOIK-dusigeel-aprikoos-ja-freesia-200-ml-.jpg","contentUrl":"https:\/\/tallinndesignhouse.com\/wp-content\/uploads\/2024\/04\/JOIK-dusigeel-aprikoos-ja-freesia-200-ml-.jpg","width":1080,"height":1350,"caption":"JOIK dus\u030cigeel aprikoos ja freesia 200 ml"},{"@type":"BreadcrumbList","@id":"https:\/\/tallinndesignhouse.com\/toode\/dusigeel-aprikoos-ja-freesia-200-ml\/#breadcrumb","itemListElement":[{"@type":"ListItem","position":1,"name":"Home","item":"https:\/\/tallinndesignhouse.com\/en\/"},{"@type":"ListItem","position":2,"name":"Shop","item":"https:\/\/tallinndesignhouse.com\/en\/shop\/"},{"@type":"ListItem","position":3,"name":"Apricot &#038; Freesia shower gel 200 ml"}]},{"@type":"WebSite","@id":"https:\/\/tallinndesignhouse.com\/#website","url":"https:\/\/tallinndesignhouse.com\/","name":"Tallinn Design House","description":"Eesti disain Rotermanni kvartalis","potentialAction":[{"@type":"SearchAction","target":{"@type":"EntryPoint","urlTemplate":"https:\/\/tallinndesignhouse.com\/?s={search_term_string}"},"query-input":{"@type":"PropertyValueSpecification","valueRequired":true,"valueName":"search_term_string"}}],"inLanguage":"en-US"}]}},"_links":{"self":[{"href":"https:\/\/tallinndesignhouse.com\/en\/wp-json\/wp\/v2\/product\/3349587","targetHints":{"allow":["GET"]}}],"collection":[{"href":"https:\/\/tallinndesignhouse.com\/en\/wp-json\/wp\/v2\/product"}],"about":[{"href":"https:\/\/tallinndesignhouse.com\/en\/wp-json\/wp\/v2\/types\/product"}],"wp:featuredmedia":[{"embeddable":true,"href":"https:\/\/tallinndesignhouse.com\/en\/wp-json\/wp\/v2\/media\/3349601"}],"wp:attachment":[{"href":"https:\/\/tallinndesignhouse.com\/en\/wp-json\/wp\/v2\/media?parent=3349587"}],"wp:term":[{"taxonomy":"product_brand","embeddable":true,"href":"https:\/\/tallinndesignhouse.com\/en\/wp-json\/wp\/v2\/product_brand?post=3349587"},{"taxonomy":"product_cat","embeddable":true,"href":"https:\/\/tallinndesignhouse.com\/en\/wp-json\/wp\/v2\/product_cat?post=3349587"},{"taxonomy":"product_tag","embeddable":true,"href":"https:\/\/tallinndesignhouse.com\/en\/wp-json\/wp\/v2\/product_tag?post=3349587"}],"curies":[{"name":"wp","href":"https:\/\/api.w.org\/{rel}","templated":true}]}}