{"id":3349865,"date":"2024-04-25T22:05:31","date_gmt":"2024-04-25T19:05:31","guid":{"rendered":"https:\/\/tallinndesignhouse.com\/toode\/top-poale\/"},"modified":"2026-05-03T00:50:06","modified_gmt":"2026-05-02T21:50:06","slug":"top-poale","status":"publish","type":"product","link":"https:\/\/tallinndesignhouse.com\/en\/toode\/top-poale\/","title":{"rendered":"Top Poale"},"content":{"rendered":"<p>Simplicity is the charm! These are exactly the words that describe the beautiful cotton Poale top by \u00c4rni Blum. Wear it with skirts, trousers in the summer, and in cold weather it is an ideal undershirt for jackets and sweaters. Designed and handcrafted in Estonia, Saaremaa. Material: 100% cotton. Hand wash up to 20-30\u00baC (cold). Do not rub, twist or leave the fabric wet. Dry flat.<\/p>\n","protected":false},"excerpt":{"rendered":"<p>Simplicity is the charm! These are exactly the words that describe the beautiful cotton Poale top by \u00c4rni Blum. Wear it with skirts, trousers in the summer, and in cold weather it is an ideal undershirt for jackets and sweaters. Designed and handcrafted in Estonia, Saaremaa. Material: 100% cotton. Hand wash up to 20-30\u00baC (cold). [&hellip;]<\/p>\n","protected":false},"featured_media":3349817,"template":"","meta":{"_acf_changed":false},"product_brand":[],"product_cat":[888,887,3551,3717],"product_tag":[2818],"class_list":{"0":"post-3349865","1":"product","2":"type-product","3":"status-publish","4":"has-post-thumbnail","6":"product_cat-sargid_ja_pluusid","7":"product_cat-roivad","8":"product_cat-naturaalsed-materjalid","9":"product_cat-kevadised-tooted","10":"product_tag-naised","11":"pa_brand-arni-blum","13":"pa_suurus-m-l","15":"pa_suurus-s-m","17":"pa_varv-beez","19":"pa_varv-must","20":"pa_varv-kakao","21":"pa_varv-hall","24":"pa_varv-lavendel","28":"first","29":"instock","30":"taxable","31":"shipping-taxable","32":"purchasable","33":"product-type-variable"},"acf":[],"yoast_head":"<!-- This site is optimized with the Yoast SEO plugin v26.0 - https:\/\/yoast.com\/wordpress\/plugins\/seo\/ -->\n<title>\u00c4rni Blum Top Poale - Tallinn Design House<\/title>\n<meta name=\"description\" content=\"\u00c4rni Blum top Poale. Disainitud ja valminud k\u00e4sit\u00f6\u00f6na Eestis, Saaremaal. Materjal:\u00a0100% puuvill.\" \/>\n<meta name=\"robots\" content=\"index, follow, max-snippet:-1, max-image-preview:large, max-video-preview:-1\" \/>\n<link rel=\"canonical\" href=\"https:\/\/tallinndesignhouse.com\/toode\/top-poale\/\" \/>\n<meta property=\"og:locale\" content=\"en_US\" \/>\n<meta property=\"og:type\" content=\"article\" \/>\n<meta property=\"og:title\" content=\"\u00c4rni Blum Top Poale - Tallinn Design House\" \/>\n<meta property=\"og:description\" content=\"\u00c4rni Blum top Poale. Disainitud ja valminud k\u00e4sit\u00f6\u00f6na Eestis, Saaremaal. Materjal:\u00a0100% puuvill.\" \/>\n<meta property=\"og:url\" content=\"https:\/\/tallinndesignhouse.com\/toode\/top-poale\/\" \/>\n<meta property=\"og:site_name\" content=\"Tallinn Design House\" \/>\n<meta property=\"article:modified_time\" content=\"2026-05-02T21:50:06+00:00\" \/>\n<meta property=\"og:image\" content=\"https:\/\/tallinndesignhouse.com\/wp-content\/uploads\/2024\/04\/Arni-Blum-Poale-5.jpg\" \/>\n\t<meta property=\"og:image:width\" content=\"1080\" \/>\n\t<meta property=\"og:image:height\" content=\"1350\" \/>\n\t<meta property=\"og:image:type\" content=\"image\/jpeg\" \/>\n<meta name=\"twitter:card\" content=\"summary_large_image\" \/>\n<script type=\"application\/ld+json\" class=\"yoast-schema-graph\">{\"@context\":\"https:\/\/schema.org\",\"@graph\":[{\"@type\":\"WebPage\",\"@id\":\"https:\/\/tallinndesignhouse.com\/toode\/top-poale\/\",\"url\":\"https:\/\/tallinndesignhouse.com\/toode\/top-poale\/\",\"name\":\"\u00c4rni Blum Top Poale - Tallinn Design House\",\"isPartOf\":{\"@id\":\"https:\/\/tallinndesignhouse.com\/#website\"},\"primaryImageOfPage\":{\"@id\":\"https:\/\/tallinndesignhouse.com\/toode\/top-poale\/#primaryimage\"},\"image\":{\"@id\":\"https:\/\/tallinndesignhouse.com\/toode\/top-poale\/#primaryimage\"},\"thumbnailUrl\":\"https:\/\/tallinndesignhouse.com\/wp-content\/uploads\/2024\/04\/Arni-Blum-Poale-5.jpg\",\"datePublished\":\"2024-04-25T19:05:31+00:00\",\"dateModified\":\"2026-05-02T21:50:06+00:00\",\"description\":\"\u00c4rni Blum top Poale. Disainitud ja valminud k\u00e4sit\u00f6\u00f6na Eestis, Saaremaal. Materjal:\u00a0100% puuvill.\",\"breadcrumb\":{\"@id\":\"https:\/\/tallinndesignhouse.com\/toode\/top-poale\/#breadcrumb\"},\"inLanguage\":\"en-US\",\"potentialAction\":[{\"@type\":\"ReadAction\",\"target\":[\"https:\/\/tallinndesignhouse.com\/toode\/top-poale\/\"]}]},{\"@type\":\"ImageObject\",\"inLanguage\":\"en-US\",\"@id\":\"https:\/\/tallinndesignhouse.com\/toode\/top-poale\/#primaryimage\",\"url\":\"https:\/\/tallinndesignhouse.com\/wp-content\/uploads\/2024\/04\/Arni-Blum-Poale-5.jpg\",\"contentUrl\":\"https:\/\/tallinndesignhouse.com\/wp-content\/uploads\/2024\/04\/Arni-Blum-Poale-5.jpg\",\"width\":1080,\"height\":1350,\"caption\":\"A\u0308rni Blum Poale 5\"},{\"@type\":\"BreadcrumbList\",\"@id\":\"https:\/\/tallinndesignhouse.com\/toode\/top-poale\/#breadcrumb\",\"itemListElement\":[{\"@type\":\"ListItem\",\"position\":1,\"name\":\"Home\",\"item\":\"https:\/\/tallinndesignhouse.com\/en\/\"},{\"@type\":\"ListItem\",\"position\":2,\"name\":\"Shop\",\"item\":\"https:\/\/tallinndesignhouse.com\/en\/shop\/\"},{\"@type\":\"ListItem\",\"position\":3,\"name\":\"Top Poale\"}]},{\"@type\":\"WebSite\",\"@id\":\"https:\/\/tallinndesignhouse.com\/#website\",\"url\":\"https:\/\/tallinndesignhouse.com\/\",\"name\":\"Tallinn Design House\",\"description\":\"Eesti disain Rotermanni kvartalis\",\"potentialAction\":[{\"@type\":\"SearchAction\",\"target\":{\"@type\":\"EntryPoint\",\"urlTemplate\":\"https:\/\/tallinndesignhouse.com\/?s={search_term_string}\"},\"query-input\":{\"@type\":\"PropertyValueSpecification\",\"valueRequired\":true,\"valueName\":\"search_term_string\"}}],\"inLanguage\":\"en-US\"}]}<\/script>\n<!-- \/ Yoast SEO plugin. -->","yoast_head_json":{"title":"\u00c4rni Blum Top Poale - Tallinn Design House","description":"\u00c4rni Blum top Poale. Disainitud ja valminud k\u00e4sit\u00f6\u00f6na Eestis, Saaremaal. Materjal:\u00a0100% puuvill.","robots":{"index":"index","follow":"follow","max-snippet":"max-snippet:-1","max-image-preview":"max-image-preview:large","max-video-preview":"max-video-preview:-1"},"canonical":"https:\/\/tallinndesignhouse.com\/toode\/top-poale\/","og_locale":"en_US","og_type":"article","og_title":"\u00c4rni Blum Top Poale - Tallinn Design House","og_description":"\u00c4rni Blum top Poale. Disainitud ja valminud k\u00e4sit\u00f6\u00f6na Eestis, Saaremaal. Materjal:\u00a0100% puuvill.","og_url":"https:\/\/tallinndesignhouse.com\/toode\/top-poale\/","og_site_name":"Tallinn Design House","article_modified_time":"2026-05-02T21:50:06+00:00","og_image":[{"width":1080,"height":1350,"url":"https:\/\/tallinndesignhouse.com\/wp-content\/uploads\/2024\/04\/Arni-Blum-Poale-5.jpg","type":"image\/jpeg"}],"twitter_card":"summary_large_image","schema":{"@context":"https:\/\/schema.org","@graph":[{"@type":"WebPage","@id":"https:\/\/tallinndesignhouse.com\/toode\/top-poale\/","url":"https:\/\/tallinndesignhouse.com\/toode\/top-poale\/","name":"\u00c4rni Blum Top Poale - Tallinn Design House","isPartOf":{"@id":"https:\/\/tallinndesignhouse.com\/#website"},"primaryImageOfPage":{"@id":"https:\/\/tallinndesignhouse.com\/toode\/top-poale\/#primaryimage"},"image":{"@id":"https:\/\/tallinndesignhouse.com\/toode\/top-poale\/#primaryimage"},"thumbnailUrl":"https:\/\/tallinndesignhouse.com\/wp-content\/uploads\/2024\/04\/Arni-Blum-Poale-5.jpg","datePublished":"2024-04-25T19:05:31+00:00","dateModified":"2026-05-02T21:50:06+00:00","description":"\u00c4rni Blum top Poale. Disainitud ja valminud k\u00e4sit\u00f6\u00f6na Eestis, Saaremaal. Materjal:\u00a0100% puuvill.","breadcrumb":{"@id":"https:\/\/tallinndesignhouse.com\/toode\/top-poale\/#breadcrumb"},"inLanguage":"en-US","potentialAction":[{"@type":"ReadAction","target":["https:\/\/tallinndesignhouse.com\/toode\/top-poale\/"]}]},{"@type":"ImageObject","inLanguage":"en-US","@id":"https:\/\/tallinndesignhouse.com\/toode\/top-poale\/#primaryimage","url":"https:\/\/tallinndesignhouse.com\/wp-content\/uploads\/2024\/04\/Arni-Blum-Poale-5.jpg","contentUrl":"https:\/\/tallinndesignhouse.com\/wp-content\/uploads\/2024\/04\/Arni-Blum-Poale-5.jpg","width":1080,"height":1350,"caption":"A\u0308rni Blum Poale 5"},{"@type":"BreadcrumbList","@id":"https:\/\/tallinndesignhouse.com\/toode\/top-poale\/#breadcrumb","itemListElement":[{"@type":"ListItem","position":1,"name":"Home","item":"https:\/\/tallinndesignhouse.com\/en\/"},{"@type":"ListItem","position":2,"name":"Shop","item":"https:\/\/tallinndesignhouse.com\/en\/shop\/"},{"@type":"ListItem","position":3,"name":"Top Poale"}]},{"@type":"WebSite","@id":"https:\/\/tallinndesignhouse.com\/#website","url":"https:\/\/tallinndesignhouse.com\/","name":"Tallinn Design House","description":"Eesti disain Rotermanni kvartalis","potentialAction":[{"@type":"SearchAction","target":{"@type":"EntryPoint","urlTemplate":"https:\/\/tallinndesignhouse.com\/?s={search_term_string}"},"query-input":{"@type":"PropertyValueSpecification","valueRequired":true,"valueName":"search_term_string"}}],"inLanguage":"en-US"}]}},"_links":{"self":[{"href":"https:\/\/tallinndesignhouse.com\/en\/wp-json\/wp\/v2\/product\/3349865","targetHints":{"allow":["GET"]}}],"collection":[{"href":"https:\/\/tallinndesignhouse.com\/en\/wp-json\/wp\/v2\/product"}],"about":[{"href":"https:\/\/tallinndesignhouse.com\/en\/wp-json\/wp\/v2\/types\/product"}],"wp:featuredmedia":[{"embeddable":true,"href":"https:\/\/tallinndesignhouse.com\/en\/wp-json\/wp\/v2\/media\/3349817"}],"wp:attachment":[{"href":"https:\/\/tallinndesignhouse.com\/en\/wp-json\/wp\/v2\/media?parent=3349865"}],"wp:term":[{"taxonomy":"product_brand","embeddable":true,"href":"https:\/\/tallinndesignhouse.com\/en\/wp-json\/wp\/v2\/product_brand?post=3349865"},{"taxonomy":"product_cat","embeddable":true,"href":"https:\/\/tallinndesignhouse.com\/en\/wp-json\/wp\/v2\/product_cat?post=3349865"},{"taxonomy":"product_tag","embeddable":true,"href":"https:\/\/tallinndesignhouse.com\/en\/wp-json\/wp\/v2\/product_tag?post=3349865"}],"curies":[{"name":"wp","href":"https:\/\/api.w.org\/{rel}","templated":true}]}}