{"id":3350212,"date":"2024-05-02T20:35:14","date_gmt":"2024-05-02T17:35:14","guid":{"rendered":"https:\/\/tallinndesignhouse.com\/toode\/kaevoru-choker-kee-pearlstring\/"},"modified":"2026-04-12T01:00:18","modified_gmt":"2026-04-11T22:00:18","slug":"kaevoru-choker-kee-pearlstring","status":"publish","type":"product","link":"https:\/\/tallinndesignhouse.com\/en\/toode\/kaevoru-choker-kee-pearlstring\/","title":{"rendered":"Pearlstring bracelet-choker"},"content":{"rendered":"<p>Myamoon\u00b4s double bracelet or choker necklace with small pearls. The 38-cm long chain can be worn twice around the wrist or as a choker, the length can be chosen to suit yourself. The choice is a silver chain covered with silver rhodium or rose gold.<\/p>\n","protected":false},"excerpt":{"rendered":"<p>Myamoon\u00b4s double bracelet or choker necklace with small pearls. The 38-cm long chain can be worn twice around the wrist or as a choker, the length can be chosen to suit yourself. The choice is a silver chain covered with silver rhodium or rose gold.<\/p>\n","protected":false},"featured_media":3350214,"template":"","meta":{"_acf_changed":false},"product_brand":[],"product_cat":[2034,3223,3718],"product_tag":[2819],"class_list":{"0":"post-3350212","1":"product","2":"type-product","3":"status-publish","4":"has-post-thumbnail","6":"product_cat-bracelets","7":"product_cat-jewellery-en","8":"product_cat-winter-style","9":"product_tag-women","10":"pa_brand-myamoon","11":"pa_brand-myamoon-en","12":"pa_kingiidee-jah","13":"pa_kingiidee-yes-en","14":"pa_varv-golden-en","15":"pa_varv-hobedane","16":"pa_varv-kuldne","17":"pa_varv-silver-en","19":"first","20":"instock","21":"taxable","22":"shipping-taxable","23":"purchasable","24":"product-type-variable"},"acf":[],"yoast_head":"<!-- This site is optimized with the Yoast SEO plugin v26.0 - https:\/\/yoast.com\/wordpress\/plugins\/seo\/ -->\n<title>Myamoon Pearlstring bracelet-choker - Tallinn Design House<\/title>\n<meta name=\"description\" content=\"Myamoon k\u00e4ev\u00f5ru-choker kee Pearlstring. 38-cm pikkune kett on kantav kahekordselt \u00fcmber randme v\u00f5i choker-keena, pikkuse saab valida endale sobivalt.\" \/>\n<meta name=\"robots\" content=\"index, follow, max-snippet:-1, max-image-preview:large, max-video-preview:-1\" \/>\n<link rel=\"canonical\" href=\"https:\/\/tallinndesignhouse.com\/toode\/kaevoru-choker-kee-pearlstring\/\" \/>\n<meta property=\"og:locale\" content=\"en_US\" \/>\n<meta property=\"og:type\" content=\"article\" \/>\n<meta property=\"og:title\" content=\"Myamoon Pearlstring bracelet-choker - Tallinn Design House\" \/>\n<meta property=\"og:description\" content=\"Myamoon k\u00e4ev\u00f5ru-choker kee Pearlstring. 38-cm pikkune kett on kantav kahekordselt \u00fcmber randme v\u00f5i choker-keena, pikkuse saab valida endale sobivalt.\" \/>\n<meta property=\"og:url\" content=\"https:\/\/tallinndesignhouse.com\/toode\/kaevoru-choker-kee-pearlstring\/\" \/>\n<meta property=\"og:site_name\" content=\"Tallinn Design House\" \/>\n<meta property=\"article:modified_time\" content=\"2026-04-11T22:00:18+00:00\" \/>\n<meta property=\"og:image\" content=\"https:\/\/tallinndesignhouse.com\/wp-content\/uploads\/2024\/05\/Myamoon-kaevoru-choker-kee-Pearlstring-.jpg\" \/>\n\t<meta property=\"og:image:width\" content=\"1080\" \/>\n\t<meta property=\"og:image:height\" content=\"1350\" \/>\n\t<meta property=\"og:image:type\" content=\"image\/jpeg\" \/>\n<meta name=\"twitter:card\" content=\"summary_large_image\" \/>\n<meta name=\"twitter:label1\" content=\"Est. reading time\" \/>\n\t<meta name=\"twitter:data1\" content=\"1 minute\" \/>\n<script type=\"application\/ld+json\" class=\"yoast-schema-graph\">{\"@context\":\"https:\/\/schema.org\",\"@graph\":[{\"@type\":\"WebPage\",\"@id\":\"https:\/\/tallinndesignhouse.com\/toode\/kaevoru-choker-kee-pearlstring\/\",\"url\":\"https:\/\/tallinndesignhouse.com\/toode\/kaevoru-choker-kee-pearlstring\/\",\"name\":\"Myamoon Pearlstring bracelet-choker - Tallinn Design House\",\"isPartOf\":{\"@id\":\"https:\/\/tallinndesignhouse.com\/#website\"},\"primaryImageOfPage\":{\"@id\":\"https:\/\/tallinndesignhouse.com\/toode\/kaevoru-choker-kee-pearlstring\/#primaryimage\"},\"image\":{\"@id\":\"https:\/\/tallinndesignhouse.com\/toode\/kaevoru-choker-kee-pearlstring\/#primaryimage\"},\"thumbnailUrl\":\"https:\/\/tallinndesignhouse.com\/wp-content\/uploads\/2024\/05\/Myamoon-kaevoru-choker-kee-Pearlstring-.jpg\",\"datePublished\":\"2024-05-02T17:35:14+00:00\",\"dateModified\":\"2026-04-11T22:00:18+00:00\",\"description\":\"Myamoon k\u00e4ev\u00f5ru-choker kee Pearlstring. 38-cm pikkune kett on kantav kahekordselt \u00fcmber randme v\u00f5i choker-keena, pikkuse saab valida endale sobivalt.\",\"breadcrumb\":{\"@id\":\"https:\/\/tallinndesignhouse.com\/toode\/kaevoru-choker-kee-pearlstring\/#breadcrumb\"},\"inLanguage\":\"en-US\",\"potentialAction\":[{\"@type\":\"ReadAction\",\"target\":[\"https:\/\/tallinndesignhouse.com\/toode\/kaevoru-choker-kee-pearlstring\/\"]}]},{\"@type\":\"ImageObject\",\"inLanguage\":\"en-US\",\"@id\":\"https:\/\/tallinndesignhouse.com\/toode\/kaevoru-choker-kee-pearlstring\/#primaryimage\",\"url\":\"https:\/\/tallinndesignhouse.com\/wp-content\/uploads\/2024\/05\/Myamoon-kaevoru-choker-kee-Pearlstring-.jpg\",\"contentUrl\":\"https:\/\/tallinndesignhouse.com\/wp-content\/uploads\/2024\/05\/Myamoon-kaevoru-choker-kee-Pearlstring-.jpg\",\"width\":1080,\"height\":1350,\"caption\":\"Myamoon ka\u0308evo\u0303ru-choker kee Pearlstring\"},{\"@type\":\"BreadcrumbList\",\"@id\":\"https:\/\/tallinndesignhouse.com\/toode\/kaevoru-choker-kee-pearlstring\/#breadcrumb\",\"itemListElement\":[{\"@type\":\"ListItem\",\"position\":1,\"name\":\"Home\",\"item\":\"https:\/\/tallinndesignhouse.com\/en\/\"},{\"@type\":\"ListItem\",\"position\":2,\"name\":\"Shop\",\"item\":\"https:\/\/tallinndesignhouse.com\/en\/shop\/\"},{\"@type\":\"ListItem\",\"position\":3,\"name\":\"Pearlstring bracelet-choker\"}]},{\"@type\":\"WebSite\",\"@id\":\"https:\/\/tallinndesignhouse.com\/#website\",\"url\":\"https:\/\/tallinndesignhouse.com\/\",\"name\":\"Tallinn Design House\",\"description\":\"Eesti disain Rotermanni kvartalis\",\"potentialAction\":[{\"@type\":\"SearchAction\",\"target\":{\"@type\":\"EntryPoint\",\"urlTemplate\":\"https:\/\/tallinndesignhouse.com\/?s={search_term_string}\"},\"query-input\":{\"@type\":\"PropertyValueSpecification\",\"valueRequired\":true,\"valueName\":\"search_term_string\"}}],\"inLanguage\":\"en-US\"}]}<\/script>\n<!-- \/ Yoast SEO plugin. -->","yoast_head_json":{"title":"Myamoon Pearlstring bracelet-choker - Tallinn Design House","description":"Myamoon k\u00e4ev\u00f5ru-choker kee Pearlstring. 38-cm pikkune kett on kantav kahekordselt \u00fcmber randme v\u00f5i choker-keena, pikkuse saab valida endale sobivalt.","robots":{"index":"index","follow":"follow","max-snippet":"max-snippet:-1","max-image-preview":"max-image-preview:large","max-video-preview":"max-video-preview:-1"},"canonical":"https:\/\/tallinndesignhouse.com\/toode\/kaevoru-choker-kee-pearlstring\/","og_locale":"en_US","og_type":"article","og_title":"Myamoon Pearlstring bracelet-choker - Tallinn Design House","og_description":"Myamoon k\u00e4ev\u00f5ru-choker kee Pearlstring. 38-cm pikkune kett on kantav kahekordselt \u00fcmber randme v\u00f5i choker-keena, pikkuse saab valida endale sobivalt.","og_url":"https:\/\/tallinndesignhouse.com\/toode\/kaevoru-choker-kee-pearlstring\/","og_site_name":"Tallinn Design House","article_modified_time":"2026-04-11T22:00:18+00:00","og_image":[{"width":1080,"height":1350,"url":"https:\/\/tallinndesignhouse.com\/wp-content\/uploads\/2024\/05\/Myamoon-kaevoru-choker-kee-Pearlstring-.jpg","type":"image\/jpeg"}],"twitter_card":"summary_large_image","twitter_misc":{"Est. reading time":"1 minute"},"schema":{"@context":"https:\/\/schema.org","@graph":[{"@type":"WebPage","@id":"https:\/\/tallinndesignhouse.com\/toode\/kaevoru-choker-kee-pearlstring\/","url":"https:\/\/tallinndesignhouse.com\/toode\/kaevoru-choker-kee-pearlstring\/","name":"Myamoon Pearlstring bracelet-choker - Tallinn Design House","isPartOf":{"@id":"https:\/\/tallinndesignhouse.com\/#website"},"primaryImageOfPage":{"@id":"https:\/\/tallinndesignhouse.com\/toode\/kaevoru-choker-kee-pearlstring\/#primaryimage"},"image":{"@id":"https:\/\/tallinndesignhouse.com\/toode\/kaevoru-choker-kee-pearlstring\/#primaryimage"},"thumbnailUrl":"https:\/\/tallinndesignhouse.com\/wp-content\/uploads\/2024\/05\/Myamoon-kaevoru-choker-kee-Pearlstring-.jpg","datePublished":"2024-05-02T17:35:14+00:00","dateModified":"2026-04-11T22:00:18+00:00","description":"Myamoon k\u00e4ev\u00f5ru-choker kee Pearlstring. 38-cm pikkune kett on kantav kahekordselt \u00fcmber randme v\u00f5i choker-keena, pikkuse saab valida endale sobivalt.","breadcrumb":{"@id":"https:\/\/tallinndesignhouse.com\/toode\/kaevoru-choker-kee-pearlstring\/#breadcrumb"},"inLanguage":"en-US","potentialAction":[{"@type":"ReadAction","target":["https:\/\/tallinndesignhouse.com\/toode\/kaevoru-choker-kee-pearlstring\/"]}]},{"@type":"ImageObject","inLanguage":"en-US","@id":"https:\/\/tallinndesignhouse.com\/toode\/kaevoru-choker-kee-pearlstring\/#primaryimage","url":"https:\/\/tallinndesignhouse.com\/wp-content\/uploads\/2024\/05\/Myamoon-kaevoru-choker-kee-Pearlstring-.jpg","contentUrl":"https:\/\/tallinndesignhouse.com\/wp-content\/uploads\/2024\/05\/Myamoon-kaevoru-choker-kee-Pearlstring-.jpg","width":1080,"height":1350,"caption":"Myamoon ka\u0308evo\u0303ru-choker kee Pearlstring"},{"@type":"BreadcrumbList","@id":"https:\/\/tallinndesignhouse.com\/toode\/kaevoru-choker-kee-pearlstring\/#breadcrumb","itemListElement":[{"@type":"ListItem","position":1,"name":"Home","item":"https:\/\/tallinndesignhouse.com\/en\/"},{"@type":"ListItem","position":2,"name":"Shop","item":"https:\/\/tallinndesignhouse.com\/en\/shop\/"},{"@type":"ListItem","position":3,"name":"Pearlstring bracelet-choker"}]},{"@type":"WebSite","@id":"https:\/\/tallinndesignhouse.com\/#website","url":"https:\/\/tallinndesignhouse.com\/","name":"Tallinn Design House","description":"Eesti disain Rotermanni kvartalis","potentialAction":[{"@type":"SearchAction","target":{"@type":"EntryPoint","urlTemplate":"https:\/\/tallinndesignhouse.com\/?s={search_term_string}"},"query-input":{"@type":"PropertyValueSpecification","valueRequired":true,"valueName":"search_term_string"}}],"inLanguage":"en-US"}]}},"_links":{"self":[{"href":"https:\/\/tallinndesignhouse.com\/en\/wp-json\/wp\/v2\/product\/3350212","targetHints":{"allow":["GET"]}}],"collection":[{"href":"https:\/\/tallinndesignhouse.com\/en\/wp-json\/wp\/v2\/product"}],"about":[{"href":"https:\/\/tallinndesignhouse.com\/en\/wp-json\/wp\/v2\/types\/product"}],"wp:featuredmedia":[{"embeddable":true,"href":"https:\/\/tallinndesignhouse.com\/en\/wp-json\/wp\/v2\/media\/3350214"}],"wp:attachment":[{"href":"https:\/\/tallinndesignhouse.com\/en\/wp-json\/wp\/v2\/media?parent=3350212"}],"wp:term":[{"taxonomy":"product_brand","embeddable":true,"href":"https:\/\/tallinndesignhouse.com\/en\/wp-json\/wp\/v2\/product_brand?post=3350212"},{"taxonomy":"product_cat","embeddable":true,"href":"https:\/\/tallinndesignhouse.com\/en\/wp-json\/wp\/v2\/product_cat?post=3350212"},{"taxonomy":"product_tag","embeddable":true,"href":"https:\/\/tallinndesignhouse.com\/en\/wp-json\/wp\/v2\/product_tag?post=3350212"}],"curies":[{"name":"wp","href":"https:\/\/api.w.org\/{rel}","templated":true}]}}