{"id":3350245,"date":"2024-05-02T20:50:14","date_gmt":"2024-05-02T17:50:14","guid":{"rendered":"https:\/\/tallinndesignhouse.com\/toode\/korvarongad-serena-hoopy-tsitriin\/"},"modified":"2026-05-03T01:00:42","modified_gmt":"2026-05-02T22:00:42","slug":"korvarongad-serena-hoopy-tsitriin","status":"publish","type":"product","link":"https:\/\/tallinndesignhouse.com\/en\/toode\/korvarongad-serena-hoopy-tsitriin\/","title":{"rendered":"Earrings Serena Hoopy Citrine"},"content":{"rendered":"<p>Myamoon\u00b4s delicately patterned Serena earrings are light and comfort\u0430ble, easy to wear everyday and match with stone or chain pendants for a more festive occasion. The jewelry made of 925 silver has an inner size of 10 mm and a width of 3.5 mm. Royally golden and sunny citrine. Beautifully light-reflecting, drop-shaped 8 mm finely cut stones. The clasp is 4.5 mm in diameter, rose gold or rhodium-plated silver.<\/p>\n","protected":false},"excerpt":{"rendered":"<p>Myamoon\u00b4s delicately patterned Serena earrings are light and comfort\u0430ble, easy to wear everyday and match with stone or chain pendants for a more festive occasion. The jewelry made of 925 silver has an inner size of 10 mm and a width of 3.5 mm. Royally golden and sunny citrine. Beautifully light-reflecting, drop-shaped 8 mm finely [&hellip;]<\/p>\n","protected":false},"featured_media":3350236,"template":"","meta":{"_acf_changed":false},"product_brand":[],"product_cat":[876,116],"product_tag":[2818],"class_list":{"0":"post-3350245","1":"product","2":"type-product","3":"status-publish","4":"has-post-thumbnail","6":"product_cat-korvarongad","7":"product_cat-ehted","8":"product_tag-naised","9":"pa_brand-myamoon","11":"pa_kingiidee-jah","13":"pa_varv-kuldne","14":"pa_varv-hobedane","18":"first","19":"instock","20":"taxable","21":"shipping-taxable","22":"purchasable","23":"product-type-variable"},"acf":[],"yoast_head":"<!-- This site is optimized with the Yoast SEO plugin v26.0 - https:\/\/yoast.com\/wordpress\/plugins\/seo\/ -->\n<title>Myamoon Earrings Serena Hoopy Citrine - Tallinn Design House<\/title>\n<meta name=\"description\" content=\"Myamoon k\u00f5rvar\u00f5ngad Serena Hoopy tsitriin. 925 h\u00f5bedast valmistatud ehte sisem\u00f5\u00f5t on 10 mm ja laius 3,5 mm. Kuninglikult kuldne ning p\u00e4ikesek\u00fcllane tsitriin.\" \/>\n<meta name=\"robots\" content=\"index, follow, max-snippet:-1, max-image-preview:large, max-video-preview:-1\" \/>\n<link rel=\"canonical\" href=\"https:\/\/tallinndesignhouse.com\/toode\/korvarongad-serena-hoopy-tsitriin\/\" \/>\n<meta property=\"og:locale\" content=\"en_US\" \/>\n<meta property=\"og:type\" content=\"article\" \/>\n<meta property=\"og:title\" content=\"Myamoon Earrings Serena Hoopy Citrine - Tallinn Design House\" \/>\n<meta property=\"og:description\" content=\"Myamoon k\u00f5rvar\u00f5ngad Serena Hoopy tsitriin. 925 h\u00f5bedast valmistatud ehte sisem\u00f5\u00f5t on 10 mm ja laius 3,5 mm. Kuninglikult kuldne ning p\u00e4ikesek\u00fcllane tsitriin.\" \/>\n<meta property=\"og:url\" content=\"https:\/\/tallinndesignhouse.com\/toode\/korvarongad-serena-hoopy-tsitriin\/\" \/>\n<meta property=\"og:site_name\" content=\"Tallinn Design House\" \/>\n<meta property=\"article:modified_time\" content=\"2026-05-02T22:00:42+00:00\" \/>\n<meta property=\"og:image\" content=\"https:\/\/tallinndesignhouse.com\/wp-content\/uploads\/2024\/05\/Myamoon-korvarongad-Serena-Hoopy-tsitriin.jpg\" \/>\n\t<meta property=\"og:image:width\" content=\"1080\" \/>\n\t<meta property=\"og:image:height\" content=\"1350\" \/>\n\t<meta property=\"og:image:type\" content=\"image\/jpeg\" \/>\n<meta name=\"twitter:card\" content=\"summary_large_image\" \/>\n<meta name=\"twitter:label1\" content=\"Est. reading time\" \/>\n\t<meta name=\"twitter:data1\" content=\"1 minute\" \/>\n<script type=\"application\/ld+json\" class=\"yoast-schema-graph\">{\"@context\":\"https:\/\/schema.org\",\"@graph\":[{\"@type\":\"WebPage\",\"@id\":\"https:\/\/tallinndesignhouse.com\/toode\/korvarongad-serena-hoopy-tsitriin\/\",\"url\":\"https:\/\/tallinndesignhouse.com\/toode\/korvarongad-serena-hoopy-tsitriin\/\",\"name\":\"Myamoon Earrings Serena Hoopy Citrine - Tallinn Design House\",\"isPartOf\":{\"@id\":\"https:\/\/tallinndesignhouse.com\/#website\"},\"primaryImageOfPage\":{\"@id\":\"https:\/\/tallinndesignhouse.com\/toode\/korvarongad-serena-hoopy-tsitriin\/#primaryimage\"},\"image\":{\"@id\":\"https:\/\/tallinndesignhouse.com\/toode\/korvarongad-serena-hoopy-tsitriin\/#primaryimage\"},\"thumbnailUrl\":\"https:\/\/tallinndesignhouse.com\/wp-content\/uploads\/2024\/05\/Myamoon-korvarongad-Serena-Hoopy-tsitriin.jpg\",\"datePublished\":\"2024-05-02T17:50:14+00:00\",\"dateModified\":\"2026-05-02T22:00:42+00:00\",\"description\":\"Myamoon k\u00f5rvar\u00f5ngad Serena Hoopy tsitriin. 925 h\u00f5bedast valmistatud ehte sisem\u00f5\u00f5t on 10 mm ja laius 3,5 mm. Kuninglikult kuldne ning p\u00e4ikesek\u00fcllane tsitriin.\",\"breadcrumb\":{\"@id\":\"https:\/\/tallinndesignhouse.com\/toode\/korvarongad-serena-hoopy-tsitriin\/#breadcrumb\"},\"inLanguage\":\"en-US\",\"potentialAction\":[{\"@type\":\"ReadAction\",\"target\":[\"https:\/\/tallinndesignhouse.com\/toode\/korvarongad-serena-hoopy-tsitriin\/\"]}]},{\"@type\":\"ImageObject\",\"inLanguage\":\"en-US\",\"@id\":\"https:\/\/tallinndesignhouse.com\/toode\/korvarongad-serena-hoopy-tsitriin\/#primaryimage\",\"url\":\"https:\/\/tallinndesignhouse.com\/wp-content\/uploads\/2024\/05\/Myamoon-korvarongad-Serena-Hoopy-tsitriin.jpg\",\"contentUrl\":\"https:\/\/tallinndesignhouse.com\/wp-content\/uploads\/2024\/05\/Myamoon-korvarongad-Serena-Hoopy-tsitriin.jpg\",\"width\":1080,\"height\":1350,\"caption\":\"Myamoon ko\u0303rvaro\u0303ngad Serena Hoopy tsitriin\"},{\"@type\":\"BreadcrumbList\",\"@id\":\"https:\/\/tallinndesignhouse.com\/toode\/korvarongad-serena-hoopy-tsitriin\/#breadcrumb\",\"itemListElement\":[{\"@type\":\"ListItem\",\"position\":1,\"name\":\"Home\",\"item\":\"https:\/\/tallinndesignhouse.com\/en\/\"},{\"@type\":\"ListItem\",\"position\":2,\"name\":\"Shop\",\"item\":\"https:\/\/tallinndesignhouse.com\/en\/shop\/\"},{\"@type\":\"ListItem\",\"position\":3,\"name\":\"Earrings Serena Hoopy Citrine\"}]},{\"@type\":\"WebSite\",\"@id\":\"https:\/\/tallinndesignhouse.com\/#website\",\"url\":\"https:\/\/tallinndesignhouse.com\/\",\"name\":\"Tallinn Design House\",\"description\":\"Eesti disain Rotermanni kvartalis\",\"potentialAction\":[{\"@type\":\"SearchAction\",\"target\":{\"@type\":\"EntryPoint\",\"urlTemplate\":\"https:\/\/tallinndesignhouse.com\/?s={search_term_string}\"},\"query-input\":{\"@type\":\"PropertyValueSpecification\",\"valueRequired\":true,\"valueName\":\"search_term_string\"}}],\"inLanguage\":\"en-US\"}]}<\/script>\n<!-- \/ Yoast SEO plugin. -->","yoast_head_json":{"title":"Myamoon Earrings Serena Hoopy Citrine - Tallinn Design House","description":"Myamoon k\u00f5rvar\u00f5ngad Serena Hoopy tsitriin. 925 h\u00f5bedast valmistatud ehte sisem\u00f5\u00f5t on 10 mm ja laius 3,5 mm. Kuninglikult kuldne ning p\u00e4ikesek\u00fcllane tsitriin.","robots":{"index":"index","follow":"follow","max-snippet":"max-snippet:-1","max-image-preview":"max-image-preview:large","max-video-preview":"max-video-preview:-1"},"canonical":"https:\/\/tallinndesignhouse.com\/toode\/korvarongad-serena-hoopy-tsitriin\/","og_locale":"en_US","og_type":"article","og_title":"Myamoon Earrings Serena Hoopy Citrine - Tallinn Design House","og_description":"Myamoon k\u00f5rvar\u00f5ngad Serena Hoopy tsitriin. 925 h\u00f5bedast valmistatud ehte sisem\u00f5\u00f5t on 10 mm ja laius 3,5 mm. Kuninglikult kuldne ning p\u00e4ikesek\u00fcllane tsitriin.","og_url":"https:\/\/tallinndesignhouse.com\/toode\/korvarongad-serena-hoopy-tsitriin\/","og_site_name":"Tallinn Design House","article_modified_time":"2026-05-02T22:00:42+00:00","og_image":[{"width":1080,"height":1350,"url":"https:\/\/tallinndesignhouse.com\/wp-content\/uploads\/2024\/05\/Myamoon-korvarongad-Serena-Hoopy-tsitriin.jpg","type":"image\/jpeg"}],"twitter_card":"summary_large_image","twitter_misc":{"Est. reading time":"1 minute"},"schema":{"@context":"https:\/\/schema.org","@graph":[{"@type":"WebPage","@id":"https:\/\/tallinndesignhouse.com\/toode\/korvarongad-serena-hoopy-tsitriin\/","url":"https:\/\/tallinndesignhouse.com\/toode\/korvarongad-serena-hoopy-tsitriin\/","name":"Myamoon Earrings Serena Hoopy Citrine - Tallinn Design House","isPartOf":{"@id":"https:\/\/tallinndesignhouse.com\/#website"},"primaryImageOfPage":{"@id":"https:\/\/tallinndesignhouse.com\/toode\/korvarongad-serena-hoopy-tsitriin\/#primaryimage"},"image":{"@id":"https:\/\/tallinndesignhouse.com\/toode\/korvarongad-serena-hoopy-tsitriin\/#primaryimage"},"thumbnailUrl":"https:\/\/tallinndesignhouse.com\/wp-content\/uploads\/2024\/05\/Myamoon-korvarongad-Serena-Hoopy-tsitriin.jpg","datePublished":"2024-05-02T17:50:14+00:00","dateModified":"2026-05-02T22:00:42+00:00","description":"Myamoon k\u00f5rvar\u00f5ngad Serena Hoopy tsitriin. 925 h\u00f5bedast valmistatud ehte sisem\u00f5\u00f5t on 10 mm ja laius 3,5 mm. Kuninglikult kuldne ning p\u00e4ikesek\u00fcllane tsitriin.","breadcrumb":{"@id":"https:\/\/tallinndesignhouse.com\/toode\/korvarongad-serena-hoopy-tsitriin\/#breadcrumb"},"inLanguage":"en-US","potentialAction":[{"@type":"ReadAction","target":["https:\/\/tallinndesignhouse.com\/toode\/korvarongad-serena-hoopy-tsitriin\/"]}]},{"@type":"ImageObject","inLanguage":"en-US","@id":"https:\/\/tallinndesignhouse.com\/toode\/korvarongad-serena-hoopy-tsitriin\/#primaryimage","url":"https:\/\/tallinndesignhouse.com\/wp-content\/uploads\/2024\/05\/Myamoon-korvarongad-Serena-Hoopy-tsitriin.jpg","contentUrl":"https:\/\/tallinndesignhouse.com\/wp-content\/uploads\/2024\/05\/Myamoon-korvarongad-Serena-Hoopy-tsitriin.jpg","width":1080,"height":1350,"caption":"Myamoon ko\u0303rvaro\u0303ngad Serena Hoopy tsitriin"},{"@type":"BreadcrumbList","@id":"https:\/\/tallinndesignhouse.com\/toode\/korvarongad-serena-hoopy-tsitriin\/#breadcrumb","itemListElement":[{"@type":"ListItem","position":1,"name":"Home","item":"https:\/\/tallinndesignhouse.com\/en\/"},{"@type":"ListItem","position":2,"name":"Shop","item":"https:\/\/tallinndesignhouse.com\/en\/shop\/"},{"@type":"ListItem","position":3,"name":"Earrings Serena Hoopy Citrine"}]},{"@type":"WebSite","@id":"https:\/\/tallinndesignhouse.com\/#website","url":"https:\/\/tallinndesignhouse.com\/","name":"Tallinn Design House","description":"Eesti disain Rotermanni kvartalis","potentialAction":[{"@type":"SearchAction","target":{"@type":"EntryPoint","urlTemplate":"https:\/\/tallinndesignhouse.com\/?s={search_term_string}"},"query-input":{"@type":"PropertyValueSpecification","valueRequired":true,"valueName":"search_term_string"}}],"inLanguage":"en-US"}]}},"_links":{"self":[{"href":"https:\/\/tallinndesignhouse.com\/en\/wp-json\/wp\/v2\/product\/3350245","targetHints":{"allow":["GET"]}}],"collection":[{"href":"https:\/\/tallinndesignhouse.com\/en\/wp-json\/wp\/v2\/product"}],"about":[{"href":"https:\/\/tallinndesignhouse.com\/en\/wp-json\/wp\/v2\/types\/product"}],"wp:featuredmedia":[{"embeddable":true,"href":"https:\/\/tallinndesignhouse.com\/en\/wp-json\/wp\/v2\/media\/3350236"}],"wp:attachment":[{"href":"https:\/\/tallinndesignhouse.com\/en\/wp-json\/wp\/v2\/media?parent=3350245"}],"wp:term":[{"taxonomy":"product_brand","embeddable":true,"href":"https:\/\/tallinndesignhouse.com\/en\/wp-json\/wp\/v2\/product_brand?post=3350245"},{"taxonomy":"product_cat","embeddable":true,"href":"https:\/\/tallinndesignhouse.com\/en\/wp-json\/wp\/v2\/product_cat?post=3350245"},{"taxonomy":"product_tag","embeddable":true,"href":"https:\/\/tallinndesignhouse.com\/en\/wp-json\/wp\/v2\/product_tag?post=3350245"}],"curies":[{"name":"wp","href":"https:\/\/api.w.org\/{rel}","templated":true}]}}