{"id":3350263,"date":"2024-05-02T21:05:19","date_gmt":"2024-05-02T18:05:19","guid":{"rendered":"https:\/\/tallinndesignhouse.com\/toode\/korvarongad-ida-white-pearl\/"},"modified":"2026-05-03T01:00:57","modified_gmt":"2026-05-02T22:00:57","slug":"korvarongad-ida-white-pearl","status":"publish","type":"product","link":"https:\/\/tallinndesignhouse.com\/en\/toode\/korvarongad-ida-white-pearl\/","title":{"rendered":"Earrings Ida White Pearl"},"content":{"rendered":"<p>Earrings Ida White Pearl by NRTN are made of powder-coated white brass, white mother of pearl and 925 silver stud. Size: 30 \u00d7 12 \u00d7 6 mm each, Weight: 2.9 g pair. Introducing Stellar Drift, the latest capsule collection from collection DRIFT. Inspired by the celestial choreography of stars in expanding galaxies, this capsule collection combines modern elegance with abstract curves. Each piece captures the essence of cosmic motion, offering a visual symphony that elevates your style. Embrace the allure of Stellar Drift\u2014a celebration of wandering beauty inspired by the motion of stars.<\/p>\n","protected":false},"excerpt":{"rendered":"<p>Earrings Ida White Pearl by NRTN are made of powder-coated white brass, white mother of pearl and 925 silver stud. Size: 30 \u00d7 12 \u00d7 6 mm each, Weight: 2.9 g pair. Introducing Stellar Drift, the latest capsule collection from collection DRIFT. Inspired by the celestial choreography of stars in expanding galaxies, this capsule collection [&hellip;]<\/p>\n","protected":false},"featured_media":3350313,"template":"","meta":{"_acf_changed":false},"product_brand":[],"product_cat":[1955,3223,3718],"product_tag":[2819],"class_list":{"0":"post-3350263","1":"product","2":"type-product","3":"status-publish","4":"has-post-thumbnail","6":"product_cat-earrings","7":"product_cat-jewellery-en","8":"product_cat-winter-style","9":"product_tag-women","10":"pa_brand-nrtn-en","12":"first","13":"instock","14":"taxable","15":"shipping-taxable","16":"purchasable","17":"product-type-simple"},"acf":[],"yoast_head":"<!-- This site is optimized with the Yoast SEO plugin v26.0 - https:\/\/yoast.com\/wordpress\/plugins\/seo\/ -->\n<title>NRTN Earrings Ida White Pearl - Tallinn Design House<\/title>\n<meta name=\"description\" content=\"NRTN k\u00f5rvar\u00f5ngad Ida White Pearl. Valmistatud pulberv\u00e4rvitud valgest messingust, valgest p\u00e4rlmutrist ja 925 h\u00f5ben\u00f6\u00f6bist. Suurus: 30 \u00d7 12 \u00d7 6 mm.\" \/>\n<meta name=\"robots\" content=\"index, follow, max-snippet:-1, max-image-preview:large, max-video-preview:-1\" \/>\n<link rel=\"canonical\" href=\"https:\/\/tallinndesignhouse.com\/toode\/korvarongad-ida-white-pearl\/\" \/>\n<meta property=\"og:locale\" content=\"en_US\" \/>\n<meta property=\"og:type\" content=\"article\" \/>\n<meta property=\"og:title\" content=\"NRTN Earrings Ida White Pearl - Tallinn Design House\" \/>\n<meta property=\"og:description\" content=\"NRTN k\u00f5rvar\u00f5ngad Ida White Pearl. Valmistatud pulberv\u00e4rvitud valgest messingust, valgest p\u00e4rlmutrist ja 925 h\u00f5ben\u00f6\u00f6bist. Suurus: 30 \u00d7 12 \u00d7 6 mm.\" \/>\n<meta property=\"og:url\" content=\"https:\/\/tallinndesignhouse.com\/toode\/korvarongad-ida-white-pearl\/\" \/>\n<meta property=\"og:site_name\" content=\"Tallinn Design House\" \/>\n<meta property=\"article:modified_time\" content=\"2026-05-02T22:00:57+00:00\" \/>\n<meta property=\"og:image\" content=\"https:\/\/tallinndesignhouse.com\/wp-content\/uploads\/2024\/05\/NRTN-korvarongad-Ida-White-Pearl-uus.jpg\" \/>\n\t<meta property=\"og:image:width\" content=\"1080\" \/>\n\t<meta property=\"og:image:height\" content=\"1350\" \/>\n\t<meta property=\"og:image:type\" content=\"image\/jpeg\" \/>\n<meta name=\"twitter:card\" content=\"summary_large_image\" \/>\n<meta name=\"twitter:label1\" content=\"Est. reading time\" \/>\n\t<meta name=\"twitter:data1\" content=\"1 minute\" \/>\n<script type=\"application\/ld+json\" class=\"yoast-schema-graph\">{\"@context\":\"https:\/\/schema.org\",\"@graph\":[{\"@type\":\"WebPage\",\"@id\":\"https:\/\/tallinndesignhouse.com\/toode\/korvarongad-ida-white-pearl\/\",\"url\":\"https:\/\/tallinndesignhouse.com\/toode\/korvarongad-ida-white-pearl\/\",\"name\":\"NRTN Earrings Ida White Pearl - Tallinn Design House\",\"isPartOf\":{\"@id\":\"https:\/\/tallinndesignhouse.com\/#website\"},\"primaryImageOfPage\":{\"@id\":\"https:\/\/tallinndesignhouse.com\/toode\/korvarongad-ida-white-pearl\/#primaryimage\"},\"image\":{\"@id\":\"https:\/\/tallinndesignhouse.com\/toode\/korvarongad-ida-white-pearl\/#primaryimage\"},\"thumbnailUrl\":\"https:\/\/tallinndesignhouse.com\/wp-content\/uploads\/2024\/05\/NRTN-korvarongad-Ida-White-Pearl-uus.jpg\",\"datePublished\":\"2024-05-02T18:05:19+00:00\",\"dateModified\":\"2026-05-02T22:00:57+00:00\",\"description\":\"NRTN k\u00f5rvar\u00f5ngad Ida White Pearl. Valmistatud pulberv\u00e4rvitud valgest messingust, valgest p\u00e4rlmutrist ja 925 h\u00f5ben\u00f6\u00f6bist. Suurus: 30 \u00d7 12 \u00d7 6 mm.\",\"breadcrumb\":{\"@id\":\"https:\/\/tallinndesignhouse.com\/toode\/korvarongad-ida-white-pearl\/#breadcrumb\"},\"inLanguage\":\"en-US\",\"potentialAction\":[{\"@type\":\"ReadAction\",\"target\":[\"https:\/\/tallinndesignhouse.com\/toode\/korvarongad-ida-white-pearl\/\"]}]},{\"@type\":\"ImageObject\",\"inLanguage\":\"en-US\",\"@id\":\"https:\/\/tallinndesignhouse.com\/toode\/korvarongad-ida-white-pearl\/#primaryimage\",\"url\":\"https:\/\/tallinndesignhouse.com\/wp-content\/uploads\/2024\/05\/NRTN-korvarongad-Ida-White-Pearl-uus.jpg\",\"contentUrl\":\"https:\/\/tallinndesignhouse.com\/wp-content\/uploads\/2024\/05\/NRTN-korvarongad-Ida-White-Pearl-uus.jpg\",\"width\":1080,\"height\":1350,\"caption\":\"NRTN ko\u0303rvaro\u0303ngad Ida White Pearl uus\"},{\"@type\":\"BreadcrumbList\",\"@id\":\"https:\/\/tallinndesignhouse.com\/toode\/korvarongad-ida-white-pearl\/#breadcrumb\",\"itemListElement\":[{\"@type\":\"ListItem\",\"position\":1,\"name\":\"Home\",\"item\":\"https:\/\/tallinndesignhouse.com\/en\/\"},{\"@type\":\"ListItem\",\"position\":2,\"name\":\"Shop\",\"item\":\"https:\/\/tallinndesignhouse.com\/en\/shop\/\"},{\"@type\":\"ListItem\",\"position\":3,\"name\":\"Earrings Ida White Pearl\"}]},{\"@type\":\"WebSite\",\"@id\":\"https:\/\/tallinndesignhouse.com\/#website\",\"url\":\"https:\/\/tallinndesignhouse.com\/\",\"name\":\"Tallinn Design House\",\"description\":\"Eesti disain Rotermanni kvartalis\",\"potentialAction\":[{\"@type\":\"SearchAction\",\"target\":{\"@type\":\"EntryPoint\",\"urlTemplate\":\"https:\/\/tallinndesignhouse.com\/?s={search_term_string}\"},\"query-input\":{\"@type\":\"PropertyValueSpecification\",\"valueRequired\":true,\"valueName\":\"search_term_string\"}}],\"inLanguage\":\"en-US\"}]}<\/script>\n<!-- \/ Yoast SEO plugin. -->","yoast_head_json":{"title":"NRTN Earrings Ida White Pearl - Tallinn Design House","description":"NRTN k\u00f5rvar\u00f5ngad Ida White Pearl. Valmistatud pulberv\u00e4rvitud valgest messingust, valgest p\u00e4rlmutrist ja 925 h\u00f5ben\u00f6\u00f6bist. Suurus: 30 \u00d7 12 \u00d7 6 mm.","robots":{"index":"index","follow":"follow","max-snippet":"max-snippet:-1","max-image-preview":"max-image-preview:large","max-video-preview":"max-video-preview:-1"},"canonical":"https:\/\/tallinndesignhouse.com\/toode\/korvarongad-ida-white-pearl\/","og_locale":"en_US","og_type":"article","og_title":"NRTN Earrings Ida White Pearl - Tallinn Design House","og_description":"NRTN k\u00f5rvar\u00f5ngad Ida White Pearl. Valmistatud pulberv\u00e4rvitud valgest messingust, valgest p\u00e4rlmutrist ja 925 h\u00f5ben\u00f6\u00f6bist. Suurus: 30 \u00d7 12 \u00d7 6 mm.","og_url":"https:\/\/tallinndesignhouse.com\/toode\/korvarongad-ida-white-pearl\/","og_site_name":"Tallinn Design House","article_modified_time":"2026-05-02T22:00:57+00:00","og_image":[{"width":1080,"height":1350,"url":"https:\/\/tallinndesignhouse.com\/wp-content\/uploads\/2024\/05\/NRTN-korvarongad-Ida-White-Pearl-uus.jpg","type":"image\/jpeg"}],"twitter_card":"summary_large_image","twitter_misc":{"Est. reading time":"1 minute"},"schema":{"@context":"https:\/\/schema.org","@graph":[{"@type":"WebPage","@id":"https:\/\/tallinndesignhouse.com\/toode\/korvarongad-ida-white-pearl\/","url":"https:\/\/tallinndesignhouse.com\/toode\/korvarongad-ida-white-pearl\/","name":"NRTN Earrings Ida White Pearl - Tallinn Design House","isPartOf":{"@id":"https:\/\/tallinndesignhouse.com\/#website"},"primaryImageOfPage":{"@id":"https:\/\/tallinndesignhouse.com\/toode\/korvarongad-ida-white-pearl\/#primaryimage"},"image":{"@id":"https:\/\/tallinndesignhouse.com\/toode\/korvarongad-ida-white-pearl\/#primaryimage"},"thumbnailUrl":"https:\/\/tallinndesignhouse.com\/wp-content\/uploads\/2024\/05\/NRTN-korvarongad-Ida-White-Pearl-uus.jpg","datePublished":"2024-05-02T18:05:19+00:00","dateModified":"2026-05-02T22:00:57+00:00","description":"NRTN k\u00f5rvar\u00f5ngad Ida White Pearl. Valmistatud pulberv\u00e4rvitud valgest messingust, valgest p\u00e4rlmutrist ja 925 h\u00f5ben\u00f6\u00f6bist. Suurus: 30 \u00d7 12 \u00d7 6 mm.","breadcrumb":{"@id":"https:\/\/tallinndesignhouse.com\/toode\/korvarongad-ida-white-pearl\/#breadcrumb"},"inLanguage":"en-US","potentialAction":[{"@type":"ReadAction","target":["https:\/\/tallinndesignhouse.com\/toode\/korvarongad-ida-white-pearl\/"]}]},{"@type":"ImageObject","inLanguage":"en-US","@id":"https:\/\/tallinndesignhouse.com\/toode\/korvarongad-ida-white-pearl\/#primaryimage","url":"https:\/\/tallinndesignhouse.com\/wp-content\/uploads\/2024\/05\/NRTN-korvarongad-Ida-White-Pearl-uus.jpg","contentUrl":"https:\/\/tallinndesignhouse.com\/wp-content\/uploads\/2024\/05\/NRTN-korvarongad-Ida-White-Pearl-uus.jpg","width":1080,"height":1350,"caption":"NRTN ko\u0303rvaro\u0303ngad Ida White Pearl uus"},{"@type":"BreadcrumbList","@id":"https:\/\/tallinndesignhouse.com\/toode\/korvarongad-ida-white-pearl\/#breadcrumb","itemListElement":[{"@type":"ListItem","position":1,"name":"Home","item":"https:\/\/tallinndesignhouse.com\/en\/"},{"@type":"ListItem","position":2,"name":"Shop","item":"https:\/\/tallinndesignhouse.com\/en\/shop\/"},{"@type":"ListItem","position":3,"name":"Earrings Ida White Pearl"}]},{"@type":"WebSite","@id":"https:\/\/tallinndesignhouse.com\/#website","url":"https:\/\/tallinndesignhouse.com\/","name":"Tallinn Design House","description":"Eesti disain Rotermanni kvartalis","potentialAction":[{"@type":"SearchAction","target":{"@type":"EntryPoint","urlTemplate":"https:\/\/tallinndesignhouse.com\/?s={search_term_string}"},"query-input":{"@type":"PropertyValueSpecification","valueRequired":true,"valueName":"search_term_string"}}],"inLanguage":"en-US"}]}},"_links":{"self":[{"href":"https:\/\/tallinndesignhouse.com\/en\/wp-json\/wp\/v2\/product\/3350263","targetHints":{"allow":["GET"]}}],"collection":[{"href":"https:\/\/tallinndesignhouse.com\/en\/wp-json\/wp\/v2\/product"}],"about":[{"href":"https:\/\/tallinndesignhouse.com\/en\/wp-json\/wp\/v2\/types\/product"}],"wp:featuredmedia":[{"embeddable":true,"href":"https:\/\/tallinndesignhouse.com\/en\/wp-json\/wp\/v2\/media\/3350313"}],"wp:attachment":[{"href":"https:\/\/tallinndesignhouse.com\/en\/wp-json\/wp\/v2\/media?parent=3350263"}],"wp:term":[{"taxonomy":"product_brand","embeddable":true,"href":"https:\/\/tallinndesignhouse.com\/en\/wp-json\/wp\/v2\/product_brand?post=3350263"},{"taxonomy":"product_cat","embeddable":true,"href":"https:\/\/tallinndesignhouse.com\/en\/wp-json\/wp\/v2\/product_cat?post=3350263"},{"taxonomy":"product_tag","embeddable":true,"href":"https:\/\/tallinndesignhouse.com\/en\/wp-json\/wp\/v2\/product_tag?post=3350263"}],"curies":[{"name":"wp","href":"https:\/\/api.w.org\/{rel}","templated":true}]}}