{"id":3350295,"date":"2024-05-02T21:20:17","date_gmt":"2024-05-02T18:20:17","guid":{"rendered":"https:\/\/tallinndesignhouse.com\/toode\/korvarongad-polar-white-pearl\/"},"modified":"2026-05-03T01:00:58","modified_gmt":"2026-05-02T22:00:58","slug":"korvarongad-polar-white-pearl","status":"publish","type":"product","link":"https:\/\/tallinndesignhouse.com\/en\/toode\/korvarongad-polar-white-pearl\/","title":{"rendered":"Polar White Pearl earrings"},"content":{"rendered":"<p>Polar White Pearl earrings are made of freshwater pearls, powder-coated brass and silver 925. Size: 22 \u00d7 22 \u00d7 6 mm each. Weight: 4.6 g pair. Introducing Stellar Drift, the latest capsule collection from collection DRIFT. Inspired by the celestial choreography of stars in expanding galaxies, this capsule collection combines modern elegance with abstract curves. Each piece captures the essence of cosmic motion, offering a visual symphony that elevates your style. Embrace the allure of Stellar Drift \u2014 a celebration of wandering beauty inspired by the motion of stars. Brand: NRTN.<\/p>\n","protected":false},"excerpt":{"rendered":"<p>Polar White Pearl earrings are made of freshwater pearls, powder-coated brass and silver 925. Size: 22 \u00d7 22 \u00d7 6 mm each. Weight: 4.6 g pair. Introducing Stellar Drift, the latest capsule collection from collection DRIFT. Inspired by the celestial choreography of stars in expanding galaxies, this capsule collection combines modern elegance with abstract curves. [&hellip;]<\/p>\n","protected":false},"featured_media":3350287,"template":"","meta":{"_acf_changed":false},"product_brand":[],"product_cat":[1955,3223,3718],"product_tag":[2819],"class_list":{"0":"post-3350295","1":"product","2":"type-product","3":"status-publish","4":"has-post-thumbnail","6":"product_cat-earrings","7":"product_cat-jewellery-en","8":"product_cat-winter-style","9":"product_tag-women","10":"pa_brand-nrtn-en","12":"first","13":"instock","14":"taxable","15":"shipping-taxable","16":"purchasable","17":"product-type-simple"},"acf":[],"yoast_head":"<!-- This site is optimized with the Yoast SEO plugin v26.0 - https:\/\/yoast.com\/wordpress\/plugins\/seo\/ -->\n<title>NRTN Polar White Pearl earrings - Tallinn Design House<\/title>\n<meta name=\"description\" content=\"NRTN k\u00f5rvar\u00f5ngad Polar White Pearl. Valmistatud mageveep\u00e4rlitest, pulberv\u00e4rvitud messingust ja h\u00f5bedast 925.\" \/>\n<meta name=\"robots\" content=\"index, follow, max-snippet:-1, max-image-preview:large, max-video-preview:-1\" \/>\n<link rel=\"canonical\" href=\"https:\/\/tallinndesignhouse.com\/toode\/korvarongad-polar-white-pearl\/\" \/>\n<meta property=\"og:locale\" content=\"en_US\" \/>\n<meta property=\"og:type\" content=\"article\" \/>\n<meta property=\"og:title\" content=\"NRTN Polar White Pearl earrings - Tallinn Design House\" \/>\n<meta property=\"og:description\" content=\"NRTN k\u00f5rvar\u00f5ngad Polar White Pearl. Valmistatud mageveep\u00e4rlitest, pulberv\u00e4rvitud messingust ja h\u00f5bedast 925.\" \/>\n<meta property=\"og:url\" content=\"https:\/\/tallinndesignhouse.com\/toode\/korvarongad-polar-white-pearl\/\" \/>\n<meta property=\"og:site_name\" content=\"Tallinn Design House\" \/>\n<meta property=\"article:modified_time\" content=\"2026-05-02T22:00:58+00:00\" \/>\n<meta property=\"og:image\" content=\"https:\/\/tallinndesignhouse.com\/wp-content\/uploads\/2024\/05\/NRTN-korvarongad-Polar-White-Pearl-.jpg\" \/>\n\t<meta property=\"og:image:width\" content=\"1080\" \/>\n\t<meta property=\"og:image:height\" content=\"1350\" \/>\n\t<meta property=\"og:image:type\" content=\"image\/jpeg\" \/>\n<meta name=\"twitter:card\" content=\"summary_large_image\" \/>\n<script type=\"application\/ld+json\" class=\"yoast-schema-graph\">{\"@context\":\"https:\/\/schema.org\",\"@graph\":[{\"@type\":\"WebPage\",\"@id\":\"https:\/\/tallinndesignhouse.com\/toode\/korvarongad-polar-white-pearl\/\",\"url\":\"https:\/\/tallinndesignhouse.com\/toode\/korvarongad-polar-white-pearl\/\",\"name\":\"NRTN Polar White Pearl earrings - Tallinn Design House\",\"isPartOf\":{\"@id\":\"https:\/\/tallinndesignhouse.com\/#website\"},\"primaryImageOfPage\":{\"@id\":\"https:\/\/tallinndesignhouse.com\/toode\/korvarongad-polar-white-pearl\/#primaryimage\"},\"image\":{\"@id\":\"https:\/\/tallinndesignhouse.com\/toode\/korvarongad-polar-white-pearl\/#primaryimage\"},\"thumbnailUrl\":\"https:\/\/tallinndesignhouse.com\/wp-content\/uploads\/2024\/05\/NRTN-korvarongad-Polar-White-Pearl-.jpg\",\"datePublished\":\"2024-05-02T18:20:17+00:00\",\"dateModified\":\"2026-05-02T22:00:58+00:00\",\"description\":\"NRTN k\u00f5rvar\u00f5ngad Polar White Pearl. Valmistatud mageveep\u00e4rlitest, pulberv\u00e4rvitud messingust ja h\u00f5bedast 925.\",\"breadcrumb\":{\"@id\":\"https:\/\/tallinndesignhouse.com\/toode\/korvarongad-polar-white-pearl\/#breadcrumb\"},\"inLanguage\":\"en-US\",\"potentialAction\":[{\"@type\":\"ReadAction\",\"target\":[\"https:\/\/tallinndesignhouse.com\/toode\/korvarongad-polar-white-pearl\/\"]}]},{\"@type\":\"ImageObject\",\"inLanguage\":\"en-US\",\"@id\":\"https:\/\/tallinndesignhouse.com\/toode\/korvarongad-polar-white-pearl\/#primaryimage\",\"url\":\"https:\/\/tallinndesignhouse.com\/wp-content\/uploads\/2024\/05\/NRTN-korvarongad-Polar-White-Pearl-.jpg\",\"contentUrl\":\"https:\/\/tallinndesignhouse.com\/wp-content\/uploads\/2024\/05\/NRTN-korvarongad-Polar-White-Pearl-.jpg\",\"width\":1080,\"height\":1350,\"caption\":\"NRTN ko\u0303rvaro\u0303ngad Polar White Pearl\"},{\"@type\":\"BreadcrumbList\",\"@id\":\"https:\/\/tallinndesignhouse.com\/toode\/korvarongad-polar-white-pearl\/#breadcrumb\",\"itemListElement\":[{\"@type\":\"ListItem\",\"position\":1,\"name\":\"Home\",\"item\":\"https:\/\/tallinndesignhouse.com\/en\/\"},{\"@type\":\"ListItem\",\"position\":2,\"name\":\"Shop\",\"item\":\"https:\/\/tallinndesignhouse.com\/en\/shop\/\"},{\"@type\":\"ListItem\",\"position\":3,\"name\":\"Polar White Pearl earrings\"}]},{\"@type\":\"WebSite\",\"@id\":\"https:\/\/tallinndesignhouse.com\/#website\",\"url\":\"https:\/\/tallinndesignhouse.com\/\",\"name\":\"Tallinn Design House\",\"description\":\"Eesti disain Rotermanni kvartalis\",\"potentialAction\":[{\"@type\":\"SearchAction\",\"target\":{\"@type\":\"EntryPoint\",\"urlTemplate\":\"https:\/\/tallinndesignhouse.com\/?s={search_term_string}\"},\"query-input\":{\"@type\":\"PropertyValueSpecification\",\"valueRequired\":true,\"valueName\":\"search_term_string\"}}],\"inLanguage\":\"en-US\"}]}<\/script>\n<!-- \/ Yoast SEO plugin. -->","yoast_head_json":{"title":"NRTN Polar White Pearl earrings - Tallinn Design House","description":"NRTN k\u00f5rvar\u00f5ngad Polar White Pearl. Valmistatud mageveep\u00e4rlitest, pulberv\u00e4rvitud messingust ja h\u00f5bedast 925.","robots":{"index":"index","follow":"follow","max-snippet":"max-snippet:-1","max-image-preview":"max-image-preview:large","max-video-preview":"max-video-preview:-1"},"canonical":"https:\/\/tallinndesignhouse.com\/toode\/korvarongad-polar-white-pearl\/","og_locale":"en_US","og_type":"article","og_title":"NRTN Polar White Pearl earrings - Tallinn Design House","og_description":"NRTN k\u00f5rvar\u00f5ngad Polar White Pearl. Valmistatud mageveep\u00e4rlitest, pulberv\u00e4rvitud messingust ja h\u00f5bedast 925.","og_url":"https:\/\/tallinndesignhouse.com\/toode\/korvarongad-polar-white-pearl\/","og_site_name":"Tallinn Design House","article_modified_time":"2026-05-02T22:00:58+00:00","og_image":[{"width":1080,"height":1350,"url":"https:\/\/tallinndesignhouse.com\/wp-content\/uploads\/2024\/05\/NRTN-korvarongad-Polar-White-Pearl-.jpg","type":"image\/jpeg"}],"twitter_card":"summary_large_image","schema":{"@context":"https:\/\/schema.org","@graph":[{"@type":"WebPage","@id":"https:\/\/tallinndesignhouse.com\/toode\/korvarongad-polar-white-pearl\/","url":"https:\/\/tallinndesignhouse.com\/toode\/korvarongad-polar-white-pearl\/","name":"NRTN Polar White Pearl earrings - Tallinn Design House","isPartOf":{"@id":"https:\/\/tallinndesignhouse.com\/#website"},"primaryImageOfPage":{"@id":"https:\/\/tallinndesignhouse.com\/toode\/korvarongad-polar-white-pearl\/#primaryimage"},"image":{"@id":"https:\/\/tallinndesignhouse.com\/toode\/korvarongad-polar-white-pearl\/#primaryimage"},"thumbnailUrl":"https:\/\/tallinndesignhouse.com\/wp-content\/uploads\/2024\/05\/NRTN-korvarongad-Polar-White-Pearl-.jpg","datePublished":"2024-05-02T18:20:17+00:00","dateModified":"2026-05-02T22:00:58+00:00","description":"NRTN k\u00f5rvar\u00f5ngad Polar White Pearl. Valmistatud mageveep\u00e4rlitest, pulberv\u00e4rvitud messingust ja h\u00f5bedast 925.","breadcrumb":{"@id":"https:\/\/tallinndesignhouse.com\/toode\/korvarongad-polar-white-pearl\/#breadcrumb"},"inLanguage":"en-US","potentialAction":[{"@type":"ReadAction","target":["https:\/\/tallinndesignhouse.com\/toode\/korvarongad-polar-white-pearl\/"]}]},{"@type":"ImageObject","inLanguage":"en-US","@id":"https:\/\/tallinndesignhouse.com\/toode\/korvarongad-polar-white-pearl\/#primaryimage","url":"https:\/\/tallinndesignhouse.com\/wp-content\/uploads\/2024\/05\/NRTN-korvarongad-Polar-White-Pearl-.jpg","contentUrl":"https:\/\/tallinndesignhouse.com\/wp-content\/uploads\/2024\/05\/NRTN-korvarongad-Polar-White-Pearl-.jpg","width":1080,"height":1350,"caption":"NRTN ko\u0303rvaro\u0303ngad Polar White Pearl"},{"@type":"BreadcrumbList","@id":"https:\/\/tallinndesignhouse.com\/toode\/korvarongad-polar-white-pearl\/#breadcrumb","itemListElement":[{"@type":"ListItem","position":1,"name":"Home","item":"https:\/\/tallinndesignhouse.com\/en\/"},{"@type":"ListItem","position":2,"name":"Shop","item":"https:\/\/tallinndesignhouse.com\/en\/shop\/"},{"@type":"ListItem","position":3,"name":"Polar White Pearl earrings"}]},{"@type":"WebSite","@id":"https:\/\/tallinndesignhouse.com\/#website","url":"https:\/\/tallinndesignhouse.com\/","name":"Tallinn Design House","description":"Eesti disain Rotermanni kvartalis","potentialAction":[{"@type":"SearchAction","target":{"@type":"EntryPoint","urlTemplate":"https:\/\/tallinndesignhouse.com\/?s={search_term_string}"},"query-input":{"@type":"PropertyValueSpecification","valueRequired":true,"valueName":"search_term_string"}}],"inLanguage":"en-US"}]}},"_links":{"self":[{"href":"https:\/\/tallinndesignhouse.com\/en\/wp-json\/wp\/v2\/product\/3350295","targetHints":{"allow":["GET"]}}],"collection":[{"href":"https:\/\/tallinndesignhouse.com\/en\/wp-json\/wp\/v2\/product"}],"about":[{"href":"https:\/\/tallinndesignhouse.com\/en\/wp-json\/wp\/v2\/types\/product"}],"wp:featuredmedia":[{"embeddable":true,"href":"https:\/\/tallinndesignhouse.com\/en\/wp-json\/wp\/v2\/media\/3350287"}],"wp:attachment":[{"href":"https:\/\/tallinndesignhouse.com\/en\/wp-json\/wp\/v2\/media?parent=3350295"}],"wp:term":[{"taxonomy":"product_brand","embeddable":true,"href":"https:\/\/tallinndesignhouse.com\/en\/wp-json\/wp\/v2\/product_brand?post=3350295"},{"taxonomy":"product_cat","embeddable":true,"href":"https:\/\/tallinndesignhouse.com\/en\/wp-json\/wp\/v2\/product_cat?post=3350295"},{"taxonomy":"product_tag","embeddable":true,"href":"https:\/\/tallinndesignhouse.com\/en\/wp-json\/wp\/v2\/product_tag?post=3350295"}],"curies":[{"name":"wp","href":"https:\/\/api.w.org\/{rel}","templated":true}]}}