{"id":3351158,"date":"2024-05-20T21:20:10","date_gmt":"2024-05-20T18:20:10","guid":{"rendered":"https:\/\/tallinndesignhouse.com\/toode\/puksid-mustard\/"},"modified":"2026-04-29T00:59:01","modified_gmt":"2026-04-28T21:59:01","slug":"puksid-mustard","status":"publish","type":"product","link":"https:\/\/tallinndesignhouse.com\/en\/toode\/puksid-mustard\/","title":{"rendered":"Joggers Mustard"},"content":{"rendered":"<p>Soft, warm and cozy joggers are an absolute trend that will stay with us forever. Joggers goes well together with our MUSTARD hoodie.  The official logo of the LESS STRESS CLOTHES brand is embroidered on the pocket of the pants. Measures: Waist circumference 75-84 cm. Hip circumference 110-125 cm. Length 92 cm. Seat height 35 cm. Ankle circumference 30 cm. Material: 70% cotton, 30% polyester (polyester is an irreplaceable material so that the pants does not stretch over time). The product is 100% produced in Estonia.<\/p>\n","protected":false},"excerpt":{"rendered":"<p>Soft, warm and cozy joggers are an absolute trend that will stay with us forever. Joggers goes well together with our MUSTARD hoodie. The official logo of the LESS STRESS CLOTHES brand is embroidered on the pocket of the pants. Measures: Waist circumference 75-84 cm. Hip circumference 110-125 cm. Length 92 cm. Seat height 35 [&hellip;]<\/p>\n","protected":false},"featured_media":3351181,"template":"","meta":{"_acf_changed":false},"product_brand":[],"product_cat":[2013,2837,3552,3718],"product_tag":[2818],"class_list":{"0":"post-3351158","1":"product","2":"type-product","3":"status-publish","4":"has-post-thumbnail","6":"product_cat-pants","7":"product_cat-clothes","8":"product_cat-natural-materials-en","9":"product_cat-winter-style","10":"product_tag-naised","11":"pa_brand-less-stress-clothes","12":"pa_brand-less-stress-clothes-en","13":"pa_suurus-one-size","14":"pa_suurus-one-size-en","16":"first","17":"instock","18":"taxable","19":"shipping-taxable","20":"purchasable","21":"product-type-variable"},"acf":[],"yoast_head":"<!-- This site is optimized with the Yoast SEO plugin v26.0 - https:\/\/yoast.com\/wordpress\/plugins\/seo\/ -->\n<title>Less Stress Clothes - Tallinn Design House<\/title>\n<meta name=\"description\" content=\"Less Stress Clothes p\u00fcksid Mustard. P\u00fcksid on ONESIZE (\u00fches suuruses) ja UNISEX ehk sobivad kandmiseks nii meestele kui naistele.\" \/>\n<meta name=\"robots\" content=\"index, follow, max-snippet:-1, max-image-preview:large, max-video-preview:-1\" \/>\n<link rel=\"canonical\" href=\"https:\/\/tallinndesignhouse.com\/toode\/puksid-mustard\/\" \/>\n<meta property=\"og:locale\" content=\"en_US\" \/>\n<meta property=\"og:type\" content=\"article\" \/>\n<meta property=\"og:title\" content=\"Less Stress Clothes - Tallinn Design House\" \/>\n<meta property=\"og:description\" content=\"Less Stress Clothes p\u00fcksid Mustard. P\u00fcksid on ONESIZE (\u00fches suuruses) ja UNISEX ehk sobivad kandmiseks nii meestele kui naistele.\" \/>\n<meta property=\"og:url\" content=\"https:\/\/tallinndesignhouse.com\/toode\/puksid-mustard\/\" \/>\n<meta property=\"og:site_name\" content=\"Tallinn Design House\" \/>\n<meta property=\"article:modified_time\" content=\"2026-04-28T21:59:01+00:00\" \/>\n<meta property=\"og:image\" content=\"https:\/\/tallinndesignhouse.com\/wp-content\/uploads\/2024\/05\/Less-Stress-Clothes-puksid-Mustard-.jpg\" \/>\n\t<meta property=\"og:image:width\" content=\"1080\" \/>\n\t<meta property=\"og:image:height\" content=\"1350\" \/>\n\t<meta property=\"og:image:type\" content=\"image\/jpeg\" \/>\n<meta name=\"twitter:card\" content=\"summary_large_image\" \/>\n<script type=\"application\/ld+json\" class=\"yoast-schema-graph\">{\"@context\":\"https:\/\/schema.org\",\"@graph\":[{\"@type\":\"WebPage\",\"@id\":\"https:\/\/tallinndesignhouse.com\/toode\/puksid-mustard\/\",\"url\":\"https:\/\/tallinndesignhouse.com\/toode\/puksid-mustard\/\",\"name\":\"Less Stress Clothes - Tallinn Design House\",\"isPartOf\":{\"@id\":\"https:\/\/tallinndesignhouse.com\/#website\"},\"primaryImageOfPage\":{\"@id\":\"https:\/\/tallinndesignhouse.com\/toode\/puksid-mustard\/#primaryimage\"},\"image\":{\"@id\":\"https:\/\/tallinndesignhouse.com\/toode\/puksid-mustard\/#primaryimage\"},\"thumbnailUrl\":\"https:\/\/tallinndesignhouse.com\/wp-content\/uploads\/2024\/05\/Less-Stress-Clothes-puksid-Mustard-.jpg\",\"datePublished\":\"2024-05-20T18:20:10+00:00\",\"dateModified\":\"2026-04-28T21:59:01+00:00\",\"description\":\"Less Stress Clothes p\u00fcksid Mustard. P\u00fcksid on ONESIZE (\u00fches suuruses) ja UNISEX ehk sobivad kandmiseks nii meestele kui naistele.\",\"breadcrumb\":{\"@id\":\"https:\/\/tallinndesignhouse.com\/toode\/puksid-mustard\/#breadcrumb\"},\"inLanguage\":\"en-US\",\"potentialAction\":[{\"@type\":\"ReadAction\",\"target\":[\"https:\/\/tallinndesignhouse.com\/toode\/puksid-mustard\/\"]}]},{\"@type\":\"ImageObject\",\"inLanguage\":\"en-US\",\"@id\":\"https:\/\/tallinndesignhouse.com\/toode\/puksid-mustard\/#primaryimage\",\"url\":\"https:\/\/tallinndesignhouse.com\/wp-content\/uploads\/2024\/05\/Less-Stress-Clothes-puksid-Mustard-.jpg\",\"contentUrl\":\"https:\/\/tallinndesignhouse.com\/wp-content\/uploads\/2024\/05\/Less-Stress-Clothes-puksid-Mustard-.jpg\",\"width\":1080,\"height\":1350,\"caption\":\"Less Stress Clothes pu\u0308ksid Mustard\"},{\"@type\":\"BreadcrumbList\",\"@id\":\"https:\/\/tallinndesignhouse.com\/toode\/puksid-mustard\/#breadcrumb\",\"itemListElement\":[{\"@type\":\"ListItem\",\"position\":1,\"name\":\"Home\",\"item\":\"https:\/\/tallinndesignhouse.com\/en\/\"},{\"@type\":\"ListItem\",\"position\":2,\"name\":\"Shop\",\"item\":\"https:\/\/tallinndesignhouse.com\/en\/shop\/\"},{\"@type\":\"ListItem\",\"position\":3,\"name\":\"Joggers Mustard\"}]},{\"@type\":\"WebSite\",\"@id\":\"https:\/\/tallinndesignhouse.com\/#website\",\"url\":\"https:\/\/tallinndesignhouse.com\/\",\"name\":\"Tallinn Design House\",\"description\":\"Eesti disain Rotermanni kvartalis\",\"potentialAction\":[{\"@type\":\"SearchAction\",\"target\":{\"@type\":\"EntryPoint\",\"urlTemplate\":\"https:\/\/tallinndesignhouse.com\/?s={search_term_string}\"},\"query-input\":{\"@type\":\"PropertyValueSpecification\",\"valueRequired\":true,\"valueName\":\"search_term_string\"}}],\"inLanguage\":\"en-US\"}]}<\/script>\n<!-- \/ Yoast SEO plugin. -->","yoast_head_json":{"title":"Less Stress Clothes - Tallinn Design House","description":"Less Stress Clothes p\u00fcksid Mustard. P\u00fcksid on ONESIZE (\u00fches suuruses) ja UNISEX ehk sobivad kandmiseks nii meestele kui naistele.","robots":{"index":"index","follow":"follow","max-snippet":"max-snippet:-1","max-image-preview":"max-image-preview:large","max-video-preview":"max-video-preview:-1"},"canonical":"https:\/\/tallinndesignhouse.com\/toode\/puksid-mustard\/","og_locale":"en_US","og_type":"article","og_title":"Less Stress Clothes - Tallinn Design House","og_description":"Less Stress Clothes p\u00fcksid Mustard. P\u00fcksid on ONESIZE (\u00fches suuruses) ja UNISEX ehk sobivad kandmiseks nii meestele kui naistele.","og_url":"https:\/\/tallinndesignhouse.com\/toode\/puksid-mustard\/","og_site_name":"Tallinn Design House","article_modified_time":"2026-04-28T21:59:01+00:00","og_image":[{"width":1080,"height":1350,"url":"https:\/\/tallinndesignhouse.com\/wp-content\/uploads\/2024\/05\/Less-Stress-Clothes-puksid-Mustard-.jpg","type":"image\/jpeg"}],"twitter_card":"summary_large_image","schema":{"@context":"https:\/\/schema.org","@graph":[{"@type":"WebPage","@id":"https:\/\/tallinndesignhouse.com\/toode\/puksid-mustard\/","url":"https:\/\/tallinndesignhouse.com\/toode\/puksid-mustard\/","name":"Less Stress Clothes - Tallinn Design House","isPartOf":{"@id":"https:\/\/tallinndesignhouse.com\/#website"},"primaryImageOfPage":{"@id":"https:\/\/tallinndesignhouse.com\/toode\/puksid-mustard\/#primaryimage"},"image":{"@id":"https:\/\/tallinndesignhouse.com\/toode\/puksid-mustard\/#primaryimage"},"thumbnailUrl":"https:\/\/tallinndesignhouse.com\/wp-content\/uploads\/2024\/05\/Less-Stress-Clothes-puksid-Mustard-.jpg","datePublished":"2024-05-20T18:20:10+00:00","dateModified":"2026-04-28T21:59:01+00:00","description":"Less Stress Clothes p\u00fcksid Mustard. P\u00fcksid on ONESIZE (\u00fches suuruses) ja UNISEX ehk sobivad kandmiseks nii meestele kui naistele.","breadcrumb":{"@id":"https:\/\/tallinndesignhouse.com\/toode\/puksid-mustard\/#breadcrumb"},"inLanguage":"en-US","potentialAction":[{"@type":"ReadAction","target":["https:\/\/tallinndesignhouse.com\/toode\/puksid-mustard\/"]}]},{"@type":"ImageObject","inLanguage":"en-US","@id":"https:\/\/tallinndesignhouse.com\/toode\/puksid-mustard\/#primaryimage","url":"https:\/\/tallinndesignhouse.com\/wp-content\/uploads\/2024\/05\/Less-Stress-Clothes-puksid-Mustard-.jpg","contentUrl":"https:\/\/tallinndesignhouse.com\/wp-content\/uploads\/2024\/05\/Less-Stress-Clothes-puksid-Mustard-.jpg","width":1080,"height":1350,"caption":"Less Stress Clothes pu\u0308ksid Mustard"},{"@type":"BreadcrumbList","@id":"https:\/\/tallinndesignhouse.com\/toode\/puksid-mustard\/#breadcrumb","itemListElement":[{"@type":"ListItem","position":1,"name":"Home","item":"https:\/\/tallinndesignhouse.com\/en\/"},{"@type":"ListItem","position":2,"name":"Shop","item":"https:\/\/tallinndesignhouse.com\/en\/shop\/"},{"@type":"ListItem","position":3,"name":"Joggers Mustard"}]},{"@type":"WebSite","@id":"https:\/\/tallinndesignhouse.com\/#website","url":"https:\/\/tallinndesignhouse.com\/","name":"Tallinn Design House","description":"Eesti disain Rotermanni kvartalis","potentialAction":[{"@type":"SearchAction","target":{"@type":"EntryPoint","urlTemplate":"https:\/\/tallinndesignhouse.com\/?s={search_term_string}"},"query-input":{"@type":"PropertyValueSpecification","valueRequired":true,"valueName":"search_term_string"}}],"inLanguage":"en-US"}]}},"_links":{"self":[{"href":"https:\/\/tallinndesignhouse.com\/en\/wp-json\/wp\/v2\/product\/3351158","targetHints":{"allow":["GET"]}}],"collection":[{"href":"https:\/\/tallinndesignhouse.com\/en\/wp-json\/wp\/v2\/product"}],"about":[{"href":"https:\/\/tallinndesignhouse.com\/en\/wp-json\/wp\/v2\/types\/product"}],"wp:featuredmedia":[{"embeddable":true,"href":"https:\/\/tallinndesignhouse.com\/en\/wp-json\/wp\/v2\/media\/3351181"}],"wp:attachment":[{"href":"https:\/\/tallinndesignhouse.com\/en\/wp-json\/wp\/v2\/media?parent=3351158"}],"wp:term":[{"taxonomy":"product_brand","embeddable":true,"href":"https:\/\/tallinndesignhouse.com\/en\/wp-json\/wp\/v2\/product_brand?post=3351158"},{"taxonomy":"product_cat","embeddable":true,"href":"https:\/\/tallinndesignhouse.com\/en\/wp-json\/wp\/v2\/product_cat?post=3351158"},{"taxonomy":"product_tag","embeddable":true,"href":"https:\/\/tallinndesignhouse.com\/en\/wp-json\/wp\/v2\/product_tag?post=3351158"}],"curies":[{"name":"wp","href":"https:\/\/api.w.org\/{rel}","templated":true}]}}