{"id":3351310,"date":"2024-05-21T09:50:21","date_gmt":"2024-05-21T06:50:21","guid":{"rendered":"https:\/\/tallinndesignhouse.com\/toode\/t-sark-orange\/"},"modified":"2026-04-13T00:58:48","modified_gmt":"2026-04-12T21:58:48","slug":"t-sark-orange","status":"publish","type":"product","link":"https:\/\/tallinndesignhouse.com\/en\/toode\/t-sark-orange\/","title":{"rendered":"T-shirt Orange"},"content":{"rendered":"<p>Perfect oversize, one size &#038; unisex t-shirt by Less Stress Clothes. Great with everything and without anything. Classy &#038; reserved LESS STRESS CLOTHES embroidery on the sleeve. A must to any wardrobe! Material: 95% cotton, 5% elastane (elastane is an irreplaceable material so that t-shirts does not stretch out over time). Measures: chest (full girth) 142 cm; back length 79 cm; shoulders + sleeves (lowered) 47 cm. Handmade in Estonia!<\/p>\n","protected":false},"excerpt":{"rendered":"<p>Perfect oversize, one size &#038; unisex t-shirt by Less Stress Clothes. Great with everything and without anything. Classy &#038; reserved LESS STRESS CLOTHES embroidery on the sleeve. A must to any wardrobe! Material: 95% cotton, 5% elastane (elastane is an irreplaceable material so that t-shirts does not stretch out over time). Measures: chest (full girth) [&hellip;]<\/p>\n","protected":false},"featured_media":3351273,"template":"","meta":{"_acf_changed":false},"product_brand":[],"product_cat":[2837,3552,3718,1957],"product_tag":[2819],"class_list":{"0":"post-3351310","1":"product","2":"type-product","3":"status-publish","4":"has-post-thumbnail","6":"product_cat-clothes","7":"product_cat-natural-materials-en","8":"product_cat-winter-style","9":"product_cat-shirts-and-blouses","10":"product_tag-women","11":"pa_brand-less-stress-clothes-en","13":"pa_suurus-one-size-en","16":"first","17":"instock","18":"taxable","19":"shipping-taxable","20":"purchasable","21":"product-type-variable"},"acf":[],"yoast_head":"<!-- This site is optimized with the Yoast SEO plugin v26.0 - https:\/\/yoast.com\/wordpress\/plugins\/seo\/ -->\n<title>Less Stress Clothes T-shirt Orange - Tallinn Design House<\/title>\n<meta name=\"description\" content=\"Less Stress Clothes t-s\u00e4rk Orange. Kanna pluusina v\u00f5i kleidina ning sobita alt laiade p\u00fckste v\u00f5i l\u00fchkadega.\" \/>\n<meta name=\"robots\" content=\"index, follow, max-snippet:-1, max-image-preview:large, max-video-preview:-1\" \/>\n<link rel=\"canonical\" href=\"https:\/\/tallinndesignhouse.com\/toode\/t-sark-orange\/\" \/>\n<meta property=\"og:locale\" content=\"en_US\" \/>\n<meta property=\"og:type\" content=\"article\" \/>\n<meta property=\"og:title\" content=\"Less Stress Clothes T-shirt Orange - Tallinn Design House\" \/>\n<meta property=\"og:description\" content=\"Less Stress Clothes t-s\u00e4rk Orange. Kanna pluusina v\u00f5i kleidina ning sobita alt laiade p\u00fckste v\u00f5i l\u00fchkadega.\" \/>\n<meta property=\"og:url\" content=\"https:\/\/tallinndesignhouse.com\/toode\/t-sark-orange\/\" \/>\n<meta property=\"og:site_name\" content=\"Tallinn Design House\" \/>\n<meta property=\"article:modified_time\" content=\"2026-04-12T21:58:48+00:00\" \/>\n<meta property=\"og:image\" content=\"https:\/\/tallinndesignhouse.com\/wp-content\/uploads\/2024\/05\/Less-Stress-Clothes-t-sark-Orange.jpg\" \/>\n\t<meta property=\"og:image:width\" content=\"1080\" \/>\n\t<meta property=\"og:image:height\" content=\"1350\" \/>\n\t<meta property=\"og:image:type\" content=\"image\/jpeg\" \/>\n<meta name=\"twitter:card\" content=\"summary_large_image\" \/>\n<meta name=\"twitter:label1\" content=\"Est. reading time\" \/>\n\t<meta name=\"twitter:data1\" content=\"1 minute\" \/>\n<script type=\"application\/ld+json\" class=\"yoast-schema-graph\">{\"@context\":\"https:\/\/schema.org\",\"@graph\":[{\"@type\":\"WebPage\",\"@id\":\"https:\/\/tallinndesignhouse.com\/toode\/t-sark-orange\/\",\"url\":\"https:\/\/tallinndesignhouse.com\/toode\/t-sark-orange\/\",\"name\":\"Less Stress Clothes T-shirt Orange - Tallinn Design House\",\"isPartOf\":{\"@id\":\"https:\/\/tallinndesignhouse.com\/#website\"},\"primaryImageOfPage\":{\"@id\":\"https:\/\/tallinndesignhouse.com\/toode\/t-sark-orange\/#primaryimage\"},\"image\":{\"@id\":\"https:\/\/tallinndesignhouse.com\/toode\/t-sark-orange\/#primaryimage\"},\"thumbnailUrl\":\"https:\/\/tallinndesignhouse.com\/wp-content\/uploads\/2024\/05\/Less-Stress-Clothes-t-sark-Orange.jpg\",\"datePublished\":\"2024-05-21T06:50:21+00:00\",\"dateModified\":\"2026-04-12T21:58:48+00:00\",\"description\":\"Less Stress Clothes t-s\u00e4rk Orange. Kanna pluusina v\u00f5i kleidina ning sobita alt laiade p\u00fckste v\u00f5i l\u00fchkadega.\",\"breadcrumb\":{\"@id\":\"https:\/\/tallinndesignhouse.com\/toode\/t-sark-orange\/#breadcrumb\"},\"inLanguage\":\"en-US\",\"potentialAction\":[{\"@type\":\"ReadAction\",\"target\":[\"https:\/\/tallinndesignhouse.com\/toode\/t-sark-orange\/\"]}]},{\"@type\":\"ImageObject\",\"inLanguage\":\"en-US\",\"@id\":\"https:\/\/tallinndesignhouse.com\/toode\/t-sark-orange\/#primaryimage\",\"url\":\"https:\/\/tallinndesignhouse.com\/wp-content\/uploads\/2024\/05\/Less-Stress-Clothes-t-sark-Orange.jpg\",\"contentUrl\":\"https:\/\/tallinndesignhouse.com\/wp-content\/uploads\/2024\/05\/Less-Stress-Clothes-t-sark-Orange.jpg\",\"width\":1080,\"height\":1350,\"caption\":\"Less Stress Clothes t-sark Orange\"},{\"@type\":\"BreadcrumbList\",\"@id\":\"https:\/\/tallinndesignhouse.com\/toode\/t-sark-orange\/#breadcrumb\",\"itemListElement\":[{\"@type\":\"ListItem\",\"position\":1,\"name\":\"Home\",\"item\":\"https:\/\/tallinndesignhouse.com\/en\/\"},{\"@type\":\"ListItem\",\"position\":2,\"name\":\"Shop\",\"item\":\"https:\/\/tallinndesignhouse.com\/en\/shop\/\"},{\"@type\":\"ListItem\",\"position\":3,\"name\":\"T-shirt Orange\"}]},{\"@type\":\"WebSite\",\"@id\":\"https:\/\/tallinndesignhouse.com\/#website\",\"url\":\"https:\/\/tallinndesignhouse.com\/\",\"name\":\"Tallinn Design House\",\"description\":\"Eesti disain Rotermanni kvartalis\",\"potentialAction\":[{\"@type\":\"SearchAction\",\"target\":{\"@type\":\"EntryPoint\",\"urlTemplate\":\"https:\/\/tallinndesignhouse.com\/?s={search_term_string}\"},\"query-input\":{\"@type\":\"PropertyValueSpecification\",\"valueRequired\":true,\"valueName\":\"search_term_string\"}}],\"inLanguage\":\"en-US\"}]}<\/script>\n<!-- \/ Yoast SEO plugin. -->","yoast_head_json":{"title":"Less Stress Clothes T-shirt Orange - Tallinn Design House","description":"Less Stress Clothes t-s\u00e4rk Orange. Kanna pluusina v\u00f5i kleidina ning sobita alt laiade p\u00fckste v\u00f5i l\u00fchkadega.","robots":{"index":"index","follow":"follow","max-snippet":"max-snippet:-1","max-image-preview":"max-image-preview:large","max-video-preview":"max-video-preview:-1"},"canonical":"https:\/\/tallinndesignhouse.com\/toode\/t-sark-orange\/","og_locale":"en_US","og_type":"article","og_title":"Less Stress Clothes T-shirt Orange - Tallinn Design House","og_description":"Less Stress Clothes t-s\u00e4rk Orange. Kanna pluusina v\u00f5i kleidina ning sobita alt laiade p\u00fckste v\u00f5i l\u00fchkadega.","og_url":"https:\/\/tallinndesignhouse.com\/toode\/t-sark-orange\/","og_site_name":"Tallinn Design House","article_modified_time":"2026-04-12T21:58:48+00:00","og_image":[{"width":1080,"height":1350,"url":"https:\/\/tallinndesignhouse.com\/wp-content\/uploads\/2024\/05\/Less-Stress-Clothes-t-sark-Orange.jpg","type":"image\/jpeg"}],"twitter_card":"summary_large_image","twitter_misc":{"Est. reading time":"1 minute"},"schema":{"@context":"https:\/\/schema.org","@graph":[{"@type":"WebPage","@id":"https:\/\/tallinndesignhouse.com\/toode\/t-sark-orange\/","url":"https:\/\/tallinndesignhouse.com\/toode\/t-sark-orange\/","name":"Less Stress Clothes T-shirt Orange - Tallinn Design House","isPartOf":{"@id":"https:\/\/tallinndesignhouse.com\/#website"},"primaryImageOfPage":{"@id":"https:\/\/tallinndesignhouse.com\/toode\/t-sark-orange\/#primaryimage"},"image":{"@id":"https:\/\/tallinndesignhouse.com\/toode\/t-sark-orange\/#primaryimage"},"thumbnailUrl":"https:\/\/tallinndesignhouse.com\/wp-content\/uploads\/2024\/05\/Less-Stress-Clothes-t-sark-Orange.jpg","datePublished":"2024-05-21T06:50:21+00:00","dateModified":"2026-04-12T21:58:48+00:00","description":"Less Stress Clothes t-s\u00e4rk Orange. Kanna pluusina v\u00f5i kleidina ning sobita alt laiade p\u00fckste v\u00f5i l\u00fchkadega.","breadcrumb":{"@id":"https:\/\/tallinndesignhouse.com\/toode\/t-sark-orange\/#breadcrumb"},"inLanguage":"en-US","potentialAction":[{"@type":"ReadAction","target":["https:\/\/tallinndesignhouse.com\/toode\/t-sark-orange\/"]}]},{"@type":"ImageObject","inLanguage":"en-US","@id":"https:\/\/tallinndesignhouse.com\/toode\/t-sark-orange\/#primaryimage","url":"https:\/\/tallinndesignhouse.com\/wp-content\/uploads\/2024\/05\/Less-Stress-Clothes-t-sark-Orange.jpg","contentUrl":"https:\/\/tallinndesignhouse.com\/wp-content\/uploads\/2024\/05\/Less-Stress-Clothes-t-sark-Orange.jpg","width":1080,"height":1350,"caption":"Less Stress Clothes t-sark Orange"},{"@type":"BreadcrumbList","@id":"https:\/\/tallinndesignhouse.com\/toode\/t-sark-orange\/#breadcrumb","itemListElement":[{"@type":"ListItem","position":1,"name":"Home","item":"https:\/\/tallinndesignhouse.com\/en\/"},{"@type":"ListItem","position":2,"name":"Shop","item":"https:\/\/tallinndesignhouse.com\/en\/shop\/"},{"@type":"ListItem","position":3,"name":"T-shirt Orange"}]},{"@type":"WebSite","@id":"https:\/\/tallinndesignhouse.com\/#website","url":"https:\/\/tallinndesignhouse.com\/","name":"Tallinn Design House","description":"Eesti disain Rotermanni kvartalis","potentialAction":[{"@type":"SearchAction","target":{"@type":"EntryPoint","urlTemplate":"https:\/\/tallinndesignhouse.com\/?s={search_term_string}"},"query-input":{"@type":"PropertyValueSpecification","valueRequired":true,"valueName":"search_term_string"}}],"inLanguage":"en-US"}]}},"_links":{"self":[{"href":"https:\/\/tallinndesignhouse.com\/en\/wp-json\/wp\/v2\/product\/3351310","targetHints":{"allow":["GET"]}}],"collection":[{"href":"https:\/\/tallinndesignhouse.com\/en\/wp-json\/wp\/v2\/product"}],"about":[{"href":"https:\/\/tallinndesignhouse.com\/en\/wp-json\/wp\/v2\/types\/product"}],"wp:featuredmedia":[{"embeddable":true,"href":"https:\/\/tallinndesignhouse.com\/en\/wp-json\/wp\/v2\/media\/3351273"}],"wp:attachment":[{"href":"https:\/\/tallinndesignhouse.com\/en\/wp-json\/wp\/v2\/media?parent=3351310"}],"wp:term":[{"taxonomy":"product_brand","embeddable":true,"href":"https:\/\/tallinndesignhouse.com\/en\/wp-json\/wp\/v2\/product_brand?post=3351310"},{"taxonomy":"product_cat","embeddable":true,"href":"https:\/\/tallinndesignhouse.com\/en\/wp-json\/wp\/v2\/product_cat?post=3351310"},{"taxonomy":"product_tag","embeddable":true,"href":"https:\/\/tallinndesignhouse.com\/en\/wp-json\/wp\/v2\/product_tag?post=3351310"}],"curies":[{"name":"wp","href":"https:\/\/api.w.org\/{rel}","templated":true}]}}