{"id":3351326,"date":"2024-05-22T21:20:12","date_gmt":"2024-05-22T18:20:12","guid":{"rendered":"https:\/\/tallinndesignhouse.com\/toode\/5d-energy-back-naoseerum-30ml\/"},"modified":"2026-05-02T00:56:20","modified_gmt":"2026-05-01T21:56:20","slug":"5d-energy-back-naoseerum-30ml","status":"publish","type":"product","link":"https:\/\/tallinndesignhouse.com\/en\/toode\/5d-energy-back-naoseerum-30ml\/","title":{"rendered":"5D Energy Back Face Serum 30ml"},"content":{"rendered":"<p>D\u2019DIFFERENCE hydrating, soothing, anti-aging and smoothing facial serum contains four different molecular weight hyaluronic acids, high concentration of niacinamide, plant stem cell extract and copper peptides. It helps to increase skin\u2019s moisture level, prevent first signs of aging and deal with the visible signs of aging. It is a fast-absorbing oil-free product that helps to restore and increase the moisture level of the skin, provides long-lasting hydration, evens out skin tone and helps to reduce the depth of existing wrinkles. The serum is suit\u0430ble for dry and sensitive skin. We suggest to use it for problematic skin with impurities for a quick and long lasting boost of moisture. Ingredients are of natural origin and VEGAN. This product is DERMATOLOGICALLY TESTED. How to use: apply 1-2 drops of the product to previously cleansed skin every morning and\/or evening. The serum can also be used around the eyes and lips. After applying the serum, apply a day or night cream. INCI: Aqua, Niacinamide, Betaine*, Babassu Oil Glycereth- 8 Esters, Rosa Centifolia Flower Extract, Sodium Hyaluronate*, Hydrolyzed Sodium Hyaluronate*, Sodium Hyaluronate Crosspolymer, Bacillus\/Rice Bran Extract\/Soybean Extract Ferment Filtrate, Copper Heptapeptide 14 Pantothenate, Heptapeptide 15 Palmitate, Xanthan Gum, Ethanol, Caprylyl Glycol, Decylene Glycol, Glycerin, Lactic Acid\/Glycolic Acid Copoplymer, Polyvinyl Alcohol, Glyceryl Caprylate, Butylene Glycol, Phenylpropanol, Pentylene Glycol, Phenoxyethanol.<\/p>\n","protected":false},"excerpt":{"rendered":"<p>D\u2019DIFFERENCE hydrating, soothing, anti-aging and smoothing facial serum contains four different molecular weight hyaluronic acids, high concentration of niacinamide, plant stem cell extract and copper peptides. It helps to increase skin\u2019s moisture level, prevent first signs of aging and deal with the visible signs of aging. It is a fast-absorbing oil-free product that helps to [&hellip;]<\/p>\n","protected":false},"featured_media":3369707,"template":"","meta":{"_acf_changed":false},"product_brand":[],"product_cat":[882],"product_tag":[2818],"class_list":{"0":"post-3351326","1":"product","2":"type-product","3":"status-publish","4":"has-post-thumbnail","6":"product_cat-nagu","7":"product_tag-naised","8":"pa_brand-ddifference","11":"first","12":"instock","13":"taxable","14":"shipping-taxable","15":"purchasable","16":"product-type-simple"},"acf":[],"yoast_head":"<!-- This site is optimized with the Yoast SEO plugin v26.0 - https:\/\/yoast.com\/wordpress\/plugins\/seo\/ -->\n<title>D\u2019DIFFERENCE 5D Energy Back Face Serum 30ml - Tallinn Design House<\/title>\n<meta name=\"description\" content=\"D\u2019DIFFERENCE 5D Energy Back n\u00e4oseerum 30ml. Naha niiskustaset t\u00f5stev, rahustav ja punetust v\u00e4hendav, noorendav ja siluv n\u00e4oseerum.\" \/>\n<meta name=\"robots\" content=\"index, follow, max-snippet:-1, max-image-preview:large, max-video-preview:-1\" \/>\n<link rel=\"canonical\" href=\"https:\/\/tallinndesignhouse.com\/toode\/5d-energy-back-naoseerum-30ml\/\" \/>\n<meta property=\"og:locale\" content=\"en_US\" \/>\n<meta property=\"og:type\" content=\"article\" \/>\n<meta property=\"og:title\" content=\"D\u2019DIFFERENCE 5D Energy Back Face Serum 30ml - Tallinn Design House\" \/>\n<meta property=\"og:description\" content=\"D\u2019DIFFERENCE 5D Energy Back n\u00e4oseerum 30ml. Naha niiskustaset t\u00f5stev, rahustav ja punetust v\u00e4hendav, noorendav ja siluv n\u00e4oseerum.\" \/>\n<meta property=\"og:url\" content=\"https:\/\/tallinndesignhouse.com\/toode\/5d-energy-back-naoseerum-30ml\/\" \/>\n<meta property=\"og:site_name\" content=\"Tallinn Design House\" \/>\n<meta property=\"article:modified_time\" content=\"2026-05-01T21:56:20+00:00\" \/>\n<meta property=\"og:image\" content=\"https:\/\/tallinndesignhouse.com\/wp-content\/uploads\/2024\/05\/DDIFFERENCE-5D-Energy-Back-naoseerum-30ml.jpg\" \/>\n\t<meta property=\"og:image:width\" content=\"1080\" \/>\n\t<meta property=\"og:image:height\" content=\"1350\" \/>\n\t<meta property=\"og:image:type\" content=\"image\/jpeg\" \/>\n<meta name=\"twitter:card\" content=\"summary_large_image\" \/>\n<meta name=\"twitter:label1\" content=\"Est. reading time\" \/>\n\t<meta name=\"twitter:data1\" content=\"1 minute\" \/>\n<script type=\"application\/ld+json\" class=\"yoast-schema-graph\">{\"@context\":\"https:\/\/schema.org\",\"@graph\":[{\"@type\":\"WebPage\",\"@id\":\"https:\/\/tallinndesignhouse.com\/toode\/5d-energy-back-naoseerum-30ml\/\",\"url\":\"https:\/\/tallinndesignhouse.com\/toode\/5d-energy-back-naoseerum-30ml\/\",\"name\":\"D\u2019DIFFERENCE 5D Energy Back Face Serum 30ml - Tallinn Design House\",\"isPartOf\":{\"@id\":\"https:\/\/tallinndesignhouse.com\/#website\"},\"primaryImageOfPage\":{\"@id\":\"https:\/\/tallinndesignhouse.com\/toode\/5d-energy-back-naoseerum-30ml\/#primaryimage\"},\"image\":{\"@id\":\"https:\/\/tallinndesignhouse.com\/toode\/5d-energy-back-naoseerum-30ml\/#primaryimage\"},\"thumbnailUrl\":\"https:\/\/tallinndesignhouse.com\/wp-content\/uploads\/2024\/05\/DDIFFERENCE-5D-Energy-Back-naoseerum-30ml.jpg\",\"datePublished\":\"2024-05-22T18:20:12+00:00\",\"dateModified\":\"2026-05-01T21:56:20+00:00\",\"description\":\"D\u2019DIFFERENCE 5D Energy Back n\u00e4oseerum 30ml. Naha niiskustaset t\u00f5stev, rahustav ja punetust v\u00e4hendav, noorendav ja siluv n\u00e4oseerum.\",\"breadcrumb\":{\"@id\":\"https:\/\/tallinndesignhouse.com\/toode\/5d-energy-back-naoseerum-30ml\/#breadcrumb\"},\"inLanguage\":\"en-US\",\"potentialAction\":[{\"@type\":\"ReadAction\",\"target\":[\"https:\/\/tallinndesignhouse.com\/toode\/5d-energy-back-naoseerum-30ml\/\"]}]},{\"@type\":\"ImageObject\",\"inLanguage\":\"en-US\",\"@id\":\"https:\/\/tallinndesignhouse.com\/toode\/5d-energy-back-naoseerum-30ml\/#primaryimage\",\"url\":\"https:\/\/tallinndesignhouse.com\/wp-content\/uploads\/2024\/05\/DDIFFERENCE-5D-Energy-Back-naoseerum-30ml.jpg\",\"contentUrl\":\"https:\/\/tallinndesignhouse.com\/wp-content\/uploads\/2024\/05\/DDIFFERENCE-5D-Energy-Back-naoseerum-30ml.jpg\",\"width\":1080,\"height\":1350,\"caption\":\"D\u2019DIFFERENCE 5D Energy Back na\u0308oseerum 30ml\"},{\"@type\":\"BreadcrumbList\",\"@id\":\"https:\/\/tallinndesignhouse.com\/toode\/5d-energy-back-naoseerum-30ml\/#breadcrumb\",\"itemListElement\":[{\"@type\":\"ListItem\",\"position\":1,\"name\":\"Home\",\"item\":\"https:\/\/tallinndesignhouse.com\/en\/\"},{\"@type\":\"ListItem\",\"position\":2,\"name\":\"Shop\",\"item\":\"https:\/\/tallinndesignhouse.com\/en\/shop\/\"},{\"@type\":\"ListItem\",\"position\":3,\"name\":\"5D Energy Back Face Serum 30ml\"}]},{\"@type\":\"WebSite\",\"@id\":\"https:\/\/tallinndesignhouse.com\/#website\",\"url\":\"https:\/\/tallinndesignhouse.com\/\",\"name\":\"Tallinn Design House\",\"description\":\"Eesti disain Rotermanni kvartalis\",\"potentialAction\":[{\"@type\":\"SearchAction\",\"target\":{\"@type\":\"EntryPoint\",\"urlTemplate\":\"https:\/\/tallinndesignhouse.com\/?s={search_term_string}\"},\"query-input\":{\"@type\":\"PropertyValueSpecification\",\"valueRequired\":true,\"valueName\":\"search_term_string\"}}],\"inLanguage\":\"en-US\"}]}<\/script>\n<!-- \/ Yoast SEO plugin. -->","yoast_head_json":{"title":"D\u2019DIFFERENCE 5D Energy Back Face Serum 30ml - Tallinn Design House","description":"D\u2019DIFFERENCE 5D Energy Back n\u00e4oseerum 30ml. Naha niiskustaset t\u00f5stev, rahustav ja punetust v\u00e4hendav, noorendav ja siluv n\u00e4oseerum.","robots":{"index":"index","follow":"follow","max-snippet":"max-snippet:-1","max-image-preview":"max-image-preview:large","max-video-preview":"max-video-preview:-1"},"canonical":"https:\/\/tallinndesignhouse.com\/toode\/5d-energy-back-naoseerum-30ml\/","og_locale":"en_US","og_type":"article","og_title":"D\u2019DIFFERENCE 5D Energy Back Face Serum 30ml - Tallinn Design House","og_description":"D\u2019DIFFERENCE 5D Energy Back n\u00e4oseerum 30ml. Naha niiskustaset t\u00f5stev, rahustav ja punetust v\u00e4hendav, noorendav ja siluv n\u00e4oseerum.","og_url":"https:\/\/tallinndesignhouse.com\/toode\/5d-energy-back-naoseerum-30ml\/","og_site_name":"Tallinn Design House","article_modified_time":"2026-05-01T21:56:20+00:00","og_image":[{"width":1080,"height":1350,"url":"https:\/\/tallinndesignhouse.com\/wp-content\/uploads\/2024\/05\/DDIFFERENCE-5D-Energy-Back-naoseerum-30ml.jpg","type":"image\/jpeg"}],"twitter_card":"summary_large_image","twitter_misc":{"Est. reading time":"1 minute"},"schema":{"@context":"https:\/\/schema.org","@graph":[{"@type":"WebPage","@id":"https:\/\/tallinndesignhouse.com\/toode\/5d-energy-back-naoseerum-30ml\/","url":"https:\/\/tallinndesignhouse.com\/toode\/5d-energy-back-naoseerum-30ml\/","name":"D\u2019DIFFERENCE 5D Energy Back Face Serum 30ml - Tallinn Design House","isPartOf":{"@id":"https:\/\/tallinndesignhouse.com\/#website"},"primaryImageOfPage":{"@id":"https:\/\/tallinndesignhouse.com\/toode\/5d-energy-back-naoseerum-30ml\/#primaryimage"},"image":{"@id":"https:\/\/tallinndesignhouse.com\/toode\/5d-energy-back-naoseerum-30ml\/#primaryimage"},"thumbnailUrl":"https:\/\/tallinndesignhouse.com\/wp-content\/uploads\/2024\/05\/DDIFFERENCE-5D-Energy-Back-naoseerum-30ml.jpg","datePublished":"2024-05-22T18:20:12+00:00","dateModified":"2026-05-01T21:56:20+00:00","description":"D\u2019DIFFERENCE 5D Energy Back n\u00e4oseerum 30ml. Naha niiskustaset t\u00f5stev, rahustav ja punetust v\u00e4hendav, noorendav ja siluv n\u00e4oseerum.","breadcrumb":{"@id":"https:\/\/tallinndesignhouse.com\/toode\/5d-energy-back-naoseerum-30ml\/#breadcrumb"},"inLanguage":"en-US","potentialAction":[{"@type":"ReadAction","target":["https:\/\/tallinndesignhouse.com\/toode\/5d-energy-back-naoseerum-30ml\/"]}]},{"@type":"ImageObject","inLanguage":"en-US","@id":"https:\/\/tallinndesignhouse.com\/toode\/5d-energy-back-naoseerum-30ml\/#primaryimage","url":"https:\/\/tallinndesignhouse.com\/wp-content\/uploads\/2024\/05\/DDIFFERENCE-5D-Energy-Back-naoseerum-30ml.jpg","contentUrl":"https:\/\/tallinndesignhouse.com\/wp-content\/uploads\/2024\/05\/DDIFFERENCE-5D-Energy-Back-naoseerum-30ml.jpg","width":1080,"height":1350,"caption":"D\u2019DIFFERENCE 5D Energy Back na\u0308oseerum 30ml"},{"@type":"BreadcrumbList","@id":"https:\/\/tallinndesignhouse.com\/toode\/5d-energy-back-naoseerum-30ml\/#breadcrumb","itemListElement":[{"@type":"ListItem","position":1,"name":"Home","item":"https:\/\/tallinndesignhouse.com\/en\/"},{"@type":"ListItem","position":2,"name":"Shop","item":"https:\/\/tallinndesignhouse.com\/en\/shop\/"},{"@type":"ListItem","position":3,"name":"5D Energy Back Face Serum 30ml"}]},{"@type":"WebSite","@id":"https:\/\/tallinndesignhouse.com\/#website","url":"https:\/\/tallinndesignhouse.com\/","name":"Tallinn Design House","description":"Eesti disain Rotermanni kvartalis","potentialAction":[{"@type":"SearchAction","target":{"@type":"EntryPoint","urlTemplate":"https:\/\/tallinndesignhouse.com\/?s={search_term_string}"},"query-input":{"@type":"PropertyValueSpecification","valueRequired":true,"valueName":"search_term_string"}}],"inLanguage":"en-US"}]}},"_links":{"self":[{"href":"https:\/\/tallinndesignhouse.com\/en\/wp-json\/wp\/v2\/product\/3351326","targetHints":{"allow":["GET"]}}],"collection":[{"href":"https:\/\/tallinndesignhouse.com\/en\/wp-json\/wp\/v2\/product"}],"about":[{"href":"https:\/\/tallinndesignhouse.com\/en\/wp-json\/wp\/v2\/types\/product"}],"wp:featuredmedia":[{"embeddable":true,"href":"https:\/\/tallinndesignhouse.com\/en\/wp-json\/wp\/v2\/media\/3369707"}],"wp:attachment":[{"href":"https:\/\/tallinndesignhouse.com\/en\/wp-json\/wp\/v2\/media?parent=3351326"}],"wp:term":[{"taxonomy":"product_brand","embeddable":true,"href":"https:\/\/tallinndesignhouse.com\/en\/wp-json\/wp\/v2\/product_brand?post=3351326"},{"taxonomy":"product_cat","embeddable":true,"href":"https:\/\/tallinndesignhouse.com\/en\/wp-json\/wp\/v2\/product_cat?post=3351326"},{"taxonomy":"product_tag","embeddable":true,"href":"https:\/\/tallinndesignhouse.com\/en\/wp-json\/wp\/v2\/product_tag?post=3351326"}],"curies":[{"name":"wp","href":"https:\/\/api.w.org\/{rel}","templated":true}]}}