{"id":3351350,"date":"2024-05-23T20:20:37","date_gmt":"2024-05-23T17:20:37","guid":{"rendered":"https:\/\/tallinndesignhouse.com\/toode\/intiimpesugeel-300-ml\/"},"modified":"2026-04-29T00:56:19","modified_gmt":"2026-04-28T21:56:19","slug":"intiimpesugeel-300-ml","status":"publish","type":"product","link":"https:\/\/tallinndesignhouse.com\/en\/toode\/intiimpesugeel-300-ml\/","title":{"rendered":"Intimate Gel 300 ml"},"content":{"rendered":"<p>A gentle cleansing gel by D\u2019DIFFERENCE for the delicate areas of the body is enriched with extra mild surfactants that do not dry out the skin. Aloe Vera, babassu and avocado oils soothe, nourish and keep the skin soft. A dose of lactic acid ensures a better skin microbiome balance and pH level. The gel is free of fragrance and colourants. This product is DERMATOLOGICALLY TESTED  and non-irritant. Formulated WITHOUT SLS, SLES, parabens, mineral oil and PEG-s. It is FREE OF fragrance and colourants. How to use: it is suitable for cleansing the whole body and it can be used by the whole family. The skin will be clean and soft to the touch. INCI: Aqua, Lauryl Glucoside**, Cocamidopropyl Betaine*, Disodium Laureth Sulfosuccinate, Sodium Chloride, Sodium Lauryl Sulfoacetate, Sodium Benzoate, Babassu Oil Glycereth-8 Esters, Aloe Barbadensis Leaf Juice, Avocado Oil Glycereth-8 Esters, Lactic Acid.<\/p>\n","protected":false},"excerpt":{"rendered":"<p>A gentle cleansing gel by D\u2019DIFFERENCE for the delicate areas of the body is enriched with extra mild surfactants that do not dry out the skin. Aloe Vera, babassu and avocado oils soothe, nourish and keep the skin soft. A dose of lactic acid ensures a better skin microbiome balance and pH level. The gel [&hellip;]<\/p>\n","protected":false},"featured_media":3375488,"template":"","meta":{"_acf_changed":false},"product_brand":[],"product_cat":[871],"product_tag":[2818],"class_list":{"0":"post-3351350","1":"product","2":"type-product","3":"status-publish","4":"has-post-thumbnail","6":"product_cat-keha","7":"product_tag-naised","8":"pa_brand-ddifference","10":"pa_mudel-3526","13":"first","14":"instock","15":"taxable","16":"shipping-taxable","17":"purchasable","18":"product-type-simple"},"acf":[],"yoast_head":"<!-- This site is optimized with the Yoast SEO plugin v26.0 - https:\/\/yoast.com\/wordpress\/plugins\/seo\/ -->\n<title>D\u2019DIFFERENCE Intimate Gel 300 ml - Tallinn Design House<\/title>\n<meta name=\"description\" content=\"D\u2019DIFFERENCE intiimpesugeel 300 ml. Intiimpesugeeliga v\u00f5ib pesta kogu keha. Peale intiimpesugeeli kasutamist j\u00e4\u00e4b nahk pehme ja siidine. Toode on l\u00f5hnavaba.\" \/>\n<meta name=\"robots\" content=\"index, follow, max-snippet:-1, max-image-preview:large, max-video-preview:-1\" \/>\n<link rel=\"canonical\" href=\"https:\/\/tallinndesignhouse.com\/toode\/intiimpesugeel-300-ml\/\" \/>\n<meta property=\"og:locale\" content=\"en_US\" \/>\n<meta property=\"og:type\" content=\"article\" \/>\n<meta property=\"og:title\" content=\"D\u2019DIFFERENCE Intimate Gel 300 ml - Tallinn Design House\" \/>\n<meta property=\"og:description\" content=\"D\u2019DIFFERENCE intiimpesugeel 300 ml. Intiimpesugeeliga v\u00f5ib pesta kogu keha. Peale intiimpesugeeli kasutamist j\u00e4\u00e4b nahk pehme ja siidine. Toode on l\u00f5hnavaba.\" \/>\n<meta property=\"og:url\" content=\"https:\/\/tallinndesignhouse.com\/toode\/intiimpesugeel-300-ml\/\" \/>\n<meta property=\"og:site_name\" content=\"Tallinn Design House\" \/>\n<meta property=\"article:modified_time\" content=\"2026-04-28T21:56:19+00:00\" \/>\n<meta property=\"og:image\" content=\"https:\/\/tallinndesignhouse.com\/wp-content\/uploads\/2024\/05\/DDIFFERENCE-Intiimpesugeel_.jpg\" \/>\n\t<meta property=\"og:image:width\" content=\"1080\" \/>\n\t<meta property=\"og:image:height\" content=\"1350\" \/>\n\t<meta property=\"og:image:type\" content=\"image\/jpeg\" \/>\n<meta name=\"twitter:card\" content=\"summary_large_image\" \/>\n<meta name=\"twitter:label1\" content=\"Est. reading time\" \/>\n\t<meta name=\"twitter:data1\" content=\"1 minute\" \/>\n<script type=\"application\/ld+json\" class=\"yoast-schema-graph\">{\"@context\":\"https:\/\/schema.org\",\"@graph\":[{\"@type\":\"WebPage\",\"@id\":\"https:\/\/tallinndesignhouse.com\/toode\/intiimpesugeel-300-ml\/\",\"url\":\"https:\/\/tallinndesignhouse.com\/toode\/intiimpesugeel-300-ml\/\",\"name\":\"D\u2019DIFFERENCE Intimate Gel 300 ml - Tallinn Design House\",\"isPartOf\":{\"@id\":\"https:\/\/tallinndesignhouse.com\/#website\"},\"primaryImageOfPage\":{\"@id\":\"https:\/\/tallinndesignhouse.com\/toode\/intiimpesugeel-300-ml\/#primaryimage\"},\"image\":{\"@id\":\"https:\/\/tallinndesignhouse.com\/toode\/intiimpesugeel-300-ml\/#primaryimage\"},\"thumbnailUrl\":\"https:\/\/tallinndesignhouse.com\/wp-content\/uploads\/2024\/05\/DDIFFERENCE-Intiimpesugeel_.jpg\",\"datePublished\":\"2024-05-23T17:20:37+00:00\",\"dateModified\":\"2026-04-28T21:56:19+00:00\",\"description\":\"D\u2019DIFFERENCE intiimpesugeel 300 ml. Intiimpesugeeliga v\u00f5ib pesta kogu keha. Peale intiimpesugeeli kasutamist j\u00e4\u00e4b nahk pehme ja siidine. Toode on l\u00f5hnavaba.\",\"breadcrumb\":{\"@id\":\"https:\/\/tallinndesignhouse.com\/toode\/intiimpesugeel-300-ml\/#breadcrumb\"},\"inLanguage\":\"en-US\",\"potentialAction\":[{\"@type\":\"ReadAction\",\"target\":[\"https:\/\/tallinndesignhouse.com\/toode\/intiimpesugeel-300-ml\/\"]}]},{\"@type\":\"ImageObject\",\"inLanguage\":\"en-US\",\"@id\":\"https:\/\/tallinndesignhouse.com\/toode\/intiimpesugeel-300-ml\/#primaryimage\",\"url\":\"https:\/\/tallinndesignhouse.com\/wp-content\/uploads\/2024\/05\/DDIFFERENCE-Intiimpesugeel_.jpg\",\"contentUrl\":\"https:\/\/tallinndesignhouse.com\/wp-content\/uploads\/2024\/05\/DDIFFERENCE-Intiimpesugeel_.jpg\",\"width\":1080,\"height\":1350,\"caption\":\"D\u2019DIFFERENCE Intiimpesugeel_\"},{\"@type\":\"BreadcrumbList\",\"@id\":\"https:\/\/tallinndesignhouse.com\/toode\/intiimpesugeel-300-ml\/#breadcrumb\",\"itemListElement\":[{\"@type\":\"ListItem\",\"position\":1,\"name\":\"Home\",\"item\":\"https:\/\/tallinndesignhouse.com\/en\/\"},{\"@type\":\"ListItem\",\"position\":2,\"name\":\"Shop\",\"item\":\"https:\/\/tallinndesignhouse.com\/en\/shop\/\"},{\"@type\":\"ListItem\",\"position\":3,\"name\":\"Intimate Gel 300 ml\"}]},{\"@type\":\"WebSite\",\"@id\":\"https:\/\/tallinndesignhouse.com\/#website\",\"url\":\"https:\/\/tallinndesignhouse.com\/\",\"name\":\"Tallinn Design House\",\"description\":\"Eesti disain Rotermanni kvartalis\",\"potentialAction\":[{\"@type\":\"SearchAction\",\"target\":{\"@type\":\"EntryPoint\",\"urlTemplate\":\"https:\/\/tallinndesignhouse.com\/?s={search_term_string}\"},\"query-input\":{\"@type\":\"PropertyValueSpecification\",\"valueRequired\":true,\"valueName\":\"search_term_string\"}}],\"inLanguage\":\"en-US\"}]}<\/script>\n<!-- \/ Yoast SEO plugin. -->","yoast_head_json":{"title":"D\u2019DIFFERENCE Intimate Gel 300 ml - Tallinn Design House","description":"D\u2019DIFFERENCE intiimpesugeel 300 ml. Intiimpesugeeliga v\u00f5ib pesta kogu keha. Peale intiimpesugeeli kasutamist j\u00e4\u00e4b nahk pehme ja siidine. Toode on l\u00f5hnavaba.","robots":{"index":"index","follow":"follow","max-snippet":"max-snippet:-1","max-image-preview":"max-image-preview:large","max-video-preview":"max-video-preview:-1"},"canonical":"https:\/\/tallinndesignhouse.com\/toode\/intiimpesugeel-300-ml\/","og_locale":"en_US","og_type":"article","og_title":"D\u2019DIFFERENCE Intimate Gel 300 ml - Tallinn Design House","og_description":"D\u2019DIFFERENCE intiimpesugeel 300 ml. Intiimpesugeeliga v\u00f5ib pesta kogu keha. Peale intiimpesugeeli kasutamist j\u00e4\u00e4b nahk pehme ja siidine. Toode on l\u00f5hnavaba.","og_url":"https:\/\/tallinndesignhouse.com\/toode\/intiimpesugeel-300-ml\/","og_site_name":"Tallinn Design House","article_modified_time":"2026-04-28T21:56:19+00:00","og_image":[{"width":1080,"height":1350,"url":"https:\/\/tallinndesignhouse.com\/wp-content\/uploads\/2024\/05\/DDIFFERENCE-Intiimpesugeel_.jpg","type":"image\/jpeg"}],"twitter_card":"summary_large_image","twitter_misc":{"Est. reading time":"1 minute"},"schema":{"@context":"https:\/\/schema.org","@graph":[{"@type":"WebPage","@id":"https:\/\/tallinndesignhouse.com\/toode\/intiimpesugeel-300-ml\/","url":"https:\/\/tallinndesignhouse.com\/toode\/intiimpesugeel-300-ml\/","name":"D\u2019DIFFERENCE Intimate Gel 300 ml - Tallinn Design House","isPartOf":{"@id":"https:\/\/tallinndesignhouse.com\/#website"},"primaryImageOfPage":{"@id":"https:\/\/tallinndesignhouse.com\/toode\/intiimpesugeel-300-ml\/#primaryimage"},"image":{"@id":"https:\/\/tallinndesignhouse.com\/toode\/intiimpesugeel-300-ml\/#primaryimage"},"thumbnailUrl":"https:\/\/tallinndesignhouse.com\/wp-content\/uploads\/2024\/05\/DDIFFERENCE-Intiimpesugeel_.jpg","datePublished":"2024-05-23T17:20:37+00:00","dateModified":"2026-04-28T21:56:19+00:00","description":"D\u2019DIFFERENCE intiimpesugeel 300 ml. Intiimpesugeeliga v\u00f5ib pesta kogu keha. Peale intiimpesugeeli kasutamist j\u00e4\u00e4b nahk pehme ja siidine. Toode on l\u00f5hnavaba.","breadcrumb":{"@id":"https:\/\/tallinndesignhouse.com\/toode\/intiimpesugeel-300-ml\/#breadcrumb"},"inLanguage":"en-US","potentialAction":[{"@type":"ReadAction","target":["https:\/\/tallinndesignhouse.com\/toode\/intiimpesugeel-300-ml\/"]}]},{"@type":"ImageObject","inLanguage":"en-US","@id":"https:\/\/tallinndesignhouse.com\/toode\/intiimpesugeel-300-ml\/#primaryimage","url":"https:\/\/tallinndesignhouse.com\/wp-content\/uploads\/2024\/05\/DDIFFERENCE-Intiimpesugeel_.jpg","contentUrl":"https:\/\/tallinndesignhouse.com\/wp-content\/uploads\/2024\/05\/DDIFFERENCE-Intiimpesugeel_.jpg","width":1080,"height":1350,"caption":"D\u2019DIFFERENCE Intiimpesugeel_"},{"@type":"BreadcrumbList","@id":"https:\/\/tallinndesignhouse.com\/toode\/intiimpesugeel-300-ml\/#breadcrumb","itemListElement":[{"@type":"ListItem","position":1,"name":"Home","item":"https:\/\/tallinndesignhouse.com\/en\/"},{"@type":"ListItem","position":2,"name":"Shop","item":"https:\/\/tallinndesignhouse.com\/en\/shop\/"},{"@type":"ListItem","position":3,"name":"Intimate Gel 300 ml"}]},{"@type":"WebSite","@id":"https:\/\/tallinndesignhouse.com\/#website","url":"https:\/\/tallinndesignhouse.com\/","name":"Tallinn Design House","description":"Eesti disain Rotermanni kvartalis","potentialAction":[{"@type":"SearchAction","target":{"@type":"EntryPoint","urlTemplate":"https:\/\/tallinndesignhouse.com\/?s={search_term_string}"},"query-input":{"@type":"PropertyValueSpecification","valueRequired":true,"valueName":"search_term_string"}}],"inLanguage":"en-US"}]}},"_links":{"self":[{"href":"https:\/\/tallinndesignhouse.com\/en\/wp-json\/wp\/v2\/product\/3351350","targetHints":{"allow":["GET"]}}],"collection":[{"href":"https:\/\/tallinndesignhouse.com\/en\/wp-json\/wp\/v2\/product"}],"about":[{"href":"https:\/\/tallinndesignhouse.com\/en\/wp-json\/wp\/v2\/types\/product"}],"wp:featuredmedia":[{"embeddable":true,"href":"https:\/\/tallinndesignhouse.com\/en\/wp-json\/wp\/v2\/media\/3375488"}],"wp:attachment":[{"href":"https:\/\/tallinndesignhouse.com\/en\/wp-json\/wp\/v2\/media?parent=3351350"}],"wp:term":[{"taxonomy":"product_brand","embeddable":true,"href":"https:\/\/tallinndesignhouse.com\/en\/wp-json\/wp\/v2\/product_brand?post=3351350"},{"taxonomy":"product_cat","embeddable":true,"href":"https:\/\/tallinndesignhouse.com\/en\/wp-json\/wp\/v2\/product_cat?post=3351350"},{"taxonomy":"product_tag","embeddable":true,"href":"https:\/\/tallinndesignhouse.com\/en\/wp-json\/wp\/v2\/product_tag?post=3351350"}],"curies":[{"name":"wp","href":"https:\/\/api.w.org\/{rel}","templated":true}]}}