{"id":3351356,"date":"2024-05-23T20:20:43","date_gmt":"2024-05-23T17:20:43","guid":{"rendered":"https:\/\/tallinndesignhouse.com\/toode\/4d-niisutav-ookreem-taitepurk-50-ml\/"},"modified":"2026-05-02T00:56:20","modified_gmt":"2026-05-01T21:56:20","slug":"4d-niisutav-ookreem-taitepurk-50-ml","status":"publish","type":"product","link":"https:\/\/tallinndesignhouse.com\/en\/toode\/4d-niisutav-ookreem-taitepurk-50-ml\/","title":{"rendered":"4D Moisturizing Night Cream Refill 50 ml"},"content":{"rendered":"<p>This precious night cream by D\u2019DIFFERENCE nourishes and replenishes the skin with vitamins and natural oils. It contains a patented emulsion HYDRESIA\u00ae with excellent and long-lasting hydrating properties. A unique active ingredient called dragon\u2019s blood provides immediate relief against irritation and itching, resulting in truly soothed and flawless skin. Niacinamide rebalances uneven skin tone and reduces sensitivity. Silk polypeptides and panthenol retain moisture and maintain skin`s barrier function. The cream is suitable for all skin types, including dry and sensitive skin. This product is DERMATOLOGICALLY TESTED and non-irritant. Tests have been conducted on sensitive skin. Ingredients are of natural origin. FREE OF parabens, silicones, mineral oils, PEGs and colourants. How to use: apply a thin layer of the night cream on cleansed face and neck every evening and massage with gentle, circular movements. Can be used alone or on top of serums. INCI: Aqua, Carthamus Tinctorius (Safflower) Oleosomes*, Prunus Amygdalus Dulcis (Sweet Almond) Oil, Helianthus Annuus (Sunflower) Seed Oil, Simmondsia Chinensis (Jojoba) Seed Oil, Vitis Vinifera (Grape) Seed Oil, Sodium Acrylate\/Sodium Acryloyldimethyl Taurate Copolymer, Olive Oil Glycereth-8 Esters, Butyrospermum Parkii (Shea) Butter Extract**, Squalane, Niacinamide, sr-Spider Polypeptide-1, Argania Spinosa Kernel Oil**, Aloe Barbadensis Leaf Juice, Spent Grain Wax**, Panthenol, Tocopherol, Ascorbyl Palmitate, Retinyl Palmitate, Citrus Aurantium Bergamia (Bergamot) Fruit Oil, Glycereth-2 Cocoate, Lactic Acid, Phenoxyethanol, Decylene Glycol, 1,2-Hexanediol, Caprylyl Glycol, Parfum, Sodium Benzoate, Potassium Sorbate.<\/p>\n","protected":false},"excerpt":{"rendered":"<p>This precious night cream by D\u2019DIFFERENCE nourishes and replenishes the skin with vitamins and natural oils. It contains a patented emulsion HYDRESIA\u00ae with excellent and long-lasting hydrating properties. A unique active ingredient called dragon\u2019s blood provides immediate relief against irritation and itching, resulting in truly soothed and flawless skin. Niacinamide rebalances uneven skin tone and [&hellip;]<\/p>\n","protected":false},"featured_media":3351366,"template":"","meta":{"_acf_changed":false},"product_brand":[],"product_cat":[882],"product_tag":[2818],"class_list":{"0":"post-3351356","1":"product","2":"type-product","3":"status-publish","4":"has-post-thumbnail","6":"product_cat-nagu","7":"product_tag-naised","8":"pa_brand-ddifference","11":"first","12":"instock","13":"taxable","14":"shipping-taxable","15":"purchasable","16":"product-type-simple"},"acf":[],"yoast_head":"<!-- This site is optimized with the Yoast SEO plugin v26.0 - https:\/\/yoast.com\/wordpress\/plugins\/seo\/ -->\n<title>D\u2019DIFFERENCE 4D Moisturizing Night Cream Refill 50 ml - Tallinn Design House<\/title>\n<meta name=\"description\" content=\"D\u2019DIFFERENCE 4D niisutav \u00f6\u00f6kreem t\u00e4itepurk 50 ml.\" \/>\n<meta name=\"robots\" content=\"index, follow, max-snippet:-1, max-image-preview:large, max-video-preview:-1\" \/>\n<link rel=\"canonical\" href=\"https:\/\/tallinndesignhouse.com\/toode\/4d-niisutav-ookreem-taitepurk-50-ml\/\" \/>\n<meta property=\"og:locale\" content=\"en_US\" \/>\n<meta property=\"og:type\" content=\"article\" \/>\n<meta property=\"og:title\" content=\"D\u2019DIFFERENCE 4D Moisturizing Night Cream Refill 50 ml - Tallinn Design House\" \/>\n<meta property=\"og:description\" content=\"D\u2019DIFFERENCE 4D niisutav \u00f6\u00f6kreem t\u00e4itepurk 50 ml.\" \/>\n<meta property=\"og:url\" content=\"https:\/\/tallinndesignhouse.com\/toode\/4d-niisutav-ookreem-taitepurk-50-ml\/\" \/>\n<meta property=\"og:site_name\" content=\"Tallinn Design House\" \/>\n<meta property=\"article:modified_time\" content=\"2026-05-01T21:56:20+00:00\" \/>\n<meta property=\"og:image\" content=\"https:\/\/tallinndesignhouse.com\/wp-content\/uploads\/2024\/05\/DDIFFERENCE-4D-niisutav-ookreem-taitepurk-50-ml.jpg\" \/>\n\t<meta property=\"og:image:width\" content=\"1080\" \/>\n\t<meta property=\"og:image:height\" content=\"1350\" \/>\n\t<meta property=\"og:image:type\" content=\"image\/jpeg\" \/>\n<meta name=\"twitter:card\" content=\"summary_large_image\" \/>\n<meta name=\"twitter:label1\" content=\"Est. reading time\" \/>\n\t<meta name=\"twitter:data1\" content=\"1 minute\" \/>\n<script type=\"application\/ld+json\" class=\"yoast-schema-graph\">{\"@context\":\"https:\/\/schema.org\",\"@graph\":[{\"@type\":\"WebPage\",\"@id\":\"https:\/\/tallinndesignhouse.com\/toode\/4d-niisutav-ookreem-taitepurk-50-ml\/\",\"url\":\"https:\/\/tallinndesignhouse.com\/toode\/4d-niisutav-ookreem-taitepurk-50-ml\/\",\"name\":\"D\u2019DIFFERENCE 4D Moisturizing Night Cream Refill 50 ml - Tallinn Design House\",\"isPartOf\":{\"@id\":\"https:\/\/tallinndesignhouse.com\/#website\"},\"primaryImageOfPage\":{\"@id\":\"https:\/\/tallinndesignhouse.com\/toode\/4d-niisutav-ookreem-taitepurk-50-ml\/#primaryimage\"},\"image\":{\"@id\":\"https:\/\/tallinndesignhouse.com\/toode\/4d-niisutav-ookreem-taitepurk-50-ml\/#primaryimage\"},\"thumbnailUrl\":\"https:\/\/tallinndesignhouse.com\/wp-content\/uploads\/2024\/05\/DDIFFERENCE-4D-niisutav-ookreem-taitepurk-50-ml.jpg\",\"datePublished\":\"2024-05-23T17:20:43+00:00\",\"dateModified\":\"2026-05-01T21:56:20+00:00\",\"description\":\"D\u2019DIFFERENCE 4D niisutav \u00f6\u00f6kreem t\u00e4itepurk 50 ml.\",\"breadcrumb\":{\"@id\":\"https:\/\/tallinndesignhouse.com\/toode\/4d-niisutav-ookreem-taitepurk-50-ml\/#breadcrumb\"},\"inLanguage\":\"en-US\",\"potentialAction\":[{\"@type\":\"ReadAction\",\"target\":[\"https:\/\/tallinndesignhouse.com\/toode\/4d-niisutav-ookreem-taitepurk-50-ml\/\"]}]},{\"@type\":\"ImageObject\",\"inLanguage\":\"en-US\",\"@id\":\"https:\/\/tallinndesignhouse.com\/toode\/4d-niisutav-ookreem-taitepurk-50-ml\/#primaryimage\",\"url\":\"https:\/\/tallinndesignhouse.com\/wp-content\/uploads\/2024\/05\/DDIFFERENCE-4D-niisutav-ookreem-taitepurk-50-ml.jpg\",\"contentUrl\":\"https:\/\/tallinndesignhouse.com\/wp-content\/uploads\/2024\/05\/DDIFFERENCE-4D-niisutav-ookreem-taitepurk-50-ml.jpg\",\"width\":1080,\"height\":1350,\"caption\":\"DDIFFERENCE 4D niisutav o\u0308o\u0308kreem ta\u0308itepurk 50 ml\"},{\"@type\":\"BreadcrumbList\",\"@id\":\"https:\/\/tallinndesignhouse.com\/toode\/4d-niisutav-ookreem-taitepurk-50-ml\/#breadcrumb\",\"itemListElement\":[{\"@type\":\"ListItem\",\"position\":1,\"name\":\"Home\",\"item\":\"https:\/\/tallinndesignhouse.com\/en\/\"},{\"@type\":\"ListItem\",\"position\":2,\"name\":\"Shop\",\"item\":\"https:\/\/tallinndesignhouse.com\/en\/shop\/\"},{\"@type\":\"ListItem\",\"position\":3,\"name\":\"4D Moisturizing Night Cream Refill 50 ml\"}]},{\"@type\":\"WebSite\",\"@id\":\"https:\/\/tallinndesignhouse.com\/#website\",\"url\":\"https:\/\/tallinndesignhouse.com\/\",\"name\":\"Tallinn Design House\",\"description\":\"Eesti disain Rotermanni kvartalis\",\"potentialAction\":[{\"@type\":\"SearchAction\",\"target\":{\"@type\":\"EntryPoint\",\"urlTemplate\":\"https:\/\/tallinndesignhouse.com\/?s={search_term_string}\"},\"query-input\":{\"@type\":\"PropertyValueSpecification\",\"valueRequired\":true,\"valueName\":\"search_term_string\"}}],\"inLanguage\":\"en-US\"}]}<\/script>\n<!-- \/ Yoast SEO plugin. -->","yoast_head_json":{"title":"D\u2019DIFFERENCE 4D Moisturizing Night Cream Refill 50 ml - Tallinn Design House","description":"D\u2019DIFFERENCE 4D niisutav \u00f6\u00f6kreem t\u00e4itepurk 50 ml.","robots":{"index":"index","follow":"follow","max-snippet":"max-snippet:-1","max-image-preview":"max-image-preview:large","max-video-preview":"max-video-preview:-1"},"canonical":"https:\/\/tallinndesignhouse.com\/toode\/4d-niisutav-ookreem-taitepurk-50-ml\/","og_locale":"en_US","og_type":"article","og_title":"D\u2019DIFFERENCE 4D Moisturizing Night Cream Refill 50 ml - Tallinn Design House","og_description":"D\u2019DIFFERENCE 4D niisutav \u00f6\u00f6kreem t\u00e4itepurk 50 ml.","og_url":"https:\/\/tallinndesignhouse.com\/toode\/4d-niisutav-ookreem-taitepurk-50-ml\/","og_site_name":"Tallinn Design House","article_modified_time":"2026-05-01T21:56:20+00:00","og_image":[{"width":1080,"height":1350,"url":"https:\/\/tallinndesignhouse.com\/wp-content\/uploads\/2024\/05\/DDIFFERENCE-4D-niisutav-ookreem-taitepurk-50-ml.jpg","type":"image\/jpeg"}],"twitter_card":"summary_large_image","twitter_misc":{"Est. reading time":"1 minute"},"schema":{"@context":"https:\/\/schema.org","@graph":[{"@type":"WebPage","@id":"https:\/\/tallinndesignhouse.com\/toode\/4d-niisutav-ookreem-taitepurk-50-ml\/","url":"https:\/\/tallinndesignhouse.com\/toode\/4d-niisutav-ookreem-taitepurk-50-ml\/","name":"D\u2019DIFFERENCE 4D Moisturizing Night Cream Refill 50 ml - Tallinn Design House","isPartOf":{"@id":"https:\/\/tallinndesignhouse.com\/#website"},"primaryImageOfPage":{"@id":"https:\/\/tallinndesignhouse.com\/toode\/4d-niisutav-ookreem-taitepurk-50-ml\/#primaryimage"},"image":{"@id":"https:\/\/tallinndesignhouse.com\/toode\/4d-niisutav-ookreem-taitepurk-50-ml\/#primaryimage"},"thumbnailUrl":"https:\/\/tallinndesignhouse.com\/wp-content\/uploads\/2024\/05\/DDIFFERENCE-4D-niisutav-ookreem-taitepurk-50-ml.jpg","datePublished":"2024-05-23T17:20:43+00:00","dateModified":"2026-05-01T21:56:20+00:00","description":"D\u2019DIFFERENCE 4D niisutav \u00f6\u00f6kreem t\u00e4itepurk 50 ml.","breadcrumb":{"@id":"https:\/\/tallinndesignhouse.com\/toode\/4d-niisutav-ookreem-taitepurk-50-ml\/#breadcrumb"},"inLanguage":"en-US","potentialAction":[{"@type":"ReadAction","target":["https:\/\/tallinndesignhouse.com\/toode\/4d-niisutav-ookreem-taitepurk-50-ml\/"]}]},{"@type":"ImageObject","inLanguage":"en-US","@id":"https:\/\/tallinndesignhouse.com\/toode\/4d-niisutav-ookreem-taitepurk-50-ml\/#primaryimage","url":"https:\/\/tallinndesignhouse.com\/wp-content\/uploads\/2024\/05\/DDIFFERENCE-4D-niisutav-ookreem-taitepurk-50-ml.jpg","contentUrl":"https:\/\/tallinndesignhouse.com\/wp-content\/uploads\/2024\/05\/DDIFFERENCE-4D-niisutav-ookreem-taitepurk-50-ml.jpg","width":1080,"height":1350,"caption":"DDIFFERENCE 4D niisutav o\u0308o\u0308kreem ta\u0308itepurk 50 ml"},{"@type":"BreadcrumbList","@id":"https:\/\/tallinndesignhouse.com\/toode\/4d-niisutav-ookreem-taitepurk-50-ml\/#breadcrumb","itemListElement":[{"@type":"ListItem","position":1,"name":"Home","item":"https:\/\/tallinndesignhouse.com\/en\/"},{"@type":"ListItem","position":2,"name":"Shop","item":"https:\/\/tallinndesignhouse.com\/en\/shop\/"},{"@type":"ListItem","position":3,"name":"4D Moisturizing Night Cream Refill 50 ml"}]},{"@type":"WebSite","@id":"https:\/\/tallinndesignhouse.com\/#website","url":"https:\/\/tallinndesignhouse.com\/","name":"Tallinn Design House","description":"Eesti disain Rotermanni kvartalis","potentialAction":[{"@type":"SearchAction","target":{"@type":"EntryPoint","urlTemplate":"https:\/\/tallinndesignhouse.com\/?s={search_term_string}"},"query-input":{"@type":"PropertyValueSpecification","valueRequired":true,"valueName":"search_term_string"}}],"inLanguage":"en-US"}]}},"_links":{"self":[{"href":"https:\/\/tallinndesignhouse.com\/en\/wp-json\/wp\/v2\/product\/3351356","targetHints":{"allow":["GET"]}}],"collection":[{"href":"https:\/\/tallinndesignhouse.com\/en\/wp-json\/wp\/v2\/product"}],"about":[{"href":"https:\/\/tallinndesignhouse.com\/en\/wp-json\/wp\/v2\/types\/product"}],"wp:featuredmedia":[{"embeddable":true,"href":"https:\/\/tallinndesignhouse.com\/en\/wp-json\/wp\/v2\/media\/3351366"}],"wp:attachment":[{"href":"https:\/\/tallinndesignhouse.com\/en\/wp-json\/wp\/v2\/media?parent=3351356"}],"wp:term":[{"taxonomy":"product_brand","embeddable":true,"href":"https:\/\/tallinndesignhouse.com\/en\/wp-json\/wp\/v2\/product_brand?post=3351356"},{"taxonomy":"product_cat","embeddable":true,"href":"https:\/\/tallinndesignhouse.com\/en\/wp-json\/wp\/v2\/product_cat?post=3351356"},{"taxonomy":"product_tag","embeddable":true,"href":"https:\/\/tallinndesignhouse.com\/en\/wp-json\/wp\/v2\/product_tag?post=3351356"}],"curies":[{"name":"wp","href":"https:\/\/api.w.org\/{rel}","templated":true}]}}