{"id":3351420,"date":"2024-05-24T07:07:24","date_gmt":"2024-05-24T04:07:24","guid":{"rendered":"https:\/\/tallinndesignhouse.com\/toode\/kaevoru-one-must\/"},"modified":"2026-04-29T00:57:00","modified_gmt":"2026-04-28T21:57:00","slug":"kaevoru-one-must","status":"publish","type":"product","link":"https:\/\/tallinndesignhouse.com\/en\/toode\/kaevoru-one-must\/","title":{"rendered":"Bracelet One Black"},"content":{"rendered":"<p>A minimal stainless steel ring and smooth Italian leather come together to form a minimal and essential fashionpiece. Adjustable size. IDA TAU\u2019s products are designed with the planet in mind. Each product is assembled by hand and constructed  to order with materials sourced from the EU. The brand focuses on creating long-lasting products, but leather by nature may wear out or play tricks. In such cases instead of recycling them, send them our way for repairs. The leather is sustainably sourced from manufacturing scrap and our buckles are cast from metal, so when the time comes they are easily recyclable. Therefore there\u2019s no threat of causing unnecessary pollution after the products life-cycle.<\/p>\n","protected":false},"excerpt":{"rendered":"<p>A minimal stainless steel ring and smooth Italian leather come together to form a minimal and essential fashionpiece. Adjustable size. IDA TAU\u2019s products are designed with the planet in mind. Each product is assembled by hand and constructed to order with materials sourced from the EU. The brand focuses on creating long-lasting products, but leather [&hellip;]<\/p>\n","protected":false},"featured_media":3351434,"template":"","meta":{"_acf_changed":false},"product_brand":[],"product_cat":[870,116],"product_tag":[2818],"class_list":{"0":"post-3351420","1":"product","2":"type-product","3":"status-publish","4":"has-post-thumbnail","6":"product_cat-kaevorud","7":"product_cat-ehted","8":"product_tag-naised","9":"pa_brand-ida-tau","12":"first","13":"instock","14":"taxable","15":"shipping-taxable","16":"purchasable","17":"product-type-simple"},"acf":[],"yoast_head":"<!-- This site is optimized with the Yoast SEO plugin v26.0 - https:\/\/yoast.com\/wordpress\/plugins\/seo\/ -->\n<title>IDA TAU Bracelet One Black - Tallinn Design House<\/title>\n<meta name=\"description\" content=\"IDA TAU k\u00e4ev\u00f5ru One must. Minimalistlik roostevabast terasest r\u00f5ngaga Itaalia siledast nahast k\u00e4ev\u00f5ru. Reguleeritav suurus.\" \/>\n<meta name=\"robots\" content=\"index, follow, max-snippet:-1, max-image-preview:large, max-video-preview:-1\" \/>\n<link rel=\"canonical\" href=\"https:\/\/tallinndesignhouse.com\/toode\/kaevoru-one-must\/\" \/>\n<meta property=\"og:locale\" content=\"en_US\" \/>\n<meta property=\"og:type\" content=\"article\" \/>\n<meta property=\"og:title\" content=\"IDA TAU Bracelet One Black - Tallinn Design House\" \/>\n<meta property=\"og:description\" content=\"IDA TAU k\u00e4ev\u00f5ru One must. Minimalistlik roostevabast terasest r\u00f5ngaga Itaalia siledast nahast k\u00e4ev\u00f5ru. Reguleeritav suurus.\" \/>\n<meta property=\"og:url\" content=\"https:\/\/tallinndesignhouse.com\/toode\/kaevoru-one-must\/\" \/>\n<meta property=\"og:site_name\" content=\"Tallinn Design House\" \/>\n<meta property=\"article:modified_time\" content=\"2026-04-28T21:57:00+00:00\" \/>\n<meta property=\"og:image\" content=\"https:\/\/tallinndesignhouse.com\/wp-content\/uploads\/2024\/05\/IDA-TAU-kaevoru-One-must.jpg\" \/>\n\t<meta property=\"og:image:width\" content=\"1080\" \/>\n\t<meta property=\"og:image:height\" content=\"1350\" \/>\n\t<meta property=\"og:image:type\" content=\"image\/jpeg\" \/>\n<meta name=\"twitter:card\" content=\"summary_large_image\" \/>\n<meta name=\"twitter:label1\" content=\"Est. reading time\" \/>\n\t<meta name=\"twitter:data1\" content=\"1 minute\" \/>\n<script type=\"application\/ld+json\" class=\"yoast-schema-graph\">{\"@context\":\"https:\/\/schema.org\",\"@graph\":[{\"@type\":\"WebPage\",\"@id\":\"https:\/\/tallinndesignhouse.com\/toode\/kaevoru-one-must\/\",\"url\":\"https:\/\/tallinndesignhouse.com\/toode\/kaevoru-one-must\/\",\"name\":\"IDA TAU Bracelet One Black - Tallinn Design House\",\"isPartOf\":{\"@id\":\"https:\/\/tallinndesignhouse.com\/#website\"},\"primaryImageOfPage\":{\"@id\":\"https:\/\/tallinndesignhouse.com\/toode\/kaevoru-one-must\/#primaryimage\"},\"image\":{\"@id\":\"https:\/\/tallinndesignhouse.com\/toode\/kaevoru-one-must\/#primaryimage\"},\"thumbnailUrl\":\"https:\/\/tallinndesignhouse.com\/wp-content\/uploads\/2024\/05\/IDA-TAU-kaevoru-One-must.jpg\",\"datePublished\":\"2024-05-24T04:07:24+00:00\",\"dateModified\":\"2026-04-28T21:57:00+00:00\",\"description\":\"IDA TAU k\u00e4ev\u00f5ru One must. Minimalistlik roostevabast terasest r\u00f5ngaga Itaalia siledast nahast k\u00e4ev\u00f5ru. Reguleeritav suurus.\",\"breadcrumb\":{\"@id\":\"https:\/\/tallinndesignhouse.com\/toode\/kaevoru-one-must\/#breadcrumb\"},\"inLanguage\":\"en-US\",\"potentialAction\":[{\"@type\":\"ReadAction\",\"target\":[\"https:\/\/tallinndesignhouse.com\/toode\/kaevoru-one-must\/\"]}]},{\"@type\":\"ImageObject\",\"inLanguage\":\"en-US\",\"@id\":\"https:\/\/tallinndesignhouse.com\/toode\/kaevoru-one-must\/#primaryimage\",\"url\":\"https:\/\/tallinndesignhouse.com\/wp-content\/uploads\/2024\/05\/IDA-TAU-kaevoru-One-must.jpg\",\"contentUrl\":\"https:\/\/tallinndesignhouse.com\/wp-content\/uploads\/2024\/05\/IDA-TAU-kaevoru-One-must.jpg\",\"width\":1080,\"height\":1350,\"caption\":\"IDA TAU ka\u0308evo\u0303ru One must\"},{\"@type\":\"BreadcrumbList\",\"@id\":\"https:\/\/tallinndesignhouse.com\/toode\/kaevoru-one-must\/#breadcrumb\",\"itemListElement\":[{\"@type\":\"ListItem\",\"position\":1,\"name\":\"Home\",\"item\":\"https:\/\/tallinndesignhouse.com\/en\/\"},{\"@type\":\"ListItem\",\"position\":2,\"name\":\"Shop\",\"item\":\"https:\/\/tallinndesignhouse.com\/en\/shop\/\"},{\"@type\":\"ListItem\",\"position\":3,\"name\":\"Bracelet One Black\"}]},{\"@type\":\"WebSite\",\"@id\":\"https:\/\/tallinndesignhouse.com\/#website\",\"url\":\"https:\/\/tallinndesignhouse.com\/\",\"name\":\"Tallinn Design House\",\"description\":\"Eesti disain Rotermanni kvartalis\",\"potentialAction\":[{\"@type\":\"SearchAction\",\"target\":{\"@type\":\"EntryPoint\",\"urlTemplate\":\"https:\/\/tallinndesignhouse.com\/?s={search_term_string}\"},\"query-input\":{\"@type\":\"PropertyValueSpecification\",\"valueRequired\":true,\"valueName\":\"search_term_string\"}}],\"inLanguage\":\"en-US\"}]}<\/script>\n<!-- \/ Yoast SEO plugin. -->","yoast_head_json":{"title":"IDA TAU Bracelet One Black - Tallinn Design House","description":"IDA TAU k\u00e4ev\u00f5ru One must. Minimalistlik roostevabast terasest r\u00f5ngaga Itaalia siledast nahast k\u00e4ev\u00f5ru. Reguleeritav suurus.","robots":{"index":"index","follow":"follow","max-snippet":"max-snippet:-1","max-image-preview":"max-image-preview:large","max-video-preview":"max-video-preview:-1"},"canonical":"https:\/\/tallinndesignhouse.com\/toode\/kaevoru-one-must\/","og_locale":"en_US","og_type":"article","og_title":"IDA TAU Bracelet One Black - Tallinn Design House","og_description":"IDA TAU k\u00e4ev\u00f5ru One must. Minimalistlik roostevabast terasest r\u00f5ngaga Itaalia siledast nahast k\u00e4ev\u00f5ru. Reguleeritav suurus.","og_url":"https:\/\/tallinndesignhouse.com\/toode\/kaevoru-one-must\/","og_site_name":"Tallinn Design House","article_modified_time":"2026-04-28T21:57:00+00:00","og_image":[{"width":1080,"height":1350,"url":"https:\/\/tallinndesignhouse.com\/wp-content\/uploads\/2024\/05\/IDA-TAU-kaevoru-One-must.jpg","type":"image\/jpeg"}],"twitter_card":"summary_large_image","twitter_misc":{"Est. reading time":"1 minute"},"schema":{"@context":"https:\/\/schema.org","@graph":[{"@type":"WebPage","@id":"https:\/\/tallinndesignhouse.com\/toode\/kaevoru-one-must\/","url":"https:\/\/tallinndesignhouse.com\/toode\/kaevoru-one-must\/","name":"IDA TAU Bracelet One Black - Tallinn Design House","isPartOf":{"@id":"https:\/\/tallinndesignhouse.com\/#website"},"primaryImageOfPage":{"@id":"https:\/\/tallinndesignhouse.com\/toode\/kaevoru-one-must\/#primaryimage"},"image":{"@id":"https:\/\/tallinndesignhouse.com\/toode\/kaevoru-one-must\/#primaryimage"},"thumbnailUrl":"https:\/\/tallinndesignhouse.com\/wp-content\/uploads\/2024\/05\/IDA-TAU-kaevoru-One-must.jpg","datePublished":"2024-05-24T04:07:24+00:00","dateModified":"2026-04-28T21:57:00+00:00","description":"IDA TAU k\u00e4ev\u00f5ru One must. Minimalistlik roostevabast terasest r\u00f5ngaga Itaalia siledast nahast k\u00e4ev\u00f5ru. Reguleeritav suurus.","breadcrumb":{"@id":"https:\/\/tallinndesignhouse.com\/toode\/kaevoru-one-must\/#breadcrumb"},"inLanguage":"en-US","potentialAction":[{"@type":"ReadAction","target":["https:\/\/tallinndesignhouse.com\/toode\/kaevoru-one-must\/"]}]},{"@type":"ImageObject","inLanguage":"en-US","@id":"https:\/\/tallinndesignhouse.com\/toode\/kaevoru-one-must\/#primaryimage","url":"https:\/\/tallinndesignhouse.com\/wp-content\/uploads\/2024\/05\/IDA-TAU-kaevoru-One-must.jpg","contentUrl":"https:\/\/tallinndesignhouse.com\/wp-content\/uploads\/2024\/05\/IDA-TAU-kaevoru-One-must.jpg","width":1080,"height":1350,"caption":"IDA TAU ka\u0308evo\u0303ru One must"},{"@type":"BreadcrumbList","@id":"https:\/\/tallinndesignhouse.com\/toode\/kaevoru-one-must\/#breadcrumb","itemListElement":[{"@type":"ListItem","position":1,"name":"Home","item":"https:\/\/tallinndesignhouse.com\/en\/"},{"@type":"ListItem","position":2,"name":"Shop","item":"https:\/\/tallinndesignhouse.com\/en\/shop\/"},{"@type":"ListItem","position":3,"name":"Bracelet One Black"}]},{"@type":"WebSite","@id":"https:\/\/tallinndesignhouse.com\/#website","url":"https:\/\/tallinndesignhouse.com\/","name":"Tallinn Design House","description":"Eesti disain Rotermanni kvartalis","potentialAction":[{"@type":"SearchAction","target":{"@type":"EntryPoint","urlTemplate":"https:\/\/tallinndesignhouse.com\/?s={search_term_string}"},"query-input":{"@type":"PropertyValueSpecification","valueRequired":true,"valueName":"search_term_string"}}],"inLanguage":"en-US"}]}},"_links":{"self":[{"href":"https:\/\/tallinndesignhouse.com\/en\/wp-json\/wp\/v2\/product\/3351420","targetHints":{"allow":["GET"]}}],"collection":[{"href":"https:\/\/tallinndesignhouse.com\/en\/wp-json\/wp\/v2\/product"}],"about":[{"href":"https:\/\/tallinndesignhouse.com\/en\/wp-json\/wp\/v2\/types\/product"}],"wp:featuredmedia":[{"embeddable":true,"href":"https:\/\/tallinndesignhouse.com\/en\/wp-json\/wp\/v2\/media\/3351434"}],"wp:attachment":[{"href":"https:\/\/tallinndesignhouse.com\/en\/wp-json\/wp\/v2\/media?parent=3351420"}],"wp:term":[{"taxonomy":"product_brand","embeddable":true,"href":"https:\/\/tallinndesignhouse.com\/en\/wp-json\/wp\/v2\/product_brand?post=3351420"},{"taxonomy":"product_cat","embeddable":true,"href":"https:\/\/tallinndesignhouse.com\/en\/wp-json\/wp\/v2\/product_cat?post=3351420"},{"taxonomy":"product_tag","embeddable":true,"href":"https:\/\/tallinndesignhouse.com\/en\/wp-json\/wp\/v2\/product_tag?post=3351420"}],"curies":[{"name":"wp","href":"https:\/\/api.w.org\/{rel}","templated":true}]}}