{"id":3351424,"date":"2024-05-24T07:07:28","date_gmt":"2024-05-24T04:07:28","guid":{"rendered":"https:\/\/tallinndesignhouse.com\/toode\/aluspuksid-one-must\/"},"modified":"2026-04-12T00:56:44","modified_gmt":"2026-04-11T21:56:44","slug":"aluspuksid-one-must","status":"publish","type":"product","link":"https:\/\/tallinndesignhouse.com\/en\/toode\/aluspuksid-one-must\/","title":{"rendered":"Knickers One Black"},"content":{"rendered":"<p>Made from a soft mesh fabric for a sensual feel. A timeless piece BY IDA TAU to boost your confidence!<\/p>\n","protected":false},"excerpt":{"rendered":"<p>Made from a soft mesh fabric for a sensual feel. A timeless piece BY IDA TAU to boost your confidence!<\/p>\n","protected":false},"featured_media":3351430,"template":"","meta":{"_acf_changed":false},"product_brand":[],"product_cat":[1979,2837],"product_tag":[2819],"class_list":{"0":"post-3351424","1":"product","2":"type-product","3":"status-publish","4":"has-post-thumbnail","6":"product_cat-boudoir","7":"product_cat-clothes","8":"product_tag-women","9":"pa_brand-ida-tau","10":"pa_brand-ida-tau-en","12":"first","13":"instock","14":"taxable","15":"shipping-taxable","16":"purchasable","17":"product-type-simple"},"acf":[],"yoast_head":"<!-- This site is optimized with the Yoast SEO plugin v26.0 - https:\/\/yoast.com\/wordpress\/plugins\/seo\/ -->\n<title>IDA TAU Knickers One Black - Tallinn Design House<\/title>\n<meta name=\"description\" content=\"IDA TAU alusp\u00fcksid One must. Valmistatud pehmest v\u00f5rkriidest sensuaalse tunde jaoks. Ajatu IDA TAU looming, mis t\u00f5stab sinu enesekindlust!\" \/>\n<meta name=\"robots\" content=\"index, follow, max-snippet:-1, max-image-preview:large, max-video-preview:-1\" \/>\n<link rel=\"canonical\" href=\"https:\/\/tallinndesignhouse.com\/toode\/aluspuksid-one-must\/\" \/>\n<meta property=\"og:locale\" content=\"en_US\" \/>\n<meta property=\"og:type\" content=\"article\" \/>\n<meta property=\"og:title\" content=\"IDA TAU Knickers One Black - Tallinn Design House\" \/>\n<meta property=\"og:description\" content=\"IDA TAU alusp\u00fcksid One must. Valmistatud pehmest v\u00f5rkriidest sensuaalse tunde jaoks. Ajatu IDA TAU looming, mis t\u00f5stab sinu enesekindlust!\" \/>\n<meta property=\"og:url\" content=\"https:\/\/tallinndesignhouse.com\/toode\/aluspuksid-one-must\/\" \/>\n<meta property=\"og:site_name\" content=\"Tallinn Design House\" \/>\n<meta property=\"article:modified_time\" content=\"2026-04-11T21:56:44+00:00\" \/>\n<meta property=\"og:image\" content=\"https:\/\/tallinndesignhouse.com\/wp-content\/uploads\/2024\/05\/IDA-TAU-aluspuksid-One-must.jpg\" \/>\n\t<meta property=\"og:image:width\" content=\"1080\" \/>\n\t<meta property=\"og:image:height\" content=\"1350\" \/>\n\t<meta property=\"og:image:type\" content=\"image\/jpeg\" \/>\n<meta name=\"twitter:card\" content=\"summary_large_image\" \/>\n<script type=\"application\/ld+json\" class=\"yoast-schema-graph\">{\"@context\":\"https:\/\/schema.org\",\"@graph\":[{\"@type\":\"WebPage\",\"@id\":\"https:\/\/tallinndesignhouse.com\/toode\/aluspuksid-one-must\/\",\"url\":\"https:\/\/tallinndesignhouse.com\/toode\/aluspuksid-one-must\/\",\"name\":\"IDA TAU Knickers One Black - Tallinn Design House\",\"isPartOf\":{\"@id\":\"https:\/\/tallinndesignhouse.com\/#website\"},\"primaryImageOfPage\":{\"@id\":\"https:\/\/tallinndesignhouse.com\/toode\/aluspuksid-one-must\/#primaryimage\"},\"image\":{\"@id\":\"https:\/\/tallinndesignhouse.com\/toode\/aluspuksid-one-must\/#primaryimage\"},\"thumbnailUrl\":\"https:\/\/tallinndesignhouse.com\/wp-content\/uploads\/2024\/05\/IDA-TAU-aluspuksid-One-must.jpg\",\"datePublished\":\"2024-05-24T04:07:28+00:00\",\"dateModified\":\"2026-04-11T21:56:44+00:00\",\"description\":\"IDA TAU alusp\u00fcksid One must. Valmistatud pehmest v\u00f5rkriidest sensuaalse tunde jaoks. Ajatu IDA TAU looming, mis t\u00f5stab sinu enesekindlust!\",\"breadcrumb\":{\"@id\":\"https:\/\/tallinndesignhouse.com\/toode\/aluspuksid-one-must\/#breadcrumb\"},\"inLanguage\":\"en-US\",\"potentialAction\":[{\"@type\":\"ReadAction\",\"target\":[\"https:\/\/tallinndesignhouse.com\/toode\/aluspuksid-one-must\/\"]}]},{\"@type\":\"ImageObject\",\"inLanguage\":\"en-US\",\"@id\":\"https:\/\/tallinndesignhouse.com\/toode\/aluspuksid-one-must\/#primaryimage\",\"url\":\"https:\/\/tallinndesignhouse.com\/wp-content\/uploads\/2024\/05\/IDA-TAU-aluspuksid-One-must.jpg\",\"contentUrl\":\"https:\/\/tallinndesignhouse.com\/wp-content\/uploads\/2024\/05\/IDA-TAU-aluspuksid-One-must.jpg\",\"width\":1080,\"height\":1350,\"caption\":\"IDA TAU aluspu\u0308ksid One must\"},{\"@type\":\"BreadcrumbList\",\"@id\":\"https:\/\/tallinndesignhouse.com\/toode\/aluspuksid-one-must\/#breadcrumb\",\"itemListElement\":[{\"@type\":\"ListItem\",\"position\":1,\"name\":\"Home\",\"item\":\"https:\/\/tallinndesignhouse.com\/en\/\"},{\"@type\":\"ListItem\",\"position\":2,\"name\":\"Shop\",\"item\":\"https:\/\/tallinndesignhouse.com\/en\/shop\/\"},{\"@type\":\"ListItem\",\"position\":3,\"name\":\"Knickers One Black\"}]},{\"@type\":\"WebSite\",\"@id\":\"https:\/\/tallinndesignhouse.com\/#website\",\"url\":\"https:\/\/tallinndesignhouse.com\/\",\"name\":\"Tallinn Design House\",\"description\":\"Eesti disain Rotermanni kvartalis\",\"potentialAction\":[{\"@type\":\"SearchAction\",\"target\":{\"@type\":\"EntryPoint\",\"urlTemplate\":\"https:\/\/tallinndesignhouse.com\/?s={search_term_string}\"},\"query-input\":{\"@type\":\"PropertyValueSpecification\",\"valueRequired\":true,\"valueName\":\"search_term_string\"}}],\"inLanguage\":\"en-US\"}]}<\/script>\n<!-- \/ Yoast SEO plugin. -->","yoast_head_json":{"title":"IDA TAU Knickers One Black - Tallinn Design House","description":"IDA TAU alusp\u00fcksid One must. Valmistatud pehmest v\u00f5rkriidest sensuaalse tunde jaoks. Ajatu IDA TAU looming, mis t\u00f5stab sinu enesekindlust!","robots":{"index":"index","follow":"follow","max-snippet":"max-snippet:-1","max-image-preview":"max-image-preview:large","max-video-preview":"max-video-preview:-1"},"canonical":"https:\/\/tallinndesignhouse.com\/toode\/aluspuksid-one-must\/","og_locale":"en_US","og_type":"article","og_title":"IDA TAU Knickers One Black - Tallinn Design House","og_description":"IDA TAU alusp\u00fcksid One must. Valmistatud pehmest v\u00f5rkriidest sensuaalse tunde jaoks. Ajatu IDA TAU looming, mis t\u00f5stab sinu enesekindlust!","og_url":"https:\/\/tallinndesignhouse.com\/toode\/aluspuksid-one-must\/","og_site_name":"Tallinn Design House","article_modified_time":"2026-04-11T21:56:44+00:00","og_image":[{"width":1080,"height":1350,"url":"https:\/\/tallinndesignhouse.com\/wp-content\/uploads\/2024\/05\/IDA-TAU-aluspuksid-One-must.jpg","type":"image\/jpeg"}],"twitter_card":"summary_large_image","schema":{"@context":"https:\/\/schema.org","@graph":[{"@type":"WebPage","@id":"https:\/\/tallinndesignhouse.com\/toode\/aluspuksid-one-must\/","url":"https:\/\/tallinndesignhouse.com\/toode\/aluspuksid-one-must\/","name":"IDA TAU Knickers One Black - Tallinn Design House","isPartOf":{"@id":"https:\/\/tallinndesignhouse.com\/#website"},"primaryImageOfPage":{"@id":"https:\/\/tallinndesignhouse.com\/toode\/aluspuksid-one-must\/#primaryimage"},"image":{"@id":"https:\/\/tallinndesignhouse.com\/toode\/aluspuksid-one-must\/#primaryimage"},"thumbnailUrl":"https:\/\/tallinndesignhouse.com\/wp-content\/uploads\/2024\/05\/IDA-TAU-aluspuksid-One-must.jpg","datePublished":"2024-05-24T04:07:28+00:00","dateModified":"2026-04-11T21:56:44+00:00","description":"IDA TAU alusp\u00fcksid One must. Valmistatud pehmest v\u00f5rkriidest sensuaalse tunde jaoks. Ajatu IDA TAU looming, mis t\u00f5stab sinu enesekindlust!","breadcrumb":{"@id":"https:\/\/tallinndesignhouse.com\/toode\/aluspuksid-one-must\/#breadcrumb"},"inLanguage":"en-US","potentialAction":[{"@type":"ReadAction","target":["https:\/\/tallinndesignhouse.com\/toode\/aluspuksid-one-must\/"]}]},{"@type":"ImageObject","inLanguage":"en-US","@id":"https:\/\/tallinndesignhouse.com\/toode\/aluspuksid-one-must\/#primaryimage","url":"https:\/\/tallinndesignhouse.com\/wp-content\/uploads\/2024\/05\/IDA-TAU-aluspuksid-One-must.jpg","contentUrl":"https:\/\/tallinndesignhouse.com\/wp-content\/uploads\/2024\/05\/IDA-TAU-aluspuksid-One-must.jpg","width":1080,"height":1350,"caption":"IDA TAU aluspu\u0308ksid One must"},{"@type":"BreadcrumbList","@id":"https:\/\/tallinndesignhouse.com\/toode\/aluspuksid-one-must\/#breadcrumb","itemListElement":[{"@type":"ListItem","position":1,"name":"Home","item":"https:\/\/tallinndesignhouse.com\/en\/"},{"@type":"ListItem","position":2,"name":"Shop","item":"https:\/\/tallinndesignhouse.com\/en\/shop\/"},{"@type":"ListItem","position":3,"name":"Knickers One Black"}]},{"@type":"WebSite","@id":"https:\/\/tallinndesignhouse.com\/#website","url":"https:\/\/tallinndesignhouse.com\/","name":"Tallinn Design House","description":"Eesti disain Rotermanni kvartalis","potentialAction":[{"@type":"SearchAction","target":{"@type":"EntryPoint","urlTemplate":"https:\/\/tallinndesignhouse.com\/?s={search_term_string}"},"query-input":{"@type":"PropertyValueSpecification","valueRequired":true,"valueName":"search_term_string"}}],"inLanguage":"en-US"}]}},"_links":{"self":[{"href":"https:\/\/tallinndesignhouse.com\/en\/wp-json\/wp\/v2\/product\/3351424","targetHints":{"allow":["GET"]}}],"collection":[{"href":"https:\/\/tallinndesignhouse.com\/en\/wp-json\/wp\/v2\/product"}],"about":[{"href":"https:\/\/tallinndesignhouse.com\/en\/wp-json\/wp\/v2\/types\/product"}],"wp:featuredmedia":[{"embeddable":true,"href":"https:\/\/tallinndesignhouse.com\/en\/wp-json\/wp\/v2\/media\/3351430"}],"wp:attachment":[{"href":"https:\/\/tallinndesignhouse.com\/en\/wp-json\/wp\/v2\/media?parent=3351424"}],"wp:term":[{"taxonomy":"product_brand","embeddable":true,"href":"https:\/\/tallinndesignhouse.com\/en\/wp-json\/wp\/v2\/product_brand?post=3351424"},{"taxonomy":"product_cat","embeddable":true,"href":"https:\/\/tallinndesignhouse.com\/en\/wp-json\/wp\/v2\/product_cat?post=3351424"},{"taxonomy":"product_tag","embeddable":true,"href":"https:\/\/tallinndesignhouse.com\/en\/wp-json\/wp\/v2\/product_tag?post=3351424"}],"curies":[{"name":"wp","href":"https:\/\/api.w.org\/{rel}","templated":true}]}}