{"id":3351705,"date":"2024-05-29T11:05:51","date_gmt":"2024-05-29T08:05:51","guid":{"rendered":"https:\/\/tallinndesignhouse.com\/toode\/sall-tartu-soba\/"},"modified":"2026-05-02T01:01:07","modified_gmt":"2026-05-01T22:01:07","slug":"sall-tartu-soba","status":"publish","type":"product","link":"https:\/\/tallinndesignhouse.com\/en\/toode\/sall-tartu-soba\/","title":{"rendered":"Shawl Tartu s\u00f5ba"},"content":{"rendered":"<p>In South Estonia the embroidery was rather modest. Using yarns of different colours, white, brown, red, green, blue i.e. became more common. Colourful stripes woven in the fabric and combinations of stitches were the main ways to decorate the shawls. Dimensions: 70 x 200 cm. Material: 70% cotton, 30% flex.<\/p>\n","protected":false},"excerpt":{"rendered":"<p>In South Estonia the embroidery was rather modest. Using yarns of different colours, white, brown, red, green, blue i.e. became more common. Colourful stripes woven in the fabric and combinations of stitches were the main ways to decorate the shawls. Dimensions: 70 x 200 cm. Material: 70% cotton, 30% flex.<\/p>\n","protected":false},"featured_media":3351717,"template":"","meta":{"_acf_changed":false},"product_brand":[],"product_cat":[892,875],"product_tag":[1828],"class_list":{"0":"post-3351705","1":"product","2":"type-product","3":"status-publish","4":"has-post-thumbnail","6":"product_cat-tekstiil","7":"product_cat-kodu","8":"product_tag-kodu","9":"pa_brand-ellu-sallid","10":"pa_brand-ellu-sallid-en","11":"pa_mudel-tartu-soba","14":"first","15":"instock","16":"taxable","17":"shipping-taxable","18":"purchasable","19":"product-type-simple"},"acf":[],"yoast_head":"<!-- This site is optimized with the Yoast SEO plugin v26.0 - https:\/\/yoast.com\/wordpress\/plugins\/seo\/ -->\n<title>Ellu Sallid Shawl Tartu s\u00f5ba - Tallinn Design House<\/title>\n<meta name=\"description\" content=\"Ellu Sallid sall Tartu s\u00f5ba. M\u00f5\u00f5dud: 70 x 200 cm. Materjal: 70% puuvill, 30% lina.\" \/>\n<meta name=\"robots\" content=\"index, follow, max-snippet:-1, max-image-preview:large, max-video-preview:-1\" \/>\n<link rel=\"canonical\" href=\"https:\/\/tallinndesignhouse.com\/toode\/sall-tartu-soba\/\" \/>\n<meta property=\"og:locale\" content=\"en_US\" \/>\n<meta property=\"og:type\" content=\"article\" \/>\n<meta property=\"og:title\" content=\"Ellu Sallid Shawl Tartu s\u00f5ba - Tallinn Design House\" \/>\n<meta property=\"og:description\" content=\"Ellu Sallid sall Tartu s\u00f5ba. M\u00f5\u00f5dud: 70 x 200 cm. Materjal: 70% puuvill, 30% lina.\" \/>\n<meta property=\"og:url\" content=\"https:\/\/tallinndesignhouse.com\/toode\/sall-tartu-soba\/\" \/>\n<meta property=\"og:site_name\" content=\"Tallinn Design House\" \/>\n<meta property=\"article:modified_time\" content=\"2026-05-01T22:01:07+00:00\" \/>\n<meta property=\"og:image\" content=\"https:\/\/tallinndesignhouse.com\/wp-content\/uploads\/2024\/05\/Ellu-sallid-sall-Tartu-soba-.jpg\" \/>\n\t<meta property=\"og:image:width\" content=\"1080\" \/>\n\t<meta property=\"og:image:height\" content=\"1350\" \/>\n\t<meta property=\"og:image:type\" content=\"image\/jpeg\" \/>\n<meta name=\"twitter:card\" content=\"summary_large_image\" \/>\n<meta name=\"twitter:label1\" content=\"Est. reading time\" \/>\n\t<meta name=\"twitter:data1\" content=\"1 minute\" \/>\n<script type=\"application\/ld+json\" class=\"yoast-schema-graph\">{\"@context\":\"https:\/\/schema.org\",\"@graph\":[{\"@type\":\"WebPage\",\"@id\":\"https:\/\/tallinndesignhouse.com\/toode\/sall-tartu-soba\/\",\"url\":\"https:\/\/tallinndesignhouse.com\/toode\/sall-tartu-soba\/\",\"name\":\"Ellu Sallid Shawl Tartu s\u00f5ba - Tallinn Design House\",\"isPartOf\":{\"@id\":\"https:\/\/tallinndesignhouse.com\/#website\"},\"primaryImageOfPage\":{\"@id\":\"https:\/\/tallinndesignhouse.com\/toode\/sall-tartu-soba\/#primaryimage\"},\"image\":{\"@id\":\"https:\/\/tallinndesignhouse.com\/toode\/sall-tartu-soba\/#primaryimage\"},\"thumbnailUrl\":\"https:\/\/tallinndesignhouse.com\/wp-content\/uploads\/2024\/05\/Ellu-sallid-sall-Tartu-soba-.jpg\",\"datePublished\":\"2024-05-29T08:05:51+00:00\",\"dateModified\":\"2026-05-01T22:01:07+00:00\",\"description\":\"Ellu Sallid sall Tartu s\u00f5ba. M\u00f5\u00f5dud: 70 x 200 cm. Materjal: 70% puuvill, 30% lina.\",\"breadcrumb\":{\"@id\":\"https:\/\/tallinndesignhouse.com\/toode\/sall-tartu-soba\/#breadcrumb\"},\"inLanguage\":\"en-US\",\"potentialAction\":[{\"@type\":\"ReadAction\",\"target\":[\"https:\/\/tallinndesignhouse.com\/toode\/sall-tartu-soba\/\"]}]},{\"@type\":\"ImageObject\",\"inLanguage\":\"en-US\",\"@id\":\"https:\/\/tallinndesignhouse.com\/toode\/sall-tartu-soba\/#primaryimage\",\"url\":\"https:\/\/tallinndesignhouse.com\/wp-content\/uploads\/2024\/05\/Ellu-sallid-sall-Tartu-soba-.jpg\",\"contentUrl\":\"https:\/\/tallinndesignhouse.com\/wp-content\/uploads\/2024\/05\/Ellu-sallid-sall-Tartu-soba-.jpg\",\"width\":1080,\"height\":1350,\"caption\":\"Ellu sallid sall Tartu so\u0303ba\"},{\"@type\":\"BreadcrumbList\",\"@id\":\"https:\/\/tallinndesignhouse.com\/toode\/sall-tartu-soba\/#breadcrumb\",\"itemListElement\":[{\"@type\":\"ListItem\",\"position\":1,\"name\":\"Home\",\"item\":\"https:\/\/tallinndesignhouse.com\/en\/\"},{\"@type\":\"ListItem\",\"position\":2,\"name\":\"Shop\",\"item\":\"https:\/\/tallinndesignhouse.com\/en\/shop\/\"},{\"@type\":\"ListItem\",\"position\":3,\"name\":\"Shawl Tartu s\u00f5ba\"}]},{\"@type\":\"WebSite\",\"@id\":\"https:\/\/tallinndesignhouse.com\/#website\",\"url\":\"https:\/\/tallinndesignhouse.com\/\",\"name\":\"Tallinn Design House\",\"description\":\"Eesti disain Rotermanni kvartalis\",\"potentialAction\":[{\"@type\":\"SearchAction\",\"target\":{\"@type\":\"EntryPoint\",\"urlTemplate\":\"https:\/\/tallinndesignhouse.com\/?s={search_term_string}\"},\"query-input\":{\"@type\":\"PropertyValueSpecification\",\"valueRequired\":true,\"valueName\":\"search_term_string\"}}],\"inLanguage\":\"en-US\"}]}<\/script>\n<!-- \/ Yoast SEO plugin. -->","yoast_head_json":{"title":"Ellu Sallid Shawl Tartu s\u00f5ba - Tallinn Design House","description":"Ellu Sallid sall Tartu s\u00f5ba. M\u00f5\u00f5dud: 70 x 200 cm. Materjal: 70% puuvill, 30% lina.","robots":{"index":"index","follow":"follow","max-snippet":"max-snippet:-1","max-image-preview":"max-image-preview:large","max-video-preview":"max-video-preview:-1"},"canonical":"https:\/\/tallinndesignhouse.com\/toode\/sall-tartu-soba\/","og_locale":"en_US","og_type":"article","og_title":"Ellu Sallid Shawl Tartu s\u00f5ba - Tallinn Design House","og_description":"Ellu Sallid sall Tartu s\u00f5ba. M\u00f5\u00f5dud: 70 x 200 cm. Materjal: 70% puuvill, 30% lina.","og_url":"https:\/\/tallinndesignhouse.com\/toode\/sall-tartu-soba\/","og_site_name":"Tallinn Design House","article_modified_time":"2026-05-01T22:01:07+00:00","og_image":[{"width":1080,"height":1350,"url":"https:\/\/tallinndesignhouse.com\/wp-content\/uploads\/2024\/05\/Ellu-sallid-sall-Tartu-soba-.jpg","type":"image\/jpeg"}],"twitter_card":"summary_large_image","twitter_misc":{"Est. reading time":"1 minute"},"schema":{"@context":"https:\/\/schema.org","@graph":[{"@type":"WebPage","@id":"https:\/\/tallinndesignhouse.com\/toode\/sall-tartu-soba\/","url":"https:\/\/tallinndesignhouse.com\/toode\/sall-tartu-soba\/","name":"Ellu Sallid Shawl Tartu s\u00f5ba - Tallinn Design House","isPartOf":{"@id":"https:\/\/tallinndesignhouse.com\/#website"},"primaryImageOfPage":{"@id":"https:\/\/tallinndesignhouse.com\/toode\/sall-tartu-soba\/#primaryimage"},"image":{"@id":"https:\/\/tallinndesignhouse.com\/toode\/sall-tartu-soba\/#primaryimage"},"thumbnailUrl":"https:\/\/tallinndesignhouse.com\/wp-content\/uploads\/2024\/05\/Ellu-sallid-sall-Tartu-soba-.jpg","datePublished":"2024-05-29T08:05:51+00:00","dateModified":"2026-05-01T22:01:07+00:00","description":"Ellu Sallid sall Tartu s\u00f5ba. M\u00f5\u00f5dud: 70 x 200 cm. Materjal: 70% puuvill, 30% lina.","breadcrumb":{"@id":"https:\/\/tallinndesignhouse.com\/toode\/sall-tartu-soba\/#breadcrumb"},"inLanguage":"en-US","potentialAction":[{"@type":"ReadAction","target":["https:\/\/tallinndesignhouse.com\/toode\/sall-tartu-soba\/"]}]},{"@type":"ImageObject","inLanguage":"en-US","@id":"https:\/\/tallinndesignhouse.com\/toode\/sall-tartu-soba\/#primaryimage","url":"https:\/\/tallinndesignhouse.com\/wp-content\/uploads\/2024\/05\/Ellu-sallid-sall-Tartu-soba-.jpg","contentUrl":"https:\/\/tallinndesignhouse.com\/wp-content\/uploads\/2024\/05\/Ellu-sallid-sall-Tartu-soba-.jpg","width":1080,"height":1350,"caption":"Ellu sallid sall Tartu so\u0303ba"},{"@type":"BreadcrumbList","@id":"https:\/\/tallinndesignhouse.com\/toode\/sall-tartu-soba\/#breadcrumb","itemListElement":[{"@type":"ListItem","position":1,"name":"Home","item":"https:\/\/tallinndesignhouse.com\/en\/"},{"@type":"ListItem","position":2,"name":"Shop","item":"https:\/\/tallinndesignhouse.com\/en\/shop\/"},{"@type":"ListItem","position":3,"name":"Shawl Tartu s\u00f5ba"}]},{"@type":"WebSite","@id":"https:\/\/tallinndesignhouse.com\/#website","url":"https:\/\/tallinndesignhouse.com\/","name":"Tallinn Design House","description":"Eesti disain Rotermanni kvartalis","potentialAction":[{"@type":"SearchAction","target":{"@type":"EntryPoint","urlTemplate":"https:\/\/tallinndesignhouse.com\/?s={search_term_string}"},"query-input":{"@type":"PropertyValueSpecification","valueRequired":true,"valueName":"search_term_string"}}],"inLanguage":"en-US"}]}},"_links":{"self":[{"href":"https:\/\/tallinndesignhouse.com\/en\/wp-json\/wp\/v2\/product\/3351705","targetHints":{"allow":["GET"]}}],"collection":[{"href":"https:\/\/tallinndesignhouse.com\/en\/wp-json\/wp\/v2\/product"}],"about":[{"href":"https:\/\/tallinndesignhouse.com\/en\/wp-json\/wp\/v2\/types\/product"}],"wp:featuredmedia":[{"embeddable":true,"href":"https:\/\/tallinndesignhouse.com\/en\/wp-json\/wp\/v2\/media\/3351717"}],"wp:attachment":[{"href":"https:\/\/tallinndesignhouse.com\/en\/wp-json\/wp\/v2\/media?parent=3351705"}],"wp:term":[{"taxonomy":"product_brand","embeddable":true,"href":"https:\/\/tallinndesignhouse.com\/en\/wp-json\/wp\/v2\/product_brand?post=3351705"},{"taxonomy":"product_cat","embeddable":true,"href":"https:\/\/tallinndesignhouse.com\/en\/wp-json\/wp\/v2\/product_cat?post=3351705"},{"taxonomy":"product_tag","embeddable":true,"href":"https:\/\/tallinndesignhouse.com\/en\/wp-json\/wp\/v2\/product_tag?post=3351705"}],"curies":[{"name":"wp","href":"https:\/\/api.w.org\/{rel}","templated":true}]}}