{"id":3352027,"date":"2024-06-13T15:50:15","date_gmt":"2024-06-13T12:50:15","guid":{"rendered":"https:\/\/tallinndesignhouse.com\/toode\/kaevoru-lumelilled-3d-hobe-925\/"},"modified":"2026-04-29T01:03:37","modified_gmt":"2026-04-28T22:03:37","slug":"kaevoru-lumelilled-3d-hobe-925","status":"publish","type":"product","link":"https:\/\/tallinndesignhouse.com\/en\/toode\/kaevoru-lumelilled-3d-hobe-925\/","title":{"rendered":"Bracelet Snowflowers 3D"},"content":{"rendered":"<p>The timeless design of Snowflowers, which has grown from flat to life-size, is becoming a classic. The bracelet is made of very durable plastic, 3D print. The silver ball in the flower wreath is made of silver 925. The width of the flower pattern is approx. 5 cm. The jewelry is light and bends slightly to fit any wrist. Packaged in a beautiful gift box.<\/p>\n","protected":false},"excerpt":{"rendered":"<p>The timeless design of Snowflowers, which has grown from flat to life-size, is becoming a classic. The bracelet is made of very durable plastic, 3D print. The silver ball in the flower wreath is made of silver 925. The width of the flower pattern is approx. 5 cm. The jewelry is light and bends slightly [&hellip;]<\/p>\n","protected":false},"featured_media":3352017,"template":"","meta":{"_acf_changed":false},"product_brand":[],"product_cat":[116,870],"product_tag":[2818],"class_list":{"0":"post-3352027","1":"product","2":"type-product","3":"status-publish","4":"has-post-thumbnail","6":"product_cat-ehted","7":"product_cat-kaevorud","8":"product_tag-naised","9":"pa_brand-anneli-tammik-jewellery","11":"pa_varv-must","12":"pa_varv-sinine","13":"pa_varv-kollane","14":"pa_varv-lilla","16":"pa_varv-roosa","17":"pa_varv-punane","24":"first","25":"instock","26":"taxable","27":"shipping-taxable","28":"purchasable","29":"product-type-variable"},"acf":[],"yoast_head":"<!-- This site is optimized with the Yoast SEO plugin v26.0 - https:\/\/yoast.com\/wordpress\/plugins\/seo\/ -->\n<title>Anneli Tammik Bracelet Snowflowers 3D - Tallinn Design House<\/title>\n<meta name=\"description\" content=\"Anneli Tammik k\u00e4ev\u00f5ru Lumelilled 3D h\u00f5be 925. Ehe on kerge ja annab kergelt painduma nii, et sobitub igale randmele.\" \/>\n<meta name=\"robots\" content=\"index, follow, max-snippet:-1, max-image-preview:large, max-video-preview:-1\" \/>\n<link rel=\"canonical\" href=\"https:\/\/tallinndesignhouse.com\/toode\/kaevoru-lumelilled-3d-hobe-925\/\" \/>\n<meta property=\"og:locale\" content=\"en_US\" \/>\n<meta property=\"og:type\" content=\"article\" \/>\n<meta property=\"og:title\" content=\"Anneli Tammik Bracelet Snowflowers 3D - Tallinn Design House\" \/>\n<meta property=\"og:description\" content=\"Anneli Tammik k\u00e4ev\u00f5ru Lumelilled 3D h\u00f5be 925. Ehe on kerge ja annab kergelt painduma nii, et sobitub igale randmele.\" \/>\n<meta property=\"og:url\" content=\"https:\/\/tallinndesignhouse.com\/toode\/kaevoru-lumelilled-3d-hobe-925\/\" \/>\n<meta property=\"og:site_name\" content=\"Tallinn Design House\" \/>\n<meta property=\"article:modified_time\" content=\"2026-04-28T22:03:37+00:00\" \/>\n<meta property=\"og:image\" content=\"https:\/\/tallinndesignhouse.com\/wp-content\/uploads\/2024\/06\/Anneli-Tammik-Kaevoru-Lumelilled-3D-hobe-925-sinep.jpg\" \/>\n\t<meta property=\"og:image:width\" content=\"1080\" \/>\n\t<meta property=\"og:image:height\" content=\"1350\" \/>\n\t<meta property=\"og:image:type\" content=\"image\/jpeg\" \/>\n<meta name=\"twitter:card\" content=\"summary_large_image\" \/>\n<script type=\"application\/ld+json\" class=\"yoast-schema-graph\">{\"@context\":\"https:\/\/schema.org\",\"@graph\":[{\"@type\":\"WebPage\",\"@id\":\"https:\/\/tallinndesignhouse.com\/toode\/kaevoru-lumelilled-3d-hobe-925\/\",\"url\":\"https:\/\/tallinndesignhouse.com\/toode\/kaevoru-lumelilled-3d-hobe-925\/\",\"name\":\"Anneli Tammik Bracelet Snowflowers 3D - Tallinn Design House\",\"isPartOf\":{\"@id\":\"https:\/\/tallinndesignhouse.com\/#website\"},\"primaryImageOfPage\":{\"@id\":\"https:\/\/tallinndesignhouse.com\/toode\/kaevoru-lumelilled-3d-hobe-925\/#primaryimage\"},\"image\":{\"@id\":\"https:\/\/tallinndesignhouse.com\/toode\/kaevoru-lumelilled-3d-hobe-925\/#primaryimage\"},\"thumbnailUrl\":\"https:\/\/tallinndesignhouse.com\/wp-content\/uploads\/2024\/06\/Anneli-Tammik-Kaevoru-Lumelilled-3D-hobe-925-sinep.jpg\",\"datePublished\":\"2024-06-13T12:50:15+00:00\",\"dateModified\":\"2026-04-28T22:03:37+00:00\",\"description\":\"Anneli Tammik k\u00e4ev\u00f5ru Lumelilled 3D h\u00f5be 925. Ehe on kerge ja annab kergelt painduma nii, et sobitub igale randmele.\",\"breadcrumb\":{\"@id\":\"https:\/\/tallinndesignhouse.com\/toode\/kaevoru-lumelilled-3d-hobe-925\/#breadcrumb\"},\"inLanguage\":\"en-US\",\"potentialAction\":[{\"@type\":\"ReadAction\",\"target\":[\"https:\/\/tallinndesignhouse.com\/toode\/kaevoru-lumelilled-3d-hobe-925\/\"]}]},{\"@type\":\"ImageObject\",\"inLanguage\":\"en-US\",\"@id\":\"https:\/\/tallinndesignhouse.com\/toode\/kaevoru-lumelilled-3d-hobe-925\/#primaryimage\",\"url\":\"https:\/\/tallinndesignhouse.com\/wp-content\/uploads\/2024\/06\/Anneli-Tammik-Kaevoru-Lumelilled-3D-hobe-925-sinep.jpg\",\"contentUrl\":\"https:\/\/tallinndesignhouse.com\/wp-content\/uploads\/2024\/06\/Anneli-Tammik-Kaevoru-Lumelilled-3D-hobe-925-sinep.jpg\",\"width\":1080,\"height\":1350,\"caption\":\"Anneli Tammik Ka\u0308evo\u0303ru Lumelilled 3D ho\u0303be 925 sinep\"},{\"@type\":\"BreadcrumbList\",\"@id\":\"https:\/\/tallinndesignhouse.com\/toode\/kaevoru-lumelilled-3d-hobe-925\/#breadcrumb\",\"itemListElement\":[{\"@type\":\"ListItem\",\"position\":1,\"name\":\"Home\",\"item\":\"https:\/\/tallinndesignhouse.com\/en\/\"},{\"@type\":\"ListItem\",\"position\":2,\"name\":\"Shop\",\"item\":\"https:\/\/tallinndesignhouse.com\/en\/shop\/\"},{\"@type\":\"ListItem\",\"position\":3,\"name\":\"Bracelet Snowflowers 3D\"}]},{\"@type\":\"WebSite\",\"@id\":\"https:\/\/tallinndesignhouse.com\/#website\",\"url\":\"https:\/\/tallinndesignhouse.com\/\",\"name\":\"Tallinn Design House\",\"description\":\"Eesti disain Rotermanni kvartalis\",\"potentialAction\":[{\"@type\":\"SearchAction\",\"target\":{\"@type\":\"EntryPoint\",\"urlTemplate\":\"https:\/\/tallinndesignhouse.com\/?s={search_term_string}\"},\"query-input\":{\"@type\":\"PropertyValueSpecification\",\"valueRequired\":true,\"valueName\":\"search_term_string\"}}],\"inLanguage\":\"en-US\"}]}<\/script>\n<!-- \/ Yoast SEO plugin. -->","yoast_head_json":{"title":"Anneli Tammik Bracelet Snowflowers 3D - Tallinn Design House","description":"Anneli Tammik k\u00e4ev\u00f5ru Lumelilled 3D h\u00f5be 925. Ehe on kerge ja annab kergelt painduma nii, et sobitub igale randmele.","robots":{"index":"index","follow":"follow","max-snippet":"max-snippet:-1","max-image-preview":"max-image-preview:large","max-video-preview":"max-video-preview:-1"},"canonical":"https:\/\/tallinndesignhouse.com\/toode\/kaevoru-lumelilled-3d-hobe-925\/","og_locale":"en_US","og_type":"article","og_title":"Anneli Tammik Bracelet Snowflowers 3D - Tallinn Design House","og_description":"Anneli Tammik k\u00e4ev\u00f5ru Lumelilled 3D h\u00f5be 925. Ehe on kerge ja annab kergelt painduma nii, et sobitub igale randmele.","og_url":"https:\/\/tallinndesignhouse.com\/toode\/kaevoru-lumelilled-3d-hobe-925\/","og_site_name":"Tallinn Design House","article_modified_time":"2026-04-28T22:03:37+00:00","og_image":[{"width":1080,"height":1350,"url":"https:\/\/tallinndesignhouse.com\/wp-content\/uploads\/2024\/06\/Anneli-Tammik-Kaevoru-Lumelilled-3D-hobe-925-sinep.jpg","type":"image\/jpeg"}],"twitter_card":"summary_large_image","schema":{"@context":"https:\/\/schema.org","@graph":[{"@type":"WebPage","@id":"https:\/\/tallinndesignhouse.com\/toode\/kaevoru-lumelilled-3d-hobe-925\/","url":"https:\/\/tallinndesignhouse.com\/toode\/kaevoru-lumelilled-3d-hobe-925\/","name":"Anneli Tammik Bracelet Snowflowers 3D - Tallinn Design House","isPartOf":{"@id":"https:\/\/tallinndesignhouse.com\/#website"},"primaryImageOfPage":{"@id":"https:\/\/tallinndesignhouse.com\/toode\/kaevoru-lumelilled-3d-hobe-925\/#primaryimage"},"image":{"@id":"https:\/\/tallinndesignhouse.com\/toode\/kaevoru-lumelilled-3d-hobe-925\/#primaryimage"},"thumbnailUrl":"https:\/\/tallinndesignhouse.com\/wp-content\/uploads\/2024\/06\/Anneli-Tammik-Kaevoru-Lumelilled-3D-hobe-925-sinep.jpg","datePublished":"2024-06-13T12:50:15+00:00","dateModified":"2026-04-28T22:03:37+00:00","description":"Anneli Tammik k\u00e4ev\u00f5ru Lumelilled 3D h\u00f5be 925. Ehe on kerge ja annab kergelt painduma nii, et sobitub igale randmele.","breadcrumb":{"@id":"https:\/\/tallinndesignhouse.com\/toode\/kaevoru-lumelilled-3d-hobe-925\/#breadcrumb"},"inLanguage":"en-US","potentialAction":[{"@type":"ReadAction","target":["https:\/\/tallinndesignhouse.com\/toode\/kaevoru-lumelilled-3d-hobe-925\/"]}]},{"@type":"ImageObject","inLanguage":"en-US","@id":"https:\/\/tallinndesignhouse.com\/toode\/kaevoru-lumelilled-3d-hobe-925\/#primaryimage","url":"https:\/\/tallinndesignhouse.com\/wp-content\/uploads\/2024\/06\/Anneli-Tammik-Kaevoru-Lumelilled-3D-hobe-925-sinep.jpg","contentUrl":"https:\/\/tallinndesignhouse.com\/wp-content\/uploads\/2024\/06\/Anneli-Tammik-Kaevoru-Lumelilled-3D-hobe-925-sinep.jpg","width":1080,"height":1350,"caption":"Anneli Tammik Ka\u0308evo\u0303ru Lumelilled 3D ho\u0303be 925 sinep"},{"@type":"BreadcrumbList","@id":"https:\/\/tallinndesignhouse.com\/toode\/kaevoru-lumelilled-3d-hobe-925\/#breadcrumb","itemListElement":[{"@type":"ListItem","position":1,"name":"Home","item":"https:\/\/tallinndesignhouse.com\/en\/"},{"@type":"ListItem","position":2,"name":"Shop","item":"https:\/\/tallinndesignhouse.com\/en\/shop\/"},{"@type":"ListItem","position":3,"name":"Bracelet Snowflowers 3D"}]},{"@type":"WebSite","@id":"https:\/\/tallinndesignhouse.com\/#website","url":"https:\/\/tallinndesignhouse.com\/","name":"Tallinn Design House","description":"Eesti disain Rotermanni kvartalis","potentialAction":[{"@type":"SearchAction","target":{"@type":"EntryPoint","urlTemplate":"https:\/\/tallinndesignhouse.com\/?s={search_term_string}"},"query-input":{"@type":"PropertyValueSpecification","valueRequired":true,"valueName":"search_term_string"}}],"inLanguage":"en-US"}]}},"_links":{"self":[{"href":"https:\/\/tallinndesignhouse.com\/en\/wp-json\/wp\/v2\/product\/3352027","targetHints":{"allow":["GET"]}}],"collection":[{"href":"https:\/\/tallinndesignhouse.com\/en\/wp-json\/wp\/v2\/product"}],"about":[{"href":"https:\/\/tallinndesignhouse.com\/en\/wp-json\/wp\/v2\/types\/product"}],"wp:featuredmedia":[{"embeddable":true,"href":"https:\/\/tallinndesignhouse.com\/en\/wp-json\/wp\/v2\/media\/3352017"}],"wp:attachment":[{"href":"https:\/\/tallinndesignhouse.com\/en\/wp-json\/wp\/v2\/media?parent=3352027"}],"wp:term":[{"taxonomy":"product_brand","embeddable":true,"href":"https:\/\/tallinndesignhouse.com\/en\/wp-json\/wp\/v2\/product_brand?post=3352027"},{"taxonomy":"product_cat","embeddable":true,"href":"https:\/\/tallinndesignhouse.com\/en\/wp-json\/wp\/v2\/product_cat?post=3352027"},{"taxonomy":"product_tag","embeddable":true,"href":"https:\/\/tallinndesignhouse.com\/en\/wp-json\/wp\/v2\/product_tag?post=3352027"}],"curies":[{"name":"wp","href":"https:\/\/api.w.org\/{rel}","templated":true}]}}