{"id":3352357,"date":"2024-06-18T09:35:17","date_gmt":"2024-06-18T06:35:17","guid":{"rendered":"https:\/\/tallinndesignhouse.com\/toode\/nork-nagi-hall-225-m\/"},"modified":"2026-04-18T01:03:42","modified_gmt":"2026-04-17T22:03:42","slug":"nork-nagi-hall-225-m","status":"publish","type":"product","link":"https:\/\/tallinndesignhouse.com\/en\/toode\/nork-nagi-hall-225-m\/","title":{"rendered":"N\u00f6rk Rack Grey 2,25 m"},"content":{"rendered":"<p>An award-winning clothes hanger by Woh inspired by mountaineering. The rope is incredibly strong and lightweight. The hooks can be easily moved up and down so that it is comfortable to use. The product is designed to hang from the ceiling or a beam; it is small and easy to move from one place to another and discrete enough to take up minimal space. Each hook is designed to hold in place as soon as any weight is laid on them, and yet to glide freely to adjust for desired height. The length of the rope can be adjusted from the top loop. BRUNO Winner, Best product design for a human environment, Tallinn 2016. Material: nylon rope (climbing rope) 300g with hooks from strong resin. Hooks: 5 adjustable hooks + metallic ceiling hook. Weight: 300g. Designed by Johanna Tammsalu. The N\u00f6rk Rack is added to the product range of WOH in 2024.<\/p>\n","protected":false},"excerpt":{"rendered":"<p>An award-winning clothes hanger by Woh inspired by mountaineering. The rope is incredibly strong and lightweight. The hooks can be easily moved up and down so that it is comfortable to use. The product is designed to hang from the ceiling or a beam; it is small and easy to move from one place to [&hellip;]<\/p>\n","protected":false},"featured_media":3352367,"template":"","meta":{"_acf_changed":false},"product_brand":[],"product_cat":[890,875],"product_tag":[1828],"class_list":{"0":"post-3352357","1":"product","2":"type-product","3":"status-publish","4":"has-post-thumbnail","6":"product_cat-sisustustooted","7":"product_cat-kodu","8":"product_tag-kodu","9":"pa_brand-woh","10":"pa_brand-woh-en","12":"first","13":"instock","14":"taxable","15":"shipping-taxable","16":"purchasable","17":"product-type-simple"},"acf":[],"yoast_head":"<!-- This site is optimized with the Yoast SEO plugin v26.0 - https:\/\/yoast.com\/wordpress\/plugins\/seo\/ -->\n<title>Woh N\u00f6rk Rack Grey 2,25 m - Tallinn Design House<\/title>\n<meta name=\"description\" content=\"Woh N\u00f6rk nagi hall. Materjal: nailonk\u00f6is (ronik\u00f6is) 300g tugevast vaigust konksudega. Konksud: 5 reguleeritavat konksu + metallist laekonks. Kaal: 300g.\" \/>\n<meta name=\"robots\" content=\"index, follow, max-snippet:-1, max-image-preview:large, max-video-preview:-1\" \/>\n<link rel=\"canonical\" href=\"https:\/\/tallinndesignhouse.com\/toode\/nork-nagi-hall-225-m\/\" \/>\n<meta property=\"og:locale\" content=\"en_US\" \/>\n<meta property=\"og:type\" content=\"article\" \/>\n<meta property=\"og:title\" content=\"Woh N\u00f6rk Rack Grey 2,25 m - Tallinn Design House\" \/>\n<meta property=\"og:description\" content=\"Woh N\u00f6rk nagi hall. Materjal: nailonk\u00f6is (ronik\u00f6is) 300g tugevast vaigust konksudega. Konksud: 5 reguleeritavat konksu + metallist laekonks. Kaal: 300g.\" \/>\n<meta property=\"og:url\" content=\"https:\/\/tallinndesignhouse.com\/toode\/nork-nagi-hall-225-m\/\" \/>\n<meta property=\"og:site_name\" content=\"Tallinn Design House\" \/>\n<meta property=\"article:modified_time\" content=\"2026-04-17T22:03:42+00:00\" \/>\n<meta property=\"og:image\" content=\"https:\/\/tallinndesignhouse.com\/wp-content\/uploads\/2024\/06\/WOH-Nork-nagi-hall-225-m-.jpg\" \/>\n\t<meta property=\"og:image:width\" content=\"1080\" \/>\n\t<meta property=\"og:image:height\" content=\"1350\" \/>\n\t<meta property=\"og:image:type\" content=\"image\/jpeg\" \/>\n<meta name=\"twitter:card\" content=\"summary_large_image\" \/>\n<meta name=\"twitter:label1\" content=\"Est. reading time\" \/>\n\t<meta name=\"twitter:data1\" content=\"1 minute\" \/>\n<script type=\"application\/ld+json\" class=\"yoast-schema-graph\">{\"@context\":\"https:\/\/schema.org\",\"@graph\":[{\"@type\":\"WebPage\",\"@id\":\"https:\/\/tallinndesignhouse.com\/toode\/nork-nagi-hall-225-m\/\",\"url\":\"https:\/\/tallinndesignhouse.com\/toode\/nork-nagi-hall-225-m\/\",\"name\":\"Woh N\u00f6rk Rack Grey 2,25 m - Tallinn Design House\",\"isPartOf\":{\"@id\":\"https:\/\/tallinndesignhouse.com\/#website\"},\"primaryImageOfPage\":{\"@id\":\"https:\/\/tallinndesignhouse.com\/toode\/nork-nagi-hall-225-m\/#primaryimage\"},\"image\":{\"@id\":\"https:\/\/tallinndesignhouse.com\/toode\/nork-nagi-hall-225-m\/#primaryimage\"},\"thumbnailUrl\":\"https:\/\/tallinndesignhouse.com\/wp-content\/uploads\/2024\/06\/WOH-Nork-nagi-hall-225-m-.jpg\",\"datePublished\":\"2024-06-18T06:35:17+00:00\",\"dateModified\":\"2026-04-17T22:03:42+00:00\",\"description\":\"Woh N\u00f6rk nagi hall. Materjal: nailonk\u00f6is (ronik\u00f6is) 300g tugevast vaigust konksudega. Konksud: 5 reguleeritavat konksu + metallist laekonks. Kaal: 300g.\",\"breadcrumb\":{\"@id\":\"https:\/\/tallinndesignhouse.com\/toode\/nork-nagi-hall-225-m\/#breadcrumb\"},\"inLanguage\":\"en-US\",\"potentialAction\":[{\"@type\":\"ReadAction\",\"target\":[\"https:\/\/tallinndesignhouse.com\/toode\/nork-nagi-hall-225-m\/\"]}]},{\"@type\":\"ImageObject\",\"inLanguage\":\"en-US\",\"@id\":\"https:\/\/tallinndesignhouse.com\/toode\/nork-nagi-hall-225-m\/#primaryimage\",\"url\":\"https:\/\/tallinndesignhouse.com\/wp-content\/uploads\/2024\/06\/WOH-Nork-nagi-hall-225-m-.jpg\",\"contentUrl\":\"https:\/\/tallinndesignhouse.com\/wp-content\/uploads\/2024\/06\/WOH-Nork-nagi-hall-225-m-.jpg\",\"width\":1080,\"height\":1350,\"caption\":\"WOH No\u0308rk nagi hall 2,25 m -\"},{\"@type\":\"BreadcrumbList\",\"@id\":\"https:\/\/tallinndesignhouse.com\/toode\/nork-nagi-hall-225-m\/#breadcrumb\",\"itemListElement\":[{\"@type\":\"ListItem\",\"position\":1,\"name\":\"Home\",\"item\":\"https:\/\/tallinndesignhouse.com\/en\/\"},{\"@type\":\"ListItem\",\"position\":2,\"name\":\"Shop\",\"item\":\"https:\/\/tallinndesignhouse.com\/en\/shop\/\"},{\"@type\":\"ListItem\",\"position\":3,\"name\":\"N\u00f6rk Rack Grey 2,25 m\"}]},{\"@type\":\"WebSite\",\"@id\":\"https:\/\/tallinndesignhouse.com\/#website\",\"url\":\"https:\/\/tallinndesignhouse.com\/\",\"name\":\"Tallinn Design House\",\"description\":\"Eesti disain Rotermanni kvartalis\",\"potentialAction\":[{\"@type\":\"SearchAction\",\"target\":{\"@type\":\"EntryPoint\",\"urlTemplate\":\"https:\/\/tallinndesignhouse.com\/?s={search_term_string}\"},\"query-input\":{\"@type\":\"PropertyValueSpecification\",\"valueRequired\":true,\"valueName\":\"search_term_string\"}}],\"inLanguage\":\"en-US\"}]}<\/script>\n<!-- \/ Yoast SEO plugin. -->","yoast_head_json":{"title":"Woh N\u00f6rk Rack Grey 2,25 m - Tallinn Design House","description":"Woh N\u00f6rk nagi hall. Materjal: nailonk\u00f6is (ronik\u00f6is) 300g tugevast vaigust konksudega. Konksud: 5 reguleeritavat konksu + metallist laekonks. Kaal: 300g.","robots":{"index":"index","follow":"follow","max-snippet":"max-snippet:-1","max-image-preview":"max-image-preview:large","max-video-preview":"max-video-preview:-1"},"canonical":"https:\/\/tallinndesignhouse.com\/toode\/nork-nagi-hall-225-m\/","og_locale":"en_US","og_type":"article","og_title":"Woh N\u00f6rk Rack Grey 2,25 m - Tallinn Design House","og_description":"Woh N\u00f6rk nagi hall. Materjal: nailonk\u00f6is (ronik\u00f6is) 300g tugevast vaigust konksudega. Konksud: 5 reguleeritavat konksu + metallist laekonks. Kaal: 300g.","og_url":"https:\/\/tallinndesignhouse.com\/toode\/nork-nagi-hall-225-m\/","og_site_name":"Tallinn Design House","article_modified_time":"2026-04-17T22:03:42+00:00","og_image":[{"width":1080,"height":1350,"url":"https:\/\/tallinndesignhouse.com\/wp-content\/uploads\/2024\/06\/WOH-Nork-nagi-hall-225-m-.jpg","type":"image\/jpeg"}],"twitter_card":"summary_large_image","twitter_misc":{"Est. reading time":"1 minute"},"schema":{"@context":"https:\/\/schema.org","@graph":[{"@type":"WebPage","@id":"https:\/\/tallinndesignhouse.com\/toode\/nork-nagi-hall-225-m\/","url":"https:\/\/tallinndesignhouse.com\/toode\/nork-nagi-hall-225-m\/","name":"Woh N\u00f6rk Rack Grey 2,25 m - Tallinn Design House","isPartOf":{"@id":"https:\/\/tallinndesignhouse.com\/#website"},"primaryImageOfPage":{"@id":"https:\/\/tallinndesignhouse.com\/toode\/nork-nagi-hall-225-m\/#primaryimage"},"image":{"@id":"https:\/\/tallinndesignhouse.com\/toode\/nork-nagi-hall-225-m\/#primaryimage"},"thumbnailUrl":"https:\/\/tallinndesignhouse.com\/wp-content\/uploads\/2024\/06\/WOH-Nork-nagi-hall-225-m-.jpg","datePublished":"2024-06-18T06:35:17+00:00","dateModified":"2026-04-17T22:03:42+00:00","description":"Woh N\u00f6rk nagi hall. Materjal: nailonk\u00f6is (ronik\u00f6is) 300g tugevast vaigust konksudega. Konksud: 5 reguleeritavat konksu + metallist laekonks. Kaal: 300g.","breadcrumb":{"@id":"https:\/\/tallinndesignhouse.com\/toode\/nork-nagi-hall-225-m\/#breadcrumb"},"inLanguage":"en-US","potentialAction":[{"@type":"ReadAction","target":["https:\/\/tallinndesignhouse.com\/toode\/nork-nagi-hall-225-m\/"]}]},{"@type":"ImageObject","inLanguage":"en-US","@id":"https:\/\/tallinndesignhouse.com\/toode\/nork-nagi-hall-225-m\/#primaryimage","url":"https:\/\/tallinndesignhouse.com\/wp-content\/uploads\/2024\/06\/WOH-Nork-nagi-hall-225-m-.jpg","contentUrl":"https:\/\/tallinndesignhouse.com\/wp-content\/uploads\/2024\/06\/WOH-Nork-nagi-hall-225-m-.jpg","width":1080,"height":1350,"caption":"WOH No\u0308rk nagi hall 2,25 m -"},{"@type":"BreadcrumbList","@id":"https:\/\/tallinndesignhouse.com\/toode\/nork-nagi-hall-225-m\/#breadcrumb","itemListElement":[{"@type":"ListItem","position":1,"name":"Home","item":"https:\/\/tallinndesignhouse.com\/en\/"},{"@type":"ListItem","position":2,"name":"Shop","item":"https:\/\/tallinndesignhouse.com\/en\/shop\/"},{"@type":"ListItem","position":3,"name":"N\u00f6rk Rack Grey 2,25 m"}]},{"@type":"WebSite","@id":"https:\/\/tallinndesignhouse.com\/#website","url":"https:\/\/tallinndesignhouse.com\/","name":"Tallinn Design House","description":"Eesti disain Rotermanni kvartalis","potentialAction":[{"@type":"SearchAction","target":{"@type":"EntryPoint","urlTemplate":"https:\/\/tallinndesignhouse.com\/?s={search_term_string}"},"query-input":{"@type":"PropertyValueSpecification","valueRequired":true,"valueName":"search_term_string"}}],"inLanguage":"en-US"}]}},"_links":{"self":[{"href":"https:\/\/tallinndesignhouse.com\/en\/wp-json\/wp\/v2\/product\/3352357","targetHints":{"allow":["GET"]}}],"collection":[{"href":"https:\/\/tallinndesignhouse.com\/en\/wp-json\/wp\/v2\/product"}],"about":[{"href":"https:\/\/tallinndesignhouse.com\/en\/wp-json\/wp\/v2\/types\/product"}],"wp:featuredmedia":[{"embeddable":true,"href":"https:\/\/tallinndesignhouse.com\/en\/wp-json\/wp\/v2\/media\/3352367"}],"wp:attachment":[{"href":"https:\/\/tallinndesignhouse.com\/en\/wp-json\/wp\/v2\/media?parent=3352357"}],"wp:term":[{"taxonomy":"product_brand","embeddable":true,"href":"https:\/\/tallinndesignhouse.com\/en\/wp-json\/wp\/v2\/product_brand?post=3352357"},{"taxonomy":"product_cat","embeddable":true,"href":"https:\/\/tallinndesignhouse.com\/en\/wp-json\/wp\/v2\/product_cat?post=3352357"},{"taxonomy":"product_tag","embeddable":true,"href":"https:\/\/tallinndesignhouse.com\/en\/wp-json\/wp\/v2\/product_tag?post=3352357"}],"curies":[{"name":"wp","href":"https:\/\/api.w.org\/{rel}","templated":true}]}}