{"id":3352907,"date":"2024-07-01T10:05:58","date_gmt":"2024-07-01T07:05:58","guid":{"rendered":"https:\/\/tallinndesignhouse.com\/toode\/sojavaeroheline-t-sark-sobralik-naaber\/"},"modified":"2026-04-13T00:57:50","modified_gmt":"2026-04-12T21:57:50","slug":"sojavaeroheline-t-sark-sobralik-naaber","status":"publish","type":"product","link":"https:\/\/tallinndesignhouse.com\/en\/toode\/sojavaeroheline-t-sark-sobralik-naaber\/","title":{"rendered":"Military Green Friendly Neighbour t-shirt"},"content":{"rendered":"<p>Military Green Friendly Neighbour t-shirt by Kristel Kuslapuu. Fit: Unisex, oversized. Composition: CO 92% + EL8 %. Motif: embroidery. Made in Lithuania. This item is made from a high quality durable and sustainable fabric that has the OEKO-tex standard certificate which makes the garment suitable for people with sensitive skin and allergies. The models are wearing a size M shirt. Model Nele is 158 cm. Model Vova is 182 cm. Size XS: length 76 cm, chest 52 cm, shoulder seam 16 cm, sleeve length 23 cm. Size S: length 77 cm, chest 54 cm, shoulder seam 16 cm, sleeve length 23 cm. Size M: length 78 cm, chest 56 cm, shoulder seam 16 cm, sleeve length 23 cm. Size L: length 79 cm, chest 58 cm, shoulder seam 16 cm, sleeve length 23 cm. Size XL: length 80 cm, chest 60 cm, shoulder seam 16 cm, sleeve length 23 cm. Size XXL: length 81 cm, chest 62 cm, shoulder seam 16 cm, sleeve length 23 cm.<\/p>\n","protected":false},"excerpt":{"rendered":"<p>Military Green Friendly Neighbour t-shirt by Kristel Kuslapuu. Fit: Unisex, oversized. Composition: CO 92% + EL8 %. Motif: embroidery. Made in Lithuania. This item is made from a high quality durable and sustainable fabric that has the OEKO-tex standard certificate which makes the garment suitable for people with sensitive skin and allergies. The models are [&hellip;]<\/p>\n","protected":false},"featured_media":3352921,"template":"","meta":{"_acf_changed":false},"product_brand":[],"product_cat":[2837,3552,1957,3718],"product_tag":[2819],"class_list":{"0":"post-3352907","1":"product","2":"type-product","3":"status-publish","4":"has-post-thumbnail","6":"product_cat-clothes","7":"product_cat-natural-materials-en","8":"product_cat-shirts-and-blouses","9":"product_cat-winter-style","10":"product_tag-women","11":"pa_brand-kristel-kuslapuu-en","13":"pa_suurus-s-en","14":"pa_suurus-xl-en","15":"pa_suurus-l-en","16":"pa_suurus-m-en","19":"pa_suurus-xs-en","24":"first","25":"instock","26":"taxable","27":"shipping-taxable","28":"purchasable","29":"product-type-variable"},"acf":[],"yoast_head":"<!-- This site is optimized with the Yoast SEO plugin v26.0 - https:\/\/yoast.com\/wordpress\/plugins\/seo\/ -->\n<title>Kristel Kuslapuu Military Green Friendly Neighbour t-shirt - Tallinn Design House<\/title>\n<meta name=\"description\" content=\"Kristel Kuslapuu S\u00f5jav\u00e4eroheline t-s\u00e4rk S\u00f5bralik naaber. Koostis: puuvill 92%+ elastaan 8%. Pilt: tikand. Toodetud Leedus.\" \/>\n<meta name=\"robots\" content=\"index, follow, max-snippet:-1, max-image-preview:large, max-video-preview:-1\" \/>\n<link rel=\"canonical\" href=\"https:\/\/tallinndesignhouse.com\/toode\/sojavaeroheline-t-sark-sobralik-naaber\/\" \/>\n<meta property=\"og:locale\" content=\"en_US\" \/>\n<meta property=\"og:type\" content=\"article\" \/>\n<meta property=\"og:title\" content=\"Kristel Kuslapuu Military Green Friendly Neighbour t-shirt - Tallinn Design House\" \/>\n<meta property=\"og:description\" content=\"Kristel Kuslapuu S\u00f5jav\u00e4eroheline t-s\u00e4rk S\u00f5bralik naaber. Koostis: puuvill 92%+ elastaan 8%. Pilt: tikand. Toodetud Leedus.\" \/>\n<meta property=\"og:url\" content=\"https:\/\/tallinndesignhouse.com\/toode\/sojavaeroheline-t-sark-sobralik-naaber\/\" \/>\n<meta property=\"og:site_name\" content=\"Tallinn Design House\" \/>\n<meta property=\"article:modified_time\" content=\"2026-04-12T21:57:50+00:00\" \/>\n<meta property=\"og:image\" content=\"https:\/\/tallinndesignhouse.com\/wp-content\/uploads\/2024\/07\/Kristel-Kuslapuu-sojavaeroheline-t-sark-Sobralik-naaber.jpg\" \/>\n\t<meta property=\"og:image:width\" content=\"1080\" \/>\n\t<meta property=\"og:image:height\" content=\"1350\" \/>\n\t<meta property=\"og:image:type\" content=\"image\/jpeg\" \/>\n<meta name=\"twitter:card\" content=\"summary_large_image\" \/>\n<meta name=\"twitter:label1\" content=\"Est. reading time\" \/>\n\t<meta name=\"twitter:data1\" content=\"1 minute\" \/>\n<script type=\"application\/ld+json\" class=\"yoast-schema-graph\">{\"@context\":\"https:\/\/schema.org\",\"@graph\":[{\"@type\":\"WebPage\",\"@id\":\"https:\/\/tallinndesignhouse.com\/toode\/sojavaeroheline-t-sark-sobralik-naaber\/\",\"url\":\"https:\/\/tallinndesignhouse.com\/toode\/sojavaeroheline-t-sark-sobralik-naaber\/\",\"name\":\"Kristel Kuslapuu Military Green Friendly Neighbour t-shirt - Tallinn Design House\",\"isPartOf\":{\"@id\":\"https:\/\/tallinndesignhouse.com\/#website\"},\"primaryImageOfPage\":{\"@id\":\"https:\/\/tallinndesignhouse.com\/toode\/sojavaeroheline-t-sark-sobralik-naaber\/#primaryimage\"},\"image\":{\"@id\":\"https:\/\/tallinndesignhouse.com\/toode\/sojavaeroheline-t-sark-sobralik-naaber\/#primaryimage\"},\"thumbnailUrl\":\"https:\/\/tallinndesignhouse.com\/wp-content\/uploads\/2024\/07\/Kristel-Kuslapuu-sojavaeroheline-t-sark-Sobralik-naaber.jpg\",\"datePublished\":\"2024-07-01T07:05:58+00:00\",\"dateModified\":\"2026-04-12T21:57:50+00:00\",\"description\":\"Kristel Kuslapuu S\u00f5jav\u00e4eroheline t-s\u00e4rk S\u00f5bralik naaber. Koostis: puuvill 92%+ elastaan 8%. Pilt: tikand. Toodetud Leedus.\",\"breadcrumb\":{\"@id\":\"https:\/\/tallinndesignhouse.com\/toode\/sojavaeroheline-t-sark-sobralik-naaber\/#breadcrumb\"},\"inLanguage\":\"en-US\",\"potentialAction\":[{\"@type\":\"ReadAction\",\"target\":[\"https:\/\/tallinndesignhouse.com\/toode\/sojavaeroheline-t-sark-sobralik-naaber\/\"]}]},{\"@type\":\"ImageObject\",\"inLanguage\":\"en-US\",\"@id\":\"https:\/\/tallinndesignhouse.com\/toode\/sojavaeroheline-t-sark-sobralik-naaber\/#primaryimage\",\"url\":\"https:\/\/tallinndesignhouse.com\/wp-content\/uploads\/2024\/07\/Kristel-Kuslapuu-sojavaeroheline-t-sark-Sobralik-naaber.jpg\",\"contentUrl\":\"https:\/\/tallinndesignhouse.com\/wp-content\/uploads\/2024\/07\/Kristel-Kuslapuu-sojavaeroheline-t-sark-Sobralik-naaber.jpg\",\"width\":1080,\"height\":1350,\"caption\":\"Kristel Kuslapuu so\u0303java\u0308eroheline t-sa\u0308rk So\u0303bralik naaber\"},{\"@type\":\"BreadcrumbList\",\"@id\":\"https:\/\/tallinndesignhouse.com\/toode\/sojavaeroheline-t-sark-sobralik-naaber\/#breadcrumb\",\"itemListElement\":[{\"@type\":\"ListItem\",\"position\":1,\"name\":\"Home\",\"item\":\"https:\/\/tallinndesignhouse.com\/en\/\"},{\"@type\":\"ListItem\",\"position\":2,\"name\":\"Shop\",\"item\":\"https:\/\/tallinndesignhouse.com\/en\/shop\/\"},{\"@type\":\"ListItem\",\"position\":3,\"name\":\"Military Green Friendly Neighbour t-shirt\"}]},{\"@type\":\"WebSite\",\"@id\":\"https:\/\/tallinndesignhouse.com\/#website\",\"url\":\"https:\/\/tallinndesignhouse.com\/\",\"name\":\"Tallinn Design House\",\"description\":\"Eesti disain Rotermanni kvartalis\",\"potentialAction\":[{\"@type\":\"SearchAction\",\"target\":{\"@type\":\"EntryPoint\",\"urlTemplate\":\"https:\/\/tallinndesignhouse.com\/?s={search_term_string}\"},\"query-input\":{\"@type\":\"PropertyValueSpecification\",\"valueRequired\":true,\"valueName\":\"search_term_string\"}}],\"inLanguage\":\"en-US\"}]}<\/script>\n<!-- \/ Yoast SEO plugin. -->","yoast_head_json":{"title":"Kristel Kuslapuu Military Green Friendly Neighbour t-shirt - Tallinn Design House","description":"Kristel Kuslapuu S\u00f5jav\u00e4eroheline t-s\u00e4rk S\u00f5bralik naaber. Koostis: puuvill 92%+ elastaan 8%. Pilt: tikand. Toodetud Leedus.","robots":{"index":"index","follow":"follow","max-snippet":"max-snippet:-1","max-image-preview":"max-image-preview:large","max-video-preview":"max-video-preview:-1"},"canonical":"https:\/\/tallinndesignhouse.com\/toode\/sojavaeroheline-t-sark-sobralik-naaber\/","og_locale":"en_US","og_type":"article","og_title":"Kristel Kuslapuu Military Green Friendly Neighbour t-shirt - Tallinn Design House","og_description":"Kristel Kuslapuu S\u00f5jav\u00e4eroheline t-s\u00e4rk S\u00f5bralik naaber. Koostis: puuvill 92%+ elastaan 8%. Pilt: tikand. Toodetud Leedus.","og_url":"https:\/\/tallinndesignhouse.com\/toode\/sojavaeroheline-t-sark-sobralik-naaber\/","og_site_name":"Tallinn Design House","article_modified_time":"2026-04-12T21:57:50+00:00","og_image":[{"width":1080,"height":1350,"url":"https:\/\/tallinndesignhouse.com\/wp-content\/uploads\/2024\/07\/Kristel-Kuslapuu-sojavaeroheline-t-sark-Sobralik-naaber.jpg","type":"image\/jpeg"}],"twitter_card":"summary_large_image","twitter_misc":{"Est. reading time":"1 minute"},"schema":{"@context":"https:\/\/schema.org","@graph":[{"@type":"WebPage","@id":"https:\/\/tallinndesignhouse.com\/toode\/sojavaeroheline-t-sark-sobralik-naaber\/","url":"https:\/\/tallinndesignhouse.com\/toode\/sojavaeroheline-t-sark-sobralik-naaber\/","name":"Kristel Kuslapuu Military Green Friendly Neighbour t-shirt - Tallinn Design House","isPartOf":{"@id":"https:\/\/tallinndesignhouse.com\/#website"},"primaryImageOfPage":{"@id":"https:\/\/tallinndesignhouse.com\/toode\/sojavaeroheline-t-sark-sobralik-naaber\/#primaryimage"},"image":{"@id":"https:\/\/tallinndesignhouse.com\/toode\/sojavaeroheline-t-sark-sobralik-naaber\/#primaryimage"},"thumbnailUrl":"https:\/\/tallinndesignhouse.com\/wp-content\/uploads\/2024\/07\/Kristel-Kuslapuu-sojavaeroheline-t-sark-Sobralik-naaber.jpg","datePublished":"2024-07-01T07:05:58+00:00","dateModified":"2026-04-12T21:57:50+00:00","description":"Kristel Kuslapuu S\u00f5jav\u00e4eroheline t-s\u00e4rk S\u00f5bralik naaber. Koostis: puuvill 92%+ elastaan 8%. Pilt: tikand. Toodetud Leedus.","breadcrumb":{"@id":"https:\/\/tallinndesignhouse.com\/toode\/sojavaeroheline-t-sark-sobralik-naaber\/#breadcrumb"},"inLanguage":"en-US","potentialAction":[{"@type":"ReadAction","target":["https:\/\/tallinndesignhouse.com\/toode\/sojavaeroheline-t-sark-sobralik-naaber\/"]}]},{"@type":"ImageObject","inLanguage":"en-US","@id":"https:\/\/tallinndesignhouse.com\/toode\/sojavaeroheline-t-sark-sobralik-naaber\/#primaryimage","url":"https:\/\/tallinndesignhouse.com\/wp-content\/uploads\/2024\/07\/Kristel-Kuslapuu-sojavaeroheline-t-sark-Sobralik-naaber.jpg","contentUrl":"https:\/\/tallinndesignhouse.com\/wp-content\/uploads\/2024\/07\/Kristel-Kuslapuu-sojavaeroheline-t-sark-Sobralik-naaber.jpg","width":1080,"height":1350,"caption":"Kristel Kuslapuu so\u0303java\u0308eroheline t-sa\u0308rk So\u0303bralik naaber"},{"@type":"BreadcrumbList","@id":"https:\/\/tallinndesignhouse.com\/toode\/sojavaeroheline-t-sark-sobralik-naaber\/#breadcrumb","itemListElement":[{"@type":"ListItem","position":1,"name":"Home","item":"https:\/\/tallinndesignhouse.com\/en\/"},{"@type":"ListItem","position":2,"name":"Shop","item":"https:\/\/tallinndesignhouse.com\/en\/shop\/"},{"@type":"ListItem","position":3,"name":"Military Green Friendly Neighbour t-shirt"}]},{"@type":"WebSite","@id":"https:\/\/tallinndesignhouse.com\/#website","url":"https:\/\/tallinndesignhouse.com\/","name":"Tallinn Design House","description":"Eesti disain Rotermanni kvartalis","potentialAction":[{"@type":"SearchAction","target":{"@type":"EntryPoint","urlTemplate":"https:\/\/tallinndesignhouse.com\/?s={search_term_string}"},"query-input":{"@type":"PropertyValueSpecification","valueRequired":true,"valueName":"search_term_string"}}],"inLanguage":"en-US"}]}},"_links":{"self":[{"href":"https:\/\/tallinndesignhouse.com\/en\/wp-json\/wp\/v2\/product\/3352907","targetHints":{"allow":["GET"]}}],"collection":[{"href":"https:\/\/tallinndesignhouse.com\/en\/wp-json\/wp\/v2\/product"}],"about":[{"href":"https:\/\/tallinndesignhouse.com\/en\/wp-json\/wp\/v2\/types\/product"}],"wp:featuredmedia":[{"embeddable":true,"href":"https:\/\/tallinndesignhouse.com\/en\/wp-json\/wp\/v2\/media\/3352921"}],"wp:attachment":[{"href":"https:\/\/tallinndesignhouse.com\/en\/wp-json\/wp\/v2\/media?parent=3352907"}],"wp:term":[{"taxonomy":"product_brand","embeddable":true,"href":"https:\/\/tallinndesignhouse.com\/en\/wp-json\/wp\/v2\/product_brand?post=3352907"},{"taxonomy":"product_cat","embeddable":true,"href":"https:\/\/tallinndesignhouse.com\/en\/wp-json\/wp\/v2\/product_cat?post=3352907"},{"taxonomy":"product_tag","embeddable":true,"href":"https:\/\/tallinndesignhouse.com\/en\/wp-json\/wp\/v2\/product_tag?post=3352907"}],"curies":[{"name":"wp","href":"https:\/\/api.w.org\/{rel}","templated":true}]}}