{"id":3353088,"date":"2024-07-08T10:05:25","date_gmt":"2024-07-08T07:05:25","guid":{"rendered":"https:\/\/tallinndesignhouse.com\/toode\/korvarongad-poison-drop-silver\/"},"modified":"2026-04-18T01:02:27","modified_gmt":"2026-04-17T22:02:27","slug":"korvarongad-poison-drop-silver","status":"publish","type":"product","link":"https:\/\/tallinndesignhouse.com\/en\/toode\/korvarongad-poison-drop-silver\/","title":{"rendered":"Earrings Poison Drop Silver"},"content":{"rendered":"<p>The fusion of minimalism and futurism, designed to elevate your everyday style. These earrings by SOMA embrace refined simplicity, highlighting their unique irregular shape. Perfect for everyday wear, they are easy to style with any outfit, adding a touch of sophistication to your look. Crafted from brass with a sterling silver pin, these earrings are not only stylish but also allergy-free, ensuring comfortable wear for everyone. Materials: Rhodium plated brass, sterling silver pin. 3 g each side. 15 x 4 mm. Hypoallergenic.<\/p>\n","protected":false},"excerpt":{"rendered":"<p>The fusion of minimalism and futurism, designed to elevate your everyday style. These earrings by SOMA embrace refined simplicity, highlighting their unique irregular shape. Perfect for everyday wear, they are easy to style with any outfit, adding a touch of sophistication to your look. Crafted from brass with a sterling silver pin, these earrings are [&hellip;]<\/p>\n","protected":false},"featured_media":3353099,"template":"","meta":{"_acf_changed":false},"product_brand":[],"product_cat":[876,116],"product_tag":[2818],"class_list":{"0":"post-3353088","1":"product","2":"type-product","3":"status-publish","4":"has-post-thumbnail","6":"product_cat-korvarongad","7":"product_cat-ehted","8":"product_tag-naised","9":"pa_brand-soma","10":"pa_brand-soma-en","11":"pa_kingiidee-jah","12":"pa_kingiidee-yes-en","14":"first","15":"instock","16":"taxable","17":"shipping-taxable","18":"purchasable","19":"product-type-simple"},"acf":[],"yoast_head":"<!-- This site is optimized with the Yoast SEO plugin v26.0 - https:\/\/yoast.com\/wordpress\/plugins\/seo\/ -->\n<title>Soma Earrings Poison Drop Silver - Tallinn Design House<\/title>\n<meta name=\"description\" content=\"Soma K\u00f5rvar\u00f5ngad Poison Drop Silver. Materjalid: roodiumiga kaetud messing, h\u00f5bedane tihvt. 3 g kumbki k\u00f5rvar\u00f5ngas. 15 x 4 mm. H\u00fcpoallergeenne.\" \/>\n<meta name=\"robots\" content=\"index, follow, max-snippet:-1, max-image-preview:large, max-video-preview:-1\" \/>\n<link rel=\"canonical\" href=\"https:\/\/tallinndesignhouse.com\/toode\/korvarongad-poison-drop-silver\/\" \/>\n<meta property=\"og:locale\" content=\"en_US\" \/>\n<meta property=\"og:type\" content=\"article\" \/>\n<meta property=\"og:title\" content=\"Soma Earrings Poison Drop Silver - Tallinn Design House\" \/>\n<meta property=\"og:description\" content=\"Soma K\u00f5rvar\u00f5ngad Poison Drop Silver. Materjalid: roodiumiga kaetud messing, h\u00f5bedane tihvt. 3 g kumbki k\u00f5rvar\u00f5ngas. 15 x 4 mm. H\u00fcpoallergeenne.\" \/>\n<meta property=\"og:url\" content=\"https:\/\/tallinndesignhouse.com\/toode\/korvarongad-poison-drop-silver\/\" \/>\n<meta property=\"og:site_name\" content=\"Tallinn Design House\" \/>\n<meta property=\"article:modified_time\" content=\"2026-04-17T22:02:27+00:00\" \/>\n<meta property=\"og:image\" content=\"https:\/\/tallinndesignhouse.com\/wp-content\/uploads\/2024\/07\/Soma-Korvarongad-Poison-Drop-Silver-.jpg\" \/>\n\t<meta property=\"og:image:width\" content=\"1080\" \/>\n\t<meta property=\"og:image:height\" content=\"1350\" \/>\n\t<meta property=\"og:image:type\" content=\"image\/jpeg\" \/>\n<meta name=\"twitter:card\" content=\"summary_large_image\" \/>\n<meta name=\"twitter:label1\" content=\"Est. reading time\" \/>\n\t<meta name=\"twitter:data1\" content=\"1 minute\" \/>\n<script type=\"application\/ld+json\" class=\"yoast-schema-graph\">{\"@context\":\"https:\/\/schema.org\",\"@graph\":[{\"@type\":\"WebPage\",\"@id\":\"https:\/\/tallinndesignhouse.com\/toode\/korvarongad-poison-drop-silver\/\",\"url\":\"https:\/\/tallinndesignhouse.com\/toode\/korvarongad-poison-drop-silver\/\",\"name\":\"Soma Earrings Poison Drop Silver - Tallinn Design House\",\"isPartOf\":{\"@id\":\"https:\/\/tallinndesignhouse.com\/#website\"},\"primaryImageOfPage\":{\"@id\":\"https:\/\/tallinndesignhouse.com\/toode\/korvarongad-poison-drop-silver\/#primaryimage\"},\"image\":{\"@id\":\"https:\/\/tallinndesignhouse.com\/toode\/korvarongad-poison-drop-silver\/#primaryimage\"},\"thumbnailUrl\":\"https:\/\/tallinndesignhouse.com\/wp-content\/uploads\/2024\/07\/Soma-Korvarongad-Poison-Drop-Silver-.jpg\",\"datePublished\":\"2024-07-08T07:05:25+00:00\",\"dateModified\":\"2026-04-17T22:02:27+00:00\",\"description\":\"Soma K\u00f5rvar\u00f5ngad Poison Drop Silver. Materjalid: roodiumiga kaetud messing, h\u00f5bedane tihvt. 3 g kumbki k\u00f5rvar\u00f5ngas. 15 x 4 mm. H\u00fcpoallergeenne.\",\"breadcrumb\":{\"@id\":\"https:\/\/tallinndesignhouse.com\/toode\/korvarongad-poison-drop-silver\/#breadcrumb\"},\"inLanguage\":\"en-US\",\"potentialAction\":[{\"@type\":\"ReadAction\",\"target\":[\"https:\/\/tallinndesignhouse.com\/toode\/korvarongad-poison-drop-silver\/\"]}]},{\"@type\":\"ImageObject\",\"inLanguage\":\"en-US\",\"@id\":\"https:\/\/tallinndesignhouse.com\/toode\/korvarongad-poison-drop-silver\/#primaryimage\",\"url\":\"https:\/\/tallinndesignhouse.com\/wp-content\/uploads\/2024\/07\/Soma-Korvarongad-Poison-Drop-Silver-.jpg\",\"contentUrl\":\"https:\/\/tallinndesignhouse.com\/wp-content\/uploads\/2024\/07\/Soma-Korvarongad-Poison-Drop-Silver-.jpg\",\"width\":1080,\"height\":1350,\"caption\":\"Soma Ko\u0303rvaro\u0303ngad Poison Drop Silver\"},{\"@type\":\"BreadcrumbList\",\"@id\":\"https:\/\/tallinndesignhouse.com\/toode\/korvarongad-poison-drop-silver\/#breadcrumb\",\"itemListElement\":[{\"@type\":\"ListItem\",\"position\":1,\"name\":\"Home\",\"item\":\"https:\/\/tallinndesignhouse.com\/en\/\"},{\"@type\":\"ListItem\",\"position\":2,\"name\":\"Shop\",\"item\":\"https:\/\/tallinndesignhouse.com\/en\/shop\/\"},{\"@type\":\"ListItem\",\"position\":3,\"name\":\"Earrings Poison Drop Silver\"}]},{\"@type\":\"WebSite\",\"@id\":\"https:\/\/tallinndesignhouse.com\/#website\",\"url\":\"https:\/\/tallinndesignhouse.com\/\",\"name\":\"Tallinn Design House\",\"description\":\"Eesti disain Rotermanni kvartalis\",\"potentialAction\":[{\"@type\":\"SearchAction\",\"target\":{\"@type\":\"EntryPoint\",\"urlTemplate\":\"https:\/\/tallinndesignhouse.com\/?s={search_term_string}\"},\"query-input\":{\"@type\":\"PropertyValueSpecification\",\"valueRequired\":true,\"valueName\":\"search_term_string\"}}],\"inLanguage\":\"en-US\"}]}<\/script>\n<!-- \/ Yoast SEO plugin. -->","yoast_head_json":{"title":"Soma Earrings Poison Drop Silver - Tallinn Design House","description":"Soma K\u00f5rvar\u00f5ngad Poison Drop Silver. Materjalid: roodiumiga kaetud messing, h\u00f5bedane tihvt. 3 g kumbki k\u00f5rvar\u00f5ngas. 15 x 4 mm. H\u00fcpoallergeenne.","robots":{"index":"index","follow":"follow","max-snippet":"max-snippet:-1","max-image-preview":"max-image-preview:large","max-video-preview":"max-video-preview:-1"},"canonical":"https:\/\/tallinndesignhouse.com\/toode\/korvarongad-poison-drop-silver\/","og_locale":"en_US","og_type":"article","og_title":"Soma Earrings Poison Drop Silver - Tallinn Design House","og_description":"Soma K\u00f5rvar\u00f5ngad Poison Drop Silver. Materjalid: roodiumiga kaetud messing, h\u00f5bedane tihvt. 3 g kumbki k\u00f5rvar\u00f5ngas. 15 x 4 mm. H\u00fcpoallergeenne.","og_url":"https:\/\/tallinndesignhouse.com\/toode\/korvarongad-poison-drop-silver\/","og_site_name":"Tallinn Design House","article_modified_time":"2026-04-17T22:02:27+00:00","og_image":[{"width":1080,"height":1350,"url":"https:\/\/tallinndesignhouse.com\/wp-content\/uploads\/2024\/07\/Soma-Korvarongad-Poison-Drop-Silver-.jpg","type":"image\/jpeg"}],"twitter_card":"summary_large_image","twitter_misc":{"Est. reading time":"1 minute"},"schema":{"@context":"https:\/\/schema.org","@graph":[{"@type":"WebPage","@id":"https:\/\/tallinndesignhouse.com\/toode\/korvarongad-poison-drop-silver\/","url":"https:\/\/tallinndesignhouse.com\/toode\/korvarongad-poison-drop-silver\/","name":"Soma Earrings Poison Drop Silver - Tallinn Design House","isPartOf":{"@id":"https:\/\/tallinndesignhouse.com\/#website"},"primaryImageOfPage":{"@id":"https:\/\/tallinndesignhouse.com\/toode\/korvarongad-poison-drop-silver\/#primaryimage"},"image":{"@id":"https:\/\/tallinndesignhouse.com\/toode\/korvarongad-poison-drop-silver\/#primaryimage"},"thumbnailUrl":"https:\/\/tallinndesignhouse.com\/wp-content\/uploads\/2024\/07\/Soma-Korvarongad-Poison-Drop-Silver-.jpg","datePublished":"2024-07-08T07:05:25+00:00","dateModified":"2026-04-17T22:02:27+00:00","description":"Soma K\u00f5rvar\u00f5ngad Poison Drop Silver. Materjalid: roodiumiga kaetud messing, h\u00f5bedane tihvt. 3 g kumbki k\u00f5rvar\u00f5ngas. 15 x 4 mm. H\u00fcpoallergeenne.","breadcrumb":{"@id":"https:\/\/tallinndesignhouse.com\/toode\/korvarongad-poison-drop-silver\/#breadcrumb"},"inLanguage":"en-US","potentialAction":[{"@type":"ReadAction","target":["https:\/\/tallinndesignhouse.com\/toode\/korvarongad-poison-drop-silver\/"]}]},{"@type":"ImageObject","inLanguage":"en-US","@id":"https:\/\/tallinndesignhouse.com\/toode\/korvarongad-poison-drop-silver\/#primaryimage","url":"https:\/\/tallinndesignhouse.com\/wp-content\/uploads\/2024\/07\/Soma-Korvarongad-Poison-Drop-Silver-.jpg","contentUrl":"https:\/\/tallinndesignhouse.com\/wp-content\/uploads\/2024\/07\/Soma-Korvarongad-Poison-Drop-Silver-.jpg","width":1080,"height":1350,"caption":"Soma Ko\u0303rvaro\u0303ngad Poison Drop Silver"},{"@type":"BreadcrumbList","@id":"https:\/\/tallinndesignhouse.com\/toode\/korvarongad-poison-drop-silver\/#breadcrumb","itemListElement":[{"@type":"ListItem","position":1,"name":"Home","item":"https:\/\/tallinndesignhouse.com\/en\/"},{"@type":"ListItem","position":2,"name":"Shop","item":"https:\/\/tallinndesignhouse.com\/en\/shop\/"},{"@type":"ListItem","position":3,"name":"Earrings Poison Drop Silver"}]},{"@type":"WebSite","@id":"https:\/\/tallinndesignhouse.com\/#website","url":"https:\/\/tallinndesignhouse.com\/","name":"Tallinn Design House","description":"Eesti disain Rotermanni kvartalis","potentialAction":[{"@type":"SearchAction","target":{"@type":"EntryPoint","urlTemplate":"https:\/\/tallinndesignhouse.com\/?s={search_term_string}"},"query-input":{"@type":"PropertyValueSpecification","valueRequired":true,"valueName":"search_term_string"}}],"inLanguage":"en-US"}]}},"_links":{"self":[{"href":"https:\/\/tallinndesignhouse.com\/en\/wp-json\/wp\/v2\/product\/3353088","targetHints":{"allow":["GET"]}}],"collection":[{"href":"https:\/\/tallinndesignhouse.com\/en\/wp-json\/wp\/v2\/product"}],"about":[{"href":"https:\/\/tallinndesignhouse.com\/en\/wp-json\/wp\/v2\/types\/product"}],"wp:featuredmedia":[{"embeddable":true,"href":"https:\/\/tallinndesignhouse.com\/en\/wp-json\/wp\/v2\/media\/3353099"}],"wp:attachment":[{"href":"https:\/\/tallinndesignhouse.com\/en\/wp-json\/wp\/v2\/media?parent=3353088"}],"wp:term":[{"taxonomy":"product_brand","embeddable":true,"href":"https:\/\/tallinndesignhouse.com\/en\/wp-json\/wp\/v2\/product_brand?post=3353088"},{"taxonomy":"product_cat","embeddable":true,"href":"https:\/\/tallinndesignhouse.com\/en\/wp-json\/wp\/v2\/product_cat?post=3353088"},{"taxonomy":"product_tag","embeddable":true,"href":"https:\/\/tallinndesignhouse.com\/en\/wp-json\/wp\/v2\/product_tag?post=3353088"}],"curies":[{"name":"wp","href":"https:\/\/api.w.org\/{rel}","templated":true}]}}