{"id":3353126,"date":"2024-07-08T10:35:26","date_gmt":"2024-07-08T07:35:26","guid":{"rendered":"https:\/\/tallinndesignhouse.com\/toode\/linane-top\/"},"modified":"2026-05-02T01:01:20","modified_gmt":"2026-05-01T22:01:20","slug":"linane-top","status":"publish","type":"product","link":"https:\/\/tallinndesignhouse.com\/en\/toode\/linane-top\/","title":{"rendered":"Linen top"},"content":{"rendered":"<p>The sleeveless linen top by Muulin is a basic everyday top to have in your wardrobe. It has an A-line silhouette and small side slits. The top also has natural viscose lining and a button on the back for comfort. A great, light, and comfortable piece to always wear. Model height 175 cm &#8211; wearing size S. For best results, wash with cold water using a delicate wash program. Hang to dry. Use steam iron when damp.<\/p>\n","protected":false},"excerpt":{"rendered":"<p>The sleeveless linen top by Muulin is a basic everyday top to have in your wardrobe. It has an A-line silhouette and small side slits. The top also has natural viscose lining and a button on the back for comfort. A great, light, and comfortable piece to always wear. Model height 175 cm &#8211; wearing [&hellip;]<\/p>\n","protected":false},"featured_media":3353131,"template":"","meta":{"_acf_changed":false},"product_brand":[],"product_cat":[2837,1957,3552],"product_tag":[2819],"class_list":{"0":"post-3353126","1":"product","2":"type-product","3":"status-publish","4":"has-post-thumbnail","6":"product_cat-clothes","7":"product_cat-shirts-and-blouses","8":"product_cat-natural-materials-en","9":"product_tag-women","10":"pa_brand-muulin-en","12":"pa_suurus-l","14":"pa_suurus-m","16":"pa_suurus-s","18":"pa_varv-hall","20":"pa_varv-valge","23":"first","24":"instock","25":"taxable","26":"shipping-taxable","27":"purchasable","28":"product-type-variable"},"acf":[],"yoast_head":"<!-- This site is optimized with the Yoast SEO plugin v26.0 - https:\/\/yoast.com\/wordpress\/plugins\/seo\/ -->\n<title>Linen top - Tallinn Design House<\/title>\n<meta name=\"description\" content=\"Muulin linane top. Modelli pikkus 175 cm \u2013 kannab suurust S. Lina on nahas\u00f5bralik, antibakteriaalne ja allergeenivaba, \u00f5hku l\u00e4bi laskev materjal.\" \/>\n<meta name=\"robots\" content=\"index, follow, max-snippet:-1, max-image-preview:large, max-video-preview:-1\" \/>\n<link rel=\"canonical\" href=\"https:\/\/tallinndesignhouse.com\/toode\/linane-top\/\" \/>\n<meta property=\"og:locale\" content=\"en_US\" \/>\n<meta property=\"og:type\" content=\"article\" \/>\n<meta property=\"og:title\" content=\"Linen top - Tallinn Design House\" \/>\n<meta property=\"og:description\" content=\"Muulin linane top. Modelli pikkus 175 cm \u2013 kannab suurust S. Lina on nahas\u00f5bralik, antibakteriaalne ja allergeenivaba, \u00f5hku l\u00e4bi laskev materjal.\" \/>\n<meta property=\"og:url\" content=\"https:\/\/tallinndesignhouse.com\/toode\/linane-top\/\" \/>\n<meta property=\"og:site_name\" content=\"Tallinn Design House\" \/>\n<meta property=\"article:modified_time\" content=\"2026-05-01T22:01:20+00:00\" \/>\n<meta property=\"og:image\" content=\"https:\/\/tallinndesignhouse.com\/wp-content\/uploads\/2024\/07\/Muulin-linane-top-3.jpg\" \/>\n\t<meta property=\"og:image:width\" content=\"1080\" \/>\n\t<meta property=\"og:image:height\" content=\"1350\" \/>\n\t<meta property=\"og:image:type\" content=\"image\/jpeg\" \/>\n<meta name=\"twitter:card\" content=\"summary_large_image\" \/>\n<script type=\"application\/ld+json\" class=\"yoast-schema-graph\">{\"@context\":\"https:\/\/schema.org\",\"@graph\":[{\"@type\":\"WebPage\",\"@id\":\"https:\/\/tallinndesignhouse.com\/toode\/linane-top\/\",\"url\":\"https:\/\/tallinndesignhouse.com\/toode\/linane-top\/\",\"name\":\"Linen top - Tallinn Design House\",\"isPartOf\":{\"@id\":\"https:\/\/tallinndesignhouse.com\/#website\"},\"primaryImageOfPage\":{\"@id\":\"https:\/\/tallinndesignhouse.com\/toode\/linane-top\/#primaryimage\"},\"image\":{\"@id\":\"https:\/\/tallinndesignhouse.com\/toode\/linane-top\/#primaryimage\"},\"thumbnailUrl\":\"https:\/\/tallinndesignhouse.com\/wp-content\/uploads\/2024\/07\/Muulin-linane-top-3.jpg\",\"datePublished\":\"2024-07-08T07:35:26+00:00\",\"dateModified\":\"2026-05-01T22:01:20+00:00\",\"description\":\"Muulin linane top. Modelli pikkus 175 cm \u2013 kannab suurust S. Lina on nahas\u00f5bralik, antibakteriaalne ja allergeenivaba, \u00f5hku l\u00e4bi laskev materjal.\",\"breadcrumb\":{\"@id\":\"https:\/\/tallinndesignhouse.com\/toode\/linane-top\/#breadcrumb\"},\"inLanguage\":\"en-US\",\"potentialAction\":[{\"@type\":\"ReadAction\",\"target\":[\"https:\/\/tallinndesignhouse.com\/toode\/linane-top\/\"]}]},{\"@type\":\"ImageObject\",\"inLanguage\":\"en-US\",\"@id\":\"https:\/\/tallinndesignhouse.com\/toode\/linane-top\/#primaryimage\",\"url\":\"https:\/\/tallinndesignhouse.com\/wp-content\/uploads\/2024\/07\/Muulin-linane-top-3.jpg\",\"contentUrl\":\"https:\/\/tallinndesignhouse.com\/wp-content\/uploads\/2024\/07\/Muulin-linane-top-3.jpg\",\"width\":1080,\"height\":1350,\"caption\":\"Muulin linane top 3\"},{\"@type\":\"BreadcrumbList\",\"@id\":\"https:\/\/tallinndesignhouse.com\/toode\/linane-top\/#breadcrumb\",\"itemListElement\":[{\"@type\":\"ListItem\",\"position\":1,\"name\":\"Home\",\"item\":\"https:\/\/tallinndesignhouse.com\/en\/\"},{\"@type\":\"ListItem\",\"position\":2,\"name\":\"Shop\",\"item\":\"https:\/\/tallinndesignhouse.com\/en\/shop\/\"},{\"@type\":\"ListItem\",\"position\":3,\"name\":\"Linen top\"}]},{\"@type\":\"WebSite\",\"@id\":\"https:\/\/tallinndesignhouse.com\/#website\",\"url\":\"https:\/\/tallinndesignhouse.com\/\",\"name\":\"Tallinn Design House\",\"description\":\"Eesti disain Rotermanni kvartalis\",\"potentialAction\":[{\"@type\":\"SearchAction\",\"target\":{\"@type\":\"EntryPoint\",\"urlTemplate\":\"https:\/\/tallinndesignhouse.com\/?s={search_term_string}\"},\"query-input\":{\"@type\":\"PropertyValueSpecification\",\"valueRequired\":true,\"valueName\":\"search_term_string\"}}],\"inLanguage\":\"en-US\"}]}<\/script>\n<!-- \/ Yoast SEO plugin. -->","yoast_head_json":{"title":"Linen top - Tallinn Design House","description":"Muulin linane top. Modelli pikkus 175 cm \u2013 kannab suurust S. Lina on nahas\u00f5bralik, antibakteriaalne ja allergeenivaba, \u00f5hku l\u00e4bi laskev materjal.","robots":{"index":"index","follow":"follow","max-snippet":"max-snippet:-1","max-image-preview":"max-image-preview:large","max-video-preview":"max-video-preview:-1"},"canonical":"https:\/\/tallinndesignhouse.com\/toode\/linane-top\/","og_locale":"en_US","og_type":"article","og_title":"Linen top - Tallinn Design House","og_description":"Muulin linane top. Modelli pikkus 175 cm \u2013 kannab suurust S. Lina on nahas\u00f5bralik, antibakteriaalne ja allergeenivaba, \u00f5hku l\u00e4bi laskev materjal.","og_url":"https:\/\/tallinndesignhouse.com\/toode\/linane-top\/","og_site_name":"Tallinn Design House","article_modified_time":"2026-05-01T22:01:20+00:00","og_image":[{"width":1080,"height":1350,"url":"https:\/\/tallinndesignhouse.com\/wp-content\/uploads\/2024\/07\/Muulin-linane-top-3.jpg","type":"image\/jpeg"}],"twitter_card":"summary_large_image","schema":{"@context":"https:\/\/schema.org","@graph":[{"@type":"WebPage","@id":"https:\/\/tallinndesignhouse.com\/toode\/linane-top\/","url":"https:\/\/tallinndesignhouse.com\/toode\/linane-top\/","name":"Linen top - Tallinn Design House","isPartOf":{"@id":"https:\/\/tallinndesignhouse.com\/#website"},"primaryImageOfPage":{"@id":"https:\/\/tallinndesignhouse.com\/toode\/linane-top\/#primaryimage"},"image":{"@id":"https:\/\/tallinndesignhouse.com\/toode\/linane-top\/#primaryimage"},"thumbnailUrl":"https:\/\/tallinndesignhouse.com\/wp-content\/uploads\/2024\/07\/Muulin-linane-top-3.jpg","datePublished":"2024-07-08T07:35:26+00:00","dateModified":"2026-05-01T22:01:20+00:00","description":"Muulin linane top. Modelli pikkus 175 cm \u2013 kannab suurust S. Lina on nahas\u00f5bralik, antibakteriaalne ja allergeenivaba, \u00f5hku l\u00e4bi laskev materjal.","breadcrumb":{"@id":"https:\/\/tallinndesignhouse.com\/toode\/linane-top\/#breadcrumb"},"inLanguage":"en-US","potentialAction":[{"@type":"ReadAction","target":["https:\/\/tallinndesignhouse.com\/toode\/linane-top\/"]}]},{"@type":"ImageObject","inLanguage":"en-US","@id":"https:\/\/tallinndesignhouse.com\/toode\/linane-top\/#primaryimage","url":"https:\/\/tallinndesignhouse.com\/wp-content\/uploads\/2024\/07\/Muulin-linane-top-3.jpg","contentUrl":"https:\/\/tallinndesignhouse.com\/wp-content\/uploads\/2024\/07\/Muulin-linane-top-3.jpg","width":1080,"height":1350,"caption":"Muulin linane top 3"},{"@type":"BreadcrumbList","@id":"https:\/\/tallinndesignhouse.com\/toode\/linane-top\/#breadcrumb","itemListElement":[{"@type":"ListItem","position":1,"name":"Home","item":"https:\/\/tallinndesignhouse.com\/en\/"},{"@type":"ListItem","position":2,"name":"Shop","item":"https:\/\/tallinndesignhouse.com\/en\/shop\/"},{"@type":"ListItem","position":3,"name":"Linen top"}]},{"@type":"WebSite","@id":"https:\/\/tallinndesignhouse.com\/#website","url":"https:\/\/tallinndesignhouse.com\/","name":"Tallinn Design House","description":"Eesti disain Rotermanni kvartalis","potentialAction":[{"@type":"SearchAction","target":{"@type":"EntryPoint","urlTemplate":"https:\/\/tallinndesignhouse.com\/?s={search_term_string}"},"query-input":{"@type":"PropertyValueSpecification","valueRequired":true,"valueName":"search_term_string"}}],"inLanguage":"en-US"}]}},"_links":{"self":[{"href":"https:\/\/tallinndesignhouse.com\/en\/wp-json\/wp\/v2\/product\/3353126","targetHints":{"allow":["GET"]}}],"collection":[{"href":"https:\/\/tallinndesignhouse.com\/en\/wp-json\/wp\/v2\/product"}],"about":[{"href":"https:\/\/tallinndesignhouse.com\/en\/wp-json\/wp\/v2\/types\/product"}],"wp:featuredmedia":[{"embeddable":true,"href":"https:\/\/tallinndesignhouse.com\/en\/wp-json\/wp\/v2\/media\/3353131"}],"wp:attachment":[{"href":"https:\/\/tallinndesignhouse.com\/en\/wp-json\/wp\/v2\/media?parent=3353126"}],"wp:term":[{"taxonomy":"product_brand","embeddable":true,"href":"https:\/\/tallinndesignhouse.com\/en\/wp-json\/wp\/v2\/product_brand?post=3353126"},{"taxonomy":"product_cat","embeddable":true,"href":"https:\/\/tallinndesignhouse.com\/en\/wp-json\/wp\/v2\/product_cat?post=3353126"},{"taxonomy":"product_tag","embeddable":true,"href":"https:\/\/tallinndesignhouse.com\/en\/wp-json\/wp\/v2\/product_tag?post=3353126"}],"curies":[{"name":"wp","href":"https:\/\/api.w.org\/{rel}","templated":true}]}}