{"id":3353837,"date":"2024-07-22T14:50:18","date_gmt":"2024-07-22T11:50:18","guid":{"rendered":"https:\/\/tallinndesignhouse.com\/toode\/sormus-bonfire-apatite\/"},"modified":"2026-04-29T01:01:25","modified_gmt":"2026-04-28T22:01:25","slug":"sormus-bonfire-apatite","status":"publish","type":"product","link":"https:\/\/tallinndesignhouse.com\/en\/toode\/sormus-bonfire-apatite\/","title":{"rendered":"Bonfire Ring Apatite"},"content":{"rendered":"<p>Bonfire Ring Apatite by NRTN. Size: 27,5 \u00d7 21 \u00d7 14,5 mm. Ring Diameter: 16.6 \u2013 17 mm. Materials: 925 Sterling Silver, Apatite Crystal, Rhodium vermeil. Sound of the ocean, mystics, and the passing of time. The NIGHT FIRE capsule collection develops the iconography of temporal romanticism and vibrant rituals. The SAMADHI FIRE collection draws profound inspiration from both Thai and Sino traditional patterns, seamlessly weaving these rich cultural elements into intricate, three-dimensional forms that give birth to a new myth within a post-apocalyptic hyperreality.<\/p>\n","protected":false},"excerpt":{"rendered":"<p>Bonfire Ring Apatite by NRTN. Size: 27,5 \u00d7 21 \u00d7 14,5 mm. Ring Diameter: 16.6 \u2013 17 mm. Materials: 925 Sterling Silver, Apatite Crystal, Rhodium vermeil. Sound of the ocean, mystics, and the passing of time. The NIGHT FIRE capsule collection develops the iconography of temporal romanticism and vibrant rituals. The SAMADHI FIRE collection draws [&hellip;]<\/p>\n","protected":false},"featured_media":3353845,"template":"","meta":{"_acf_changed":false},"product_brand":[],"product_cat":[891,116,3717],"product_tag":[2818],"class_list":{"0":"post-3353837","1":"product","2":"type-product","3":"status-publish","4":"has-post-thumbnail","6":"product_cat-sormused","7":"product_cat-ehted","8":"product_cat-kevadised-tooted","9":"product_tag-naised","10":"pa_brand-nrtn","12":"first","13":"instock","14":"taxable","15":"shipping-taxable","16":"purchasable","17":"product-type-simple"},"acf":[],"yoast_head":"<!-- This site is optimized with the Yoast SEO plugin v26.0 - https:\/\/yoast.com\/wordpress\/plugins\/seo\/ -->\n<title>NRTN Bonfire Ring Apatite - Tallinn Design House<\/title>\n<meta name=\"description\" content=\"NRTN s\u00f5rmus Bonfire Apatite. M\u00f5\u00f5dud: 27,5 \u00d7 21 \u00d7 14,5 mm. S\u00f5rmuse l\u00e4bim\u00f5\u00f5t: 16,6 \u2013 17 mm. Materjalid: 925 sterling h\u00f5be, apatiitkristall, roodium vermeil.\" \/>\n<meta name=\"robots\" content=\"index, follow, max-snippet:-1, max-image-preview:large, max-video-preview:-1\" \/>\n<link rel=\"canonical\" href=\"https:\/\/tallinndesignhouse.com\/toode\/sormus-bonfire-apatite\/\" \/>\n<meta property=\"og:locale\" content=\"en_US\" \/>\n<meta property=\"og:type\" content=\"article\" \/>\n<meta property=\"og:title\" content=\"NRTN Bonfire Ring Apatite - Tallinn Design House\" \/>\n<meta property=\"og:description\" content=\"NRTN s\u00f5rmus Bonfire Apatite. M\u00f5\u00f5dud: 27,5 \u00d7 21 \u00d7 14,5 mm. S\u00f5rmuse l\u00e4bim\u00f5\u00f5t: 16,6 \u2013 17 mm. Materjalid: 925 sterling h\u00f5be, apatiitkristall, roodium vermeil.\" \/>\n<meta property=\"og:url\" content=\"https:\/\/tallinndesignhouse.com\/toode\/sormus-bonfire-apatite\/\" \/>\n<meta property=\"og:site_name\" content=\"Tallinn Design House\" \/>\n<meta property=\"article:modified_time\" content=\"2026-04-28T22:01:25+00:00\" \/>\n<meta property=\"og:image\" content=\"https:\/\/tallinndesignhouse.com\/wp-content\/uploads\/2024\/07\/NRTN-sormus-Bonfire-Apatite-.jpg\" \/>\n\t<meta property=\"og:image:width\" content=\"1080\" \/>\n\t<meta property=\"og:image:height\" content=\"1350\" \/>\n\t<meta property=\"og:image:type\" content=\"image\/jpeg\" \/>\n<meta name=\"twitter:card\" content=\"summary_large_image\" \/>\n<script type=\"application\/ld+json\" class=\"yoast-schema-graph\">{\"@context\":\"https:\/\/schema.org\",\"@graph\":[{\"@type\":\"WebPage\",\"@id\":\"https:\/\/tallinndesignhouse.com\/toode\/sormus-bonfire-apatite\/\",\"url\":\"https:\/\/tallinndesignhouse.com\/toode\/sormus-bonfire-apatite\/\",\"name\":\"NRTN Bonfire Ring Apatite - Tallinn Design House\",\"isPartOf\":{\"@id\":\"https:\/\/tallinndesignhouse.com\/#website\"},\"primaryImageOfPage\":{\"@id\":\"https:\/\/tallinndesignhouse.com\/toode\/sormus-bonfire-apatite\/#primaryimage\"},\"image\":{\"@id\":\"https:\/\/tallinndesignhouse.com\/toode\/sormus-bonfire-apatite\/#primaryimage\"},\"thumbnailUrl\":\"https:\/\/tallinndesignhouse.com\/wp-content\/uploads\/2024\/07\/NRTN-sormus-Bonfire-Apatite-.jpg\",\"datePublished\":\"2024-07-22T11:50:18+00:00\",\"dateModified\":\"2026-04-28T22:01:25+00:00\",\"description\":\"NRTN s\u00f5rmus Bonfire Apatite. M\u00f5\u00f5dud: 27,5 \u00d7 21 \u00d7 14,5 mm. S\u00f5rmuse l\u00e4bim\u00f5\u00f5t: 16,6 \u2013 17 mm. Materjalid: 925 sterling h\u00f5be, apatiitkristall, roodium vermeil.\",\"breadcrumb\":{\"@id\":\"https:\/\/tallinndesignhouse.com\/toode\/sormus-bonfire-apatite\/#breadcrumb\"},\"inLanguage\":\"en-US\",\"potentialAction\":[{\"@type\":\"ReadAction\",\"target\":[\"https:\/\/tallinndesignhouse.com\/toode\/sormus-bonfire-apatite\/\"]}]},{\"@type\":\"ImageObject\",\"inLanguage\":\"en-US\",\"@id\":\"https:\/\/tallinndesignhouse.com\/toode\/sormus-bonfire-apatite\/#primaryimage\",\"url\":\"https:\/\/tallinndesignhouse.com\/wp-content\/uploads\/2024\/07\/NRTN-sormus-Bonfire-Apatite-.jpg\",\"contentUrl\":\"https:\/\/tallinndesignhouse.com\/wp-content\/uploads\/2024\/07\/NRTN-sormus-Bonfire-Apatite-.jpg\",\"width\":1080,\"height\":1350,\"caption\":\"NRTN so\u0303rmus Bonfire Apatite\"},{\"@type\":\"BreadcrumbList\",\"@id\":\"https:\/\/tallinndesignhouse.com\/toode\/sormus-bonfire-apatite\/#breadcrumb\",\"itemListElement\":[{\"@type\":\"ListItem\",\"position\":1,\"name\":\"Home\",\"item\":\"https:\/\/tallinndesignhouse.com\/en\/\"},{\"@type\":\"ListItem\",\"position\":2,\"name\":\"Shop\",\"item\":\"https:\/\/tallinndesignhouse.com\/en\/shop\/\"},{\"@type\":\"ListItem\",\"position\":3,\"name\":\"Bonfire Ring Apatite\"}]},{\"@type\":\"WebSite\",\"@id\":\"https:\/\/tallinndesignhouse.com\/#website\",\"url\":\"https:\/\/tallinndesignhouse.com\/\",\"name\":\"Tallinn Design House\",\"description\":\"Eesti disain Rotermanni kvartalis\",\"potentialAction\":[{\"@type\":\"SearchAction\",\"target\":{\"@type\":\"EntryPoint\",\"urlTemplate\":\"https:\/\/tallinndesignhouse.com\/?s={search_term_string}\"},\"query-input\":{\"@type\":\"PropertyValueSpecification\",\"valueRequired\":true,\"valueName\":\"search_term_string\"}}],\"inLanguage\":\"en-US\"}]}<\/script>\n<!-- \/ Yoast SEO plugin. -->","yoast_head_json":{"title":"NRTN Bonfire Ring Apatite - Tallinn Design House","description":"NRTN s\u00f5rmus Bonfire Apatite. M\u00f5\u00f5dud: 27,5 \u00d7 21 \u00d7 14,5 mm. S\u00f5rmuse l\u00e4bim\u00f5\u00f5t: 16,6 \u2013 17 mm. Materjalid: 925 sterling h\u00f5be, apatiitkristall, roodium vermeil.","robots":{"index":"index","follow":"follow","max-snippet":"max-snippet:-1","max-image-preview":"max-image-preview:large","max-video-preview":"max-video-preview:-1"},"canonical":"https:\/\/tallinndesignhouse.com\/toode\/sormus-bonfire-apatite\/","og_locale":"en_US","og_type":"article","og_title":"NRTN Bonfire Ring Apatite - Tallinn Design House","og_description":"NRTN s\u00f5rmus Bonfire Apatite. M\u00f5\u00f5dud: 27,5 \u00d7 21 \u00d7 14,5 mm. S\u00f5rmuse l\u00e4bim\u00f5\u00f5t: 16,6 \u2013 17 mm. Materjalid: 925 sterling h\u00f5be, apatiitkristall, roodium vermeil.","og_url":"https:\/\/tallinndesignhouse.com\/toode\/sormus-bonfire-apatite\/","og_site_name":"Tallinn Design House","article_modified_time":"2026-04-28T22:01:25+00:00","og_image":[{"width":1080,"height":1350,"url":"https:\/\/tallinndesignhouse.com\/wp-content\/uploads\/2024\/07\/NRTN-sormus-Bonfire-Apatite-.jpg","type":"image\/jpeg"}],"twitter_card":"summary_large_image","schema":{"@context":"https:\/\/schema.org","@graph":[{"@type":"WebPage","@id":"https:\/\/tallinndesignhouse.com\/toode\/sormus-bonfire-apatite\/","url":"https:\/\/tallinndesignhouse.com\/toode\/sormus-bonfire-apatite\/","name":"NRTN Bonfire Ring Apatite - Tallinn Design House","isPartOf":{"@id":"https:\/\/tallinndesignhouse.com\/#website"},"primaryImageOfPage":{"@id":"https:\/\/tallinndesignhouse.com\/toode\/sormus-bonfire-apatite\/#primaryimage"},"image":{"@id":"https:\/\/tallinndesignhouse.com\/toode\/sormus-bonfire-apatite\/#primaryimage"},"thumbnailUrl":"https:\/\/tallinndesignhouse.com\/wp-content\/uploads\/2024\/07\/NRTN-sormus-Bonfire-Apatite-.jpg","datePublished":"2024-07-22T11:50:18+00:00","dateModified":"2026-04-28T22:01:25+00:00","description":"NRTN s\u00f5rmus Bonfire Apatite. M\u00f5\u00f5dud: 27,5 \u00d7 21 \u00d7 14,5 mm. S\u00f5rmuse l\u00e4bim\u00f5\u00f5t: 16,6 \u2013 17 mm. Materjalid: 925 sterling h\u00f5be, apatiitkristall, roodium vermeil.","breadcrumb":{"@id":"https:\/\/tallinndesignhouse.com\/toode\/sormus-bonfire-apatite\/#breadcrumb"},"inLanguage":"en-US","potentialAction":[{"@type":"ReadAction","target":["https:\/\/tallinndesignhouse.com\/toode\/sormus-bonfire-apatite\/"]}]},{"@type":"ImageObject","inLanguage":"en-US","@id":"https:\/\/tallinndesignhouse.com\/toode\/sormus-bonfire-apatite\/#primaryimage","url":"https:\/\/tallinndesignhouse.com\/wp-content\/uploads\/2024\/07\/NRTN-sormus-Bonfire-Apatite-.jpg","contentUrl":"https:\/\/tallinndesignhouse.com\/wp-content\/uploads\/2024\/07\/NRTN-sormus-Bonfire-Apatite-.jpg","width":1080,"height":1350,"caption":"NRTN so\u0303rmus Bonfire Apatite"},{"@type":"BreadcrumbList","@id":"https:\/\/tallinndesignhouse.com\/toode\/sormus-bonfire-apatite\/#breadcrumb","itemListElement":[{"@type":"ListItem","position":1,"name":"Home","item":"https:\/\/tallinndesignhouse.com\/en\/"},{"@type":"ListItem","position":2,"name":"Shop","item":"https:\/\/tallinndesignhouse.com\/en\/shop\/"},{"@type":"ListItem","position":3,"name":"Bonfire Ring Apatite"}]},{"@type":"WebSite","@id":"https:\/\/tallinndesignhouse.com\/#website","url":"https:\/\/tallinndesignhouse.com\/","name":"Tallinn Design House","description":"Eesti disain Rotermanni kvartalis","potentialAction":[{"@type":"SearchAction","target":{"@type":"EntryPoint","urlTemplate":"https:\/\/tallinndesignhouse.com\/?s={search_term_string}"},"query-input":{"@type":"PropertyValueSpecification","valueRequired":true,"valueName":"search_term_string"}}],"inLanguage":"en-US"}]}},"_links":{"self":[{"href":"https:\/\/tallinndesignhouse.com\/en\/wp-json\/wp\/v2\/product\/3353837","targetHints":{"allow":["GET"]}}],"collection":[{"href":"https:\/\/tallinndesignhouse.com\/en\/wp-json\/wp\/v2\/product"}],"about":[{"href":"https:\/\/tallinndesignhouse.com\/en\/wp-json\/wp\/v2\/types\/product"}],"wp:featuredmedia":[{"embeddable":true,"href":"https:\/\/tallinndesignhouse.com\/en\/wp-json\/wp\/v2\/media\/3353845"}],"wp:attachment":[{"href":"https:\/\/tallinndesignhouse.com\/en\/wp-json\/wp\/v2\/media?parent=3353837"}],"wp:term":[{"taxonomy":"product_brand","embeddable":true,"href":"https:\/\/tallinndesignhouse.com\/en\/wp-json\/wp\/v2\/product_brand?post=3353837"},{"taxonomy":"product_cat","embeddable":true,"href":"https:\/\/tallinndesignhouse.com\/en\/wp-json\/wp\/v2\/product_cat?post=3353837"},{"taxonomy":"product_tag","embeddable":true,"href":"https:\/\/tallinndesignhouse.com\/en\/wp-json\/wp\/v2\/product_tag?post=3353837"}],"curies":[{"name":"wp","href":"https:\/\/api.w.org\/{rel}","templated":true}]}}