{"id":3353864,"date":"2024-07-22T18:20:11","date_gmt":"2024-07-22T15:20:11","guid":{"rendered":"https:\/\/tallinndesignhouse.com\/toode\/pusa-puffy-pink\/"},"modified":"2026-05-02T00:59:15","modified_gmt":"2026-05-01T21:59:15","slug":"pusa-puffy-pink","status":"publish","type":"product","link":"https:\/\/tallinndesignhouse.com\/en\/toode\/pusa-puffy-pink\/","title":{"rendered":"Hoodie Puffy Pink"},"content":{"rendered":"<p>Soft, warm and cozy oversized hoodies are an absolute trend that will stay with us forever. The official logo of the LESS STRESS CLOTHES brand is embroidered on the sleeve of the hoodie. Measures: Pocket width (full girth) \u2013 136 cm. Back length \u2013 73 cm. Front length from neckline to bottom \u2013 70 cm. Sleeve length &#8211; 58cm (shoulder lowered). Material: 70% cotton, 30% polyester (polyester is an irreplaceable material so that the hoodie does not stretch over time). The product is produced in Estonia.<\/p>\n","protected":false},"excerpt":{"rendered":"<p>Soft, warm and cozy oversized hoodies are an absolute trend that will stay with us forever. The official logo of the LESS STRESS CLOTHES brand is embroidered on the sleeve of the hoodie. Measures: Pocket width (full girth) \u2013 136 cm. Back length \u2013 73 cm. Front length from neckline to bottom \u2013 70 cm. [&hellip;]<\/p>\n","protected":false},"featured_media":3353873,"template":"","meta":{"_acf_changed":false},"product_brand":[],"product_cat":[1957,2837,3552,3718],"product_tag":[2819],"class_list":{"0":"post-3353864","1":"product","2":"type-product","3":"status-publish","4":"has-post-thumbnail","6":"product_cat-shirts-and-blouses","7":"product_cat-clothes","8":"product_cat-natural-materials-en","9":"product_cat-winter-style","10":"product_tag-women","11":"pa_brand-less-stress-clothes-en","13":"pa_suurus-one-size-en","16":"first","17":"instock","18":"taxable","19":"shipping-taxable","20":"purchasable","21":"product-type-variable"},"acf":[],"yoast_head":"<!-- This site is optimized with the Yoast SEO plugin v26.0 - https:\/\/yoast.com\/wordpress\/plugins\/seo\/ -->\n<title>Less Stress Clothes Hoodie Puffy Pink - Tallinn Design House<\/title>\n<meta name=\"description\" content=\"Less Stress Clothes pusa Puffy Pink. Materjal: 70% uhutud puuvill; 30% pol\u00fcester (pol\u00fcester on asendamatu materjal, et pusa ei veniks v\u00e4lja). Toode on toodetud Eestis!\" \/>\n<meta name=\"robots\" content=\"index, follow, max-snippet:-1, max-image-preview:large, max-video-preview:-1\" \/>\n<link rel=\"canonical\" href=\"https:\/\/tallinndesignhouse.com\/toode\/pusa-puffy-pink\/\" \/>\n<meta property=\"og:locale\" content=\"en_US\" \/>\n<meta property=\"og:type\" content=\"article\" \/>\n<meta property=\"og:title\" content=\"Less Stress Clothes Hoodie Puffy Pink - Tallinn Design House\" \/>\n<meta property=\"og:description\" content=\"Less Stress Clothes pusa Puffy Pink. Materjal: 70% uhutud puuvill; 30% pol\u00fcester (pol\u00fcester on asendamatu materjal, et pusa ei veniks v\u00e4lja). Toode on toodetud Eestis!\" \/>\n<meta property=\"og:url\" content=\"https:\/\/tallinndesignhouse.com\/toode\/pusa-puffy-pink\/\" \/>\n<meta property=\"og:site_name\" content=\"Tallinn Design House\" \/>\n<meta property=\"article:modified_time\" content=\"2026-05-01T21:59:15+00:00\" \/>\n<meta property=\"og:image\" content=\"https:\/\/tallinndesignhouse.com\/wp-content\/uploads\/2024\/07\/Less-Stress-Clothes-Pusa-Puffy-Pink.jpg\" \/>\n\t<meta property=\"og:image:width\" content=\"1080\" \/>\n\t<meta property=\"og:image:height\" content=\"1350\" \/>\n\t<meta property=\"og:image:type\" content=\"image\/jpeg\" \/>\n<meta name=\"twitter:card\" content=\"summary_large_image\" \/>\n<script type=\"application\/ld+json\" class=\"yoast-schema-graph\">{\"@context\":\"https:\/\/schema.org\",\"@graph\":[{\"@type\":\"WebPage\",\"@id\":\"https:\/\/tallinndesignhouse.com\/toode\/pusa-puffy-pink\/\",\"url\":\"https:\/\/tallinndesignhouse.com\/toode\/pusa-puffy-pink\/\",\"name\":\"Less Stress Clothes Hoodie Puffy Pink - Tallinn Design House\",\"isPartOf\":{\"@id\":\"https:\/\/tallinndesignhouse.com\/#website\"},\"primaryImageOfPage\":{\"@id\":\"https:\/\/tallinndesignhouse.com\/toode\/pusa-puffy-pink\/#primaryimage\"},\"image\":{\"@id\":\"https:\/\/tallinndesignhouse.com\/toode\/pusa-puffy-pink\/#primaryimage\"},\"thumbnailUrl\":\"https:\/\/tallinndesignhouse.com\/wp-content\/uploads\/2024\/07\/Less-Stress-Clothes-Pusa-Puffy-Pink.jpg\",\"datePublished\":\"2024-07-22T15:20:11+00:00\",\"dateModified\":\"2026-05-01T21:59:15+00:00\",\"description\":\"Less Stress Clothes pusa Puffy Pink. Materjal: 70% uhutud puuvill; 30% pol\u00fcester (pol\u00fcester on asendamatu materjal, et pusa ei veniks v\u00e4lja). Toode on toodetud Eestis!\",\"breadcrumb\":{\"@id\":\"https:\/\/tallinndesignhouse.com\/toode\/pusa-puffy-pink\/#breadcrumb\"},\"inLanguage\":\"en-US\",\"potentialAction\":[{\"@type\":\"ReadAction\",\"target\":[\"https:\/\/tallinndesignhouse.com\/toode\/pusa-puffy-pink\/\"]}]},{\"@type\":\"ImageObject\",\"inLanguage\":\"en-US\",\"@id\":\"https:\/\/tallinndesignhouse.com\/toode\/pusa-puffy-pink\/#primaryimage\",\"url\":\"https:\/\/tallinndesignhouse.com\/wp-content\/uploads\/2024\/07\/Less-Stress-Clothes-Pusa-Puffy-Pink.jpg\",\"contentUrl\":\"https:\/\/tallinndesignhouse.com\/wp-content\/uploads\/2024\/07\/Less-Stress-Clothes-Pusa-Puffy-Pink.jpg\",\"width\":1080,\"height\":1350,\"caption\":\"Less Stress Clothes Pusa Puffy Pink\"},{\"@type\":\"BreadcrumbList\",\"@id\":\"https:\/\/tallinndesignhouse.com\/toode\/pusa-puffy-pink\/#breadcrumb\",\"itemListElement\":[{\"@type\":\"ListItem\",\"position\":1,\"name\":\"Home\",\"item\":\"https:\/\/tallinndesignhouse.com\/en\/\"},{\"@type\":\"ListItem\",\"position\":2,\"name\":\"Shop\",\"item\":\"https:\/\/tallinndesignhouse.com\/en\/shop\/\"},{\"@type\":\"ListItem\",\"position\":3,\"name\":\"Hoodie Puffy Pink\"}]},{\"@type\":\"WebSite\",\"@id\":\"https:\/\/tallinndesignhouse.com\/#website\",\"url\":\"https:\/\/tallinndesignhouse.com\/\",\"name\":\"Tallinn Design House\",\"description\":\"Eesti disain Rotermanni kvartalis\",\"potentialAction\":[{\"@type\":\"SearchAction\",\"target\":{\"@type\":\"EntryPoint\",\"urlTemplate\":\"https:\/\/tallinndesignhouse.com\/?s={search_term_string}\"},\"query-input\":{\"@type\":\"PropertyValueSpecification\",\"valueRequired\":true,\"valueName\":\"search_term_string\"}}],\"inLanguage\":\"en-US\"}]}<\/script>\n<!-- \/ Yoast SEO plugin. -->","yoast_head_json":{"title":"Less Stress Clothes Hoodie Puffy Pink - Tallinn Design House","description":"Less Stress Clothes pusa Puffy Pink. Materjal: 70% uhutud puuvill; 30% pol\u00fcester (pol\u00fcester on asendamatu materjal, et pusa ei veniks v\u00e4lja). Toode on toodetud Eestis!","robots":{"index":"index","follow":"follow","max-snippet":"max-snippet:-1","max-image-preview":"max-image-preview:large","max-video-preview":"max-video-preview:-1"},"canonical":"https:\/\/tallinndesignhouse.com\/toode\/pusa-puffy-pink\/","og_locale":"en_US","og_type":"article","og_title":"Less Stress Clothes Hoodie Puffy Pink - Tallinn Design House","og_description":"Less Stress Clothes pusa Puffy Pink. Materjal: 70% uhutud puuvill; 30% pol\u00fcester (pol\u00fcester on asendamatu materjal, et pusa ei veniks v\u00e4lja). Toode on toodetud Eestis!","og_url":"https:\/\/tallinndesignhouse.com\/toode\/pusa-puffy-pink\/","og_site_name":"Tallinn Design House","article_modified_time":"2026-05-01T21:59:15+00:00","og_image":[{"width":1080,"height":1350,"url":"https:\/\/tallinndesignhouse.com\/wp-content\/uploads\/2024\/07\/Less-Stress-Clothes-Pusa-Puffy-Pink.jpg","type":"image\/jpeg"}],"twitter_card":"summary_large_image","schema":{"@context":"https:\/\/schema.org","@graph":[{"@type":"WebPage","@id":"https:\/\/tallinndesignhouse.com\/toode\/pusa-puffy-pink\/","url":"https:\/\/tallinndesignhouse.com\/toode\/pusa-puffy-pink\/","name":"Less Stress Clothes Hoodie Puffy Pink - Tallinn Design House","isPartOf":{"@id":"https:\/\/tallinndesignhouse.com\/#website"},"primaryImageOfPage":{"@id":"https:\/\/tallinndesignhouse.com\/toode\/pusa-puffy-pink\/#primaryimage"},"image":{"@id":"https:\/\/tallinndesignhouse.com\/toode\/pusa-puffy-pink\/#primaryimage"},"thumbnailUrl":"https:\/\/tallinndesignhouse.com\/wp-content\/uploads\/2024\/07\/Less-Stress-Clothes-Pusa-Puffy-Pink.jpg","datePublished":"2024-07-22T15:20:11+00:00","dateModified":"2026-05-01T21:59:15+00:00","description":"Less Stress Clothes pusa Puffy Pink. Materjal: 70% uhutud puuvill; 30% pol\u00fcester (pol\u00fcester on asendamatu materjal, et pusa ei veniks v\u00e4lja). Toode on toodetud Eestis!","breadcrumb":{"@id":"https:\/\/tallinndesignhouse.com\/toode\/pusa-puffy-pink\/#breadcrumb"},"inLanguage":"en-US","potentialAction":[{"@type":"ReadAction","target":["https:\/\/tallinndesignhouse.com\/toode\/pusa-puffy-pink\/"]}]},{"@type":"ImageObject","inLanguage":"en-US","@id":"https:\/\/tallinndesignhouse.com\/toode\/pusa-puffy-pink\/#primaryimage","url":"https:\/\/tallinndesignhouse.com\/wp-content\/uploads\/2024\/07\/Less-Stress-Clothes-Pusa-Puffy-Pink.jpg","contentUrl":"https:\/\/tallinndesignhouse.com\/wp-content\/uploads\/2024\/07\/Less-Stress-Clothes-Pusa-Puffy-Pink.jpg","width":1080,"height":1350,"caption":"Less Stress Clothes Pusa Puffy Pink"},{"@type":"BreadcrumbList","@id":"https:\/\/tallinndesignhouse.com\/toode\/pusa-puffy-pink\/#breadcrumb","itemListElement":[{"@type":"ListItem","position":1,"name":"Home","item":"https:\/\/tallinndesignhouse.com\/en\/"},{"@type":"ListItem","position":2,"name":"Shop","item":"https:\/\/tallinndesignhouse.com\/en\/shop\/"},{"@type":"ListItem","position":3,"name":"Hoodie Puffy Pink"}]},{"@type":"WebSite","@id":"https:\/\/tallinndesignhouse.com\/#website","url":"https:\/\/tallinndesignhouse.com\/","name":"Tallinn Design House","description":"Eesti disain Rotermanni kvartalis","potentialAction":[{"@type":"SearchAction","target":{"@type":"EntryPoint","urlTemplate":"https:\/\/tallinndesignhouse.com\/?s={search_term_string}"},"query-input":{"@type":"PropertyValueSpecification","valueRequired":true,"valueName":"search_term_string"}}],"inLanguage":"en-US"}]}},"_links":{"self":[{"href":"https:\/\/tallinndesignhouse.com\/en\/wp-json\/wp\/v2\/product\/3353864","targetHints":{"allow":["GET"]}}],"collection":[{"href":"https:\/\/tallinndesignhouse.com\/en\/wp-json\/wp\/v2\/product"}],"about":[{"href":"https:\/\/tallinndesignhouse.com\/en\/wp-json\/wp\/v2\/types\/product"}],"wp:featuredmedia":[{"embeddable":true,"href":"https:\/\/tallinndesignhouse.com\/en\/wp-json\/wp\/v2\/media\/3353873"}],"wp:attachment":[{"href":"https:\/\/tallinndesignhouse.com\/en\/wp-json\/wp\/v2\/media?parent=3353864"}],"wp:term":[{"taxonomy":"product_brand","embeddable":true,"href":"https:\/\/tallinndesignhouse.com\/en\/wp-json\/wp\/v2\/product_brand?post=3353864"},{"taxonomy":"product_cat","embeddable":true,"href":"https:\/\/tallinndesignhouse.com\/en\/wp-json\/wp\/v2\/product_cat?post=3353864"},{"taxonomy":"product_tag","embeddable":true,"href":"https:\/\/tallinndesignhouse.com\/en\/wp-json\/wp\/v2\/product_tag?post=3353864"}],"curies":[{"name":"wp","href":"https:\/\/api.w.org\/{rel}","templated":true}]}}