{"id":3353888,"date":"2024-07-22T18:50:14","date_gmt":"2024-07-22T15:50:14","guid":{"rendered":"https:\/\/tallinndesignhouse.com\/toode\/bamboo-t-sark-teddy-brown\/"},"modified":"2026-04-13T00:58:50","modified_gmt":"2026-04-12T21:58:50","slug":"bamboo-t-sark-teddy-brown","status":"publish","type":"product","link":"https:\/\/tallinndesignhouse.com\/en\/toode\/bamboo-t-sark-teddy-brown\/","title":{"rendered":"Bamboo t-shirt Teddy Brown"},"content":{"rendered":"<p>Indulge in the epitome of coziness with BAMBOO SHIRTS by LESS STRESS CLOTHES. Masterfully woven from the sublime softness of bamboo towel material. Tailored as a one-size piece, this oversized treasure is a fit for all genders, offering an easy, relaxed silhouette that flatters every body type. Every seam speaks of dedicated craftsmanship, being handmade with meticulous attention in Estonia. Celebrate a fusion of timeless style, sustainable innovation, and unparalleled comfort with this essential addition to your eco-conscious wardrobe. Material: 90% Bamboo, 10% Polyester. Measures: chest (full girth) \u2013 142 cm; back length \u2013 79 cm; shoulders + sleeves (lowered) \u2013 47 cm.<\/p>\n","protected":false},"excerpt":{"rendered":"<p>Indulge in the epitome of coziness with BAMBOO SHIRTS by LESS STRESS CLOTHES. Masterfully woven from the sublime softness of bamboo towel material. Tailored as a one-size piece, this oversized treasure is a fit for all genders, offering an easy, relaxed silhouette that flatters every body type. Every seam speaks of dedicated craftsmanship, being handmade [&hellip;]<\/p>\n","protected":false},"featured_media":3353891,"template":"","meta":{"_acf_changed":false},"product_brand":[],"product_cat":[1957,2837,3552,3718],"product_tag":[2819],"class_list":{"0":"post-3353888","1":"product","2":"type-product","3":"status-publish","4":"has-post-thumbnail","6":"product_cat-shirts-and-blouses","7":"product_cat-clothes","8":"product_cat-natural-materials-en","9":"product_cat-winter-style","10":"product_tag-women","11":"pa_brand-less-stress-clothes-en","13":"pa_suurus-one-size-en","16":"first","17":"instock","18":"taxable","19":"shipping-taxable","20":"purchasable","21":"product-type-variable"},"acf":[],"yoast_head":"<!-- This site is optimized with the Yoast SEO plugin v26.0 - https:\/\/yoast.com\/wordpress\/plugins\/seo\/ -->\n<title>Less Stress Clothes Bamboo t-shirt Teddy Brown - Tallinn Design House<\/title>\n<meta name=\"description\" content=\"Less Stress Clothes Bamboo t-s\u00e4rk Teddy Brown. Materjal: 90% bambus; 10% pol\u00fcester. Toode on valminud k\u00e4sit\u00f6\u00f6na Eestis.\" \/>\n<meta name=\"robots\" content=\"index, follow, max-snippet:-1, max-image-preview:large, max-video-preview:-1\" \/>\n<link rel=\"canonical\" href=\"https:\/\/tallinndesignhouse.com\/toode\/bamboo-t-sark-teddy-brown\/\" \/>\n<meta property=\"og:locale\" content=\"en_US\" \/>\n<meta property=\"og:type\" content=\"article\" \/>\n<meta property=\"og:title\" content=\"Less Stress Clothes Bamboo t-shirt Teddy Brown - Tallinn Design House\" \/>\n<meta property=\"og:description\" content=\"Less Stress Clothes Bamboo t-s\u00e4rk Teddy Brown. Materjal: 90% bambus; 10% pol\u00fcester. Toode on valminud k\u00e4sit\u00f6\u00f6na Eestis.\" \/>\n<meta property=\"og:url\" content=\"https:\/\/tallinndesignhouse.com\/toode\/bamboo-t-sark-teddy-brown\/\" \/>\n<meta property=\"og:site_name\" content=\"Tallinn Design House\" \/>\n<meta property=\"article:modified_time\" content=\"2026-04-12T21:58:50+00:00\" \/>\n<meta property=\"og:image\" content=\"https:\/\/tallinndesignhouse.com\/wp-content\/uploads\/2024\/07\/Less-Stress-Clothes-Bamboo-t-sark-Teddy-Brown.jpg\" \/>\n\t<meta property=\"og:image:width\" content=\"1080\" \/>\n\t<meta property=\"og:image:height\" content=\"1350\" \/>\n\t<meta property=\"og:image:type\" content=\"image\/jpeg\" \/>\n<meta name=\"twitter:card\" content=\"summary_large_image\" \/>\n<meta name=\"twitter:label1\" content=\"Est. reading time\" \/>\n\t<meta name=\"twitter:data1\" content=\"1 minute\" \/>\n<script type=\"application\/ld+json\" class=\"yoast-schema-graph\">{\"@context\":\"https:\/\/schema.org\",\"@graph\":[{\"@type\":\"WebPage\",\"@id\":\"https:\/\/tallinndesignhouse.com\/toode\/bamboo-t-sark-teddy-brown\/\",\"url\":\"https:\/\/tallinndesignhouse.com\/toode\/bamboo-t-sark-teddy-brown\/\",\"name\":\"Less Stress Clothes Bamboo t-shirt Teddy Brown - Tallinn Design House\",\"isPartOf\":{\"@id\":\"https:\/\/tallinndesignhouse.com\/#website\"},\"primaryImageOfPage\":{\"@id\":\"https:\/\/tallinndesignhouse.com\/toode\/bamboo-t-sark-teddy-brown\/#primaryimage\"},\"image\":{\"@id\":\"https:\/\/tallinndesignhouse.com\/toode\/bamboo-t-sark-teddy-brown\/#primaryimage\"},\"thumbnailUrl\":\"https:\/\/tallinndesignhouse.com\/wp-content\/uploads\/2024\/07\/Less-Stress-Clothes-Bamboo-t-sark-Teddy-Brown.jpg\",\"datePublished\":\"2024-07-22T15:50:14+00:00\",\"dateModified\":\"2026-04-12T21:58:50+00:00\",\"description\":\"Less Stress Clothes Bamboo t-s\u00e4rk Teddy Brown. Materjal: 90% bambus; 10% pol\u00fcester. Toode on valminud k\u00e4sit\u00f6\u00f6na Eestis.\",\"breadcrumb\":{\"@id\":\"https:\/\/tallinndesignhouse.com\/toode\/bamboo-t-sark-teddy-brown\/#breadcrumb\"},\"inLanguage\":\"en-US\",\"potentialAction\":[{\"@type\":\"ReadAction\",\"target\":[\"https:\/\/tallinndesignhouse.com\/toode\/bamboo-t-sark-teddy-brown\/\"]}]},{\"@type\":\"ImageObject\",\"inLanguage\":\"en-US\",\"@id\":\"https:\/\/tallinndesignhouse.com\/toode\/bamboo-t-sark-teddy-brown\/#primaryimage\",\"url\":\"https:\/\/tallinndesignhouse.com\/wp-content\/uploads\/2024\/07\/Less-Stress-Clothes-Bamboo-t-sark-Teddy-Brown.jpg\",\"contentUrl\":\"https:\/\/tallinndesignhouse.com\/wp-content\/uploads\/2024\/07\/Less-Stress-Clothes-Bamboo-t-sark-Teddy-Brown.jpg\",\"width\":1080,\"height\":1350,\"caption\":\"Less Stress Clothes Bamboo t-sa\u0308rk Teddy Brown\"},{\"@type\":\"BreadcrumbList\",\"@id\":\"https:\/\/tallinndesignhouse.com\/toode\/bamboo-t-sark-teddy-brown\/#breadcrumb\",\"itemListElement\":[{\"@type\":\"ListItem\",\"position\":1,\"name\":\"Home\",\"item\":\"https:\/\/tallinndesignhouse.com\/en\/\"},{\"@type\":\"ListItem\",\"position\":2,\"name\":\"Shop\",\"item\":\"https:\/\/tallinndesignhouse.com\/en\/shop\/\"},{\"@type\":\"ListItem\",\"position\":3,\"name\":\"Bamboo t-shirt Teddy Brown\"}]},{\"@type\":\"WebSite\",\"@id\":\"https:\/\/tallinndesignhouse.com\/#website\",\"url\":\"https:\/\/tallinndesignhouse.com\/\",\"name\":\"Tallinn Design House\",\"description\":\"Eesti disain Rotermanni kvartalis\",\"potentialAction\":[{\"@type\":\"SearchAction\",\"target\":{\"@type\":\"EntryPoint\",\"urlTemplate\":\"https:\/\/tallinndesignhouse.com\/?s={search_term_string}\"},\"query-input\":{\"@type\":\"PropertyValueSpecification\",\"valueRequired\":true,\"valueName\":\"search_term_string\"}}],\"inLanguage\":\"en-US\"}]}<\/script>\n<!-- \/ Yoast SEO plugin. -->","yoast_head_json":{"title":"Less Stress Clothes Bamboo t-shirt Teddy Brown - Tallinn Design House","description":"Less Stress Clothes Bamboo t-s\u00e4rk Teddy Brown. Materjal: 90% bambus; 10% pol\u00fcester. Toode on valminud k\u00e4sit\u00f6\u00f6na Eestis.","robots":{"index":"index","follow":"follow","max-snippet":"max-snippet:-1","max-image-preview":"max-image-preview:large","max-video-preview":"max-video-preview:-1"},"canonical":"https:\/\/tallinndesignhouse.com\/toode\/bamboo-t-sark-teddy-brown\/","og_locale":"en_US","og_type":"article","og_title":"Less Stress Clothes Bamboo t-shirt Teddy Brown - Tallinn Design House","og_description":"Less Stress Clothes Bamboo t-s\u00e4rk Teddy Brown. Materjal: 90% bambus; 10% pol\u00fcester. Toode on valminud k\u00e4sit\u00f6\u00f6na Eestis.","og_url":"https:\/\/tallinndesignhouse.com\/toode\/bamboo-t-sark-teddy-brown\/","og_site_name":"Tallinn Design House","article_modified_time":"2026-04-12T21:58:50+00:00","og_image":[{"width":1080,"height":1350,"url":"https:\/\/tallinndesignhouse.com\/wp-content\/uploads\/2024\/07\/Less-Stress-Clothes-Bamboo-t-sark-Teddy-Brown.jpg","type":"image\/jpeg"}],"twitter_card":"summary_large_image","twitter_misc":{"Est. reading time":"1 minute"},"schema":{"@context":"https:\/\/schema.org","@graph":[{"@type":"WebPage","@id":"https:\/\/tallinndesignhouse.com\/toode\/bamboo-t-sark-teddy-brown\/","url":"https:\/\/tallinndesignhouse.com\/toode\/bamboo-t-sark-teddy-brown\/","name":"Less Stress Clothes Bamboo t-shirt Teddy Brown - Tallinn Design House","isPartOf":{"@id":"https:\/\/tallinndesignhouse.com\/#website"},"primaryImageOfPage":{"@id":"https:\/\/tallinndesignhouse.com\/toode\/bamboo-t-sark-teddy-brown\/#primaryimage"},"image":{"@id":"https:\/\/tallinndesignhouse.com\/toode\/bamboo-t-sark-teddy-brown\/#primaryimage"},"thumbnailUrl":"https:\/\/tallinndesignhouse.com\/wp-content\/uploads\/2024\/07\/Less-Stress-Clothes-Bamboo-t-sark-Teddy-Brown.jpg","datePublished":"2024-07-22T15:50:14+00:00","dateModified":"2026-04-12T21:58:50+00:00","description":"Less Stress Clothes Bamboo t-s\u00e4rk Teddy Brown. Materjal: 90% bambus; 10% pol\u00fcester. Toode on valminud k\u00e4sit\u00f6\u00f6na Eestis.","breadcrumb":{"@id":"https:\/\/tallinndesignhouse.com\/toode\/bamboo-t-sark-teddy-brown\/#breadcrumb"},"inLanguage":"en-US","potentialAction":[{"@type":"ReadAction","target":["https:\/\/tallinndesignhouse.com\/toode\/bamboo-t-sark-teddy-brown\/"]}]},{"@type":"ImageObject","inLanguage":"en-US","@id":"https:\/\/tallinndesignhouse.com\/toode\/bamboo-t-sark-teddy-brown\/#primaryimage","url":"https:\/\/tallinndesignhouse.com\/wp-content\/uploads\/2024\/07\/Less-Stress-Clothes-Bamboo-t-sark-Teddy-Brown.jpg","contentUrl":"https:\/\/tallinndesignhouse.com\/wp-content\/uploads\/2024\/07\/Less-Stress-Clothes-Bamboo-t-sark-Teddy-Brown.jpg","width":1080,"height":1350,"caption":"Less Stress Clothes Bamboo t-sa\u0308rk Teddy Brown"},{"@type":"BreadcrumbList","@id":"https:\/\/tallinndesignhouse.com\/toode\/bamboo-t-sark-teddy-brown\/#breadcrumb","itemListElement":[{"@type":"ListItem","position":1,"name":"Home","item":"https:\/\/tallinndesignhouse.com\/en\/"},{"@type":"ListItem","position":2,"name":"Shop","item":"https:\/\/tallinndesignhouse.com\/en\/shop\/"},{"@type":"ListItem","position":3,"name":"Bamboo t-shirt Teddy Brown"}]},{"@type":"WebSite","@id":"https:\/\/tallinndesignhouse.com\/#website","url":"https:\/\/tallinndesignhouse.com\/","name":"Tallinn Design House","description":"Eesti disain Rotermanni kvartalis","potentialAction":[{"@type":"SearchAction","target":{"@type":"EntryPoint","urlTemplate":"https:\/\/tallinndesignhouse.com\/?s={search_term_string}"},"query-input":{"@type":"PropertyValueSpecification","valueRequired":true,"valueName":"search_term_string"}}],"inLanguage":"en-US"}]}},"_links":{"self":[{"href":"https:\/\/tallinndesignhouse.com\/en\/wp-json\/wp\/v2\/product\/3353888","targetHints":{"allow":["GET"]}}],"collection":[{"href":"https:\/\/tallinndesignhouse.com\/en\/wp-json\/wp\/v2\/product"}],"about":[{"href":"https:\/\/tallinndesignhouse.com\/en\/wp-json\/wp\/v2\/types\/product"}],"wp:featuredmedia":[{"embeddable":true,"href":"https:\/\/tallinndesignhouse.com\/en\/wp-json\/wp\/v2\/media\/3353891"}],"wp:attachment":[{"href":"https:\/\/tallinndesignhouse.com\/en\/wp-json\/wp\/v2\/media?parent=3353888"}],"wp:term":[{"taxonomy":"product_brand","embeddable":true,"href":"https:\/\/tallinndesignhouse.com\/en\/wp-json\/wp\/v2\/product_brand?post=3353888"},{"taxonomy":"product_cat","embeddable":true,"href":"https:\/\/tallinndesignhouse.com\/en\/wp-json\/wp\/v2\/product_cat?post=3353888"},{"taxonomy":"product_tag","embeddable":true,"href":"https:\/\/tallinndesignhouse.com\/en\/wp-json\/wp\/v2\/product_tag?post=3353888"}],"curies":[{"name":"wp","href":"https:\/\/api.w.org\/{rel}","templated":true}]}}