{"id":3353916,"date":"2024-07-22T19:35:21","date_gmt":"2024-07-22T16:35:21","guid":{"rendered":"https:\/\/tallinndesignhouse.com\/toode\/bamboo-luhikesed-puksid-minty-sky\/"},"modified":"2026-04-12T00:58:31","modified_gmt":"2026-04-11T21:58:31","slug":"bamboo-luhikesed-puksid-minty-sky","status":"publish","type":"product","link":"https:\/\/tallinndesignhouse.com\/en\/toode\/bamboo-luhikesed-puksid-minty-sky\/","title":{"rendered":"Bamboo shorts Minty Sky"},"content":{"rendered":"<p>Elevate your lounging experience with shorts by Less Stress Clothes, woven from the plush softness of bamboo towel fabric. Designed as a one-size wonder, these shorts are both oversized and unisex, ensuring a breezy and comfortable fit for everyone. Every stitch tells a story of dedication and passion, as they are handmade in Estonia. Pair them with  Bamboo T-shirt for a look that\u00b4s both stylish and eco-conscious, exuding effortless elegance. Material: 90% Bamboo, 10% Polyester. Measurements: length \u2013 43 cm, waist &#8211; 68-104 cm.<\/p>\n","protected":false},"excerpt":{"rendered":"<p>Elevate your lounging experience with shorts by Less Stress Clothes, woven from the plush softness of bamboo towel fabric. Designed as a one-size wonder, these shorts are both oversized and unisex, ensuring a breezy and comfortable fit for everyone. Every stitch tells a story of dedication and passion, as they are handmade in Estonia. Pair [&hellip;]<\/p>\n","protected":false},"featured_media":3353929,"template":"","meta":{"_acf_changed":false},"product_brand":[],"product_cat":[2837,3552,2013],"product_tag":[2819],"class_list":{"0":"post-3353916","1":"product","2":"type-product","3":"status-publish","4":"has-post-thumbnail","6":"product_cat-clothes","7":"product_cat-natural-materials-en","8":"product_cat-pants","9":"product_tag-women","10":"pa_brand-less-stress-clothes-en","11":"pa_brand-less-stress-clothes","12":"pa_suurus-one-size-en","13":"pa_suurus-one-size","15":"first","16":"instock","17":"taxable","18":"shipping-taxable","19":"purchasable","20":"product-type-variable"},"acf":[],"yoast_head":"<!-- This site is optimized with the Yoast SEO plugin v26.0 - https:\/\/yoast.com\/wordpress\/plugins\/seo\/ -->\n<title>Less Stress Clothes Bamboo shorts Minty Sky - Tallinn Design House<\/title>\n<meta name=\"description\" content=\"Less Stress Clothes Bamboo l\u00fchikesed p\u00fcksid Minty Sky. Materjal: 90% bambus; 10% pol\u00fcester. M\u00f5\u00f5dud: Pikkus \u2013 43 cm; v\u00f6\u00f6koht \u2013 68\u2013104 cm.\" \/>\n<meta name=\"robots\" content=\"index, follow, max-snippet:-1, max-image-preview:large, max-video-preview:-1\" \/>\n<link rel=\"canonical\" href=\"https:\/\/tallinndesignhouse.com\/toode\/bamboo-luhikesed-puksid-minty-sky\/\" \/>\n<meta property=\"og:locale\" content=\"en_US\" \/>\n<meta property=\"og:type\" content=\"article\" \/>\n<meta property=\"og:title\" content=\"Less Stress Clothes Bamboo shorts Minty Sky - Tallinn Design House\" \/>\n<meta property=\"og:description\" content=\"Less Stress Clothes Bamboo l\u00fchikesed p\u00fcksid Minty Sky. Materjal: 90% bambus; 10% pol\u00fcester. M\u00f5\u00f5dud: Pikkus \u2013 43 cm; v\u00f6\u00f6koht \u2013 68\u2013104 cm.\" \/>\n<meta property=\"og:url\" content=\"https:\/\/tallinndesignhouse.com\/toode\/bamboo-luhikesed-puksid-minty-sky\/\" \/>\n<meta property=\"og:site_name\" content=\"Tallinn Design House\" \/>\n<meta property=\"article:modified_time\" content=\"2026-04-11T21:58:31+00:00\" \/>\n<meta property=\"og:image\" content=\"https:\/\/tallinndesignhouse.com\/wp-content\/uploads\/2024\/07\/Less-Stress-Clothes-Bamboo-luhikesed-puksid-Minty-Sky.jpg\" \/>\n\t<meta property=\"og:image:width\" content=\"1080\" \/>\n\t<meta property=\"og:image:height\" content=\"1350\" \/>\n\t<meta property=\"og:image:type\" content=\"image\/jpeg\" \/>\n<meta name=\"twitter:card\" content=\"summary_large_image\" \/>\n<script type=\"application\/ld+json\" class=\"yoast-schema-graph\">{\"@context\":\"https:\/\/schema.org\",\"@graph\":[{\"@type\":\"WebPage\",\"@id\":\"https:\/\/tallinndesignhouse.com\/toode\/bamboo-luhikesed-puksid-minty-sky\/\",\"url\":\"https:\/\/tallinndesignhouse.com\/toode\/bamboo-luhikesed-puksid-minty-sky\/\",\"name\":\"Less Stress Clothes Bamboo shorts Minty Sky - Tallinn Design House\",\"isPartOf\":{\"@id\":\"https:\/\/tallinndesignhouse.com\/#website\"},\"primaryImageOfPage\":{\"@id\":\"https:\/\/tallinndesignhouse.com\/toode\/bamboo-luhikesed-puksid-minty-sky\/#primaryimage\"},\"image\":{\"@id\":\"https:\/\/tallinndesignhouse.com\/toode\/bamboo-luhikesed-puksid-minty-sky\/#primaryimage\"},\"thumbnailUrl\":\"https:\/\/tallinndesignhouse.com\/wp-content\/uploads\/2024\/07\/Less-Stress-Clothes-Bamboo-luhikesed-puksid-Minty-Sky.jpg\",\"datePublished\":\"2024-07-22T16:35:21+00:00\",\"dateModified\":\"2026-04-11T21:58:31+00:00\",\"description\":\"Less Stress Clothes Bamboo l\u00fchikesed p\u00fcksid Minty Sky. Materjal: 90% bambus; 10% pol\u00fcester. M\u00f5\u00f5dud: Pikkus \u2013 43 cm; v\u00f6\u00f6koht \u2013 68\u2013104 cm.\",\"breadcrumb\":{\"@id\":\"https:\/\/tallinndesignhouse.com\/toode\/bamboo-luhikesed-puksid-minty-sky\/#breadcrumb\"},\"inLanguage\":\"en-US\",\"potentialAction\":[{\"@type\":\"ReadAction\",\"target\":[\"https:\/\/tallinndesignhouse.com\/toode\/bamboo-luhikesed-puksid-minty-sky\/\"]}]},{\"@type\":\"ImageObject\",\"inLanguage\":\"en-US\",\"@id\":\"https:\/\/tallinndesignhouse.com\/toode\/bamboo-luhikesed-puksid-minty-sky\/#primaryimage\",\"url\":\"https:\/\/tallinndesignhouse.com\/wp-content\/uploads\/2024\/07\/Less-Stress-Clothes-Bamboo-luhikesed-puksid-Minty-Sky.jpg\",\"contentUrl\":\"https:\/\/tallinndesignhouse.com\/wp-content\/uploads\/2024\/07\/Less-Stress-Clothes-Bamboo-luhikesed-puksid-Minty-Sky.jpg\",\"width\":1080,\"height\":1350,\"caption\":\"Less Stress Clothes Bamboo lu\u0308hikesed pu\u0308ksid Minty Sky\"},{\"@type\":\"BreadcrumbList\",\"@id\":\"https:\/\/tallinndesignhouse.com\/toode\/bamboo-luhikesed-puksid-minty-sky\/#breadcrumb\",\"itemListElement\":[{\"@type\":\"ListItem\",\"position\":1,\"name\":\"Home\",\"item\":\"https:\/\/tallinndesignhouse.com\/en\/\"},{\"@type\":\"ListItem\",\"position\":2,\"name\":\"Shop\",\"item\":\"https:\/\/tallinndesignhouse.com\/en\/shop\/\"},{\"@type\":\"ListItem\",\"position\":3,\"name\":\"Bamboo shorts Minty Sky\"}]},{\"@type\":\"WebSite\",\"@id\":\"https:\/\/tallinndesignhouse.com\/#website\",\"url\":\"https:\/\/tallinndesignhouse.com\/\",\"name\":\"Tallinn Design House\",\"description\":\"Eesti disain Rotermanni kvartalis\",\"potentialAction\":[{\"@type\":\"SearchAction\",\"target\":{\"@type\":\"EntryPoint\",\"urlTemplate\":\"https:\/\/tallinndesignhouse.com\/?s={search_term_string}\"},\"query-input\":{\"@type\":\"PropertyValueSpecification\",\"valueRequired\":true,\"valueName\":\"search_term_string\"}}],\"inLanguage\":\"en-US\"}]}<\/script>\n<!-- \/ Yoast SEO plugin. -->","yoast_head_json":{"title":"Less Stress Clothes Bamboo shorts Minty Sky - Tallinn Design House","description":"Less Stress Clothes Bamboo l\u00fchikesed p\u00fcksid Minty Sky. Materjal: 90% bambus; 10% pol\u00fcester. M\u00f5\u00f5dud: Pikkus \u2013 43 cm; v\u00f6\u00f6koht \u2013 68\u2013104 cm.","robots":{"index":"index","follow":"follow","max-snippet":"max-snippet:-1","max-image-preview":"max-image-preview:large","max-video-preview":"max-video-preview:-1"},"canonical":"https:\/\/tallinndesignhouse.com\/toode\/bamboo-luhikesed-puksid-minty-sky\/","og_locale":"en_US","og_type":"article","og_title":"Less Stress Clothes Bamboo shorts Minty Sky - Tallinn Design House","og_description":"Less Stress Clothes Bamboo l\u00fchikesed p\u00fcksid Minty Sky. Materjal: 90% bambus; 10% pol\u00fcester. M\u00f5\u00f5dud: Pikkus \u2013 43 cm; v\u00f6\u00f6koht \u2013 68\u2013104 cm.","og_url":"https:\/\/tallinndesignhouse.com\/toode\/bamboo-luhikesed-puksid-minty-sky\/","og_site_name":"Tallinn Design House","article_modified_time":"2026-04-11T21:58:31+00:00","og_image":[{"width":1080,"height":1350,"url":"https:\/\/tallinndesignhouse.com\/wp-content\/uploads\/2024\/07\/Less-Stress-Clothes-Bamboo-luhikesed-puksid-Minty-Sky.jpg","type":"image\/jpeg"}],"twitter_card":"summary_large_image","schema":{"@context":"https:\/\/schema.org","@graph":[{"@type":"WebPage","@id":"https:\/\/tallinndesignhouse.com\/toode\/bamboo-luhikesed-puksid-minty-sky\/","url":"https:\/\/tallinndesignhouse.com\/toode\/bamboo-luhikesed-puksid-minty-sky\/","name":"Less Stress Clothes Bamboo shorts Minty Sky - Tallinn Design House","isPartOf":{"@id":"https:\/\/tallinndesignhouse.com\/#website"},"primaryImageOfPage":{"@id":"https:\/\/tallinndesignhouse.com\/toode\/bamboo-luhikesed-puksid-minty-sky\/#primaryimage"},"image":{"@id":"https:\/\/tallinndesignhouse.com\/toode\/bamboo-luhikesed-puksid-minty-sky\/#primaryimage"},"thumbnailUrl":"https:\/\/tallinndesignhouse.com\/wp-content\/uploads\/2024\/07\/Less-Stress-Clothes-Bamboo-luhikesed-puksid-Minty-Sky.jpg","datePublished":"2024-07-22T16:35:21+00:00","dateModified":"2026-04-11T21:58:31+00:00","description":"Less Stress Clothes Bamboo l\u00fchikesed p\u00fcksid Minty Sky. Materjal: 90% bambus; 10% pol\u00fcester. M\u00f5\u00f5dud: Pikkus \u2013 43 cm; v\u00f6\u00f6koht \u2013 68\u2013104 cm.","breadcrumb":{"@id":"https:\/\/tallinndesignhouse.com\/toode\/bamboo-luhikesed-puksid-minty-sky\/#breadcrumb"},"inLanguage":"en-US","potentialAction":[{"@type":"ReadAction","target":["https:\/\/tallinndesignhouse.com\/toode\/bamboo-luhikesed-puksid-minty-sky\/"]}]},{"@type":"ImageObject","inLanguage":"en-US","@id":"https:\/\/tallinndesignhouse.com\/toode\/bamboo-luhikesed-puksid-minty-sky\/#primaryimage","url":"https:\/\/tallinndesignhouse.com\/wp-content\/uploads\/2024\/07\/Less-Stress-Clothes-Bamboo-luhikesed-puksid-Minty-Sky.jpg","contentUrl":"https:\/\/tallinndesignhouse.com\/wp-content\/uploads\/2024\/07\/Less-Stress-Clothes-Bamboo-luhikesed-puksid-Minty-Sky.jpg","width":1080,"height":1350,"caption":"Less Stress Clothes Bamboo lu\u0308hikesed pu\u0308ksid Minty Sky"},{"@type":"BreadcrumbList","@id":"https:\/\/tallinndesignhouse.com\/toode\/bamboo-luhikesed-puksid-minty-sky\/#breadcrumb","itemListElement":[{"@type":"ListItem","position":1,"name":"Home","item":"https:\/\/tallinndesignhouse.com\/en\/"},{"@type":"ListItem","position":2,"name":"Shop","item":"https:\/\/tallinndesignhouse.com\/en\/shop\/"},{"@type":"ListItem","position":3,"name":"Bamboo shorts Minty Sky"}]},{"@type":"WebSite","@id":"https:\/\/tallinndesignhouse.com\/#website","url":"https:\/\/tallinndesignhouse.com\/","name":"Tallinn Design House","description":"Eesti disain Rotermanni kvartalis","potentialAction":[{"@type":"SearchAction","target":{"@type":"EntryPoint","urlTemplate":"https:\/\/tallinndesignhouse.com\/?s={search_term_string}"},"query-input":{"@type":"PropertyValueSpecification","valueRequired":true,"valueName":"search_term_string"}}],"inLanguage":"en-US"}]}},"_links":{"self":[{"href":"https:\/\/tallinndesignhouse.com\/en\/wp-json\/wp\/v2\/product\/3353916","targetHints":{"allow":["GET"]}}],"collection":[{"href":"https:\/\/tallinndesignhouse.com\/en\/wp-json\/wp\/v2\/product"}],"about":[{"href":"https:\/\/tallinndesignhouse.com\/en\/wp-json\/wp\/v2\/types\/product"}],"wp:featuredmedia":[{"embeddable":true,"href":"https:\/\/tallinndesignhouse.com\/en\/wp-json\/wp\/v2\/media\/3353929"}],"wp:attachment":[{"href":"https:\/\/tallinndesignhouse.com\/en\/wp-json\/wp\/v2\/media?parent=3353916"}],"wp:term":[{"taxonomy":"product_brand","embeddable":true,"href":"https:\/\/tallinndesignhouse.com\/en\/wp-json\/wp\/v2\/product_brand?post=3353916"},{"taxonomy":"product_cat","embeddable":true,"href":"https:\/\/tallinndesignhouse.com\/en\/wp-json\/wp\/v2\/product_cat?post=3353916"},{"taxonomy":"product_tag","embeddable":true,"href":"https:\/\/tallinndesignhouse.com\/en\/wp-json\/wp\/v2\/product_tag?post=3353916"}],"curies":[{"name":"wp","href":"https:\/\/api.w.org\/{rel}","templated":true}]}}