{"id":3354123,"date":"2024-07-26T10:50:11","date_gmt":"2024-07-26T07:50:11","guid":{"rendered":"https:\/\/tallinndesignhouse.com\/toode\/korvarongad-night-pearl-loop-roodium\/"},"modified":"2026-04-13T12:05:03","modified_gmt":"2026-04-13T09:05:03","slug":"korvarongad-night-pearl-loop-roodium","status":"publish","type":"product","link":"https:\/\/tallinndesignhouse.com\/en\/toode\/korvarongad-night-pearl-loop-roodium\/","title":{"rendered":"Earrings Night Pearl Loop Rhodium"},"content":{"rendered":"<p>Earrings Night Pearl Loop Rhodium by NRTN. Size: Loop 15 \u00d7 15 \u00d7 2.2 mm. Pearlmother diameter: 10-12 mm. Materials: 925 Sterling Silver, Mother of Pearl, Rhodium vermeil. Sound of the ocean, mystics, and the passing of time. The NIGHT FIRE capsule collection develops the iconography of temporal romanticism and vibrant rituals. The SAMADHI FIRE collection draws profound inspiration from both Thai and Sino traditional patterns, seamlessly weaving these rich cultural elements into intricate, three-dimensional forms that give birth to a new myth within a post-apocalyptic hyperreality.<\/p>\n","protected":false},"excerpt":{"rendered":"<p>Earrings Night Pearl Loop Rhodium by NRTN. Size: Loop 15 \u00d7 15 \u00d7 2.2 mm. Pearlmother diameter: 10-12 mm. Materials: 925 Sterling Silver, Mother of Pearl, Rhodium vermeil. Sound of the ocean, mystics, and the passing of time. The NIGHT FIRE capsule collection develops the iconography of temporal romanticism and vibrant rituals. The SAMADHI FIRE [&hellip;]<\/p>\n","protected":false},"featured_media":3358902,"template":"","meta":{"_acf_changed":false},"product_brand":[],"product_cat":[876,116,3717],"product_tag":[2818],"class_list":{"0":"post-3354123","1":"product","2":"type-product","3":"status-publish","4":"has-post-thumbnail","6":"product_cat-korvarongad","7":"product_cat-ehted","8":"product_cat-kevadised-tooted","9":"product_tag-naised","10":"pa_brand-nrtn","11":"pa_brand-nrtn-en","13":"first","14":"instock","15":"taxable","16":"shipping-taxable","17":"purchasable","18":"product-type-simple"},"acf":[],"yoast_head":"<!-- This site is optimized with the Yoast SEO plugin v26.0 - https:\/\/yoast.com\/wordpress\/plugins\/seo\/ -->\n<title>NRTN Earrings Night Pearl Loop Rhodium - Tallinn Design House<\/title>\n<meta name=\"description\" content=\"NRTN k\u00f5rvar\u00f5ngad Night Pearl Loop roodium. R\u00f5ngas 15 \u00d7 15 \u00d7 2,2 mm. P\u00e4rli l\u00e4bim\u00f5\u00f5t: 10-12 mm. Materjalid: 925 Sterling h\u00f5be, p\u00e4rlmutter, roodium vermeil.\" \/>\n<meta name=\"robots\" content=\"index, follow, max-snippet:-1, max-image-preview:large, max-video-preview:-1\" \/>\n<link rel=\"canonical\" href=\"https:\/\/tallinndesignhouse.com\/toode\/korvarongad-night-pearl-loop-roodium\/\" \/>\n<meta property=\"og:locale\" content=\"en_US\" \/>\n<meta property=\"og:type\" content=\"article\" \/>\n<meta property=\"og:title\" content=\"NRTN Earrings Night Pearl Loop Rhodium - Tallinn Design House\" \/>\n<meta property=\"og:description\" content=\"NRTN k\u00f5rvar\u00f5ngad Night Pearl Loop roodium. R\u00f5ngas 15 \u00d7 15 \u00d7 2,2 mm. P\u00e4rli l\u00e4bim\u00f5\u00f5t: 10-12 mm. Materjalid: 925 Sterling h\u00f5be, p\u00e4rlmutter, roodium vermeil.\" \/>\n<meta property=\"og:url\" content=\"https:\/\/tallinndesignhouse.com\/toode\/korvarongad-night-pearl-loop-roodium\/\" \/>\n<meta property=\"og:site_name\" content=\"Tallinn Design House\" \/>\n<meta property=\"article:modified_time\" content=\"2026-04-13T09:05:03+00:00\" \/>\n<meta property=\"og:image\" content=\"https:\/\/tallinndesignhouse.com\/wp-content\/uploads\/2024\/07\/NRTN-korvarongad-Night-Pearl-Loop-roodium2.png\" \/>\n\t<meta property=\"og:image:width\" content=\"1080\" \/>\n\t<meta property=\"og:image:height\" content=\"1350\" \/>\n\t<meta property=\"og:image:type\" content=\"image\/png\" \/>\n<meta name=\"twitter:card\" content=\"summary_large_image\" \/>\n<meta name=\"twitter:label1\" content=\"Est. reading time\" \/>\n\t<meta name=\"twitter:data1\" content=\"1 minute\" \/>\n<script type=\"application\/ld+json\" class=\"yoast-schema-graph\">{\"@context\":\"https:\/\/schema.org\",\"@graph\":[{\"@type\":\"WebPage\",\"@id\":\"https:\/\/tallinndesignhouse.com\/toode\/korvarongad-night-pearl-loop-roodium\/\",\"url\":\"https:\/\/tallinndesignhouse.com\/toode\/korvarongad-night-pearl-loop-roodium\/\",\"name\":\"NRTN Earrings Night Pearl Loop Rhodium - Tallinn Design House\",\"isPartOf\":{\"@id\":\"https:\/\/tallinndesignhouse.com\/#website\"},\"primaryImageOfPage\":{\"@id\":\"https:\/\/tallinndesignhouse.com\/toode\/korvarongad-night-pearl-loop-roodium\/#primaryimage\"},\"image\":{\"@id\":\"https:\/\/tallinndesignhouse.com\/toode\/korvarongad-night-pearl-loop-roodium\/#primaryimage\"},\"thumbnailUrl\":\"https:\/\/tallinndesignhouse.com\/wp-content\/uploads\/2024\/07\/NRTN-korvarongad-Night-Pearl-Loop-roodium2.png\",\"datePublished\":\"2024-07-26T07:50:11+00:00\",\"dateModified\":\"2026-04-13T09:05:03+00:00\",\"description\":\"NRTN k\u00f5rvar\u00f5ngad Night Pearl Loop roodium. R\u00f5ngas 15 \u00d7 15 \u00d7 2,2 mm. P\u00e4rli l\u00e4bim\u00f5\u00f5t: 10-12 mm. Materjalid: 925 Sterling h\u00f5be, p\u00e4rlmutter, roodium vermeil.\",\"breadcrumb\":{\"@id\":\"https:\/\/tallinndesignhouse.com\/toode\/korvarongad-night-pearl-loop-roodium\/#breadcrumb\"},\"inLanguage\":\"en-US\",\"potentialAction\":[{\"@type\":\"ReadAction\",\"target\":[\"https:\/\/tallinndesignhouse.com\/toode\/korvarongad-night-pearl-loop-roodium\/\"]}]},{\"@type\":\"ImageObject\",\"inLanguage\":\"en-US\",\"@id\":\"https:\/\/tallinndesignhouse.com\/toode\/korvarongad-night-pearl-loop-roodium\/#primaryimage\",\"url\":\"https:\/\/tallinndesignhouse.com\/wp-content\/uploads\/2024\/07\/NRTN-korvarongad-Night-Pearl-Loop-roodium2.png\",\"contentUrl\":\"https:\/\/tallinndesignhouse.com\/wp-content\/uploads\/2024\/07\/NRTN-korvarongad-Night-Pearl-Loop-roodium2.png\",\"width\":1080,\"height\":1350,\"caption\":\"NRTN-ko\u0303rvaro\u0303ngad-Night-Pearl-Loop-roodium2\"},{\"@type\":\"BreadcrumbList\",\"@id\":\"https:\/\/tallinndesignhouse.com\/toode\/korvarongad-night-pearl-loop-roodium\/#breadcrumb\",\"itemListElement\":[{\"@type\":\"ListItem\",\"position\":1,\"name\":\"Home\",\"item\":\"https:\/\/tallinndesignhouse.com\/en\/\"},{\"@type\":\"ListItem\",\"position\":2,\"name\":\"Shop\",\"item\":\"https:\/\/tallinndesignhouse.com\/en\/shop\/\"},{\"@type\":\"ListItem\",\"position\":3,\"name\":\"Earrings Night Pearl Loop Rhodium\"}]},{\"@type\":\"WebSite\",\"@id\":\"https:\/\/tallinndesignhouse.com\/#website\",\"url\":\"https:\/\/tallinndesignhouse.com\/\",\"name\":\"Tallinn Design House\",\"description\":\"Eesti disain Rotermanni kvartalis\",\"potentialAction\":[{\"@type\":\"SearchAction\",\"target\":{\"@type\":\"EntryPoint\",\"urlTemplate\":\"https:\/\/tallinndesignhouse.com\/?s={search_term_string}\"},\"query-input\":{\"@type\":\"PropertyValueSpecification\",\"valueRequired\":true,\"valueName\":\"search_term_string\"}}],\"inLanguage\":\"en-US\"}]}<\/script>\n<!-- \/ Yoast SEO plugin. -->","yoast_head_json":{"title":"NRTN Earrings Night Pearl Loop Rhodium - Tallinn Design House","description":"NRTN k\u00f5rvar\u00f5ngad Night Pearl Loop roodium. R\u00f5ngas 15 \u00d7 15 \u00d7 2,2 mm. P\u00e4rli l\u00e4bim\u00f5\u00f5t: 10-12 mm. Materjalid: 925 Sterling h\u00f5be, p\u00e4rlmutter, roodium vermeil.","robots":{"index":"index","follow":"follow","max-snippet":"max-snippet:-1","max-image-preview":"max-image-preview:large","max-video-preview":"max-video-preview:-1"},"canonical":"https:\/\/tallinndesignhouse.com\/toode\/korvarongad-night-pearl-loop-roodium\/","og_locale":"en_US","og_type":"article","og_title":"NRTN Earrings Night Pearl Loop Rhodium - Tallinn Design House","og_description":"NRTN k\u00f5rvar\u00f5ngad Night Pearl Loop roodium. R\u00f5ngas 15 \u00d7 15 \u00d7 2,2 mm. P\u00e4rli l\u00e4bim\u00f5\u00f5t: 10-12 mm. Materjalid: 925 Sterling h\u00f5be, p\u00e4rlmutter, roodium vermeil.","og_url":"https:\/\/tallinndesignhouse.com\/toode\/korvarongad-night-pearl-loop-roodium\/","og_site_name":"Tallinn Design House","article_modified_time":"2026-04-13T09:05:03+00:00","og_image":[{"width":1080,"height":1350,"url":"https:\/\/tallinndesignhouse.com\/wp-content\/uploads\/2024\/07\/NRTN-korvarongad-Night-Pearl-Loop-roodium2.png","type":"image\/png"}],"twitter_card":"summary_large_image","twitter_misc":{"Est. reading time":"1 minute"},"schema":{"@context":"https:\/\/schema.org","@graph":[{"@type":"WebPage","@id":"https:\/\/tallinndesignhouse.com\/toode\/korvarongad-night-pearl-loop-roodium\/","url":"https:\/\/tallinndesignhouse.com\/toode\/korvarongad-night-pearl-loop-roodium\/","name":"NRTN Earrings Night Pearl Loop Rhodium - Tallinn Design House","isPartOf":{"@id":"https:\/\/tallinndesignhouse.com\/#website"},"primaryImageOfPage":{"@id":"https:\/\/tallinndesignhouse.com\/toode\/korvarongad-night-pearl-loop-roodium\/#primaryimage"},"image":{"@id":"https:\/\/tallinndesignhouse.com\/toode\/korvarongad-night-pearl-loop-roodium\/#primaryimage"},"thumbnailUrl":"https:\/\/tallinndesignhouse.com\/wp-content\/uploads\/2024\/07\/NRTN-korvarongad-Night-Pearl-Loop-roodium2.png","datePublished":"2024-07-26T07:50:11+00:00","dateModified":"2026-04-13T09:05:03+00:00","description":"NRTN k\u00f5rvar\u00f5ngad Night Pearl Loop roodium. R\u00f5ngas 15 \u00d7 15 \u00d7 2,2 mm. P\u00e4rli l\u00e4bim\u00f5\u00f5t: 10-12 mm. Materjalid: 925 Sterling h\u00f5be, p\u00e4rlmutter, roodium vermeil.","breadcrumb":{"@id":"https:\/\/tallinndesignhouse.com\/toode\/korvarongad-night-pearl-loop-roodium\/#breadcrumb"},"inLanguage":"en-US","potentialAction":[{"@type":"ReadAction","target":["https:\/\/tallinndesignhouse.com\/toode\/korvarongad-night-pearl-loop-roodium\/"]}]},{"@type":"ImageObject","inLanguage":"en-US","@id":"https:\/\/tallinndesignhouse.com\/toode\/korvarongad-night-pearl-loop-roodium\/#primaryimage","url":"https:\/\/tallinndesignhouse.com\/wp-content\/uploads\/2024\/07\/NRTN-korvarongad-Night-Pearl-Loop-roodium2.png","contentUrl":"https:\/\/tallinndesignhouse.com\/wp-content\/uploads\/2024\/07\/NRTN-korvarongad-Night-Pearl-Loop-roodium2.png","width":1080,"height":1350,"caption":"NRTN-ko\u0303rvaro\u0303ngad-Night-Pearl-Loop-roodium2"},{"@type":"BreadcrumbList","@id":"https:\/\/tallinndesignhouse.com\/toode\/korvarongad-night-pearl-loop-roodium\/#breadcrumb","itemListElement":[{"@type":"ListItem","position":1,"name":"Home","item":"https:\/\/tallinndesignhouse.com\/en\/"},{"@type":"ListItem","position":2,"name":"Shop","item":"https:\/\/tallinndesignhouse.com\/en\/shop\/"},{"@type":"ListItem","position":3,"name":"Earrings Night Pearl Loop Rhodium"}]},{"@type":"WebSite","@id":"https:\/\/tallinndesignhouse.com\/#website","url":"https:\/\/tallinndesignhouse.com\/","name":"Tallinn Design House","description":"Eesti disain Rotermanni kvartalis","potentialAction":[{"@type":"SearchAction","target":{"@type":"EntryPoint","urlTemplate":"https:\/\/tallinndesignhouse.com\/?s={search_term_string}"},"query-input":{"@type":"PropertyValueSpecification","valueRequired":true,"valueName":"search_term_string"}}],"inLanguage":"en-US"}]}},"_links":{"self":[{"href":"https:\/\/tallinndesignhouse.com\/en\/wp-json\/wp\/v2\/product\/3354123","targetHints":{"allow":["GET"]}}],"collection":[{"href":"https:\/\/tallinndesignhouse.com\/en\/wp-json\/wp\/v2\/product"}],"about":[{"href":"https:\/\/tallinndesignhouse.com\/en\/wp-json\/wp\/v2\/types\/product"}],"wp:featuredmedia":[{"embeddable":true,"href":"https:\/\/tallinndesignhouse.com\/en\/wp-json\/wp\/v2\/media\/3358902"}],"wp:attachment":[{"href":"https:\/\/tallinndesignhouse.com\/en\/wp-json\/wp\/v2\/media?parent=3354123"}],"wp:term":[{"taxonomy":"product_brand","embeddable":true,"href":"https:\/\/tallinndesignhouse.com\/en\/wp-json\/wp\/v2\/product_brand?post=3354123"},{"taxonomy":"product_cat","embeddable":true,"href":"https:\/\/tallinndesignhouse.com\/en\/wp-json\/wp\/v2\/product_cat?post=3354123"},{"taxonomy":"product_tag","embeddable":true,"href":"https:\/\/tallinndesignhouse.com\/en\/wp-json\/wp\/v2\/product_tag?post=3354123"}],"curies":[{"name":"wp","href":"https:\/\/api.w.org\/{rel}","templated":true}]}}