{"id":3354386,"date":"2024-08-15T19:50:10","date_gmt":"2024-08-15T16:50:10","guid":{"rendered":"https:\/\/tallinndesignhouse.com\/toode\/kardigan-kap-mann\/"},"modified":"2026-04-12T00:59:30","modified_gmt":"2026-04-11T21:59:30","slug":"kardigan-kap-mann","status":"publish","type":"product","link":"https:\/\/tallinndesignhouse.com\/en\/toode\/kardigan-kap-mann\/","title":{"rendered":"Cardigan Kap Mann"},"content":{"rendered":"<p>Women\u2019s cardigan with hood has pockets and a long zipper in the front by Mithio. The cardigan is from pure wool and pleasantly soft. Even rows of cable motifs run across the entire sweater. Composition: 100% Superfine Lambswool.<\/p>\n","protected":false},"excerpt":{"rendered":"<p>Women\u2019s cardigan with hood has pockets and a long zipper in the front by Mithio. The cardigan is from pure wool and pleasantly soft. Even rows of cable motifs run across the entire sweater. Composition: 100% Superfine Lambswool.<\/p>\n","protected":false},"featured_media":3354369,"template":"","meta":{"_acf_changed":false},"product_brand":[],"product_cat":[2078,2837,3552,3718],"product_tag":[2819,2821],"class_list":{"0":"post-3354386","1":"product","2":"type-product","3":"status-publish","4":"has-post-thumbnail","6":"product_cat-knitwear","7":"product_cat-clothes","8":"product_cat-natural-materials-en","9":"product_cat-winter-style","10":"product_tag-women","11":"product_tag-men","12":"pa_brand-mithio","13":"pa_brand-mithio-en","14":"pa_mudel-kap-mann","15":"pa_mudel-kap-mann-en","16":"pa_suurus-l","17":"pa_suurus-l-en","18":"pa_suurus-m","19":"pa_suurus-m-en","20":"pa_suurus-s-en","21":"pa_suurus-s","22":"pa_suurus-xl","23":"pa_suurus-xl-en","24":"pa_suurus-xxl","25":"pa_suurus-xxl-en","26":"pa_varv-blue-en","27":"pa_varv-helebeez","28":"pa_varv-light-beige-en","29":"pa_varv-sinine","30":"pa_varv-valge","31":"pa_varv-white-en-en","33":"first","34":"instock","35":"taxable","36":"shipping-taxable","37":"purchasable","38":"product-type-variable"},"acf":[],"yoast_head":"<!-- This site is optimized with the Yoast SEO plugin v26.0 - https:\/\/yoast.com\/wordpress\/plugins\/seo\/ -->\n<title>Mithio Cardigan Kap Mann - Tallinn Design House<\/title>\n<meta name=\"description\" content=\"Kardigan Kap Mann. Kampsun on t\u00e4isvillane ja m\u00f5nusalt pehme.\u00dchtlased palmikute read jooksevad \u00fcle terve kampsuni. Koostis: 100 % k\u00f5rgekvaliteetne lambavill.\" \/>\n<meta name=\"robots\" content=\"index, follow, max-snippet:-1, max-image-preview:large, max-video-preview:-1\" \/>\n<link rel=\"canonical\" href=\"https:\/\/tallinndesignhouse.com\/toode\/kardigan-kap-mann\/\" \/>\n<meta property=\"og:locale\" content=\"en_US\" \/>\n<meta property=\"og:type\" content=\"article\" \/>\n<meta property=\"og:title\" content=\"Mithio Cardigan Kap Mann - Tallinn Design House\" \/>\n<meta property=\"og:description\" content=\"Kardigan Kap Mann. Kampsun on t\u00e4isvillane ja m\u00f5nusalt pehme.\u00dchtlased palmikute read jooksevad \u00fcle terve kampsuni. Koostis: 100 % k\u00f5rgekvaliteetne lambavill.\" \/>\n<meta property=\"og:url\" content=\"https:\/\/tallinndesignhouse.com\/toode\/kardigan-kap-mann\/\" \/>\n<meta property=\"og:site_name\" content=\"Tallinn Design House\" \/>\n<meta property=\"article:modified_time\" content=\"2026-04-11T21:59:30+00:00\" \/>\n<meta property=\"og:image\" content=\"https:\/\/tallinndesignhouse.com\/wp-content\/uploads\/2024\/08\/Mithio-kardigan-Kap-Mann-helebeez-2.jpg\" \/>\n\t<meta property=\"og:image:width\" content=\"1080\" \/>\n\t<meta property=\"og:image:height\" content=\"1350\" \/>\n\t<meta property=\"og:image:type\" content=\"image\/jpeg\" \/>\n<meta name=\"twitter:card\" content=\"summary_large_image\" \/>\n<meta name=\"twitter:label1\" content=\"Est. reading time\" \/>\n\t<meta name=\"twitter:data1\" content=\"1 minute\" \/>\n<script type=\"application\/ld+json\" class=\"yoast-schema-graph\">{\"@context\":\"https:\/\/schema.org\",\"@graph\":[{\"@type\":\"WebPage\",\"@id\":\"https:\/\/tallinndesignhouse.com\/toode\/kardigan-kap-mann\/\",\"url\":\"https:\/\/tallinndesignhouse.com\/toode\/kardigan-kap-mann\/\",\"name\":\"Mithio Cardigan Kap Mann - Tallinn Design House\",\"isPartOf\":{\"@id\":\"https:\/\/tallinndesignhouse.com\/#website\"},\"primaryImageOfPage\":{\"@id\":\"https:\/\/tallinndesignhouse.com\/toode\/kardigan-kap-mann\/#primaryimage\"},\"image\":{\"@id\":\"https:\/\/tallinndesignhouse.com\/toode\/kardigan-kap-mann\/#primaryimage\"},\"thumbnailUrl\":\"https:\/\/tallinndesignhouse.com\/wp-content\/uploads\/2024\/08\/Mithio-kardigan-Kap-Mann-helebeez-2.jpg\",\"datePublished\":\"2024-08-15T16:50:10+00:00\",\"dateModified\":\"2026-04-11T21:59:30+00:00\",\"description\":\"Kardigan Kap Mann. Kampsun on t\u00e4isvillane ja m\u00f5nusalt pehme.\u00dchtlased palmikute read jooksevad \u00fcle terve kampsuni. Koostis: 100 % k\u00f5rgekvaliteetne lambavill.\",\"breadcrumb\":{\"@id\":\"https:\/\/tallinndesignhouse.com\/toode\/kardigan-kap-mann\/#breadcrumb\"},\"inLanguage\":\"en-US\",\"potentialAction\":[{\"@type\":\"ReadAction\",\"target\":[\"https:\/\/tallinndesignhouse.com\/toode\/kardigan-kap-mann\/\"]}]},{\"@type\":\"ImageObject\",\"inLanguage\":\"en-US\",\"@id\":\"https:\/\/tallinndesignhouse.com\/toode\/kardigan-kap-mann\/#primaryimage\",\"url\":\"https:\/\/tallinndesignhouse.com\/wp-content\/uploads\/2024\/08\/Mithio-kardigan-Kap-Mann-helebeez-2.jpg\",\"contentUrl\":\"https:\/\/tallinndesignhouse.com\/wp-content\/uploads\/2024\/08\/Mithio-kardigan-Kap-Mann-helebeez-2.jpg\",\"width\":1080,\"height\":1350,\"caption\":\"Mithio kardigan Kap Mann helebeez 2\"},{\"@type\":\"BreadcrumbList\",\"@id\":\"https:\/\/tallinndesignhouse.com\/toode\/kardigan-kap-mann\/#breadcrumb\",\"itemListElement\":[{\"@type\":\"ListItem\",\"position\":1,\"name\":\"Home\",\"item\":\"https:\/\/tallinndesignhouse.com\/en\/\"},{\"@type\":\"ListItem\",\"position\":2,\"name\":\"Shop\",\"item\":\"https:\/\/tallinndesignhouse.com\/en\/shop\/\"},{\"@type\":\"ListItem\",\"position\":3,\"name\":\"Cardigan Kap Mann\"}]},{\"@type\":\"WebSite\",\"@id\":\"https:\/\/tallinndesignhouse.com\/#website\",\"url\":\"https:\/\/tallinndesignhouse.com\/\",\"name\":\"Tallinn Design House\",\"description\":\"Eesti disain Rotermanni kvartalis\",\"potentialAction\":[{\"@type\":\"SearchAction\",\"target\":{\"@type\":\"EntryPoint\",\"urlTemplate\":\"https:\/\/tallinndesignhouse.com\/?s={search_term_string}\"},\"query-input\":{\"@type\":\"PropertyValueSpecification\",\"valueRequired\":true,\"valueName\":\"search_term_string\"}}],\"inLanguage\":\"en-US\"}]}<\/script>\n<!-- \/ Yoast SEO plugin. -->","yoast_head_json":{"title":"Mithio Cardigan Kap Mann - Tallinn Design House","description":"Kardigan Kap Mann. Kampsun on t\u00e4isvillane ja m\u00f5nusalt pehme.\u00dchtlased palmikute read jooksevad \u00fcle terve kampsuni. Koostis: 100 % k\u00f5rgekvaliteetne lambavill.","robots":{"index":"index","follow":"follow","max-snippet":"max-snippet:-1","max-image-preview":"max-image-preview:large","max-video-preview":"max-video-preview:-1"},"canonical":"https:\/\/tallinndesignhouse.com\/toode\/kardigan-kap-mann\/","og_locale":"en_US","og_type":"article","og_title":"Mithio Cardigan Kap Mann - Tallinn Design House","og_description":"Kardigan Kap Mann. Kampsun on t\u00e4isvillane ja m\u00f5nusalt pehme.\u00dchtlased palmikute read jooksevad \u00fcle terve kampsuni. Koostis: 100 % k\u00f5rgekvaliteetne lambavill.","og_url":"https:\/\/tallinndesignhouse.com\/toode\/kardigan-kap-mann\/","og_site_name":"Tallinn Design House","article_modified_time":"2026-04-11T21:59:30+00:00","og_image":[{"width":1080,"height":1350,"url":"https:\/\/tallinndesignhouse.com\/wp-content\/uploads\/2024\/08\/Mithio-kardigan-Kap-Mann-helebeez-2.jpg","type":"image\/jpeg"}],"twitter_card":"summary_large_image","twitter_misc":{"Est. reading time":"1 minute"},"schema":{"@context":"https:\/\/schema.org","@graph":[{"@type":"WebPage","@id":"https:\/\/tallinndesignhouse.com\/toode\/kardigan-kap-mann\/","url":"https:\/\/tallinndesignhouse.com\/toode\/kardigan-kap-mann\/","name":"Mithio Cardigan Kap Mann - Tallinn Design House","isPartOf":{"@id":"https:\/\/tallinndesignhouse.com\/#website"},"primaryImageOfPage":{"@id":"https:\/\/tallinndesignhouse.com\/toode\/kardigan-kap-mann\/#primaryimage"},"image":{"@id":"https:\/\/tallinndesignhouse.com\/toode\/kardigan-kap-mann\/#primaryimage"},"thumbnailUrl":"https:\/\/tallinndesignhouse.com\/wp-content\/uploads\/2024\/08\/Mithio-kardigan-Kap-Mann-helebeez-2.jpg","datePublished":"2024-08-15T16:50:10+00:00","dateModified":"2026-04-11T21:59:30+00:00","description":"Kardigan Kap Mann. Kampsun on t\u00e4isvillane ja m\u00f5nusalt pehme.\u00dchtlased palmikute read jooksevad \u00fcle terve kampsuni. Koostis: 100 % k\u00f5rgekvaliteetne lambavill.","breadcrumb":{"@id":"https:\/\/tallinndesignhouse.com\/toode\/kardigan-kap-mann\/#breadcrumb"},"inLanguage":"en-US","potentialAction":[{"@type":"ReadAction","target":["https:\/\/tallinndesignhouse.com\/toode\/kardigan-kap-mann\/"]}]},{"@type":"ImageObject","inLanguage":"en-US","@id":"https:\/\/tallinndesignhouse.com\/toode\/kardigan-kap-mann\/#primaryimage","url":"https:\/\/tallinndesignhouse.com\/wp-content\/uploads\/2024\/08\/Mithio-kardigan-Kap-Mann-helebeez-2.jpg","contentUrl":"https:\/\/tallinndesignhouse.com\/wp-content\/uploads\/2024\/08\/Mithio-kardigan-Kap-Mann-helebeez-2.jpg","width":1080,"height":1350,"caption":"Mithio kardigan Kap Mann helebeez 2"},{"@type":"BreadcrumbList","@id":"https:\/\/tallinndesignhouse.com\/toode\/kardigan-kap-mann\/#breadcrumb","itemListElement":[{"@type":"ListItem","position":1,"name":"Home","item":"https:\/\/tallinndesignhouse.com\/en\/"},{"@type":"ListItem","position":2,"name":"Shop","item":"https:\/\/tallinndesignhouse.com\/en\/shop\/"},{"@type":"ListItem","position":3,"name":"Cardigan Kap Mann"}]},{"@type":"WebSite","@id":"https:\/\/tallinndesignhouse.com\/#website","url":"https:\/\/tallinndesignhouse.com\/","name":"Tallinn Design House","description":"Eesti disain Rotermanni kvartalis","potentialAction":[{"@type":"SearchAction","target":{"@type":"EntryPoint","urlTemplate":"https:\/\/tallinndesignhouse.com\/?s={search_term_string}"},"query-input":{"@type":"PropertyValueSpecification","valueRequired":true,"valueName":"search_term_string"}}],"inLanguage":"en-US"}]}},"_links":{"self":[{"href":"https:\/\/tallinndesignhouse.com\/en\/wp-json\/wp\/v2\/product\/3354386","targetHints":{"allow":["GET"]}}],"collection":[{"href":"https:\/\/tallinndesignhouse.com\/en\/wp-json\/wp\/v2\/product"}],"about":[{"href":"https:\/\/tallinndesignhouse.com\/en\/wp-json\/wp\/v2\/types\/product"}],"wp:featuredmedia":[{"embeddable":true,"href":"https:\/\/tallinndesignhouse.com\/en\/wp-json\/wp\/v2\/media\/3354369"}],"wp:attachment":[{"href":"https:\/\/tallinndesignhouse.com\/en\/wp-json\/wp\/v2\/media?parent=3354386"}],"wp:term":[{"taxonomy":"product_brand","embeddable":true,"href":"https:\/\/tallinndesignhouse.com\/en\/wp-json\/wp\/v2\/product_brand?post=3354386"},{"taxonomy":"product_cat","embeddable":true,"href":"https:\/\/tallinndesignhouse.com\/en\/wp-json\/wp\/v2\/product_cat?post=3354386"},{"taxonomy":"product_tag","embeddable":true,"href":"https:\/\/tallinndesignhouse.com\/en\/wp-json\/wp\/v2\/product_tag?post=3354386"}],"curies":[{"name":"wp","href":"https:\/\/api.w.org\/{rel}","templated":true}]}}