{"id":3358525,"date":"2024-09-03T15:20:07","date_gmt":"2024-09-03T12:20:07","guid":{"rendered":"https:\/\/tallinndesignhouse.com\/toode\/jakk-powder-waves-bomber\/"},"modified":"2026-05-14T00:56:47","modified_gmt":"2026-05-13T21:56:47","slug":"jakk-powder-waves-bomber","status":"publish","type":"product","link":"https:\/\/tallinndesignhouse.com\/en\/toode\/jakk-powder-waves-bomber\/","title":{"rendered":"Jacket Powder Waves Bomber"},"content":{"rendered":"<p>Warm and soft hand-knitted bomber by Helena Tikunova. Loose fit, oversized. Dropped shoulders. Original WAVES design. I always strive to create something stylish, unique, and recognisable &#8211; that is how the WAVES collection was created. This is my vision of an oversized cardigan, which suits every woman regardless of age and body type. Due to my technique and professional accuracy WAVES knitwear won\u00b4t lose its shape or stretch out.\u00a0 Every knit is unique and hand-knitted by one designer. Composition: mohair, alpaka, merino. Care instruction: give your knitwear the care it deserves to stay cozy and beautiful. Use a clothes steamer to refresh the fibers. If needed, machine wash at max 30\u00b0C\/ 600 spins under the wool wash program. Do not hang the cardigan while it\u00b4s wet. Do not bleach, dry clean, twist, or wring. This knitwear should be handled with care, as objects like ring, handbag, bracelet, etc may damage it.<\/p>\n","protected":false},"excerpt":{"rendered":"<p>Warm and soft hand-knitted bomber by Helena Tikunova. Loose fit, oversized. Dropped shoulders. Original WAVES design. I always strive to create something stylish, unique, and recognisable &#8211; that is how the WAVES collection was created. This is my vision of an oversized cardigan, which suits every woman regardless of age and body type. Due to [&hellip;]<\/p>\n","protected":false},"featured_media":3358528,"template":"","meta":{"_acf_changed":false},"product_brand":[],"product_cat":[878,887,3717],"product_tag":[2819],"class_list":{"0":"post-3358525","1":"product","2":"type-product","3":"status-publish","4":"has-post-thumbnail","6":"product_cat-kudumid","7":"product_cat-roivad","8":"product_cat-kevadised-tooted","9":"product_tag-women","10":"pa_brand-helena-waves-en","12":"pa_suurus-m-l-en","15":"first","16":"instock","17":"taxable","18":"shipping-taxable","19":"purchasable","20":"product-type-variable"},"acf":[],"yoast_head":"<!-- This site is optimized with the Yoast SEO plugin v26.0 - https:\/\/yoast.com\/wordpress\/plugins\/seo\/ -->\n<title>Jacket Powder Waves Bomber - Tallinn Design House<\/title>\n<meta name=\"description\" content=\"Helena Tikunova jakk Powder Waves Bomber. \u00c4\u00e4rmiselt soe ja pehme siidi, moh\u00e4\u00e4ri ja meriinovilla segust k\u00e4sitsi kootud bomber jakk.\" \/>\n<meta name=\"robots\" content=\"index, follow, max-snippet:-1, max-image-preview:large, max-video-preview:-1\" \/>\n<link rel=\"canonical\" href=\"https:\/\/tallinndesignhouse.com\/toode\/jakk-powder-waves-bomber\/\" \/>\n<meta property=\"og:locale\" content=\"en_US\" \/>\n<meta property=\"og:type\" content=\"article\" \/>\n<meta property=\"og:title\" content=\"Jacket Powder Waves Bomber - Tallinn Design House\" \/>\n<meta property=\"og:description\" content=\"Helena Tikunova jakk Powder Waves Bomber. \u00c4\u00e4rmiselt soe ja pehme siidi, moh\u00e4\u00e4ri ja meriinovilla segust k\u00e4sitsi kootud bomber jakk.\" \/>\n<meta property=\"og:url\" content=\"https:\/\/tallinndesignhouse.com\/toode\/jakk-powder-waves-bomber\/\" \/>\n<meta property=\"og:site_name\" content=\"Tallinn Design House\" \/>\n<meta property=\"article:modified_time\" content=\"2026-05-13T21:56:47+00:00\" \/>\n<meta property=\"og:image\" content=\"https:\/\/tallinndesignhouse.com\/wp-content\/uploads\/2024\/09\/Helena-Tikunova-jakk-Powder-Waves-Bomber.jpg\" \/>\n\t<meta property=\"og:image:width\" content=\"1080\" \/>\n\t<meta property=\"og:image:height\" content=\"1350\" \/>\n\t<meta property=\"og:image:type\" content=\"image\/jpeg\" \/>\n<meta name=\"twitter:card\" content=\"summary_large_image\" \/>\n<meta name=\"twitter:label1\" content=\"Est. reading time\" \/>\n\t<meta name=\"twitter:data1\" content=\"1 minute\" \/>\n<script type=\"application\/ld+json\" class=\"yoast-schema-graph\">{\"@context\":\"https:\/\/schema.org\",\"@graph\":[{\"@type\":\"WebPage\",\"@id\":\"https:\/\/tallinndesignhouse.com\/toode\/jakk-powder-waves-bomber\/\",\"url\":\"https:\/\/tallinndesignhouse.com\/toode\/jakk-powder-waves-bomber\/\",\"name\":\"Jacket Powder Waves Bomber - Tallinn Design House\",\"isPartOf\":{\"@id\":\"https:\/\/tallinndesignhouse.com\/#website\"},\"primaryImageOfPage\":{\"@id\":\"https:\/\/tallinndesignhouse.com\/toode\/jakk-powder-waves-bomber\/#primaryimage\"},\"image\":{\"@id\":\"https:\/\/tallinndesignhouse.com\/toode\/jakk-powder-waves-bomber\/#primaryimage\"},\"thumbnailUrl\":\"https:\/\/tallinndesignhouse.com\/wp-content\/uploads\/2024\/09\/Helena-Tikunova-jakk-Powder-Waves-Bomber.jpg\",\"datePublished\":\"2024-09-03T12:20:07+00:00\",\"dateModified\":\"2026-05-13T21:56:47+00:00\",\"description\":\"Helena Tikunova jakk Powder Waves Bomber. \u00c4\u00e4rmiselt soe ja pehme siidi, moh\u00e4\u00e4ri ja meriinovilla segust k\u00e4sitsi kootud bomber jakk.\",\"breadcrumb\":{\"@id\":\"https:\/\/tallinndesignhouse.com\/toode\/jakk-powder-waves-bomber\/#breadcrumb\"},\"inLanguage\":\"en-US\",\"potentialAction\":[{\"@type\":\"ReadAction\",\"target\":[\"https:\/\/tallinndesignhouse.com\/toode\/jakk-powder-waves-bomber\/\"]}]},{\"@type\":\"ImageObject\",\"inLanguage\":\"en-US\",\"@id\":\"https:\/\/tallinndesignhouse.com\/toode\/jakk-powder-waves-bomber\/#primaryimage\",\"url\":\"https:\/\/tallinndesignhouse.com\/wp-content\/uploads\/2024\/09\/Helena-Tikunova-jakk-Powder-Waves-Bomber.jpg\",\"contentUrl\":\"https:\/\/tallinndesignhouse.com\/wp-content\/uploads\/2024\/09\/Helena-Tikunova-jakk-Powder-Waves-Bomber.jpg\",\"width\":1080,\"height\":1350,\"caption\":\"Helena Tikunova jakk Powder Waves Bomber\"},{\"@type\":\"BreadcrumbList\",\"@id\":\"https:\/\/tallinndesignhouse.com\/toode\/jakk-powder-waves-bomber\/#breadcrumb\",\"itemListElement\":[{\"@type\":\"ListItem\",\"position\":1,\"name\":\"Home\",\"item\":\"https:\/\/tallinndesignhouse.com\/en\/\"},{\"@type\":\"ListItem\",\"position\":2,\"name\":\"Shop\",\"item\":\"https:\/\/tallinndesignhouse.com\/en\/shop\/\"},{\"@type\":\"ListItem\",\"position\":3,\"name\":\"Jacket Powder Waves Bomber\"}]},{\"@type\":\"WebSite\",\"@id\":\"https:\/\/tallinndesignhouse.com\/#website\",\"url\":\"https:\/\/tallinndesignhouse.com\/\",\"name\":\"Tallinn Design House\",\"description\":\"Eesti disain Rotermanni kvartalis\",\"potentialAction\":[{\"@type\":\"SearchAction\",\"target\":{\"@type\":\"EntryPoint\",\"urlTemplate\":\"https:\/\/tallinndesignhouse.com\/?s={search_term_string}\"},\"query-input\":{\"@type\":\"PropertyValueSpecification\",\"valueRequired\":true,\"valueName\":\"search_term_string\"}}],\"inLanguage\":\"en-US\"}]}<\/script>\n<!-- \/ Yoast SEO plugin. -->","yoast_head_json":{"title":"Jacket Powder Waves Bomber - Tallinn Design House","description":"Helena Tikunova jakk Powder Waves Bomber. \u00c4\u00e4rmiselt soe ja pehme siidi, moh\u00e4\u00e4ri ja meriinovilla segust k\u00e4sitsi kootud bomber jakk.","robots":{"index":"index","follow":"follow","max-snippet":"max-snippet:-1","max-image-preview":"max-image-preview:large","max-video-preview":"max-video-preview:-1"},"canonical":"https:\/\/tallinndesignhouse.com\/toode\/jakk-powder-waves-bomber\/","og_locale":"en_US","og_type":"article","og_title":"Jacket Powder Waves Bomber - Tallinn Design House","og_description":"Helena Tikunova jakk Powder Waves Bomber. \u00c4\u00e4rmiselt soe ja pehme siidi, moh\u00e4\u00e4ri ja meriinovilla segust k\u00e4sitsi kootud bomber jakk.","og_url":"https:\/\/tallinndesignhouse.com\/toode\/jakk-powder-waves-bomber\/","og_site_name":"Tallinn Design House","article_modified_time":"2026-05-13T21:56:47+00:00","og_image":[{"width":1080,"height":1350,"url":"https:\/\/tallinndesignhouse.com\/wp-content\/uploads\/2024\/09\/Helena-Tikunova-jakk-Powder-Waves-Bomber.jpg","type":"image\/jpeg"}],"twitter_card":"summary_large_image","twitter_misc":{"Est. reading time":"1 minute"},"schema":{"@context":"https:\/\/schema.org","@graph":[{"@type":"WebPage","@id":"https:\/\/tallinndesignhouse.com\/toode\/jakk-powder-waves-bomber\/","url":"https:\/\/tallinndesignhouse.com\/toode\/jakk-powder-waves-bomber\/","name":"Jacket Powder Waves Bomber - Tallinn Design House","isPartOf":{"@id":"https:\/\/tallinndesignhouse.com\/#website"},"primaryImageOfPage":{"@id":"https:\/\/tallinndesignhouse.com\/toode\/jakk-powder-waves-bomber\/#primaryimage"},"image":{"@id":"https:\/\/tallinndesignhouse.com\/toode\/jakk-powder-waves-bomber\/#primaryimage"},"thumbnailUrl":"https:\/\/tallinndesignhouse.com\/wp-content\/uploads\/2024\/09\/Helena-Tikunova-jakk-Powder-Waves-Bomber.jpg","datePublished":"2024-09-03T12:20:07+00:00","dateModified":"2026-05-13T21:56:47+00:00","description":"Helena Tikunova jakk Powder Waves Bomber. \u00c4\u00e4rmiselt soe ja pehme siidi, moh\u00e4\u00e4ri ja meriinovilla segust k\u00e4sitsi kootud bomber jakk.","breadcrumb":{"@id":"https:\/\/tallinndesignhouse.com\/toode\/jakk-powder-waves-bomber\/#breadcrumb"},"inLanguage":"en-US","potentialAction":[{"@type":"ReadAction","target":["https:\/\/tallinndesignhouse.com\/toode\/jakk-powder-waves-bomber\/"]}]},{"@type":"ImageObject","inLanguage":"en-US","@id":"https:\/\/tallinndesignhouse.com\/toode\/jakk-powder-waves-bomber\/#primaryimage","url":"https:\/\/tallinndesignhouse.com\/wp-content\/uploads\/2024\/09\/Helena-Tikunova-jakk-Powder-Waves-Bomber.jpg","contentUrl":"https:\/\/tallinndesignhouse.com\/wp-content\/uploads\/2024\/09\/Helena-Tikunova-jakk-Powder-Waves-Bomber.jpg","width":1080,"height":1350,"caption":"Helena Tikunova jakk Powder Waves Bomber"},{"@type":"BreadcrumbList","@id":"https:\/\/tallinndesignhouse.com\/toode\/jakk-powder-waves-bomber\/#breadcrumb","itemListElement":[{"@type":"ListItem","position":1,"name":"Home","item":"https:\/\/tallinndesignhouse.com\/en\/"},{"@type":"ListItem","position":2,"name":"Shop","item":"https:\/\/tallinndesignhouse.com\/en\/shop\/"},{"@type":"ListItem","position":3,"name":"Jacket Powder Waves Bomber"}]},{"@type":"WebSite","@id":"https:\/\/tallinndesignhouse.com\/#website","url":"https:\/\/tallinndesignhouse.com\/","name":"Tallinn Design House","description":"Eesti disain Rotermanni kvartalis","potentialAction":[{"@type":"SearchAction","target":{"@type":"EntryPoint","urlTemplate":"https:\/\/tallinndesignhouse.com\/?s={search_term_string}"},"query-input":{"@type":"PropertyValueSpecification","valueRequired":true,"valueName":"search_term_string"}}],"inLanguage":"en-US"}]}},"_links":{"self":[{"href":"https:\/\/tallinndesignhouse.com\/en\/wp-json\/wp\/v2\/product\/3358525","targetHints":{"allow":["GET"]}}],"collection":[{"href":"https:\/\/tallinndesignhouse.com\/en\/wp-json\/wp\/v2\/product"}],"about":[{"href":"https:\/\/tallinndesignhouse.com\/en\/wp-json\/wp\/v2\/types\/product"}],"wp:featuredmedia":[{"embeddable":true,"href":"https:\/\/tallinndesignhouse.com\/en\/wp-json\/wp\/v2\/media\/3358528"}],"wp:attachment":[{"href":"https:\/\/tallinndesignhouse.com\/en\/wp-json\/wp\/v2\/media?parent=3358525"}],"wp:term":[{"taxonomy":"product_brand","embeddable":true,"href":"https:\/\/tallinndesignhouse.com\/en\/wp-json\/wp\/v2\/product_brand?post=3358525"},{"taxonomy":"product_cat","embeddable":true,"href":"https:\/\/tallinndesignhouse.com\/en\/wp-json\/wp\/v2\/product_cat?post=3358525"},{"taxonomy":"product_tag","embeddable":true,"href":"https:\/\/tallinndesignhouse.com\/en\/wp-json\/wp\/v2\/product_tag?post=3358525"}],"curies":[{"name":"wp","href":"https:\/\/api.w.org\/{rel}","templated":true}]}}