{"id":3358812,"date":"2024-09-06T20:50:24","date_gmt":"2024-09-06T17:50:24","guid":{"rendered":"https:\/\/tallinndesignhouse.com\/toode\/naiste-puuvillased-dressipuksid-tumepunane\/"},"modified":"2026-04-17T00:58:55","modified_gmt":"2026-04-16T21:58:55","slug":"naiste-puuvillased-dressipuksid-tumepunane","status":"publish","type":"product","link":"https:\/\/tallinndesignhouse.com\/en\/toode\/naiste-puuvillased-dressipuksid-tumepunane\/","title":{"rendered":"Womens cotton sweatpants dark red"},"content":{"rendered":"<p>Dark red organic cotton sweatpants by Marat. Carbon-treated fabric, as a result of which the trousers are velvety soft on top and the color is effective. Inside, washed cotton makes the pants comfortable. Black flock printed logo on the front and two pockets on the sides.<\/p>\n","protected":false},"excerpt":{"rendered":"<p>Dark red organic cotton sweatpants by Marat. Carbon-treated fabric, as a result of which the trousers are velvety soft on top and the color is effective. Inside, washed cotton makes the pants comfortable. Black flock printed logo on the front and two pockets on the sides.<\/p>\n","protected":false},"featured_media":3358791,"template":"","meta":{"_acf_changed":false},"product_brand":[],"product_cat":[885,887],"product_tag":[2819],"class_list":{"0":"post-3358812","1":"product","2":"type-product","3":"status-publish","4":"has-post-thumbnail","6":"product_cat-puksid","7":"product_cat-roivad","8":"product_tag-women","9":"pa_brand-marat-en","11":"pa_suurus-xxl-en","12":"pa_suurus-l-en","13":"pa_suurus-m-en","14":"pa_suurus-s-en","15":"pa_suurus-xl-en","22":"first","23":"instock","24":"taxable","25":"shipping-taxable","26":"purchasable","27":"product-type-variable"},"acf":[],"yoast_head":"<!-- This site is optimized with the Yoast SEO plugin v26.0 - https:\/\/yoast.com\/wordpress\/plugins\/seo\/ -->\n<title>Marat Womens cotton sweatpants dark red - Tallinn Design House<\/title>\n<meta name=\"description\" content=\"Marat naiste puuvillased dressip\u00fcksid tumepunane. Esiosas must flock tr\u00fckiga logo ja k\u00fclgedel kaks taskut.\" \/>\n<meta name=\"robots\" content=\"index, follow, max-snippet:-1, max-image-preview:large, max-video-preview:-1\" \/>\n<link rel=\"canonical\" href=\"https:\/\/tallinndesignhouse.com\/toode\/naiste-puuvillased-dressipuksid-tumepunane\/\" \/>\n<meta property=\"og:locale\" content=\"en_US\" \/>\n<meta property=\"og:type\" content=\"article\" \/>\n<meta property=\"og:title\" content=\"Marat Womens cotton sweatpants dark red - Tallinn Design House\" \/>\n<meta property=\"og:description\" content=\"Marat naiste puuvillased dressip\u00fcksid tumepunane. Esiosas must flock tr\u00fckiga logo ja k\u00fclgedel kaks taskut.\" \/>\n<meta property=\"og:url\" content=\"https:\/\/tallinndesignhouse.com\/toode\/naiste-puuvillased-dressipuksid-tumepunane\/\" \/>\n<meta property=\"og:site_name\" content=\"Tallinn Design House\" \/>\n<meta property=\"article:modified_time\" content=\"2026-04-16T21:58:55+00:00\" \/>\n<meta property=\"og:image\" content=\"https:\/\/tallinndesignhouse.com\/wp-content\/uploads\/2024\/09\/Marat-naiste-puuvillased-dressipuksid-tumepunane.jpg\" \/>\n\t<meta property=\"og:image:width\" content=\"1080\" \/>\n\t<meta property=\"og:image:height\" content=\"1350\" \/>\n\t<meta property=\"og:image:type\" content=\"image\/jpeg\" \/>\n<meta name=\"twitter:card\" content=\"summary_large_image\" \/>\n<script type=\"application\/ld+json\" class=\"yoast-schema-graph\">{\"@context\":\"https:\/\/schema.org\",\"@graph\":[{\"@type\":\"WebPage\",\"@id\":\"https:\/\/tallinndesignhouse.com\/toode\/naiste-puuvillased-dressipuksid-tumepunane\/\",\"url\":\"https:\/\/tallinndesignhouse.com\/toode\/naiste-puuvillased-dressipuksid-tumepunane\/\",\"name\":\"Marat Womens cotton sweatpants dark red - Tallinn Design House\",\"isPartOf\":{\"@id\":\"https:\/\/tallinndesignhouse.com\/#website\"},\"primaryImageOfPage\":{\"@id\":\"https:\/\/tallinndesignhouse.com\/toode\/naiste-puuvillased-dressipuksid-tumepunane\/#primaryimage\"},\"image\":{\"@id\":\"https:\/\/tallinndesignhouse.com\/toode\/naiste-puuvillased-dressipuksid-tumepunane\/#primaryimage\"},\"thumbnailUrl\":\"https:\/\/tallinndesignhouse.com\/wp-content\/uploads\/2024\/09\/Marat-naiste-puuvillased-dressipuksid-tumepunane.jpg\",\"datePublished\":\"2024-09-06T17:50:24+00:00\",\"dateModified\":\"2026-04-16T21:58:55+00:00\",\"description\":\"Marat naiste puuvillased dressip\u00fcksid tumepunane. Esiosas must flock tr\u00fckiga logo ja k\u00fclgedel kaks taskut.\",\"breadcrumb\":{\"@id\":\"https:\/\/tallinndesignhouse.com\/toode\/naiste-puuvillased-dressipuksid-tumepunane\/#breadcrumb\"},\"inLanguage\":\"en-US\",\"potentialAction\":[{\"@type\":\"ReadAction\",\"target\":[\"https:\/\/tallinndesignhouse.com\/toode\/naiste-puuvillased-dressipuksid-tumepunane\/\"]}]},{\"@type\":\"ImageObject\",\"inLanguage\":\"en-US\",\"@id\":\"https:\/\/tallinndesignhouse.com\/toode\/naiste-puuvillased-dressipuksid-tumepunane\/#primaryimage\",\"url\":\"https:\/\/tallinndesignhouse.com\/wp-content\/uploads\/2024\/09\/Marat-naiste-puuvillased-dressipuksid-tumepunane.jpg\",\"contentUrl\":\"https:\/\/tallinndesignhouse.com\/wp-content\/uploads\/2024\/09\/Marat-naiste-puuvillased-dressipuksid-tumepunane.jpg\",\"width\":1080,\"height\":1350,\"caption\":\"Marat naiste puuvillased dressipu\u0308ksid tumepunane\"},{\"@type\":\"BreadcrumbList\",\"@id\":\"https:\/\/tallinndesignhouse.com\/toode\/naiste-puuvillased-dressipuksid-tumepunane\/#breadcrumb\",\"itemListElement\":[{\"@type\":\"ListItem\",\"position\":1,\"name\":\"Home\",\"item\":\"https:\/\/tallinndesignhouse.com\/en\/\"},{\"@type\":\"ListItem\",\"position\":2,\"name\":\"Shop\",\"item\":\"https:\/\/tallinndesignhouse.com\/en\/shop\/\"},{\"@type\":\"ListItem\",\"position\":3,\"name\":\"Womens cotton sweatpants dark red\"}]},{\"@type\":\"WebSite\",\"@id\":\"https:\/\/tallinndesignhouse.com\/#website\",\"url\":\"https:\/\/tallinndesignhouse.com\/\",\"name\":\"Tallinn Design House\",\"description\":\"Eesti disain Rotermanni kvartalis\",\"potentialAction\":[{\"@type\":\"SearchAction\",\"target\":{\"@type\":\"EntryPoint\",\"urlTemplate\":\"https:\/\/tallinndesignhouse.com\/?s={search_term_string}\"},\"query-input\":{\"@type\":\"PropertyValueSpecification\",\"valueRequired\":true,\"valueName\":\"search_term_string\"}}],\"inLanguage\":\"en-US\"}]}<\/script>\n<!-- \/ Yoast SEO plugin. -->","yoast_head_json":{"title":"Marat Womens cotton sweatpants dark red - Tallinn Design House","description":"Marat naiste puuvillased dressip\u00fcksid tumepunane. Esiosas must flock tr\u00fckiga logo ja k\u00fclgedel kaks taskut.","robots":{"index":"index","follow":"follow","max-snippet":"max-snippet:-1","max-image-preview":"max-image-preview:large","max-video-preview":"max-video-preview:-1"},"canonical":"https:\/\/tallinndesignhouse.com\/toode\/naiste-puuvillased-dressipuksid-tumepunane\/","og_locale":"en_US","og_type":"article","og_title":"Marat Womens cotton sweatpants dark red - Tallinn Design House","og_description":"Marat naiste puuvillased dressip\u00fcksid tumepunane. Esiosas must flock tr\u00fckiga logo ja k\u00fclgedel kaks taskut.","og_url":"https:\/\/tallinndesignhouse.com\/toode\/naiste-puuvillased-dressipuksid-tumepunane\/","og_site_name":"Tallinn Design House","article_modified_time":"2026-04-16T21:58:55+00:00","og_image":[{"width":1080,"height":1350,"url":"https:\/\/tallinndesignhouse.com\/wp-content\/uploads\/2024\/09\/Marat-naiste-puuvillased-dressipuksid-tumepunane.jpg","type":"image\/jpeg"}],"twitter_card":"summary_large_image","schema":{"@context":"https:\/\/schema.org","@graph":[{"@type":"WebPage","@id":"https:\/\/tallinndesignhouse.com\/toode\/naiste-puuvillased-dressipuksid-tumepunane\/","url":"https:\/\/tallinndesignhouse.com\/toode\/naiste-puuvillased-dressipuksid-tumepunane\/","name":"Marat Womens cotton sweatpants dark red - Tallinn Design House","isPartOf":{"@id":"https:\/\/tallinndesignhouse.com\/#website"},"primaryImageOfPage":{"@id":"https:\/\/tallinndesignhouse.com\/toode\/naiste-puuvillased-dressipuksid-tumepunane\/#primaryimage"},"image":{"@id":"https:\/\/tallinndesignhouse.com\/toode\/naiste-puuvillased-dressipuksid-tumepunane\/#primaryimage"},"thumbnailUrl":"https:\/\/tallinndesignhouse.com\/wp-content\/uploads\/2024\/09\/Marat-naiste-puuvillased-dressipuksid-tumepunane.jpg","datePublished":"2024-09-06T17:50:24+00:00","dateModified":"2026-04-16T21:58:55+00:00","description":"Marat naiste puuvillased dressip\u00fcksid tumepunane. Esiosas must flock tr\u00fckiga logo ja k\u00fclgedel kaks taskut.","breadcrumb":{"@id":"https:\/\/tallinndesignhouse.com\/toode\/naiste-puuvillased-dressipuksid-tumepunane\/#breadcrumb"},"inLanguage":"en-US","potentialAction":[{"@type":"ReadAction","target":["https:\/\/tallinndesignhouse.com\/toode\/naiste-puuvillased-dressipuksid-tumepunane\/"]}]},{"@type":"ImageObject","inLanguage":"en-US","@id":"https:\/\/tallinndesignhouse.com\/toode\/naiste-puuvillased-dressipuksid-tumepunane\/#primaryimage","url":"https:\/\/tallinndesignhouse.com\/wp-content\/uploads\/2024\/09\/Marat-naiste-puuvillased-dressipuksid-tumepunane.jpg","contentUrl":"https:\/\/tallinndesignhouse.com\/wp-content\/uploads\/2024\/09\/Marat-naiste-puuvillased-dressipuksid-tumepunane.jpg","width":1080,"height":1350,"caption":"Marat naiste puuvillased dressipu\u0308ksid tumepunane"},{"@type":"BreadcrumbList","@id":"https:\/\/tallinndesignhouse.com\/toode\/naiste-puuvillased-dressipuksid-tumepunane\/#breadcrumb","itemListElement":[{"@type":"ListItem","position":1,"name":"Home","item":"https:\/\/tallinndesignhouse.com\/en\/"},{"@type":"ListItem","position":2,"name":"Shop","item":"https:\/\/tallinndesignhouse.com\/en\/shop\/"},{"@type":"ListItem","position":3,"name":"Womens cotton sweatpants dark red"}]},{"@type":"WebSite","@id":"https:\/\/tallinndesignhouse.com\/#website","url":"https:\/\/tallinndesignhouse.com\/","name":"Tallinn Design House","description":"Eesti disain Rotermanni kvartalis","potentialAction":[{"@type":"SearchAction","target":{"@type":"EntryPoint","urlTemplate":"https:\/\/tallinndesignhouse.com\/?s={search_term_string}"},"query-input":{"@type":"PropertyValueSpecification","valueRequired":true,"valueName":"search_term_string"}}],"inLanguage":"en-US"}]}},"_links":{"self":[{"href":"https:\/\/tallinndesignhouse.com\/en\/wp-json\/wp\/v2\/product\/3358812","targetHints":{"allow":["GET"]}}],"collection":[{"href":"https:\/\/tallinndesignhouse.com\/en\/wp-json\/wp\/v2\/product"}],"about":[{"href":"https:\/\/tallinndesignhouse.com\/en\/wp-json\/wp\/v2\/types\/product"}],"wp:featuredmedia":[{"embeddable":true,"href":"https:\/\/tallinndesignhouse.com\/en\/wp-json\/wp\/v2\/media\/3358791"}],"wp:attachment":[{"href":"https:\/\/tallinndesignhouse.com\/en\/wp-json\/wp\/v2\/media?parent=3358812"}],"wp:term":[{"taxonomy":"product_brand","embeddable":true,"href":"https:\/\/tallinndesignhouse.com\/en\/wp-json\/wp\/v2\/product_brand?post=3358812"},{"taxonomy":"product_cat","embeddable":true,"href":"https:\/\/tallinndesignhouse.com\/en\/wp-json\/wp\/v2\/product_cat?post=3358812"},{"taxonomy":"product_tag","embeddable":true,"href":"https:\/\/tallinndesignhouse.com\/en\/wp-json\/wp\/v2\/product_tag?post=3358812"}],"curies":[{"name":"wp","href":"https:\/\/api.w.org\/{rel}","templated":true}]}}