{"id":3358872,"date":"2024-09-06T21:08:10","date_gmt":"2024-09-06T18:08:10","guid":{"rendered":"https:\/\/tallinndesignhouse.com\/toode\/korvarongad-serena\/"},"modified":"2026-04-13T01:00:53","modified_gmt":"2026-04-12T22:00:53","slug":"korvarongad-serena","status":"publish","type":"product","link":"https:\/\/tallinndesignhouse.com\/en\/toode\/korvarongad-serena\/","title":{"rendered":"Earrings Serena"},"content":{"rendered":"<p>Small hoopies with a fine pattern line by Myamoon. Serena earrings are light and comfortable, they are easy to wear everyday and match with stone or chain pendants on a more festive occasion. The outer size is 15 mm and the width is 3.5 mm. The jewelry made of 925 silver with rhodium or rose gold plated finishing. Pick your favorite, silver or golden!<\/p>\n","protected":false},"excerpt":{"rendered":"<p>Small hoopies with a fine pattern line by Myamoon. Serena earrings are light and comfortable, they are easy to wear everyday and match with stone or chain pendants on a more festive occasion. The outer size is 15 mm and the width is 3.5 mm. The jewelry made of 925 silver with rhodium or rose [&hellip;]<\/p>\n","protected":false},"featured_media":3358861,"template":"","meta":{"_acf_changed":false},"product_brand":[],"product_cat":[1955,3223,3718],"product_tag":[2819],"class_list":{"0":"post-3358872","1":"product","2":"type-product","3":"status-publish","4":"has-post-thumbnail","6":"product_cat-earrings","7":"product_cat-jewellery-en","8":"product_cat-winter-style","9":"product_tag-women","10":"pa_brand-myamoon","11":"pa_brand-myamoon-en","12":"pa_kingiidee-jah","13":"pa_kingiidee-yes-en","14":"pa_mudel-serena","15":"pa_mudel-serena-en","16":"pa_varv-golden-en","17":"pa_varv-hobedane","18":"pa_varv-kuldne","19":"pa_varv-silver-en","21":"first","22":"instock","23":"taxable","24":"shipping-taxable","25":"purchasable","26":"product-type-variable"},"acf":[],"yoast_head":"<!-- This site is optimized with the Yoast SEO plugin v26.0 - https:\/\/yoast.com\/wordpress\/plugins\/seo\/ -->\n<title>Myamoon Earrings Serena - Tallinn Design House<\/title>\n<meta name=\"description\" content=\"Myamoon k\u00f5rvar\u00f5ngad Serena. 925 h\u00f5bedast valmistatud ehte v\u00e4lism\u00f5\u00f5t on 15 mm ja laius 3,5 mm, valikus on roodiumiga v\u00f5i roosa kullaga kaetud viimistlus.\" \/>\n<meta name=\"robots\" content=\"index, follow, max-snippet:-1, max-image-preview:large, max-video-preview:-1\" \/>\n<link rel=\"canonical\" href=\"https:\/\/tallinndesignhouse.com\/toode\/korvarongad-serena\/\" \/>\n<meta property=\"og:locale\" content=\"en_US\" \/>\n<meta property=\"og:type\" content=\"article\" \/>\n<meta property=\"og:title\" content=\"Myamoon Earrings Serena - Tallinn Design House\" \/>\n<meta property=\"og:description\" content=\"Myamoon k\u00f5rvar\u00f5ngad Serena. 925 h\u00f5bedast valmistatud ehte v\u00e4lism\u00f5\u00f5t on 15 mm ja laius 3,5 mm, valikus on roodiumiga v\u00f5i roosa kullaga kaetud viimistlus.\" \/>\n<meta property=\"og:url\" content=\"https:\/\/tallinndesignhouse.com\/toode\/korvarongad-serena\/\" \/>\n<meta property=\"og:site_name\" content=\"Tallinn Design House\" \/>\n<meta property=\"article:modified_time\" content=\"2026-04-12T22:00:53+00:00\" \/>\n<meta property=\"og:image\" content=\"https:\/\/tallinndesignhouse.com\/wp-content\/uploads\/2024\/09\/Myamoon-korvarongad-Serena.jpg\" \/>\n\t<meta property=\"og:image:width\" content=\"1080\" \/>\n\t<meta property=\"og:image:height\" content=\"1350\" \/>\n\t<meta property=\"og:image:type\" content=\"image\/jpeg\" \/>\n<meta name=\"twitter:card\" content=\"summary_large_image\" \/>\n<meta name=\"twitter:label1\" content=\"Est. reading time\" \/>\n\t<meta name=\"twitter:data1\" content=\"1 minute\" \/>\n<script type=\"application\/ld+json\" class=\"yoast-schema-graph\">{\"@context\":\"https:\/\/schema.org\",\"@graph\":[{\"@type\":\"WebPage\",\"@id\":\"https:\/\/tallinndesignhouse.com\/toode\/korvarongad-serena\/\",\"url\":\"https:\/\/tallinndesignhouse.com\/toode\/korvarongad-serena\/\",\"name\":\"Myamoon Earrings Serena - Tallinn Design House\",\"isPartOf\":{\"@id\":\"https:\/\/tallinndesignhouse.com\/#website\"},\"primaryImageOfPage\":{\"@id\":\"https:\/\/tallinndesignhouse.com\/toode\/korvarongad-serena\/#primaryimage\"},\"image\":{\"@id\":\"https:\/\/tallinndesignhouse.com\/toode\/korvarongad-serena\/#primaryimage\"},\"thumbnailUrl\":\"https:\/\/tallinndesignhouse.com\/wp-content\/uploads\/2024\/09\/Myamoon-korvarongad-Serena.jpg\",\"datePublished\":\"2024-09-06T18:08:10+00:00\",\"dateModified\":\"2026-04-12T22:00:53+00:00\",\"description\":\"Myamoon k\u00f5rvar\u00f5ngad Serena. 925 h\u00f5bedast valmistatud ehte v\u00e4lism\u00f5\u00f5t on 15 mm ja laius 3,5 mm, valikus on roodiumiga v\u00f5i roosa kullaga kaetud viimistlus.\",\"breadcrumb\":{\"@id\":\"https:\/\/tallinndesignhouse.com\/toode\/korvarongad-serena\/#breadcrumb\"},\"inLanguage\":\"en-US\",\"potentialAction\":[{\"@type\":\"ReadAction\",\"target\":[\"https:\/\/tallinndesignhouse.com\/toode\/korvarongad-serena\/\"]}]},{\"@type\":\"ImageObject\",\"inLanguage\":\"en-US\",\"@id\":\"https:\/\/tallinndesignhouse.com\/toode\/korvarongad-serena\/#primaryimage\",\"url\":\"https:\/\/tallinndesignhouse.com\/wp-content\/uploads\/2024\/09\/Myamoon-korvarongad-Serena.jpg\",\"contentUrl\":\"https:\/\/tallinndesignhouse.com\/wp-content\/uploads\/2024\/09\/Myamoon-korvarongad-Serena.jpg\",\"width\":1080,\"height\":1350,\"caption\":\"Myamoon ko\u0303rvaro\u0303ngad Serena\"},{\"@type\":\"BreadcrumbList\",\"@id\":\"https:\/\/tallinndesignhouse.com\/toode\/korvarongad-serena\/#breadcrumb\",\"itemListElement\":[{\"@type\":\"ListItem\",\"position\":1,\"name\":\"Home\",\"item\":\"https:\/\/tallinndesignhouse.com\/en\/\"},{\"@type\":\"ListItem\",\"position\":2,\"name\":\"Shop\",\"item\":\"https:\/\/tallinndesignhouse.com\/en\/shop\/\"},{\"@type\":\"ListItem\",\"position\":3,\"name\":\"Earrings Serena\"}]},{\"@type\":\"WebSite\",\"@id\":\"https:\/\/tallinndesignhouse.com\/#website\",\"url\":\"https:\/\/tallinndesignhouse.com\/\",\"name\":\"Tallinn Design House\",\"description\":\"Eesti disain Rotermanni kvartalis\",\"potentialAction\":[{\"@type\":\"SearchAction\",\"target\":{\"@type\":\"EntryPoint\",\"urlTemplate\":\"https:\/\/tallinndesignhouse.com\/?s={search_term_string}\"},\"query-input\":{\"@type\":\"PropertyValueSpecification\",\"valueRequired\":true,\"valueName\":\"search_term_string\"}}],\"inLanguage\":\"en-US\"}]}<\/script>\n<!-- \/ Yoast SEO plugin. -->","yoast_head_json":{"title":"Myamoon Earrings Serena - Tallinn Design House","description":"Myamoon k\u00f5rvar\u00f5ngad Serena. 925 h\u00f5bedast valmistatud ehte v\u00e4lism\u00f5\u00f5t on 15 mm ja laius 3,5 mm, valikus on roodiumiga v\u00f5i roosa kullaga kaetud viimistlus.","robots":{"index":"index","follow":"follow","max-snippet":"max-snippet:-1","max-image-preview":"max-image-preview:large","max-video-preview":"max-video-preview:-1"},"canonical":"https:\/\/tallinndesignhouse.com\/toode\/korvarongad-serena\/","og_locale":"en_US","og_type":"article","og_title":"Myamoon Earrings Serena - Tallinn Design House","og_description":"Myamoon k\u00f5rvar\u00f5ngad Serena. 925 h\u00f5bedast valmistatud ehte v\u00e4lism\u00f5\u00f5t on 15 mm ja laius 3,5 mm, valikus on roodiumiga v\u00f5i roosa kullaga kaetud viimistlus.","og_url":"https:\/\/tallinndesignhouse.com\/toode\/korvarongad-serena\/","og_site_name":"Tallinn Design House","article_modified_time":"2026-04-12T22:00:53+00:00","og_image":[{"width":1080,"height":1350,"url":"https:\/\/tallinndesignhouse.com\/wp-content\/uploads\/2024\/09\/Myamoon-korvarongad-Serena.jpg","type":"image\/jpeg"}],"twitter_card":"summary_large_image","twitter_misc":{"Est. reading time":"1 minute"},"schema":{"@context":"https:\/\/schema.org","@graph":[{"@type":"WebPage","@id":"https:\/\/tallinndesignhouse.com\/toode\/korvarongad-serena\/","url":"https:\/\/tallinndesignhouse.com\/toode\/korvarongad-serena\/","name":"Myamoon Earrings Serena - Tallinn Design House","isPartOf":{"@id":"https:\/\/tallinndesignhouse.com\/#website"},"primaryImageOfPage":{"@id":"https:\/\/tallinndesignhouse.com\/toode\/korvarongad-serena\/#primaryimage"},"image":{"@id":"https:\/\/tallinndesignhouse.com\/toode\/korvarongad-serena\/#primaryimage"},"thumbnailUrl":"https:\/\/tallinndesignhouse.com\/wp-content\/uploads\/2024\/09\/Myamoon-korvarongad-Serena.jpg","datePublished":"2024-09-06T18:08:10+00:00","dateModified":"2026-04-12T22:00:53+00:00","description":"Myamoon k\u00f5rvar\u00f5ngad Serena. 925 h\u00f5bedast valmistatud ehte v\u00e4lism\u00f5\u00f5t on 15 mm ja laius 3,5 mm, valikus on roodiumiga v\u00f5i roosa kullaga kaetud viimistlus.","breadcrumb":{"@id":"https:\/\/tallinndesignhouse.com\/toode\/korvarongad-serena\/#breadcrumb"},"inLanguage":"en-US","potentialAction":[{"@type":"ReadAction","target":["https:\/\/tallinndesignhouse.com\/toode\/korvarongad-serena\/"]}]},{"@type":"ImageObject","inLanguage":"en-US","@id":"https:\/\/tallinndesignhouse.com\/toode\/korvarongad-serena\/#primaryimage","url":"https:\/\/tallinndesignhouse.com\/wp-content\/uploads\/2024\/09\/Myamoon-korvarongad-Serena.jpg","contentUrl":"https:\/\/tallinndesignhouse.com\/wp-content\/uploads\/2024\/09\/Myamoon-korvarongad-Serena.jpg","width":1080,"height":1350,"caption":"Myamoon ko\u0303rvaro\u0303ngad Serena"},{"@type":"BreadcrumbList","@id":"https:\/\/tallinndesignhouse.com\/toode\/korvarongad-serena\/#breadcrumb","itemListElement":[{"@type":"ListItem","position":1,"name":"Home","item":"https:\/\/tallinndesignhouse.com\/en\/"},{"@type":"ListItem","position":2,"name":"Shop","item":"https:\/\/tallinndesignhouse.com\/en\/shop\/"},{"@type":"ListItem","position":3,"name":"Earrings Serena"}]},{"@type":"WebSite","@id":"https:\/\/tallinndesignhouse.com\/#website","url":"https:\/\/tallinndesignhouse.com\/","name":"Tallinn Design House","description":"Eesti disain Rotermanni kvartalis","potentialAction":[{"@type":"SearchAction","target":{"@type":"EntryPoint","urlTemplate":"https:\/\/tallinndesignhouse.com\/?s={search_term_string}"},"query-input":{"@type":"PropertyValueSpecification","valueRequired":true,"valueName":"search_term_string"}}],"inLanguage":"en-US"}]}},"_links":{"self":[{"href":"https:\/\/tallinndesignhouse.com\/en\/wp-json\/wp\/v2\/product\/3358872","targetHints":{"allow":["GET"]}}],"collection":[{"href":"https:\/\/tallinndesignhouse.com\/en\/wp-json\/wp\/v2\/product"}],"about":[{"href":"https:\/\/tallinndesignhouse.com\/en\/wp-json\/wp\/v2\/types\/product"}],"wp:featuredmedia":[{"embeddable":true,"href":"https:\/\/tallinndesignhouse.com\/en\/wp-json\/wp\/v2\/media\/3358861"}],"wp:attachment":[{"href":"https:\/\/tallinndesignhouse.com\/en\/wp-json\/wp\/v2\/media?parent=3358872"}],"wp:term":[{"taxonomy":"product_brand","embeddable":true,"href":"https:\/\/tallinndesignhouse.com\/en\/wp-json\/wp\/v2\/product_brand?post=3358872"},{"taxonomy":"product_cat","embeddable":true,"href":"https:\/\/tallinndesignhouse.com\/en\/wp-json\/wp\/v2\/product_cat?post=3358872"},{"taxonomy":"product_tag","embeddable":true,"href":"https:\/\/tallinndesignhouse.com\/en\/wp-json\/wp\/v2\/product_tag?post=3358872"}],"curies":[{"name":"wp","href":"https:\/\/api.w.org\/{rel}","templated":true}]}}