{"id":3359132,"date":"2024-09-11T14:05:22","date_gmt":"2024-09-11T11:05:22","guid":{"rendered":"https:\/\/tallinndesignhouse.com\/toode\/tumba-laud-valgusti-hello-wine\/"},"modified":"2026-04-29T01:03:44","modified_gmt":"2026-04-28T22:03:44","slug":"tumba-laud-valgusti-hello-wine","status":"publish","type":"product","link":"https:\/\/tallinndesignhouse.com\/en\/toode\/tumba-laud-valgusti-hello-wine\/","title":{"rendered":"Pouffe-table-lamp Hello Wine"},"content":{"rendered":"<p>Hello Wine by uBENT is a pleasant pouffe that can swiftly be converted into a lamp and\/or a modest (wine)table. Dimensions: \u00f8 52, height 35 cm. Weight 4,5 kg. Material: ash and oak wood, plywood. Finish: oil wax. Brass bulb holder (E27). Fabric flex cable with inline switch, 2 m. Hello Wine is the natural continuation to the &#8220;Pumpkin&#8221; series of lamps, which has now been lowered to the floor to act as furniture in addition to being light source. Bent arches (6mm in thickness), made of light ash wood, give the item enough durability and flexibility, that the designer at 90+ kilograms, can not only stand, but also jump while atop it. The cable can easily be rolled inside, and when the light bulb is unscrewed, the electronic parts remain largely hidden.<\/p>\n","protected":false},"excerpt":{"rendered":"<p>Hello Wine by uBENT is a pleasant pouffe that can swiftly be converted into a lamp and\/or a modest (wine)table. Dimensions: \u00f8 52, height 35 cm. Weight 4,5 kg. Material: ash and oak wood, plywood. Finish: oil wax. Brass bulb holder (E27). Fabric flex cable with inline switch, 2 m. Hello Wine is the natural [&hellip;]<\/p>\n","protected":false},"featured_media":3359142,"template":"","meta":{"_acf_changed":false},"product_brand":[],"product_cat":[875,3717],"product_tag":[1828],"class_list":{"0":"post-3359132","1":"product","2":"type-product","3":"status-publish","4":"has-post-thumbnail","6":"product_cat-kodu","7":"product_cat-kevadised-tooted","8":"product_tag-kodu","9":"pa_brand-ubent","12":"first","13":"instock","14":"taxable","15":"shipping-taxable","16":"purchasable","17":"product-type-simple"},"acf":[],"yoast_head":"<!-- This site is optimized with the Yoast SEO plugin v26.0 - https:\/\/yoast.com\/wordpress\/plugins\/seo\/ -->\n<title>uBentPouffe-table-lamp Hello Wine - Tallinn Design House<\/title>\n<meta name=\"description\" content=\"uBent tumba-laud-valgusti Hello Wine. M\u00f5\u00f5tmed: \u00f8 52, k\u00f5rgus 35 cm. Kaal 4,5 kg. Materjal: kaared saare, jalad tamme puidust, vineerist plaadid.\" \/>\n<meta name=\"robots\" content=\"index, follow, max-snippet:-1, max-image-preview:large, max-video-preview:-1\" \/>\n<link rel=\"canonical\" href=\"https:\/\/tallinndesignhouse.com\/toode\/tumba-laud-valgusti-hello-wine\/\" \/>\n<meta property=\"og:locale\" content=\"en_US\" \/>\n<meta property=\"og:type\" content=\"article\" \/>\n<meta property=\"og:title\" content=\"uBentPouffe-table-lamp Hello Wine - Tallinn Design House\" \/>\n<meta property=\"og:description\" content=\"uBent tumba-laud-valgusti Hello Wine. M\u00f5\u00f5tmed: \u00f8 52, k\u00f5rgus 35 cm. Kaal 4,5 kg. Materjal: kaared saare, jalad tamme puidust, vineerist plaadid.\" \/>\n<meta property=\"og:url\" content=\"https:\/\/tallinndesignhouse.com\/toode\/tumba-laud-valgusti-hello-wine\/\" \/>\n<meta property=\"og:site_name\" content=\"Tallinn Design House\" \/>\n<meta property=\"article:modified_time\" content=\"2026-04-28T22:03:44+00:00\" \/>\n<meta property=\"og:image\" content=\"https:\/\/tallinndesignhouse.com\/wp-content\/uploads\/2024\/09\/uBent-tumba-laud-valgusti-Hello-Wine-.jpg\" \/>\n\t<meta property=\"og:image:width\" content=\"1080\" \/>\n\t<meta property=\"og:image:height\" content=\"1350\" \/>\n\t<meta property=\"og:image:type\" content=\"image\/jpeg\" \/>\n<meta name=\"twitter:card\" content=\"summary_large_image\" \/>\n<meta name=\"twitter:label1\" content=\"Est. reading time\" \/>\n\t<meta name=\"twitter:data1\" content=\"1 minute\" \/>\n<script type=\"application\/ld+json\" class=\"yoast-schema-graph\">{\"@context\":\"https:\/\/schema.org\",\"@graph\":[{\"@type\":\"WebPage\",\"@id\":\"https:\/\/tallinndesignhouse.com\/toode\/tumba-laud-valgusti-hello-wine\/\",\"url\":\"https:\/\/tallinndesignhouse.com\/toode\/tumba-laud-valgusti-hello-wine\/\",\"name\":\"uBentPouffe-table-lamp Hello Wine - Tallinn Design House\",\"isPartOf\":{\"@id\":\"https:\/\/tallinndesignhouse.com\/#website\"},\"primaryImageOfPage\":{\"@id\":\"https:\/\/tallinndesignhouse.com\/toode\/tumba-laud-valgusti-hello-wine\/#primaryimage\"},\"image\":{\"@id\":\"https:\/\/tallinndesignhouse.com\/toode\/tumba-laud-valgusti-hello-wine\/#primaryimage\"},\"thumbnailUrl\":\"https:\/\/tallinndesignhouse.com\/wp-content\/uploads\/2024\/09\/uBent-tumba-laud-valgusti-Hello-Wine-.jpg\",\"datePublished\":\"2024-09-11T11:05:22+00:00\",\"dateModified\":\"2026-04-28T22:03:44+00:00\",\"description\":\"uBent tumba-laud-valgusti Hello Wine. M\u00f5\u00f5tmed: \u00f8 52, k\u00f5rgus 35 cm. Kaal 4,5 kg. Materjal: kaared saare, jalad tamme puidust, vineerist plaadid.\",\"breadcrumb\":{\"@id\":\"https:\/\/tallinndesignhouse.com\/toode\/tumba-laud-valgusti-hello-wine\/#breadcrumb\"},\"inLanguage\":\"en-US\",\"potentialAction\":[{\"@type\":\"ReadAction\",\"target\":[\"https:\/\/tallinndesignhouse.com\/toode\/tumba-laud-valgusti-hello-wine\/\"]}]},{\"@type\":\"ImageObject\",\"inLanguage\":\"en-US\",\"@id\":\"https:\/\/tallinndesignhouse.com\/toode\/tumba-laud-valgusti-hello-wine\/#primaryimage\",\"url\":\"https:\/\/tallinndesignhouse.com\/wp-content\/uploads\/2024\/09\/uBent-tumba-laud-valgusti-Hello-Wine-.jpg\",\"contentUrl\":\"https:\/\/tallinndesignhouse.com\/wp-content\/uploads\/2024\/09\/uBent-tumba-laud-valgusti-Hello-Wine-.jpg\",\"width\":1080,\"height\":1350,\"caption\":\"uBent tumba-laud-valgusti Hello Wine\"},{\"@type\":\"BreadcrumbList\",\"@id\":\"https:\/\/tallinndesignhouse.com\/toode\/tumba-laud-valgusti-hello-wine\/#breadcrumb\",\"itemListElement\":[{\"@type\":\"ListItem\",\"position\":1,\"name\":\"Home\",\"item\":\"https:\/\/tallinndesignhouse.com\/en\/\"},{\"@type\":\"ListItem\",\"position\":2,\"name\":\"Shop\",\"item\":\"https:\/\/tallinndesignhouse.com\/en\/shop\/\"},{\"@type\":\"ListItem\",\"position\":3,\"name\":\"Pouffe-table-lamp Hello Wine\"}]},{\"@type\":\"WebSite\",\"@id\":\"https:\/\/tallinndesignhouse.com\/#website\",\"url\":\"https:\/\/tallinndesignhouse.com\/\",\"name\":\"Tallinn Design House\",\"description\":\"Eesti disain Rotermanni kvartalis\",\"potentialAction\":[{\"@type\":\"SearchAction\",\"target\":{\"@type\":\"EntryPoint\",\"urlTemplate\":\"https:\/\/tallinndesignhouse.com\/?s={search_term_string}\"},\"query-input\":{\"@type\":\"PropertyValueSpecification\",\"valueRequired\":true,\"valueName\":\"search_term_string\"}}],\"inLanguage\":\"en-US\"}]}<\/script>\n<!-- \/ Yoast SEO plugin. -->","yoast_head_json":{"title":"uBentPouffe-table-lamp Hello Wine - Tallinn Design House","description":"uBent tumba-laud-valgusti Hello Wine. M\u00f5\u00f5tmed: \u00f8 52, k\u00f5rgus 35 cm. Kaal 4,5 kg. Materjal: kaared saare, jalad tamme puidust, vineerist plaadid.","robots":{"index":"index","follow":"follow","max-snippet":"max-snippet:-1","max-image-preview":"max-image-preview:large","max-video-preview":"max-video-preview:-1"},"canonical":"https:\/\/tallinndesignhouse.com\/toode\/tumba-laud-valgusti-hello-wine\/","og_locale":"en_US","og_type":"article","og_title":"uBentPouffe-table-lamp Hello Wine - Tallinn Design House","og_description":"uBent tumba-laud-valgusti Hello Wine. M\u00f5\u00f5tmed: \u00f8 52, k\u00f5rgus 35 cm. Kaal 4,5 kg. Materjal: kaared saare, jalad tamme puidust, vineerist plaadid.","og_url":"https:\/\/tallinndesignhouse.com\/toode\/tumba-laud-valgusti-hello-wine\/","og_site_name":"Tallinn Design House","article_modified_time":"2026-04-28T22:03:44+00:00","og_image":[{"width":1080,"height":1350,"url":"https:\/\/tallinndesignhouse.com\/wp-content\/uploads\/2024\/09\/uBent-tumba-laud-valgusti-Hello-Wine-.jpg","type":"image\/jpeg"}],"twitter_card":"summary_large_image","twitter_misc":{"Est. reading time":"1 minute"},"schema":{"@context":"https:\/\/schema.org","@graph":[{"@type":"WebPage","@id":"https:\/\/tallinndesignhouse.com\/toode\/tumba-laud-valgusti-hello-wine\/","url":"https:\/\/tallinndesignhouse.com\/toode\/tumba-laud-valgusti-hello-wine\/","name":"uBentPouffe-table-lamp Hello Wine - Tallinn Design House","isPartOf":{"@id":"https:\/\/tallinndesignhouse.com\/#website"},"primaryImageOfPage":{"@id":"https:\/\/tallinndesignhouse.com\/toode\/tumba-laud-valgusti-hello-wine\/#primaryimage"},"image":{"@id":"https:\/\/tallinndesignhouse.com\/toode\/tumba-laud-valgusti-hello-wine\/#primaryimage"},"thumbnailUrl":"https:\/\/tallinndesignhouse.com\/wp-content\/uploads\/2024\/09\/uBent-tumba-laud-valgusti-Hello-Wine-.jpg","datePublished":"2024-09-11T11:05:22+00:00","dateModified":"2026-04-28T22:03:44+00:00","description":"uBent tumba-laud-valgusti Hello Wine. M\u00f5\u00f5tmed: \u00f8 52, k\u00f5rgus 35 cm. Kaal 4,5 kg. Materjal: kaared saare, jalad tamme puidust, vineerist plaadid.","breadcrumb":{"@id":"https:\/\/tallinndesignhouse.com\/toode\/tumba-laud-valgusti-hello-wine\/#breadcrumb"},"inLanguage":"en-US","potentialAction":[{"@type":"ReadAction","target":["https:\/\/tallinndesignhouse.com\/toode\/tumba-laud-valgusti-hello-wine\/"]}]},{"@type":"ImageObject","inLanguage":"en-US","@id":"https:\/\/tallinndesignhouse.com\/toode\/tumba-laud-valgusti-hello-wine\/#primaryimage","url":"https:\/\/tallinndesignhouse.com\/wp-content\/uploads\/2024\/09\/uBent-tumba-laud-valgusti-Hello-Wine-.jpg","contentUrl":"https:\/\/tallinndesignhouse.com\/wp-content\/uploads\/2024\/09\/uBent-tumba-laud-valgusti-Hello-Wine-.jpg","width":1080,"height":1350,"caption":"uBent tumba-laud-valgusti Hello Wine"},{"@type":"BreadcrumbList","@id":"https:\/\/tallinndesignhouse.com\/toode\/tumba-laud-valgusti-hello-wine\/#breadcrumb","itemListElement":[{"@type":"ListItem","position":1,"name":"Home","item":"https:\/\/tallinndesignhouse.com\/en\/"},{"@type":"ListItem","position":2,"name":"Shop","item":"https:\/\/tallinndesignhouse.com\/en\/shop\/"},{"@type":"ListItem","position":3,"name":"Pouffe-table-lamp Hello Wine"}]},{"@type":"WebSite","@id":"https:\/\/tallinndesignhouse.com\/#website","url":"https:\/\/tallinndesignhouse.com\/","name":"Tallinn Design House","description":"Eesti disain Rotermanni kvartalis","potentialAction":[{"@type":"SearchAction","target":{"@type":"EntryPoint","urlTemplate":"https:\/\/tallinndesignhouse.com\/?s={search_term_string}"},"query-input":{"@type":"PropertyValueSpecification","valueRequired":true,"valueName":"search_term_string"}}],"inLanguage":"en-US"}]}},"_links":{"self":[{"href":"https:\/\/tallinndesignhouse.com\/en\/wp-json\/wp\/v2\/product\/3359132","targetHints":{"allow":["GET"]}}],"collection":[{"href":"https:\/\/tallinndesignhouse.com\/en\/wp-json\/wp\/v2\/product"}],"about":[{"href":"https:\/\/tallinndesignhouse.com\/en\/wp-json\/wp\/v2\/types\/product"}],"wp:featuredmedia":[{"embeddable":true,"href":"https:\/\/tallinndesignhouse.com\/en\/wp-json\/wp\/v2\/media\/3359142"}],"wp:attachment":[{"href":"https:\/\/tallinndesignhouse.com\/en\/wp-json\/wp\/v2\/media?parent=3359132"}],"wp:term":[{"taxonomy":"product_brand","embeddable":true,"href":"https:\/\/tallinndesignhouse.com\/en\/wp-json\/wp\/v2\/product_brand?post=3359132"},{"taxonomy":"product_cat","embeddable":true,"href":"https:\/\/tallinndesignhouse.com\/en\/wp-json\/wp\/v2\/product_cat?post=3359132"},{"taxonomy":"product_tag","embeddable":true,"href":"https:\/\/tallinndesignhouse.com\/en\/wp-json\/wp\/v2\/product_tag?post=3359132"}],"curies":[{"name":"wp","href":"https:\/\/api.w.org\/{rel}","templated":true}]}}