{"id":3361198,"date":"2024-10-11T11:35:21","date_gmt":"2024-10-11T08:35:21","guid":{"rendered":"https:\/\/tallinndesignhouse.com\/toode\/vaigukipsist-alus-cloud-s\/"},"modified":"2026-05-03T00:58:38","modified_gmt":"2026-05-02T21:58:38","slug":"vaigukipsist-alus-cloud-s","status":"publish","type":"product","link":"https:\/\/tallinndesignhouse.com\/en\/toode\/vaigukipsist-alus-cloud-s\/","title":{"rendered":"Tray Cloud S"},"content":{"rendered":"<p>Helge Kuu plaster tray Cloud is a gorgeous home accessory that is suitable for candles, jewellery, incense or make-up products! Suitable as a base for candles, jewellery, plants, etc. Weight: approx. 330 grams. Size: length 24 cm, width 16 cm, height 1.5 cm. Hand poured in Estonia. Covered with a natural wax-sealant, which protects the tray. Clean with mild soap and warm water, do not wash in the dishwasher. The bottom of the product is protected by silicone &#8220;bumps&#8221;.<\/p>\n","protected":false},"excerpt":{"rendered":"<p>Helge Kuu plaster tray Cloud is a gorgeous home accessory that is suitable for candles, jewellery, incense or make-up products! Suitable as a base for candles, jewellery, plants, etc. Weight: approx. 330 grams. Size: length 24 cm, width 16 cm, height 1.5 cm. Hand poured in Estonia. Covered with a natural wax-sealant, which protects the [&hellip;]<\/p>\n","protected":false},"featured_media":3361224,"template":"","meta":{"_acf_changed":false},"product_brand":[],"product_cat":[890,875],"product_tag":[1828],"class_list":{"0":"post-3361198","1":"product","2":"type-product","3":"status-publish","4":"has-post-thumbnail","6":"product_cat-sisustustooted","7":"product_cat-kodu","8":"product_tag-kodu","9":"pa_brand-helge-kuu","10":"pa_brand-helge-kuu-en","12":"first","13":"instock","14":"taxable","15":"shipping-taxable","16":"purchasable","17":"product-type-simple"},"acf":[],"yoast_head":"<!-- This site is optimized with the Yoast SEO plugin v26.0 - https:\/\/yoast.com\/wordpress\/plugins\/seo\/ -->\n<title>Tray Cloud S - Tallinn Design House<\/title>\n<meta name=\"description\" content=\"Helge Kuu vaigukipsist alus Cloud S. Sobib k\u00fc\u00fcnalde, ehete, taimede jms aluseks Kaal: u 330 grammi. Suurus: pikkus 24 cm, laius 16 cm, k\u00f5rgus 1,5 cm.\" \/>\n<meta name=\"robots\" content=\"index, follow, max-snippet:-1, max-image-preview:large, max-video-preview:-1\" \/>\n<link rel=\"canonical\" href=\"https:\/\/tallinndesignhouse.com\/toode\/vaigukipsist-alus-cloud-s\/\" \/>\n<meta property=\"og:locale\" content=\"en_US\" \/>\n<meta property=\"og:type\" content=\"article\" \/>\n<meta property=\"og:title\" content=\"Tray Cloud S - Tallinn Design House\" \/>\n<meta property=\"og:description\" content=\"Helge Kuu vaigukipsist alus Cloud S. Sobib k\u00fc\u00fcnalde, ehete, taimede jms aluseks Kaal: u 330 grammi. Suurus: pikkus 24 cm, laius 16 cm, k\u00f5rgus 1,5 cm.\" \/>\n<meta property=\"og:url\" content=\"https:\/\/tallinndesignhouse.com\/toode\/vaigukipsist-alus-cloud-s\/\" \/>\n<meta property=\"og:site_name\" content=\"Tallinn Design House\" \/>\n<meta property=\"article:modified_time\" content=\"2026-05-02T21:58:38+00:00\" \/>\n<meta property=\"og:image\" content=\"https:\/\/tallinndesignhouse.com\/wp-content\/uploads\/2024\/10\/Helge-Kuu-Vaigukipsist-alus-Cloud-S.jpg\" \/>\n\t<meta property=\"og:image:width\" content=\"1080\" \/>\n\t<meta property=\"og:image:height\" content=\"1350\" \/>\n\t<meta property=\"og:image:type\" content=\"image\/jpeg\" \/>\n<meta name=\"twitter:card\" content=\"summary_large_image\" \/>\n<script type=\"application\/ld+json\" class=\"yoast-schema-graph\">{\"@context\":\"https:\/\/schema.org\",\"@graph\":[{\"@type\":\"WebPage\",\"@id\":\"https:\/\/tallinndesignhouse.com\/toode\/vaigukipsist-alus-cloud-s\/\",\"url\":\"https:\/\/tallinndesignhouse.com\/toode\/vaigukipsist-alus-cloud-s\/\",\"name\":\"Tray Cloud S - Tallinn Design House\",\"isPartOf\":{\"@id\":\"https:\/\/tallinndesignhouse.com\/#website\"},\"primaryImageOfPage\":{\"@id\":\"https:\/\/tallinndesignhouse.com\/toode\/vaigukipsist-alus-cloud-s\/#primaryimage\"},\"image\":{\"@id\":\"https:\/\/tallinndesignhouse.com\/toode\/vaigukipsist-alus-cloud-s\/#primaryimage\"},\"thumbnailUrl\":\"https:\/\/tallinndesignhouse.com\/wp-content\/uploads\/2024\/10\/Helge-Kuu-Vaigukipsist-alus-Cloud-S.jpg\",\"datePublished\":\"2024-10-11T08:35:21+00:00\",\"dateModified\":\"2026-05-02T21:58:38+00:00\",\"description\":\"Helge Kuu vaigukipsist alus Cloud S. Sobib k\u00fc\u00fcnalde, ehete, taimede jms aluseks Kaal: u 330 grammi. Suurus: pikkus 24 cm, laius 16 cm, k\u00f5rgus 1,5 cm.\",\"breadcrumb\":{\"@id\":\"https:\/\/tallinndesignhouse.com\/toode\/vaigukipsist-alus-cloud-s\/#breadcrumb\"},\"inLanguage\":\"en-US\",\"potentialAction\":[{\"@type\":\"ReadAction\",\"target\":[\"https:\/\/tallinndesignhouse.com\/toode\/vaigukipsist-alus-cloud-s\/\"]}]},{\"@type\":\"ImageObject\",\"inLanguage\":\"en-US\",\"@id\":\"https:\/\/tallinndesignhouse.com\/toode\/vaigukipsist-alus-cloud-s\/#primaryimage\",\"url\":\"https:\/\/tallinndesignhouse.com\/wp-content\/uploads\/2024\/10\/Helge-Kuu-Vaigukipsist-alus-Cloud-S.jpg\",\"contentUrl\":\"https:\/\/tallinndesignhouse.com\/wp-content\/uploads\/2024\/10\/Helge-Kuu-Vaigukipsist-alus-Cloud-S.jpg\",\"width\":1080,\"height\":1350,\"caption\":\"Helge Kuu Vaigukipsist alus Cloud S\"},{\"@type\":\"BreadcrumbList\",\"@id\":\"https:\/\/tallinndesignhouse.com\/toode\/vaigukipsist-alus-cloud-s\/#breadcrumb\",\"itemListElement\":[{\"@type\":\"ListItem\",\"position\":1,\"name\":\"Home\",\"item\":\"https:\/\/tallinndesignhouse.com\/en\/\"},{\"@type\":\"ListItem\",\"position\":2,\"name\":\"Shop\",\"item\":\"https:\/\/tallinndesignhouse.com\/en\/shop\/\"},{\"@type\":\"ListItem\",\"position\":3,\"name\":\"Tray Cloud S\"}]},{\"@type\":\"WebSite\",\"@id\":\"https:\/\/tallinndesignhouse.com\/#website\",\"url\":\"https:\/\/tallinndesignhouse.com\/\",\"name\":\"Tallinn Design House\",\"description\":\"Eesti disain Rotermanni kvartalis\",\"potentialAction\":[{\"@type\":\"SearchAction\",\"target\":{\"@type\":\"EntryPoint\",\"urlTemplate\":\"https:\/\/tallinndesignhouse.com\/?s={search_term_string}\"},\"query-input\":{\"@type\":\"PropertyValueSpecification\",\"valueRequired\":true,\"valueName\":\"search_term_string\"}}],\"inLanguage\":\"en-US\"}]}<\/script>\n<!-- \/ Yoast SEO plugin. -->","yoast_head_json":{"title":"Tray Cloud S - Tallinn Design House","description":"Helge Kuu vaigukipsist alus Cloud S. Sobib k\u00fc\u00fcnalde, ehete, taimede jms aluseks Kaal: u 330 grammi. Suurus: pikkus 24 cm, laius 16 cm, k\u00f5rgus 1,5 cm.","robots":{"index":"index","follow":"follow","max-snippet":"max-snippet:-1","max-image-preview":"max-image-preview:large","max-video-preview":"max-video-preview:-1"},"canonical":"https:\/\/tallinndesignhouse.com\/toode\/vaigukipsist-alus-cloud-s\/","og_locale":"en_US","og_type":"article","og_title":"Tray Cloud S - Tallinn Design House","og_description":"Helge Kuu vaigukipsist alus Cloud S. Sobib k\u00fc\u00fcnalde, ehete, taimede jms aluseks Kaal: u 330 grammi. Suurus: pikkus 24 cm, laius 16 cm, k\u00f5rgus 1,5 cm.","og_url":"https:\/\/tallinndesignhouse.com\/toode\/vaigukipsist-alus-cloud-s\/","og_site_name":"Tallinn Design House","article_modified_time":"2026-05-02T21:58:38+00:00","og_image":[{"width":1080,"height":1350,"url":"https:\/\/tallinndesignhouse.com\/wp-content\/uploads\/2024\/10\/Helge-Kuu-Vaigukipsist-alus-Cloud-S.jpg","type":"image\/jpeg"}],"twitter_card":"summary_large_image","schema":{"@context":"https:\/\/schema.org","@graph":[{"@type":"WebPage","@id":"https:\/\/tallinndesignhouse.com\/toode\/vaigukipsist-alus-cloud-s\/","url":"https:\/\/tallinndesignhouse.com\/toode\/vaigukipsist-alus-cloud-s\/","name":"Tray Cloud S - Tallinn Design House","isPartOf":{"@id":"https:\/\/tallinndesignhouse.com\/#website"},"primaryImageOfPage":{"@id":"https:\/\/tallinndesignhouse.com\/toode\/vaigukipsist-alus-cloud-s\/#primaryimage"},"image":{"@id":"https:\/\/tallinndesignhouse.com\/toode\/vaigukipsist-alus-cloud-s\/#primaryimage"},"thumbnailUrl":"https:\/\/tallinndesignhouse.com\/wp-content\/uploads\/2024\/10\/Helge-Kuu-Vaigukipsist-alus-Cloud-S.jpg","datePublished":"2024-10-11T08:35:21+00:00","dateModified":"2026-05-02T21:58:38+00:00","description":"Helge Kuu vaigukipsist alus Cloud S. Sobib k\u00fc\u00fcnalde, ehete, taimede jms aluseks Kaal: u 330 grammi. Suurus: pikkus 24 cm, laius 16 cm, k\u00f5rgus 1,5 cm.","breadcrumb":{"@id":"https:\/\/tallinndesignhouse.com\/toode\/vaigukipsist-alus-cloud-s\/#breadcrumb"},"inLanguage":"en-US","potentialAction":[{"@type":"ReadAction","target":["https:\/\/tallinndesignhouse.com\/toode\/vaigukipsist-alus-cloud-s\/"]}]},{"@type":"ImageObject","inLanguage":"en-US","@id":"https:\/\/tallinndesignhouse.com\/toode\/vaigukipsist-alus-cloud-s\/#primaryimage","url":"https:\/\/tallinndesignhouse.com\/wp-content\/uploads\/2024\/10\/Helge-Kuu-Vaigukipsist-alus-Cloud-S.jpg","contentUrl":"https:\/\/tallinndesignhouse.com\/wp-content\/uploads\/2024\/10\/Helge-Kuu-Vaigukipsist-alus-Cloud-S.jpg","width":1080,"height":1350,"caption":"Helge Kuu Vaigukipsist alus Cloud S"},{"@type":"BreadcrumbList","@id":"https:\/\/tallinndesignhouse.com\/toode\/vaigukipsist-alus-cloud-s\/#breadcrumb","itemListElement":[{"@type":"ListItem","position":1,"name":"Home","item":"https:\/\/tallinndesignhouse.com\/en\/"},{"@type":"ListItem","position":2,"name":"Shop","item":"https:\/\/tallinndesignhouse.com\/en\/shop\/"},{"@type":"ListItem","position":3,"name":"Tray Cloud S"}]},{"@type":"WebSite","@id":"https:\/\/tallinndesignhouse.com\/#website","url":"https:\/\/tallinndesignhouse.com\/","name":"Tallinn Design House","description":"Eesti disain Rotermanni kvartalis","potentialAction":[{"@type":"SearchAction","target":{"@type":"EntryPoint","urlTemplate":"https:\/\/tallinndesignhouse.com\/?s={search_term_string}"},"query-input":{"@type":"PropertyValueSpecification","valueRequired":true,"valueName":"search_term_string"}}],"inLanguage":"en-US"}]}},"_links":{"self":[{"href":"https:\/\/tallinndesignhouse.com\/en\/wp-json\/wp\/v2\/product\/3361198","targetHints":{"allow":["GET"]}}],"collection":[{"href":"https:\/\/tallinndesignhouse.com\/en\/wp-json\/wp\/v2\/product"}],"about":[{"href":"https:\/\/tallinndesignhouse.com\/en\/wp-json\/wp\/v2\/types\/product"}],"wp:featuredmedia":[{"embeddable":true,"href":"https:\/\/tallinndesignhouse.com\/en\/wp-json\/wp\/v2\/media\/3361224"}],"wp:attachment":[{"href":"https:\/\/tallinndesignhouse.com\/en\/wp-json\/wp\/v2\/media?parent=3361198"}],"wp:term":[{"taxonomy":"product_brand","embeddable":true,"href":"https:\/\/tallinndesignhouse.com\/en\/wp-json\/wp\/v2\/product_brand?post=3361198"},{"taxonomy":"product_cat","embeddable":true,"href":"https:\/\/tallinndesignhouse.com\/en\/wp-json\/wp\/v2\/product_cat?post=3361198"},{"taxonomy":"product_tag","embeddable":true,"href":"https:\/\/tallinndesignhouse.com\/en\/wp-json\/wp\/v2\/product_tag?post=3361198"}],"curies":[{"name":"wp","href":"https:\/\/api.w.org\/{rel}","templated":true}]}}