{"id":3361208,"date":"2024-10-11T11:35:26","date_gmt":"2024-10-11T08:35:26","guid":{"rendered":"https:\/\/tallinndesignhouse.com\/toode\/sojavahast-mullikuunal-roosa-rabarberi-gini-lohnaline\/"},"modified":"2026-04-12T00:58:21","modified_gmt":"2026-04-11T21:58:21","slug":"sojavahast-mullikuunal-roosa-rabarberi-gini-lohnaline","status":"publish","type":"product","link":"https:\/\/tallinndesignhouse.com\/en\/toode\/sojavahast-mullikuunal-roosa-rabarberi-gini-lohnaline\/","title":{"rendered":"Scented soywax bubble candle Light Pink \/ Rhubarb Gin"},"content":{"rendered":"<p>Helge Kuu Bubble candle is a stylish decorative element for your coffee table, dining room or bathroom shelves. Pleasant soft colours and high-quality aromas decorate every interior. 100% natural soy wax. Weight: 130 grams. Size: 6 x 6 cm. Burning time ~25h. Handmade in Estonia. All Helge Kuu candles are handmade using pure soy wax, durable cotton wicks and high-quality aroma oils. Designed for decorative use. When burning, it should be taken into account that soy wax can spread, so we recommend using a heat-resistant base.<\/p>\n","protected":false},"excerpt":{"rendered":"<p>Helge Kuu Bubble candle is a stylish decorative element for your coffee table, dining room or bathroom shelves. Pleasant soft colours and high-quality aromas decorate every interior. 100% natural soy wax. Weight: 130 grams. Size: 6 x 6 cm. Burning time ~25h. Handmade in Estonia. All Helge Kuu candles are handmade using pure soy wax, [&hellip;]<\/p>\n","protected":false},"featured_media":3361232,"template":"","meta":{"_acf_changed":false},"product_brand":[],"product_cat":[2002,2552],"product_tag":[2003],"class_list":{"0":"post-3361208","1":"product","2":"type-product","3":"status-publish","4":"has-post-thumbnail","6":"product_cat-furnishings","7":"product_cat-home","8":"product_tag-home","9":"pa_brand-helge-kuu","10":"pa_brand-helge-kuu-en","12":"first","13":"instock","14":"taxable","15":"shipping-taxable","16":"purchasable","17":"product-type-simple"},"acf":[],"yoast_head":"<!-- This site is optimized with the Yoast SEO plugin v26.0 - https:\/\/yoast.com\/wordpress\/plugins\/seo\/ -->\n<title>Helge Kuu Scented soywax bubble candle Light Pink \/ Rhubarb Gin - Tallinn Design House<\/title>\n<meta name=\"description\" content=\"Helge Kuu sojavahast mullik\u00fc\u00fcnal roosa rabarberi gini l\u00f5hnaline. Kaal: 130 grammi. Suurus: 6 x 6 cm. P\u00f5lemisaeg ~25h. K\u00e4sitsi valatud Eestis.\" \/>\n<meta name=\"robots\" content=\"index, follow, max-snippet:-1, max-image-preview:large, max-video-preview:-1\" \/>\n<link rel=\"canonical\" href=\"https:\/\/tallinndesignhouse.com\/toode\/sojavahast-mullikuunal-roosa-rabarberi-gini-lohnaline\/\" \/>\n<meta property=\"og:locale\" content=\"en_US\" \/>\n<meta property=\"og:type\" content=\"article\" \/>\n<meta property=\"og:title\" content=\"Helge Kuu Scented soywax bubble candle Light Pink \/ Rhubarb Gin - Tallinn Design House\" \/>\n<meta property=\"og:description\" content=\"Helge Kuu sojavahast mullik\u00fc\u00fcnal roosa rabarberi gini l\u00f5hnaline. Kaal: 130 grammi. Suurus: 6 x 6 cm. P\u00f5lemisaeg ~25h. K\u00e4sitsi valatud Eestis.\" \/>\n<meta property=\"og:url\" content=\"https:\/\/tallinndesignhouse.com\/toode\/sojavahast-mullikuunal-roosa-rabarberi-gini-lohnaline\/\" \/>\n<meta property=\"og:site_name\" content=\"Tallinn Design House\" \/>\n<meta property=\"article:modified_time\" content=\"2026-04-11T21:58:21+00:00\" \/>\n<meta property=\"og:image\" content=\"https:\/\/tallinndesignhouse.com\/wp-content\/uploads\/2024\/10\/Helge-Kuu-Sojavahast-mullikuunal-roosa-rabarberi-gini-lohnaline-2.jpg\" \/>\n\t<meta property=\"og:image:width\" content=\"1080\" \/>\n\t<meta property=\"og:image:height\" content=\"1350\" \/>\n\t<meta property=\"og:image:type\" content=\"image\/jpeg\" \/>\n<meta name=\"twitter:card\" content=\"summary_large_image\" \/>\n<meta name=\"twitter:label1\" content=\"Est. reading time\" \/>\n\t<meta name=\"twitter:data1\" content=\"1 minute\" \/>\n<script type=\"application\/ld+json\" class=\"yoast-schema-graph\">{\"@context\":\"https:\/\/schema.org\",\"@graph\":[{\"@type\":\"WebPage\",\"@id\":\"https:\/\/tallinndesignhouse.com\/toode\/sojavahast-mullikuunal-roosa-rabarberi-gini-lohnaline\/\",\"url\":\"https:\/\/tallinndesignhouse.com\/toode\/sojavahast-mullikuunal-roosa-rabarberi-gini-lohnaline\/\",\"name\":\"Helge Kuu Scented soywax bubble candle Light Pink \/ Rhubarb Gin - Tallinn Design House\",\"isPartOf\":{\"@id\":\"https:\/\/tallinndesignhouse.com\/#website\"},\"primaryImageOfPage\":{\"@id\":\"https:\/\/tallinndesignhouse.com\/toode\/sojavahast-mullikuunal-roosa-rabarberi-gini-lohnaline\/#primaryimage\"},\"image\":{\"@id\":\"https:\/\/tallinndesignhouse.com\/toode\/sojavahast-mullikuunal-roosa-rabarberi-gini-lohnaline\/#primaryimage\"},\"thumbnailUrl\":\"https:\/\/tallinndesignhouse.com\/wp-content\/uploads\/2024\/10\/Helge-Kuu-Sojavahast-mullikuunal-roosa-rabarberi-gini-lohnaline-2.jpg\",\"datePublished\":\"2024-10-11T08:35:26+00:00\",\"dateModified\":\"2026-04-11T21:58:21+00:00\",\"description\":\"Helge Kuu sojavahast mullik\u00fc\u00fcnal roosa rabarberi gini l\u00f5hnaline. Kaal: 130 grammi. Suurus: 6 x 6 cm. P\u00f5lemisaeg ~25h. K\u00e4sitsi valatud Eestis.\",\"breadcrumb\":{\"@id\":\"https:\/\/tallinndesignhouse.com\/toode\/sojavahast-mullikuunal-roosa-rabarberi-gini-lohnaline\/#breadcrumb\"},\"inLanguage\":\"en-US\",\"potentialAction\":[{\"@type\":\"ReadAction\",\"target\":[\"https:\/\/tallinndesignhouse.com\/toode\/sojavahast-mullikuunal-roosa-rabarberi-gini-lohnaline\/\"]}]},{\"@type\":\"ImageObject\",\"inLanguage\":\"en-US\",\"@id\":\"https:\/\/tallinndesignhouse.com\/toode\/sojavahast-mullikuunal-roosa-rabarberi-gini-lohnaline\/#primaryimage\",\"url\":\"https:\/\/tallinndesignhouse.com\/wp-content\/uploads\/2024\/10\/Helge-Kuu-Sojavahast-mullikuunal-roosa-rabarberi-gini-lohnaline-2.jpg\",\"contentUrl\":\"https:\/\/tallinndesignhouse.com\/wp-content\/uploads\/2024\/10\/Helge-Kuu-Sojavahast-mullikuunal-roosa-rabarberi-gini-lohnaline-2.jpg\",\"width\":1080,\"height\":1350,\"caption\":\"Helge Kuu Sojavahast mulliku\u0308u\u0308nal roosa rabarberi gini lo\u0303hnaline 2\"},{\"@type\":\"BreadcrumbList\",\"@id\":\"https:\/\/tallinndesignhouse.com\/toode\/sojavahast-mullikuunal-roosa-rabarberi-gini-lohnaline\/#breadcrumb\",\"itemListElement\":[{\"@type\":\"ListItem\",\"position\":1,\"name\":\"Home\",\"item\":\"https:\/\/tallinndesignhouse.com\/en\/\"},{\"@type\":\"ListItem\",\"position\":2,\"name\":\"Shop\",\"item\":\"https:\/\/tallinndesignhouse.com\/en\/shop\/\"},{\"@type\":\"ListItem\",\"position\":3,\"name\":\"Scented soywax bubble candle Light Pink \/ Rhubarb Gin\"}]},{\"@type\":\"WebSite\",\"@id\":\"https:\/\/tallinndesignhouse.com\/#website\",\"url\":\"https:\/\/tallinndesignhouse.com\/\",\"name\":\"Tallinn Design House\",\"description\":\"Eesti disain Rotermanni kvartalis\",\"potentialAction\":[{\"@type\":\"SearchAction\",\"target\":{\"@type\":\"EntryPoint\",\"urlTemplate\":\"https:\/\/tallinndesignhouse.com\/?s={search_term_string}\"},\"query-input\":{\"@type\":\"PropertyValueSpecification\",\"valueRequired\":true,\"valueName\":\"search_term_string\"}}],\"inLanguage\":\"en-US\"}]}<\/script>\n<!-- \/ Yoast SEO plugin. -->","yoast_head_json":{"title":"Helge Kuu Scented soywax bubble candle Light Pink \/ Rhubarb Gin - Tallinn Design House","description":"Helge Kuu sojavahast mullik\u00fc\u00fcnal roosa rabarberi gini l\u00f5hnaline. Kaal: 130 grammi. Suurus: 6 x 6 cm. P\u00f5lemisaeg ~25h. K\u00e4sitsi valatud Eestis.","robots":{"index":"index","follow":"follow","max-snippet":"max-snippet:-1","max-image-preview":"max-image-preview:large","max-video-preview":"max-video-preview:-1"},"canonical":"https:\/\/tallinndesignhouse.com\/toode\/sojavahast-mullikuunal-roosa-rabarberi-gini-lohnaline\/","og_locale":"en_US","og_type":"article","og_title":"Helge Kuu Scented soywax bubble candle Light Pink \/ Rhubarb Gin - Tallinn Design House","og_description":"Helge Kuu sojavahast mullik\u00fc\u00fcnal roosa rabarberi gini l\u00f5hnaline. Kaal: 130 grammi. Suurus: 6 x 6 cm. P\u00f5lemisaeg ~25h. K\u00e4sitsi valatud Eestis.","og_url":"https:\/\/tallinndesignhouse.com\/toode\/sojavahast-mullikuunal-roosa-rabarberi-gini-lohnaline\/","og_site_name":"Tallinn Design House","article_modified_time":"2026-04-11T21:58:21+00:00","og_image":[{"width":1080,"height":1350,"url":"https:\/\/tallinndesignhouse.com\/wp-content\/uploads\/2024\/10\/Helge-Kuu-Sojavahast-mullikuunal-roosa-rabarberi-gini-lohnaline-2.jpg","type":"image\/jpeg"}],"twitter_card":"summary_large_image","twitter_misc":{"Est. reading time":"1 minute"},"schema":{"@context":"https:\/\/schema.org","@graph":[{"@type":"WebPage","@id":"https:\/\/tallinndesignhouse.com\/toode\/sojavahast-mullikuunal-roosa-rabarberi-gini-lohnaline\/","url":"https:\/\/tallinndesignhouse.com\/toode\/sojavahast-mullikuunal-roosa-rabarberi-gini-lohnaline\/","name":"Helge Kuu Scented soywax bubble candle Light Pink \/ Rhubarb Gin - Tallinn Design House","isPartOf":{"@id":"https:\/\/tallinndesignhouse.com\/#website"},"primaryImageOfPage":{"@id":"https:\/\/tallinndesignhouse.com\/toode\/sojavahast-mullikuunal-roosa-rabarberi-gini-lohnaline\/#primaryimage"},"image":{"@id":"https:\/\/tallinndesignhouse.com\/toode\/sojavahast-mullikuunal-roosa-rabarberi-gini-lohnaline\/#primaryimage"},"thumbnailUrl":"https:\/\/tallinndesignhouse.com\/wp-content\/uploads\/2024\/10\/Helge-Kuu-Sojavahast-mullikuunal-roosa-rabarberi-gini-lohnaline-2.jpg","datePublished":"2024-10-11T08:35:26+00:00","dateModified":"2026-04-11T21:58:21+00:00","description":"Helge Kuu sojavahast mullik\u00fc\u00fcnal roosa rabarberi gini l\u00f5hnaline. Kaal: 130 grammi. Suurus: 6 x 6 cm. P\u00f5lemisaeg ~25h. K\u00e4sitsi valatud Eestis.","breadcrumb":{"@id":"https:\/\/tallinndesignhouse.com\/toode\/sojavahast-mullikuunal-roosa-rabarberi-gini-lohnaline\/#breadcrumb"},"inLanguage":"en-US","potentialAction":[{"@type":"ReadAction","target":["https:\/\/tallinndesignhouse.com\/toode\/sojavahast-mullikuunal-roosa-rabarberi-gini-lohnaline\/"]}]},{"@type":"ImageObject","inLanguage":"en-US","@id":"https:\/\/tallinndesignhouse.com\/toode\/sojavahast-mullikuunal-roosa-rabarberi-gini-lohnaline\/#primaryimage","url":"https:\/\/tallinndesignhouse.com\/wp-content\/uploads\/2024\/10\/Helge-Kuu-Sojavahast-mullikuunal-roosa-rabarberi-gini-lohnaline-2.jpg","contentUrl":"https:\/\/tallinndesignhouse.com\/wp-content\/uploads\/2024\/10\/Helge-Kuu-Sojavahast-mullikuunal-roosa-rabarberi-gini-lohnaline-2.jpg","width":1080,"height":1350,"caption":"Helge Kuu Sojavahast mulliku\u0308u\u0308nal roosa rabarberi gini lo\u0303hnaline 2"},{"@type":"BreadcrumbList","@id":"https:\/\/tallinndesignhouse.com\/toode\/sojavahast-mullikuunal-roosa-rabarberi-gini-lohnaline\/#breadcrumb","itemListElement":[{"@type":"ListItem","position":1,"name":"Home","item":"https:\/\/tallinndesignhouse.com\/en\/"},{"@type":"ListItem","position":2,"name":"Shop","item":"https:\/\/tallinndesignhouse.com\/en\/shop\/"},{"@type":"ListItem","position":3,"name":"Scented soywax bubble candle Light Pink \/ Rhubarb Gin"}]},{"@type":"WebSite","@id":"https:\/\/tallinndesignhouse.com\/#website","url":"https:\/\/tallinndesignhouse.com\/","name":"Tallinn Design House","description":"Eesti disain Rotermanni kvartalis","potentialAction":[{"@type":"SearchAction","target":{"@type":"EntryPoint","urlTemplate":"https:\/\/tallinndesignhouse.com\/?s={search_term_string}"},"query-input":{"@type":"PropertyValueSpecification","valueRequired":true,"valueName":"search_term_string"}}],"inLanguage":"en-US"}]}},"_links":{"self":[{"href":"https:\/\/tallinndesignhouse.com\/en\/wp-json\/wp\/v2\/product\/3361208","targetHints":{"allow":["GET"]}}],"collection":[{"href":"https:\/\/tallinndesignhouse.com\/en\/wp-json\/wp\/v2\/product"}],"about":[{"href":"https:\/\/tallinndesignhouse.com\/en\/wp-json\/wp\/v2\/types\/product"}],"wp:featuredmedia":[{"embeddable":true,"href":"https:\/\/tallinndesignhouse.com\/en\/wp-json\/wp\/v2\/media\/3361232"}],"wp:attachment":[{"href":"https:\/\/tallinndesignhouse.com\/en\/wp-json\/wp\/v2\/media?parent=3361208"}],"wp:term":[{"taxonomy":"product_brand","embeddable":true,"href":"https:\/\/tallinndesignhouse.com\/en\/wp-json\/wp\/v2\/product_brand?post=3361208"},{"taxonomy":"product_cat","embeddable":true,"href":"https:\/\/tallinndesignhouse.com\/en\/wp-json\/wp\/v2\/product_cat?post=3361208"},{"taxonomy":"product_tag","embeddable":true,"href":"https:\/\/tallinndesignhouse.com\/en\/wp-json\/wp\/v2\/product_tag?post=3361208"}],"curies":[{"name":"wp","href":"https:\/\/api.w.org\/{rel}","templated":true}]}}